{"id":1660,"date":"2020-10-02T08:37:11","date_gmt":"2020-10-02T06:37:11","guid":{"rendered":"http:\/\/petrock.pl\/?page_id=1660"},"modified":"2023-09-12T15:03:50","modified_gmt":"2023-09-12T13:03:50","slug":"blekitne-struny","status":"publish","type":"page","link":"http:\/\/petrock.pl\/?page_id=1660","title":{"rendered":"B\u0142\u0119kitne Struny"},"content":{"rendered":"\n<div class=\"is-layout-flex wp-container-9 wp-block-columns\">\n<div class=\"is-layout-flow wp-block-column\" style=\"flex-basis:33.33%\">\n<figure class=\"is-layout-flex wp-block-gallery-1 wp-block-gallery has-nested-images columns-default is-cropped\">\n<figure class=\"wp-block-image size-large\"><a href=\"http:\/\/petrock.pl\/wp-content\/uploads\/2020\/10\/b\u0141\u0118KITNE-sTRUNY-ARTYSTYCZNY-P\u0141OCK.jpg\"><img decoding=\"async\" loading=\"lazy\" width=\"1024\" height=\"612\" src=\"http:\/\/petrock.pl\/wp-content\/uploads\/2020\/10\/b\u0141\u0118KITNE-sTRUNY-ARTYSTYCZNY-P\u0141OCK-1024x612.jpg\" alt=\"B\u0142\u0119kitne Struny\" class=\"wp-image-1701\" srcset=\"http:\/\/petrock.pl\/wp-content\/uploads\/2020\/10\/b\u0141\u0118KITNE-sTRUNY-ARTYSTYCZNY-P\u0141OCK-1024x612.jpg 1024w, http:\/\/petrock.pl\/wp-content\/uploads\/2020\/10\/b\u0141\u0118KITNE-sTRUNY-ARTYSTYCZNY-P\u0141OCK-300x179.jpg 300w, http:\/\/petrock.pl\/wp-content\/uploads\/2020\/10\/b\u0141\u0118KITNE-sTRUNY-ARTYSTYCZNY-P\u0141OCK-768x459.jpg 768w, http:\/\/petrock.pl\/wp-content\/uploads\/2020\/10\/b\u0141\u0118KITNE-sTRUNY-ARTYSTYCZNY-P\u0141OCK.jpg 1380w\" sizes=\"(max-width: 1024px) 100vw, 1024px\" \/><\/a><figcaption class=\"wp-element-caption\">B\u0142\u0119kitne Struny<\/figcaption><\/figure>\n<figcaption class=\"blocks-gallery-caption wp-element-caption\"><em>&#8211; zesp\u00f3\u0142 B\u0142\u0119kitne Struny, fot. pochodzi z albumu Miros\u0142awa \u0141akomskiego pt. &#8220;Artystyczny P\u0142ock&#8221;<\/em><\/figcaption><\/figure>\n\n\n\n<figure class=\"is-layout-flex wp-block-gallery-3 wp-block-gallery has-nested-images columns-default is-cropped\">\n<figure class=\"wp-block-image size-large\"><a href=\"http:\/\/petrock.pl\/wp-content\/uploads\/2020\/10\/B\u0142\u0119kitne-Struny-fot.-P\u0142ocki-PRL.jpg\"><img decoding=\"async\" loading=\"lazy\" width=\"1024\" height=\"784\" src=\"http:\/\/petrock.pl\/wp-content\/uploads\/2020\/10\/B\u0142\u0119kitne-Struny-fot.-P\u0142ocki-PRL-1024x784.jpg\" alt=\"\" class=\"wp-image-1709\" srcset=\"http:\/\/petrock.pl\/wp-content\/uploads\/2020\/10\/B\u0142\u0119kitne-Struny-fot.-P\u0142ocki-PRL-1024x784.jpg 1024w, http:\/\/petrock.pl\/wp-content\/uploads\/2020\/10\/B\u0142\u0119kitne-Struny-fot.-P\u0142ocki-PRL-300x230.jpg 300w, http:\/\/petrock.pl\/wp-content\/uploads\/2020\/10\/B\u0142\u0119kitne-Struny-fot.-P\u0142ocki-PRL-768x588.jpg 768w, http:\/\/petrock.pl\/wp-content\/uploads\/2020\/10\/B\u0142\u0119kitne-Struny-fot.-P\u0142ocki-PRL-80x60.jpg 80w, http:\/\/petrock.pl\/wp-content\/uploads\/2020\/10\/B\u0142\u0119kitne-Struny-fot.-P\u0142ocki-PRL.jpg 1186w\" sizes=\"(max-width: 1024px) 100vw, 1024px\" \/><\/a><\/figure>\n<figcaption class=\"blocks-gallery-caption wp-element-caption\"><em>&#8211; zesp\u00f3\u0142 B\u0142\u0119kitne Struny, fot. pochodzi z albumu Miros\u0142awa \u0141akomskiego pt. &#8220;P\u0142ocki PRL&#8221;<\/em><\/figcaption><\/figure>\n\n\n\n<figure class=\"is-layout-flex wp-block-gallery-5 wp-block-gallery has-nested-images columns-default is-cropped\">\n<figure class=\"wp-block-image size-large\"><a href=\"http:\/\/petrock.pl\/wp-content\/uploads\/2020\/10\/od-Radka-\u0141obarzewskiego-scaled.jpeg\"><img decoding=\"async\" loading=\"lazy\" width=\"1024\" height=\"784\" src=\"http:\/\/petrock.pl\/wp-content\/uploads\/2020\/10\/od-Radka-\u0141obarzewskiego-1024x784.jpeg\" alt=\"\" class=\"wp-image-1661\" srcset=\"http:\/\/petrock.pl\/wp-content\/uploads\/2020\/10\/od-Radka-\u0141obarzewskiego-1024x784.jpeg 1024w, http:\/\/petrock.pl\/wp-content\/uploads\/2020\/10\/od-Radka-\u0141obarzewskiego-300x230.jpeg 300w, http:\/\/petrock.pl\/wp-content\/uploads\/2020\/10\/od-Radka-\u0141obarzewskiego-768x588.jpeg 768w, http:\/\/petrock.pl\/wp-content\/uploads\/2020\/10\/od-Radka-\u0141obarzewskiego-1536x1176.jpeg 1536w, http:\/\/petrock.pl\/wp-content\/uploads\/2020\/10\/od-Radka-\u0141obarzewskiego-2048x1567.jpeg 2048w, http:\/\/petrock.pl\/wp-content\/uploads\/2020\/10\/od-Radka-\u0141obarzewskiego-80x60.jpeg 80w\" sizes=\"(max-width: 1024px) 100vw, 1024px\" \/><\/a><\/figure>\n<figcaption class=\"blocks-gallery-caption wp-element-caption\"><em>&#8211; zesp\u00f3\u0142 B\u0142\u0119kitne Struny i Marakosy, fot. dzi\u0119ki uprzejmo\u015bci Rados\u0142awa \u0141abarzewskeigo<\/em> (opis zdj\u0119cia pod biografi\u0105)*<br><br><\/figcaption><\/figure>\n\n\n\n<p><\/p>\n<\/div>\n\n\n\n<div class=\"is-layout-flow wp-block-column\" style=\"flex-basis:66.66%\">\n<p>Zesp\u00f3\u0142 big-beatowy za\u0142o\u017cony w P\u0142ocku w 1968 roku przez trzech kumpli z jednego podw\u00f3rka: Bogdana Malinowskiego &#8211; perkusja, Krzysztofa Lu\u015bniewskiego &#8211; gitara oraz Ryszarda Zubka &#8211; gitara. Podczas spotyka\u0144 w p\u0142ockim klubie Metalowiec (dzia\u0142aj\u0105cym w\u00f3wczas przy ulicy Tumskiej 13, obecnie lokal: Browar &amp; Restauracja), ch\u0142opaki wpadli na pomys\u0142, by zawi\u0105za\u0107 zesp\u00f3\u0142 muzyczny. W ten spos\u00f3b powsta\u0142a kapela <strong>B\u0142\u0119kitne Struny.<\/strong> Do zespo\u0142u do\u0142\u0105czy\u0142 w\u00f3wczas wokalista Stanis\u0142aw \u017b\u00f3\u0142towski (przez ca\u0142y okres wyst\u0119p\u00f3w scenicznych w zespole B\u0142\u0119kitne Struny, wyst\u0119powa\u0142 w bia\u0142ym golfie). Pocz\u0105tkowo pr\u00f3by zespo\u0142u odbywa\u0142y si\u0119 w klubie Metalowiec, jednak po pewnym czasie zesp\u00f3\u0142 przeni\u00f3s\u0142 si\u0119 do dzia\u0142aj\u0105cego w\u00f3wczas przy ulicy Tumskiej ZMS-owskiego klubu muzycznym Marabut (obecnie parter M\u0142odzie\u017cowego Domu Kultury). Zesp\u00f3\u0142 cz\u0119sto wyst\u0119powa\u0142 na organizowanych tam w \u015brody imprezach dla m\u0142odzie\u017cy pt. &#8220;Przedpo\u0142udnia z m\u0142odo\u015bci\u0105&#8221;. Gra\u0142y na nich zespo\u0142y z ca\u0142ego P\u0142ocka takie jak: Wi\u015blanie, Mezony, Marakosy oraz oczywi\u015bcie B\u0142\u0119kitne Struny. W tamtych czasach tradycj\u0105 by\u0142o, \u017ce zespo\u0142y graj\u0105ce big-beat, wyst\u0119powa\u0142y r\u00f3wnie\u017c na szkolnych zabawach, na studni\u00f3wkach czy na balach maturalnych.  W zwi\u0105zku z tym, zesp\u00f3\u0142 B\u0142\u0119kitne Struny cz\u0119sto wyst\u0119powa\u0142 podczas tego rodzaju imprez m.in. w Ma\u0142achowiance, Jagiellonce, czy w p\u0142ockim Zespole Szk\u00f3\u0142 Ekonomiczno-Kupieckich. W 1970 roku zesp\u00f3\u0142 wyst\u0105pi\u0142 na Og\u00f3lnopolskim Przegl\u0105dzie Zespo\u0142\u00f3w Artystycznych, kt\u00f3ry odby\u0142 si\u0119 w kinie Przedwio\u015bnie. Band zaj\u0105\u0142 wtedy VI miejsce. Zwyci\u0119\u017cy\u0142 inny p\u0142ocki zesp\u00f3\u0142 bigbeatowy &#8211; Arabeska. Repertuar zespo\u0142u B\u0142\u0119kitne Struny opiera\u0142 si\u0119 g\u0142owie na utworach zespo\u0142u Czerwone Gitary, chocia\u017c zesp\u00f3\u0142 posiada\u0142 w swoim repertuarze r\u00f3wnie\u017c swoje autorskie kompozycje. W 1973 roku z zespo\u0142u odszed\u0142 wokalista Stanis\u0142aw \u017b\u00f3\u0142towski, a  chwil\u0119 p\u00f3\u017aniej, w 1974 roku, zesp\u00f3\u0142 zako\u0144czy\u0142 swoj\u0105 dzia\u0142alno\u015b\u0107 artystyczn\u0105. <\/p>\n\n\n\n<hr class=\"wp-block-separator has-css-opacity\"\/>\n\n\n\n<p><strong>W sk\u0142ad zespo\u0142u przez okres funkcjonowania bandu wchodzili:<\/strong><\/p>\n\n\n\n<p>Stanis\u0142aw \u017b\u00f3\u0142towski \u2013 wokal<\/p>\n\n\n\n<p>Krzysztof Lu\u015bniewski \u2013 gitara, wokal<\/p>\n\n\n\n<p>Ryszard Zubek \u2013 gitara<\/p>\n\n\n\n<p>Henryk Krupi\u0144ski \u2013 perkusja<\/p>\n\n\n\n<p>Roman Soba\u0144ski &#8211; bas<\/p>\n\n\n\n<p>Jerzy Pazderski \u2013 gitara<\/p>\n\n\n\n<p>Bogdan Malinowski &#8211; perkusja<\/p>\n\n\n\n<hr class=\"wp-block-separator has-css-opacity\"\/>\n\n\n\n<p><\/p>\n<\/div>\n<\/div>\n\n\n\n<p>* Opis fotografii nr 3:  G\u00f3rny rz\u0105d od lewej: Edward Zieli\u0144ski &#8211; kontrabas\/gitara basowa zesp\u00f3\u0142 Marakosy, Leszek Guzowski &#8211; kierownik klubu Marabut, Marek J\u00f3\u017awiak &#8211; akustyk, Sewer Ners &#8211; prawa r\u0119ka Leszka Guzowskiego. Z gitar\u0105 w bia\u0142ej bluzce &#8211; Stanis\u0142aw \u017b\u00f3\u0142towski &#8211; wokalista zespo\u0142u B\u0142\u0119kitne&nbsp;Struny, Roman Soba\u0144ski &#8211; gitara basowa B\u0142\u0119kitne Struny, Krzysztof Lu\u015bniewski&nbsp;&#8211; gitara\/vokal B\u0142\u0119kitne Struny, Dzidka Sza\u0142ek &#8211; wokalistka zespo\u0142u Marakosy,&nbsp; Stanislaw Tarasiewicz &#8211; kierowca w domu kultury. Z werblem &#8211; Andrzej P\u0105czkowski &#8211; perkusista Marakosy <\/p>\n\n\n\n<p>Dolny rz\u0105d od lewej: Ryszard Zubek &#8211; gitarzysta B\u0142\u0119kitne Struny, Jerzy Pazderski (z gitar\u0105) &#8211; gitarzysta B\u0142\u0119kitne Struny, Stefan Tulinski (w ciemnych okularach) &#8211; p\u00f3\u017aniejszy perkusista zespo\u0142u Marakosy, Zbigniew Klatte &#8211; instrumenty klawiszowe &#8211; Marakosy, Henryk Krupi\u0144ski &#8211; perkusista zespo\u0142u B\u0142\u0119kitne Struny, a za nim Grzegorz Klusiewicz &#8211; gitarzysta oraz wokalista zespo\u0142u Marakosy.<\/p>\n\n\n\n<hr class=\"wp-block-separator has-css-opacity\"\/>\n\n\n\n<p><em>Za pomoc w napisaniu biografii serdecznie dzi\u0119kuj\u0119 przede wszystkim wokali\u015bcie zespo\u0142u Stanis\u0142awowi \u017b\u00f3\u0142towskiemu. Podzi\u0119kowa\u0107 r\u00f3wnie\u017c chcia\u0142em Krzysztofowi Misiakowi (w\u0142a\u015bnie od niego dowiedzia\u0142em si\u0119 o istnieniu zespo\u0142u B\u0142\u0119kitne Struny i dosta\u0142em kontakt do os\u00f3b, kt\u00f3re pomog\u0142y mi w napisaniu biografii zespo\u0142u) oraz Radkowi \u0141abarzewskiemu, kt\u00f3ry podzieli\u0142 si\u0119 ze mn\u0105 swoj\u0105 wiedz\u0105 oraz fotografi\u0105 zespo\u0142\u00f3w B\u0142\u0119kitne Struny oraz Marakosy, wraz z dok\u0142adnum opisem zdj\u0119cia. Przy opracowaniu biografii korzysta\u0142em ze zdj\u0119\u0107 zamieszczonych w albumach: &#8220;Artystyczny P\u0142ock&#8221; oraz &#8220;P\u0142ocki PRL&#8221;, autorstwa Miros\u0142awa \u0141akomskiego oraz z artyku\u0142u autorstwa Anny Lewandowskiej pt. &#8220;Mia\u0142 zaczes na kacz\u0105 dupk\u0119 i dzwony. To on wymy\u015bli\u0142 pota\u0144c\u00f3wk\u0119!&#8221;, kt\u00f3ry ukaza\u0142 si\u0119 11.08.2016 roku w p\u0142ockim dodatku do Gazety Wyborczej.<\/em><\/p>\n","protected":false},"excerpt":{"rendered":"<div class=\"mh-excerpt\"><p>Zesp\u00f3\u0142 big-beatowy za\u0142o\u017cony w P\u0142ocku w 1968 roku przez trzech kumpli z jednego podw\u00f3rka: Bogdana Malinowskiego &#8211; perkusja, Krzysztofa Lu\u015bniewskiego &#8211; gitara oraz Ryszarda Zubka <a class=\"mh-excerpt-more\" href=\"http:\/\/petrock.pl\/?page_id=1660\" title=\"B\u0142\u0119kitne Struny\">[&#8230;]<\/a><\/p>\n<\/div>","protected":false},"author":7,"featured_media":1701,"parent":0,"menu_order":0,"comment_status":"closed","ping_status":"closed","template":"","meta":[],"yoast_head":"<!-- This site is optimized with the Yoast SEO plugin v21.1 - https:\/\/yoast.com\/wordpress\/plugins\/seo\/ -->\n<title>B\u0142\u0119kitne Struny - P\u0142ocka Scena Rockowa<\/title>\n<meta name=\"robots\" content=\"index, follow, max-snippet:-1, max-image-preview:large, max-video-preview:-1\" \/>\n<link rel=\"canonical\" href=\"https:\/\/petrock.pl\/?page_id=1660\" \/>\n<meta property=\"og:locale\" content=\"pl_PL\" \/>\n<meta property=\"og:type\" content=\"article\" \/>\n<meta property=\"og:title\" content=\"B\u0142\u0119kitne Struny - P\u0142ocka Scena Rockowa\" \/>\n<meta property=\"og:description\" content=\"Zesp\u00f3\u0142 big-beatowy za\u0142o\u017cony w P\u0142ocku w 1968 roku przez trzech kumpli z jednego podw\u00f3rka: Bogdana Malinowskiego &#8211; perkusja, Krzysztofa Lu\u015bniewskiego &#8211; gitara oraz Ryszarda Zubka [...]\" \/>\n<meta property=\"og:url\" content=\"https:\/\/petrock.pl\/?page_id=1660\" \/>\n<meta property=\"og:site_name\" content=\"P\u0142ocka Scena Rockowa\" \/>\n<meta property=\"article:modified_time\" content=\"2023-09-12T13:03:50+00:00\" \/>\n<meta property=\"og:image\" content=\"https:\/\/petrock.pl\/wp-content\/uploads\/2020\/10\/b\u0141\u0118KITNE-sTRUNY-ARTYSTYCZNY-P\u0141OCK.jpg\" \/>\n\t<meta property=\"og:image:width\" content=\"1380\" \/>\n\t<meta property=\"og:image:height\" content=\"825\" \/>\n\t<meta property=\"og:image:type\" content=\"image\/jpeg\" \/>\n<meta name=\"twitter:card\" content=\"summary_large_image\" \/>\n<meta name=\"twitter:label1\" content=\"Szacowany czas czytania\" \/>\n\t<meta name=\"twitter:data1\" content=\"4 minuty\" \/>\n<script type=\"application\/ld+json\" class=\"yoast-schema-graph\">{\"@context\":\"https:\/\/schema.org\",\"@graph\":[{\"@type\":\"WebPage\",\"@id\":\"https:\/\/petrock.pl\/?page_id=1660\",\"url\":\"https:\/\/petrock.pl\/?page_id=1660\",\"name\":\"B\u0142\u0119kitne Struny - P\u0142ocka Scena Rockowa\",\"isPartOf\":{\"@id\":\"https:\/\/petrock.pl\/#website\"},\"datePublished\":\"2020-10-02T06:37:11+00:00\",\"dateModified\":\"2023-09-12T13:03:50+00:00\",\"breadcrumb\":{\"@id\":\"https:\/\/petrock.pl\/?page_id=1660#breadcrumb\"},\"inLanguage\":\"pl-PL\",\"potentialAction\":[{\"@type\":\"ReadAction\",\"target\":[\"https:\/\/petrock.pl\/?page_id=1660\"]}]},{\"@type\":\"BreadcrumbList\",\"@id\":\"https:\/\/petrock.pl\/?page_id=1660#breadcrumb\",\"itemListElement\":[{\"@type\":\"ListItem\",\"position\":1,\"name\":\"Strona g\u0142\u00f3wna\",\"item\":\"https:\/\/petrock.pl\/\"},{\"@type\":\"ListItem\",\"position\":2,\"name\":\"B\u0142\u0119kitne Struny\"}]},{\"@type\":\"WebSite\",\"@id\":\"https:\/\/petrock.pl\/#website\",\"url\":\"https:\/\/petrock.pl\/\",\"name\":\"P\u0142ocka Scena Rockowa\",\"description\":\"Wywiady Biografie Koncerty Recenzje\",\"potentialAction\":[{\"@type\":\"SearchAction\",\"target\":{\"@type\":\"EntryPoint\",\"urlTemplate\":\"https:\/\/petrock.pl\/?s={search_term_string}\"},\"query-input\":\"required name=search_term_string\"}],\"inLanguage\":\"pl-PL\"}]}<\/script>\n<!-- \/ Yoast SEO plugin. -->","yoast_head_json":{"title":"B\u0142\u0119kitne Struny - P\u0142ocka Scena Rockowa","robots":{"index":"index","follow":"follow","max-snippet":"max-snippet:-1","max-image-preview":"max-image-preview:large","max-video-preview":"max-video-preview:-1"},"canonical":"https:\/\/petrock.pl\/?page_id=1660","og_locale":"pl_PL","og_type":"article","og_title":"B\u0142\u0119kitne Struny - P\u0142ocka Scena Rockowa","og_description":"Zesp\u00f3\u0142 big-beatowy za\u0142o\u017cony w P\u0142ocku w 1968 roku przez trzech kumpli z jednego podw\u00f3rka: Bogdana Malinowskiego &#8211; perkusja, Krzysztofa Lu\u015bniewskiego &#8211; gitara oraz Ryszarda Zubka [...]","og_url":"https:\/\/petrock.pl\/?page_id=1660","og_site_name":"P\u0142ocka Scena Rockowa","article_modified_time":"2023-09-12T13:03:50+00:00","og_image":[{"width":1380,"height":825,"url":"https:\/\/petrock.pl\/wp-content\/uploads\/2020\/10\/b\u0141\u0118KITNE-sTRUNY-ARTYSTYCZNY-P\u0141OCK.jpg","type":"image\/jpeg"}],"twitter_card":"summary_large_image","twitter_misc":{"Szacowany czas czytania":"4 minuty"},"schema":{"@context":"https:\/\/schema.org","@graph":[{"@type":"WebPage","@id":"https:\/\/petrock.pl\/?page_id=1660","url":"https:\/\/petrock.pl\/?page_id=1660","name":"B\u0142\u0119kitne Struny - P\u0142ocka Scena Rockowa","isPartOf":{"@id":"https:\/\/petrock.pl\/#website"},"datePublished":"2020-10-02T06:37:11+00:00","dateModified":"2023-09-12T13:03:50+00:00","breadcrumb":{"@id":"https:\/\/petrock.pl\/?page_id=1660#breadcrumb"},"inLanguage":"pl-PL","potentialAction":[{"@type":"ReadAction","target":["https:\/\/petrock.pl\/?page_id=1660"]}]},{"@type":"BreadcrumbList","@id":"https:\/\/petrock.pl\/?page_id=1660#breadcrumb","itemListElement":[{"@type":"ListItem","position":1,"name":"Strona g\u0142\u00f3wna","item":"https:\/\/petrock.pl\/"},{"@type":"ListItem","position":2,"name":"B\u0142\u0119kitne Struny"}]},{"@type":"WebSite","@id":"https:\/\/petrock.pl\/#website","url":"https:\/\/petrock.pl\/","name":"P\u0142ocka Scena Rockowa","description":"Wywiady Biografie Koncerty Recenzje","potentialAction":[{"@type":"SearchAction","target":{"@type":"EntryPoint","urlTemplate":"https:\/\/petrock.pl\/?s={search_term_string}"},"query-input":"required name=search_term_string"}],"inLanguage":"pl-PL"}]}},"_links":{"self":[{"href":"http:\/\/petrock.pl\/index.php?rest_route=\/wp\/v2\/pages\/1660"}],"collection":[{"href":"http:\/\/petrock.pl\/index.php?rest_route=\/wp\/v2\/pages"}],"about":[{"href":"http:\/\/petrock.pl\/index.php?rest_route=\/wp\/v2\/types\/page"}],"author":[{"embeddable":true,"href":"http:\/\/petrock.pl\/index.php?rest_route=\/wp\/v2\/users\/7"}],"replies":[{"embeddable":true,"href":"http:\/\/petrock.pl\/index.php?rest_route=%2Fwp%2Fv2%2Fcomments&post=1660"}],"version-history":[{"count":54,"href":"http:\/\/petrock.pl\/index.php?rest_route=\/wp\/v2\/pages\/1660\/revisions"}],"predecessor-version":[{"id":3880,"href":"http:\/\/petrock.pl\/index.php?rest_route=\/wp\/v2\/pages\/1660\/revisions\/3880"}],"wp:featuredmedia":[{"embeddable":true,"href":"http:\/\/petrock.pl\/index.php?rest_route=\/wp\/v2\/media\/1701"}],"wp:attachment":[{"href":"http:\/\/petrock.pl\/index.php?rest_route=%2Fwp%2Fv2%2Fmedia&parent=1660"}],"curies":[{"name":"wp","href":"https:\/\/api.w.org\/{rel}","templated":true}]}}