{"id":1125,"date":"2020-07-23T06:36:36","date_gmt":"2020-07-23T06:36:36","guid":{"rendered":"http:\/\/petrock.pl\/?page_id=1125"},"modified":"2023-09-12T15:04:11","modified_gmt":"2023-09-12T13:04:11","slug":"butels-the","status":"publish","type":"page","link":"https:\/\/petrock.pl\/?page_id=1125","title":{"rendered":"Butels, The"},"content":{"rendered":"\n<div class=\"is-layout-flex wp-container-9 wp-block-columns\">\n<div class=\"is-layout-flow wp-block-column\" style=\"flex-basis:33.33%\">\n<figure class=\"is-layout-flex wp-block-gallery-1 wp-block-gallery has-nested-images columns-default is-cropped\">\n<figure class=\"wp-block-image size-large\"><a href=\"http:\/\/petrock.pl\/wp-content\/uploads\/2020\/07\/The-Butels-2-1.jpeg\"><img decoding=\"async\" loading=\"lazy\" width=\"1024\" height=\"683\" src=\"http:\/\/petrock.pl\/wp-content\/uploads\/2020\/07\/The-Butels-2-1-1024x683.jpeg\" alt=\"\" class=\"wp-image-1127\" srcset=\"https:\/\/petrock.pl\/wp-content\/uploads\/2020\/07\/The-Butels-2-1-1024x683.jpeg 1024w, https:\/\/petrock.pl\/wp-content\/uploads\/2020\/07\/The-Butels-2-1-300x200.jpeg 300w, https:\/\/petrock.pl\/wp-content\/uploads\/2020\/07\/The-Butels-2-1-768x512.jpeg 768w, https:\/\/petrock.pl\/wp-content\/uploads\/2020\/07\/The-Butels-2-1.jpeg 1378w\" sizes=\"(max-width: 1024px) 100vw, 1024px\" \/><\/a><\/figure>\n<figcaption class=\"blocks-gallery-caption wp-element-caption\"><em>&#8211; fot. dzi\u0119ki uprzejmo\u015bci W. Wojdy<\/em><\/figcaption><\/figure>\n\n\n\n<figure class=\"is-layout-flex wp-block-gallery-3 wp-block-gallery has-nested-images columns-default is-cropped\">\n<figure class=\"wp-block-image size-large\"><a href=\"http:\/\/petrock.pl\/wp-content\/uploads\/2020\/07\/The-Butels.jpeg\"><img decoding=\"async\" loading=\"lazy\" width=\"1024\" height=\"683\" src=\"http:\/\/petrock.pl\/wp-content\/uploads\/2020\/07\/The-Butels-1024x683.jpeg\" alt=\"\" class=\"wp-image-1129\" srcset=\"https:\/\/petrock.pl\/wp-content\/uploads\/2020\/07\/The-Butels-1024x683.jpeg 1024w, https:\/\/petrock.pl\/wp-content\/uploads\/2020\/07\/The-Butels-300x200.jpeg 300w, https:\/\/petrock.pl\/wp-content\/uploads\/2020\/07\/The-Butels-768x512.jpeg 768w, https:\/\/petrock.pl\/wp-content\/uploads\/2020\/07\/The-Butels-1536x1024.jpeg 1536w, https:\/\/petrock.pl\/wp-content\/uploads\/2020\/07\/The-Butels-2048x1365.jpeg 2048w\" sizes=\"(max-width: 1024px) 100vw, 1024px\" \/><\/a><\/figure>\n<figcaption class=\"blocks-gallery-caption wp-element-caption\"><em>&#8211; fot. dzi\u0119ki uprzejmo\u015bci W. Wojdy<\/em><\/figcaption><\/figure>\n\n\n\n<figure class=\"is-layout-flex wp-block-gallery-5 wp-block-gallery has-nested-images columns-default is-cropped\">\n<figure class=\"wp-block-image size-large\"><a href=\"http:\/\/petrock.pl\/wp-content\/uploads\/2020\/07\/The-Butels-3.jpeg\"><img decoding=\"async\" loading=\"lazy\" width=\"1024\" height=\"682\" src=\"http:\/\/petrock.pl\/wp-content\/uploads\/2020\/07\/The-Butels-3-1024x682.jpeg\" alt=\"\" class=\"wp-image-1131\" srcset=\"https:\/\/petrock.pl\/wp-content\/uploads\/2020\/07\/The-Butels-3-1024x682.jpeg 1024w, https:\/\/petrock.pl\/wp-content\/uploads\/2020\/07\/The-Butels-3-300x200.jpeg 300w, https:\/\/petrock.pl\/wp-content\/uploads\/2020\/07\/The-Butels-3-768x512.jpeg 768w, https:\/\/petrock.pl\/wp-content\/uploads\/2020\/07\/The-Butels-3.jpeg 1486w\" sizes=\"(max-width: 1024px) 100vw, 1024px\" \/><\/a><\/figure>\n<figcaption class=\"blocks-gallery-caption wp-element-caption\"><em>&#8211; fot. dzi\u0119ki uprzejmo\u015bci W. Wojdy<\/em><\/figcaption><\/figure>\n<\/div>\n\n\n\n<div class=\"is-layout-flow wp-block-column\" style=\"flex-basis:66.66%\">\n<p>Zesp\u00f3\u0142 punk-rockowy powsta\u0142y w P\u0142ocku w 1996 roku z inicjatywy braci Wojda (Konrada &#8211; gitara i Wojtka &#8211; bas) oraz Roberta \u201eFranka\u201d Wudarskiego \u2013 wokal i Jacka Trafnego \u2013 perkusja. Nazwa zespo\u0142u nawi\u0105zywa\u0142a w \u017cartobliwy spos\u00f3b to s\u0142ynnej \u201eczw\u00f3rki z Liverpoolu\u201d. Kapela w swoim repertuarze mia\u0142a zaledwie sze\u015b\u0107 autorskich utwor\u00f3w, kt\u00f3re po latach na sta\u0142e zago\u015bci\u0142y w repertuarach Farben Lehre (Spodnie z GS-u) oraz Podw\u00f3rkowych Chuliganach (m.in. Extra Mocne, Alko Ska). Niespe\u0142na rok po zawi\u0105zaniu bandu, kapela zako\u0144czy\u0142a swoj\u0105 dzia\u0142alno\u015b\u0107. W okresie funkcjonowania, zesp\u00f3\u0142 zagra\u0142 m.in. na V-Punkowej Orkiestrze \u015awi\u0105tecznej Pomocy w Krakowie. Trzy utwory zagrane podczas tego koncertu, znalaz\u0142y si\u0119 na oficjalnej kasecie video, stanowi\u0105cej zapis tego wydarzenia. Dodatkowo w 1997 roku nak\u0142adem Psy Wojny Records ukaza\u0142a si\u0119 kaseta magnetofonowa z zapisem fragmentu koncertu The Butels zagranego podczas V Punkowej Orkiestry \u015awi\u0105tecznej Pomocy.<\/p>\n\n\n\n<hr class=\"wp-block-separator has-css-opacity\"\/>\n\n\n\n<p>Sk\u0142ad:<\/p>\n\n\n\n<p>Robert \u201eFranek\u201d Wudarski \u2013 wokal<\/p>\n\n\n\n<p>Wojtek Wojda \u2013 bas<\/p>\n\n\n\n<p>Konrad \u201eKonio\u201d Wojda \u2013 girata<\/p>\n\n\n\n<p>Jacek Trafny &#8211; perkusja<\/p>\n<\/div>\n<\/div>\n\n\n\n<hr class=\"wp-block-separator has-css-opacity\"\/>\n\n\n\n<p>dyskografia:<\/p>\n\n\n\n<figure class=\"wp-block-table\"><table><tbody><tr><td>Punk Festiwal  (1997)<\/td><td>Psy Wojny Records<\/td><\/tr><\/tbody><\/table><\/figure>\n\n\n\n<p>Multimedia:<\/p>\n\n\n\n<figure class=\"wp-block-embed is-type-video is-provider-youtube wp-block-embed-youtube wp-embed-aspect-4-3 wp-has-aspect-ratio\"><div class=\"wp-block-embed__wrapper\">\n<iframe loading=\"lazy\" title=\"The Butels - Spodnie z GSu - 14.03.1997 - P\u0142ock\" width=\"500\" height=\"375\" src=\"https:\/\/www.youtube.com\/embed\/-nKtFGdhk_c?feature=oembed\" frameborder=\"0\" allow=\"accelerometer; autoplay; clipboard-write; encrypted-media; gyroscope; picture-in-picture; web-share\" allowfullscreen><\/iframe>\n<\/div><\/figure>\n\n\n\n<figure class=\"wp-block-embed is-type-video is-provider-youtube wp-block-embed-youtube wp-embed-aspect-4-3 wp-has-aspect-ratio\"><div class=\"wp-block-embed__wrapper\">\n<iframe loading=\"lazy\" title=\"The Butels - Plakaciarze - 14.03.1997 - P\u0142ock\" width=\"500\" height=\"375\" src=\"https:\/\/www.youtube.com\/embed\/IhOMZ_3e7FU?feature=oembed\" frameborder=\"0\" allow=\"accelerometer; autoplay; clipboard-write; encrypted-media; gyroscope; picture-in-picture; web-share\" allowfullscreen><\/iframe>\n<\/div><\/figure>\n","protected":false},"excerpt":{"rendered":"<div class=\"mh-excerpt\"><p>Zesp\u00f3\u0142 punk-rockowy powsta\u0142y w P\u0142ocku w 1996 roku z inicjatywy braci Wojda (Konrada &#8211; gitara i Wojtka &#8211; bas) oraz Roberta \u201eFranka\u201d Wudarskiego \u2013 wokal <a class=\"mh-excerpt-more\" href=\"https:\/\/petrock.pl\/?page_id=1125\" title=\"Butels, The\">[&#8230;]<\/a><\/p>\n<\/div>","protected":false},"author":7,"featured_media":1127,"parent":0,"menu_order":0,"comment_status":"closed","ping_status":"closed","template":"","meta":[],"yoast_head":"<!-- This site is optimized with the Yoast SEO plugin v21.1 - https:\/\/yoast.com\/wordpress\/plugins\/seo\/ -->\n<title>Butels, The - P\u0142ocka Scena Rockowa<\/title>\n<meta name=\"robots\" content=\"index, follow, max-snippet:-1, max-image-preview:large, max-video-preview:-1\" \/>\n<link rel=\"canonical\" href=\"https:\/\/petrock.pl\/?page_id=1125\" \/>\n<meta property=\"og:locale\" content=\"pl_PL\" \/>\n<meta property=\"og:type\" content=\"article\" \/>\n<meta property=\"og:title\" content=\"Butels, The - P\u0142ocka Scena Rockowa\" \/>\n<meta property=\"og:description\" content=\"Zesp\u00f3\u0142 punk-rockowy powsta\u0142y w P\u0142ocku w 1996 roku z inicjatywy braci Wojda (Konrada &#8211; gitara i Wojtka &#8211; bas) oraz Roberta \u201eFranka\u201d Wudarskiego \u2013 wokal [...]\" \/>\n<meta property=\"og:url\" content=\"https:\/\/petrock.pl\/?page_id=1125\" \/>\n<meta property=\"og:site_name\" content=\"P\u0142ocka Scena Rockowa\" \/>\n<meta property=\"article:modified_time\" content=\"2023-09-12T13:04:11+00:00\" \/>\n<meta property=\"og:image\" content=\"https:\/\/petrock.pl\/wp-content\/uploads\/2020\/07\/The-Butels-2-1.jpeg\" \/>\n\t<meta property=\"og:image:width\" content=\"1378\" \/>\n\t<meta property=\"og:image:height\" content=\"919\" \/>\n\t<meta property=\"og:image:type\" content=\"image\/jpeg\" \/>\n<meta name=\"twitter:card\" content=\"summary_large_image\" \/>\n<meta name=\"twitter:label1\" content=\"Szacowany czas czytania\" \/>\n\t<meta name=\"twitter:data1\" content=\"1 minuta\" \/>\n<script type=\"application\/ld+json\" class=\"yoast-schema-graph\">{\"@context\":\"https:\/\/schema.org\",\"@graph\":[{\"@type\":\"WebPage\",\"@id\":\"https:\/\/petrock.pl\/?page_id=1125\",\"url\":\"https:\/\/petrock.pl\/?page_id=1125\",\"name\":\"Butels, The - P\u0142ocka Scena Rockowa\",\"isPartOf\":{\"@id\":\"https:\/\/petrock.pl\/#website\"},\"datePublished\":\"2020-07-23T06:36:36+00:00\",\"dateModified\":\"2023-09-12T13:04:11+00:00\",\"breadcrumb\":{\"@id\":\"https:\/\/petrock.pl\/?page_id=1125#breadcrumb\"},\"inLanguage\":\"pl-PL\",\"potentialAction\":[{\"@type\":\"ReadAction\",\"target\":[\"https:\/\/petrock.pl\/?page_id=1125\"]}]},{\"@type\":\"BreadcrumbList\",\"@id\":\"https:\/\/petrock.pl\/?page_id=1125#breadcrumb\",\"itemListElement\":[{\"@type\":\"ListItem\",\"position\":1,\"name\":\"Strona g\u0142\u00f3wna\",\"item\":\"https:\/\/petrock.pl\/\"},{\"@type\":\"ListItem\",\"position\":2,\"name\":\"Butels, The\"}]},{\"@type\":\"WebSite\",\"@id\":\"https:\/\/petrock.pl\/#website\",\"url\":\"https:\/\/petrock.pl\/\",\"name\":\"P\u0142ocka Scena Rockowa\",\"description\":\"Wywiady Biografie Koncerty Recenzje\",\"potentialAction\":[{\"@type\":\"SearchAction\",\"target\":{\"@type\":\"EntryPoint\",\"urlTemplate\":\"https:\/\/petrock.pl\/?s={search_term_string}\"},\"query-input\":\"required name=search_term_string\"}],\"inLanguage\":\"pl-PL\"}]}<\/script>\n<!-- \/ Yoast SEO plugin. -->","yoast_head_json":{"title":"Butels, The - P\u0142ocka Scena Rockowa","robots":{"index":"index","follow":"follow","max-snippet":"max-snippet:-1","max-image-preview":"max-image-preview:large","max-video-preview":"max-video-preview:-1"},"canonical":"https:\/\/petrock.pl\/?page_id=1125","og_locale":"pl_PL","og_type":"article","og_title":"Butels, The - P\u0142ocka Scena Rockowa","og_description":"Zesp\u00f3\u0142 punk-rockowy powsta\u0142y w P\u0142ocku w 1996 roku z inicjatywy braci Wojda (Konrada &#8211; gitara i Wojtka &#8211; bas) oraz Roberta \u201eFranka\u201d Wudarskiego \u2013 wokal [...]","og_url":"https:\/\/petrock.pl\/?page_id=1125","og_site_name":"P\u0142ocka Scena Rockowa","article_modified_time":"2023-09-12T13:04:11+00:00","og_image":[{"width":1378,"height":919,"url":"https:\/\/petrock.pl\/wp-content\/uploads\/2020\/07\/The-Butels-2-1.jpeg","type":"image\/jpeg"}],"twitter_card":"summary_large_image","twitter_misc":{"Szacowany czas czytania":"1 minuta"},"schema":{"@context":"https:\/\/schema.org","@graph":[{"@type":"WebPage","@id":"https:\/\/petrock.pl\/?page_id=1125","url":"https:\/\/petrock.pl\/?page_id=1125","name":"Butels, The - P\u0142ocka Scena Rockowa","isPartOf":{"@id":"https:\/\/petrock.pl\/#website"},"datePublished":"2020-07-23T06:36:36+00:00","dateModified":"2023-09-12T13:04:11+00:00","breadcrumb":{"@id":"https:\/\/petrock.pl\/?page_id=1125#breadcrumb"},"inLanguage":"pl-PL","potentialAction":[{"@type":"ReadAction","target":["https:\/\/petrock.pl\/?page_id=1125"]}]},{"@type":"BreadcrumbList","@id":"https:\/\/petrock.pl\/?page_id=1125#breadcrumb","itemListElement":[{"@type":"ListItem","position":1,"name":"Strona g\u0142\u00f3wna","item":"https:\/\/petrock.pl\/"},{"@type":"ListItem","position":2,"name":"Butels, The"}]},{"@type":"WebSite","@id":"https:\/\/petrock.pl\/#website","url":"https:\/\/petrock.pl\/","name":"P\u0142ocka Scena Rockowa","description":"Wywiady Biografie Koncerty Recenzje","potentialAction":[{"@type":"SearchAction","target":{"@type":"EntryPoint","urlTemplate":"https:\/\/petrock.pl\/?s={search_term_string}"},"query-input":"required name=search_term_string"}],"inLanguage":"pl-PL"}]}},"_links":{"self":[{"href":"https:\/\/petrock.pl\/index.php?rest_route=\/wp\/v2\/pages\/1125"}],"collection":[{"href":"https:\/\/petrock.pl\/index.php?rest_route=\/wp\/v2\/pages"}],"about":[{"href":"https:\/\/petrock.pl\/index.php?rest_route=\/wp\/v2\/types\/page"}],"author":[{"embeddable":true,"href":"https:\/\/petrock.pl\/index.php?rest_route=\/wp\/v2\/users\/7"}],"replies":[{"embeddable":true,"href":"https:\/\/petrock.pl\/index.php?rest_route=%2Fwp%2Fv2%2Fcomments&post=1125"}],"version-history":[{"count":16,"href":"https:\/\/petrock.pl\/index.php?rest_route=\/wp\/v2\/pages\/1125\/revisions"}],"predecessor-version":[{"id":3882,"href":"https:\/\/petrock.pl\/index.php?rest_route=\/wp\/v2\/pages\/1125\/revisions\/3882"}],"wp:featuredmedia":[{"embeddable":true,"href":"https:\/\/petrock.pl\/index.php?rest_route=\/wp\/v2\/media\/1127"}],"wp:attachment":[{"href":"https:\/\/petrock.pl\/index.php?rest_route=%2Fwp%2Fv2%2Fmedia&parent=1125"}],"curies":[{"name":"wp","href":"https:\/\/api.w.org\/{rel}","templated":true}]}}