{"id":1212,"date":"2020-07-25T14:15:27","date_gmt":"2020-07-25T12:15:27","guid":{"rendered":"http:\/\/petrock.pl\/?page_id=1212"},"modified":"2023-09-12T15:03:15","modified_gmt":"2023-09-12T13:03:15","slug":"belweder","status":"publish","type":"page","link":"https:\/\/petrock.pl\/?page_id=1212","title":{"rendered":"Belweder"},"content":{"rendered":"\n<div class=\"is-layout-flex wp-container-5 wp-block-columns\">\n<div class=\"is-layout-flow wp-block-column\" style=\"flex-basis:33.33%\">\n<figure class=\"is-layout-flex wp-block-gallery-1 wp-block-gallery has-nested-images columns-default is-cropped\">\n<figure class=\"wp-block-image size-large\"><a href=\"http:\/\/petrock.pl\/wp-content\/uploads\/2020\/07\/20200724_084537-scaled.jpg\"><img decoding=\"async\" loading=\"lazy\" width=\"768\" height=\"1024\" src=\"http:\/\/petrock.pl\/wp-content\/uploads\/2020\/07\/20200724_084537-768x1024.jpg\" alt=\"\" class=\"wp-image-1215\" srcset=\"https:\/\/petrock.pl\/wp-content\/uploads\/2020\/07\/20200724_084537-768x1024.jpg 768w, https:\/\/petrock.pl\/wp-content\/uploads\/2020\/07\/20200724_084537-225x300.jpg 225w, https:\/\/petrock.pl\/wp-content\/uploads\/2020\/07\/20200724_084537-1152x1536.jpg 1152w, https:\/\/petrock.pl\/wp-content\/uploads\/2020\/07\/20200724_084537-1536x2048.jpg 1536w, https:\/\/petrock.pl\/wp-content\/uploads\/2020\/07\/20200724_084537-scaled.jpg 1920w\" sizes=\"(max-width: 768px) 100vw, 768px\" \/><\/a><\/figure>\n<figcaption class=\"blocks-gallery-caption wp-element-caption\"><em>&#8211; fot. Among Scratches<\/em><\/figcaption><\/figure>\n<\/div>\n\n\n\n<div class=\"is-layout-flow wp-block-column\" style=\"flex-basis:66.66%\">\n<p>Zesp\u00f3\u0142 punk-rockowy powsta\u0142y w pa\u017adzierniku 1990r. w P\u0142ocku z inicjatywy Mariusza \u201eMariana\u201d Zalewskiego (gitara i wokal) i Piotrka \u201ePopio\u0142a\u201d Popio\u0142ka (perkusja). Sk\u0142adu uzupe\u0142ni\u0142 Waldek Kozyra (bas). Pr\u00f3by zespo\u0142u odbywa\u0142y si\u0119 pocz\u0105tkowo w kinie Diana, ale chwil\u0119 p\u00f3\u017aniej zesp\u00f3\u0142 wygra\u0142 (ex aequo z zespo\u0142em <strong>Strajk<\/strong>) przegl\u0105d zorganizowany w p\u0142ockim MDK, gdzie nagrod\u0105 by\u0142o mo\u017cliwo\u015b\u0107 przeprowadzania pr\u00f3b w MDK-u. Zesp\u00f3\u0142 gra\u0142 sporo lokalnych koncert\u00f3w. Chwil\u0119 p\u00f3\u017aniej z kapeli odszed\u0142 Marian (do zespo\u0142u Strajk). W takich okoliczno\u015bciach zesp\u00f3\u0142 postanowi\u0142 zawiesi\u0107 dzia\u0142alno\u015b\u0107. Jednak nie na d\u0142ugo band pozosta\u0142 w stanie letargu. Chwil\u0119 p\u00f3\u017aniej za namow\u0105 Paw\u0142a \u201eMauera\u201d Ma\u0142eckiego zesp\u00f3\u0142 postanowi\u0142 si\u0119 reaktywowa\u0107. Do sk\u0142adu do\u0142\u0105czy\u0142a siostra Popio\u0142a &#8211; Ania Popio\u0142ek, kt\u00f3ra uzupe\u0142ni\u0142a sekcj\u0119 rytmiczn\u0105 w postaci gry na gitarze basowej. Odbywa\u0142y si\u0119 kolejne pr\u00f3by, powstawa\u0142y kolejne utwory. Chwil\u0119 p\u00f3\u017aniej nast\u0105pi\u0142y kolejne przetasowania w sk\u0142adzie. Popio\u0142owi znudzi\u0142a si\u0119 gra na perkusji i postanowi\u0142 chwyci\u0107 za gitar\u0119. W zwi\u0105zku z tym zesp\u00f3\u0142 zatrudni\u0142 w roli perkusisty Marka \u201eMagneto\u201d Jo\u0144czyka. 2 maja 1993 dobrowolnie rozsta\u0142 si\u0119 z \u017cyciem pierwszy wokalista Belwederu: Mariusz \u201eMarian\u201d Zalewski. Zesp\u00f3\u0142 wyst\u0105pi\u0142 na specjalnie zorganizowanym koncercie upami\u0119tniaj\u0105cym Mariana u boku <strong>Farben Lehre, Strajku, Niech B\u0119dzie oraz Z.S.W.B<\/strong>. Koncert ten odby\u0142 si\u0119 w Teatrze Dramatycznym (29.09.1993) i jak si\u0119 p\u00f3\u017aniej okaza\u0142o by\u0142 to ostatni wyst\u0119p na \u017cywo zespo\u0142u Belweder. Tego wieczoru zesp\u00f3\u0142 wyst\u0105pi\u0142 w nast\u0119puj\u0105cym sk\u0142adzie: Popi\u00f3\u0142, Mauer, Magneto oraz Ania. Fragment koncertu ukaza\u0142 si\u0119 na kasecie magnetofonowej pt. \u201ePami\u0119\u0107 do ko\u0144ca &#8211; Koncert dla Mariana\u201d stanowi\u0105cej zapis audio z tego wydarzenia. Po koncercie z zespo\u0142u odeszli Popi\u00f3\u0142 oraz jego siostra Ania, kt\u00f3rzy przeprowadzili si\u0119 do Warszawy. Do zespo\u0142u do\u0142\u0105czy\u0142 w\u00f3wczas Mariusz \u015amigielski \u2013 gitara oraz Piotr \u201eKempes\u201d K\u0119pczy\u0144ski \u2013 bas. W wakacje 1993 band tworzy\u0142 kolejne kompozycje oscyluj\u0105ce bardziej w okolicach trash-metalu ni\u017c jak wcze\u015bniej punk-rocka. W tamtym momencie sk\u0142ad przedstawi\u0142 si\u0119 nast\u0119puj\u0105co: Mariusz \u015amigielski (gitara), Mauer (gitara, wokal), Kempes \u2013 bas, Magneto (perkusja). Niestety dla zespo\u0142u, po wakacjach 1993 roku, Mauer dosta\u0142 anga\u017c w Farben Lehre, co w konsekwencji doprowadzi\u0142o do tego, \u017ce na jesieni 1993 roku ch\u0142opaki definitywnie zako\u0144czyli dzia\u0142alno\u015b\u0107 bandu.<\/p>\n\n\n\n<hr class=\"wp-block-separator has-css-opacity\"\/>\n\n\n\n<p>Ostatni sk\u0142ad zespo\u0142u:<\/p>\n\n\n\n<p>Pawe\u0142 \u201eMauer\u201d Ma\u0142ecki \u2013 gitara, wokal<\/p>\n\n\n\n<p>Mariusz \u015amigielski \u2013 gitara<\/p>\n\n\n\n<p>Marek \u201eMagneto\u201d Jo\u0144czyk \u2013 perkusja<\/p>\n\n\n\n<p>Piotr \u201eKempes\u201d K\u0119pczy\u0144ski \u2013 bas<\/p>\n\n\n\n<hr class=\"wp-block-separator has-css-opacity\"\/>\n\n\n\n<p>Byli cz\u0142onkowie:<\/p>\n\n\n\n<p>Mariusz \u201eMarian\u201d Zalewski \u2013 wokal<\/p>\n\n\n\n<p>Piotr \u201ePopi\u00f3\u0142\u201d Popio\u0142ek \u2013 perkusja, w p\u00f3\u017aniejszym okresie gitara<\/p>\n\n\n\n<p>Anna Popio\u0142ek \u2013 bas<\/p>\n\n\n\n<p>Waldemar Kozyra &#8211; bas<\/p>\n<\/div>\n<\/div>\n\n\n\n<hr class=\"wp-block-separator has-css-opacity\"\/>\n\n\n\n<p><em>Wielkie dzi\u0119ki dla Piotra \u201ePopio\u0142a\u201d Popio\u0142ka, Mariusza \u015amigielskiego oraz Marka \u201cMagneto\u201d Jo\u0144czyka za pomoc w napisaniu biografii zespo\u0142u Belweder&nbsp;<\/em><\/p>\n\n\n\n<hr class=\"wp-block-separator has-css-opacity\"\/>\n\n\n\n<figure class=\"wp-block-table\"><table><tbody><tr><td>Pami\u0119\u0107 do ko\u0144ca &#8211; Koncert dla Mariana (1993)<\/td><td>Prod. Distr. Worek<\/td><\/tr><\/tbody><\/table><\/figure>\n\n\n\n<hr class=\"wp-block-separator has-css-opacity\"\/>\n\n\n\n<p>Multimedia:<\/p>\n\n\n\n<figure class=\"wp-block-embed is-type-video is-provider-youtube wp-block-embed-youtube wp-embed-aspect-16-9 wp-has-aspect-ratio\"><div class=\"wp-block-embed__wrapper\">\n<iframe loading=\"lazy\" title=\"Belweder - Podw\u00f3rko - 29.06.1993 Teatr Dramatyczny w P\u0142ocku\" width=\"500\" height=\"281\" src=\"https:\/\/www.youtube.com\/embed\/6B_TdlsCjs4?feature=oembed\" frameborder=\"0\" allow=\"accelerometer; autoplay; encrypted-media; gyroscope; picture-in-picture\" allowfullscreen><\/iframe>\n<\/div><\/figure>\n\n\n\n<figure class=\"wp-block-embed is-type-video is-provider-youtube wp-block-embed-youtube wp-embed-aspect-16-9 wp-has-aspect-ratio\"><div class=\"wp-block-embed__wrapper\">\n<iframe loading=\"lazy\" title=\"Belweder - Ludzie jak zwierz\u0119ta - 29.06.1993r Teatr Dramatyczny w P\u0142ocku\" width=\"500\" height=\"281\" src=\"https:\/\/www.youtube.com\/embed\/zZuhrf1Ca30?start=31&#038;feature=oembed\" frameborder=\"0\" allow=\"accelerometer; autoplay; encrypted-media; gyroscope; picture-in-picture\" allowfullscreen><\/iframe>\n<\/div><\/figure>\n\n\n\n<figure class=\"wp-block-embed is-type-video is-provider-youtube wp-block-embed-youtube wp-embed-aspect-16-9 wp-has-aspect-ratio\"><div class=\"wp-block-embed__wrapper\">\n<iframe loading=\"lazy\" title=\"Belweder - Prawda - 29.06.1993r. Teatr Dramatyczny w P\u0142ocku\" width=\"500\" height=\"281\" src=\"https:\/\/www.youtube.com\/embed\/55fShMxKA-s?feature=oembed\" frameborder=\"0\" allow=\"accelerometer; autoplay; encrypted-media; gyroscope; picture-in-picture\" allowfullscreen><\/iframe>\n<\/div><\/figure>\n","protected":false},"excerpt":{"rendered":"<div class=\"mh-excerpt\"><p>Zesp\u00f3\u0142 punk-rockowy powsta\u0142y w pa\u017adzierniku 1990r. w P\u0142ocku z inicjatywy Mariusza \u201eMariana\u201d Zalewskiego (gitara i wokal) i Piotrka \u201ePopio\u0142a\u201d Popio\u0142ka (perkusja). Sk\u0142adu uzupe\u0142ni\u0142 Waldek Kozyra <a class=\"mh-excerpt-more\" href=\"https:\/\/petrock.pl\/?page_id=1212\" title=\"Belweder\">[&#8230;]<\/a><\/p>\n<\/div>","protected":false},"author":7,"featured_media":1215,"parent":0,"menu_order":0,"comment_status":"open","ping_status":"closed","template":"","meta":[],"yoast_head":"<!-- This site is optimized with the Yoast SEO plugin v21.1 - https:\/\/yoast.com\/wordpress\/plugins\/seo\/ -->\n<title>Belweder - P\u0142ocka Scena Rockowa<\/title>\n<meta name=\"robots\" content=\"index, follow, max-snippet:-1, max-image-preview:large, max-video-preview:-1\" \/>\n<link rel=\"canonical\" href=\"https:\/\/petrock.pl\/?page_id=1212\" \/>\n<meta property=\"og:locale\" content=\"pl_PL\" \/>\n<meta property=\"og:type\" content=\"article\" \/>\n<meta property=\"og:title\" content=\"Belweder - P\u0142ocka Scena Rockowa\" \/>\n<meta property=\"og:description\" content=\"Zesp\u00f3\u0142 punk-rockowy powsta\u0142y w pa\u017adzierniku 1990r. w P\u0142ocku z inicjatywy Mariusza \u201eMariana\u201d Zalewskiego (gitara i wokal) i Piotrka \u201ePopio\u0142a\u201d Popio\u0142ka (perkusja). Sk\u0142adu uzupe\u0142ni\u0142 Waldek Kozyra [...]\" \/>\n<meta property=\"og:url\" content=\"https:\/\/petrock.pl\/?page_id=1212\" \/>\n<meta property=\"og:site_name\" content=\"P\u0142ocka Scena Rockowa\" \/>\n<meta property=\"article:modified_time\" content=\"2023-09-12T13:03:15+00:00\" \/>\n<meta property=\"og:image\" content=\"https:\/\/petrock.pl\/wp-content\/uploads\/2020\/07\/20200724_084537-scaled.jpg\" \/>\n\t<meta property=\"og:image:width\" content=\"1920\" \/>\n\t<meta property=\"og:image:height\" content=\"2560\" \/>\n\t<meta property=\"og:image:type\" content=\"image\/jpeg\" \/>\n<meta name=\"twitter:card\" content=\"summary_large_image\" \/>\n<meta name=\"twitter:label1\" content=\"Szacowany czas czytania\" \/>\n\t<meta name=\"twitter:data1\" content=\"3 minuty\" \/>\n<script type=\"application\/ld+json\" class=\"yoast-schema-graph\">{\"@context\":\"https:\/\/schema.org\",\"@graph\":[{\"@type\":\"WebPage\",\"@id\":\"https:\/\/petrock.pl\/?page_id=1212\",\"url\":\"https:\/\/petrock.pl\/?page_id=1212\",\"name\":\"Belweder - P\u0142ocka Scena Rockowa\",\"isPartOf\":{\"@id\":\"https:\/\/petrock.pl\/#website\"},\"datePublished\":\"2020-07-25T12:15:27+00:00\",\"dateModified\":\"2023-09-12T13:03:15+00:00\",\"breadcrumb\":{\"@id\":\"https:\/\/petrock.pl\/?page_id=1212#breadcrumb\"},\"inLanguage\":\"pl-PL\",\"potentialAction\":[{\"@type\":\"ReadAction\",\"target\":[\"https:\/\/petrock.pl\/?page_id=1212\"]}]},{\"@type\":\"BreadcrumbList\",\"@id\":\"https:\/\/petrock.pl\/?page_id=1212#breadcrumb\",\"itemListElement\":[{\"@type\":\"ListItem\",\"position\":1,\"name\":\"Strona g\u0142\u00f3wna\",\"item\":\"https:\/\/petrock.pl\/\"},{\"@type\":\"ListItem\",\"position\":2,\"name\":\"Belweder\"}]},{\"@type\":\"WebSite\",\"@id\":\"https:\/\/petrock.pl\/#website\",\"url\":\"https:\/\/petrock.pl\/\",\"name\":\"P\u0142ocka Scena Rockowa\",\"description\":\"Wywiady Biografie Koncerty Recenzje\",\"potentialAction\":[{\"@type\":\"SearchAction\",\"target\":{\"@type\":\"EntryPoint\",\"urlTemplate\":\"https:\/\/petrock.pl\/?s={search_term_string}\"},\"query-input\":\"required name=search_term_string\"}],\"inLanguage\":\"pl-PL\"}]}<\/script>\n<!-- \/ Yoast SEO plugin. -->","yoast_head_json":{"title":"Belweder - P\u0142ocka Scena Rockowa","robots":{"index":"index","follow":"follow","max-snippet":"max-snippet:-1","max-image-preview":"max-image-preview:large","max-video-preview":"max-video-preview:-1"},"canonical":"https:\/\/petrock.pl\/?page_id=1212","og_locale":"pl_PL","og_type":"article","og_title":"Belweder - P\u0142ocka Scena Rockowa","og_description":"Zesp\u00f3\u0142 punk-rockowy powsta\u0142y w pa\u017adzierniku 1990r. w P\u0142ocku z inicjatywy Mariusza \u201eMariana\u201d Zalewskiego (gitara i wokal) i Piotrka \u201ePopio\u0142a\u201d Popio\u0142ka (perkusja). Sk\u0142adu uzupe\u0142ni\u0142 Waldek Kozyra [...]","og_url":"https:\/\/petrock.pl\/?page_id=1212","og_site_name":"P\u0142ocka Scena Rockowa","article_modified_time":"2023-09-12T13:03:15+00:00","og_image":[{"width":1920,"height":2560,"url":"https:\/\/petrock.pl\/wp-content\/uploads\/2020\/07\/20200724_084537-scaled.jpg","type":"image\/jpeg"}],"twitter_card":"summary_large_image","twitter_misc":{"Szacowany czas czytania":"3 minuty"},"schema":{"@context":"https:\/\/schema.org","@graph":[{"@type":"WebPage","@id":"https:\/\/petrock.pl\/?page_id=1212","url":"https:\/\/petrock.pl\/?page_id=1212","name":"Belweder - P\u0142ocka Scena Rockowa","isPartOf":{"@id":"https:\/\/petrock.pl\/#website"},"datePublished":"2020-07-25T12:15:27+00:00","dateModified":"2023-09-12T13:03:15+00:00","breadcrumb":{"@id":"https:\/\/petrock.pl\/?page_id=1212#breadcrumb"},"inLanguage":"pl-PL","potentialAction":[{"@type":"ReadAction","target":["https:\/\/petrock.pl\/?page_id=1212"]}]},{"@type":"BreadcrumbList","@id":"https:\/\/petrock.pl\/?page_id=1212#breadcrumb","itemListElement":[{"@type":"ListItem","position":1,"name":"Strona g\u0142\u00f3wna","item":"https:\/\/petrock.pl\/"},{"@type":"ListItem","position":2,"name":"Belweder"}]},{"@type":"WebSite","@id":"https:\/\/petrock.pl\/#website","url":"https:\/\/petrock.pl\/","name":"P\u0142ocka Scena Rockowa","description":"Wywiady Biografie Koncerty Recenzje","potentialAction":[{"@type":"SearchAction","target":{"@type":"EntryPoint","urlTemplate":"https:\/\/petrock.pl\/?s={search_term_string}"},"query-input":"required name=search_term_string"}],"inLanguage":"pl-PL"}]}},"_links":{"self":[{"href":"https:\/\/petrock.pl\/index.php?rest_route=\/wp\/v2\/pages\/1212"}],"collection":[{"href":"https:\/\/petrock.pl\/index.php?rest_route=\/wp\/v2\/pages"}],"about":[{"href":"https:\/\/petrock.pl\/index.php?rest_route=\/wp\/v2\/types\/page"}],"author":[{"embeddable":true,"href":"https:\/\/petrock.pl\/index.php?rest_route=\/wp\/v2\/users\/7"}],"replies":[{"embeddable":true,"href":"https:\/\/petrock.pl\/index.php?rest_route=%2Fwp%2Fv2%2Fcomments&post=1212"}],"version-history":[{"count":11,"href":"https:\/\/petrock.pl\/index.php?rest_route=\/wp\/v2\/pages\/1212\/revisions"}],"predecessor-version":[{"id":3878,"href":"https:\/\/petrock.pl\/index.php?rest_route=\/wp\/v2\/pages\/1212\/revisions\/3878"}],"wp:featuredmedia":[{"embeddable":true,"href":"https:\/\/petrock.pl\/index.php?rest_route=\/wp\/v2\/media\/1215"}],"wp:attachment":[{"href":"https:\/\/petrock.pl\/index.php?rest_route=%2Fwp%2Fv2%2Fmedia&parent=1212"}],"curies":[{"name":"wp","href":"https:\/\/api.w.org\/{rel}","templated":true}]}}