{"id":143,"date":"2020-04-13T08:27:44","date_gmt":"2020-04-13T08:27:44","guid":{"rendered":"http:\/\/petrock.pl\/?page_id=143"},"modified":"2023-09-12T15:08:53","modified_gmt":"2023-09-12T13:08:53","slug":"zespoly","status":"publish","type":"page","link":"https:\/\/petrock.pl\/?page_id=143","title":{"rendered":"Zespo\u0142y"},"content":{"rendered":"\n<p>W tym miejscu b\u0119d\u0119 prezentowa\u0142 zespo\u0142y obecnie dzia\u0142aj\u0105ce jak r\u00f3wnie\u017c te ju\u017c nie istniej\u0105ce. <\/p>\n\n\n\n<p>Nale\u017cy u\u017cy\u0107 rozwijanego menu, aby wybra\u0107 interesuj\u0105cy Was zesp\u00f3\u0142.<\/p>\n","protected":false},"excerpt":{"rendered":"<div class=\"mh-excerpt\"><p>W tym miejscu b\u0119d\u0119 prezentowa\u0142 zespo\u0142y obecnie dzia\u0142aj\u0105ce jak r\u00f3wnie\u017c te ju\u017c nie istniej\u0105ce. Nale\u017cy u\u017cy\u0107 rozwijanego menu, aby wybra\u0107 interesuj\u0105cy Was zesp\u00f3\u0142.<\/p>\n<\/div>","protected":false},"author":7,"featured_media":0,"parent":0,"menu_order":0,"comment_status":"closed","ping_status":"closed","template":"","meta":[],"yoast_head":"<!-- This site is optimized with the Yoast SEO plugin v21.1 - https:\/\/yoast.com\/wordpress\/plugins\/seo\/ -->\n<title>Zespo\u0142y - P\u0142ocka Scena Rockowa<\/title>\n<meta name=\"robots\" content=\"index, follow, max-snippet:-1, max-image-preview:large, max-video-preview:-1\" \/>\n<link rel=\"canonical\" href=\"https:\/\/petrock.pl\/?page_id=143\" \/>\n<meta property=\"og:locale\" content=\"pl_PL\" \/>\n<meta property=\"og:type\" content=\"article\" \/>\n<meta property=\"og:title\" content=\"Zespo\u0142y - P\u0142ocka Scena Rockowa\" \/>\n<meta property=\"og:description\" content=\"W tym miejscu b\u0119d\u0119 prezentowa\u0142 zespo\u0142y obecnie dzia\u0142aj\u0105ce jak r\u00f3wnie\u017c te ju\u017c nie istniej\u0105ce. Nale\u017cy u\u017cy\u0107 rozwijanego menu, aby wybra\u0107 interesuj\u0105cy Was zesp\u00f3\u0142.\" \/>\n<meta property=\"og:url\" content=\"https:\/\/petrock.pl\/?page_id=143\" \/>\n<meta property=\"og:site_name\" content=\"P\u0142ocka Scena Rockowa\" \/>\n<meta property=\"article:modified_time\" content=\"2023-09-12T13:08:53+00:00\" \/>\n<meta name=\"twitter:card\" content=\"summary_large_image\" \/>\n<script type=\"application\/ld+json\" class=\"yoast-schema-graph\">{\"@context\":\"https:\/\/schema.org\",\"@graph\":[{\"@type\":\"WebPage\",\"@id\":\"https:\/\/petrock.pl\/?page_id=143\",\"url\":\"https:\/\/petrock.pl\/?page_id=143\",\"name\":\"Zespo\u0142y - P\u0142ocka Scena Rockowa\",\"isPartOf\":{\"@id\":\"https:\/\/petrock.pl\/#website\"},\"datePublished\":\"2020-04-13T08:27:44+00:00\",\"dateModified\":\"2023-09-12T13:08:53+00:00\",\"breadcrumb\":{\"@id\":\"https:\/\/petrock.pl\/?page_id=143#breadcrumb\"},\"inLanguage\":\"pl-PL\",\"potentialAction\":[{\"@type\":\"ReadAction\",\"target\":[\"https:\/\/petrock.pl\/?page_id=143\"]}]},{\"@type\":\"BreadcrumbList\",\"@id\":\"https:\/\/petrock.pl\/?page_id=143#breadcrumb\",\"itemListElement\":[{\"@type\":\"ListItem\",\"position\":1,\"name\":\"Strona g\u0142\u00f3wna\",\"item\":\"https:\/\/petrock.pl\/\"},{\"@type\":\"ListItem\",\"position\":2,\"name\":\"Zespo\u0142y\"}]},{\"@type\":\"WebSite\",\"@id\":\"https:\/\/petrock.pl\/#website\",\"url\":\"https:\/\/petrock.pl\/\",\"name\":\"P\u0142ocka Scena Rockowa\",\"description\":\"Wywiady Biografie Koncerty Recenzje\",\"potentialAction\":[{\"@type\":\"SearchAction\",\"target\":{\"@type\":\"EntryPoint\",\"urlTemplate\":\"https:\/\/petrock.pl\/?s={search_term_string}\"},\"query-input\":\"required name=search_term_string\"}],\"inLanguage\":\"pl-PL\"}]}<\/script>\n<!-- \/ Yoast SEO plugin. -->","yoast_head_json":{"title":"Zespo\u0142y - P\u0142ocka Scena Rockowa","robots":{"index":"index","follow":"follow","max-snippet":"max-snippet:-1","max-image-preview":"max-image-preview:large","max-video-preview":"max-video-preview:-1"},"canonical":"https:\/\/petrock.pl\/?page_id=143","og_locale":"pl_PL","og_type":"article","og_title":"Zespo\u0142y - P\u0142ocka Scena Rockowa","og_description":"W tym miejscu b\u0119d\u0119 prezentowa\u0142 zespo\u0142y obecnie dzia\u0142aj\u0105ce jak r\u00f3wnie\u017c te ju\u017c nie istniej\u0105ce. Nale\u017cy u\u017cy\u0107 rozwijanego menu, aby wybra\u0107 interesuj\u0105cy Was zesp\u00f3\u0142.","og_url":"https:\/\/petrock.pl\/?page_id=143","og_site_name":"P\u0142ocka Scena Rockowa","article_modified_time":"2023-09-12T13:08:53+00:00","twitter_card":"summary_large_image","schema":{"@context":"https:\/\/schema.org","@graph":[{"@type":"WebPage","@id":"https:\/\/petrock.pl\/?page_id=143","url":"https:\/\/petrock.pl\/?page_id=143","name":"Zespo\u0142y - P\u0142ocka Scena Rockowa","isPartOf":{"@id":"https:\/\/petrock.pl\/#website"},"datePublished":"2020-04-13T08:27:44+00:00","dateModified":"2023-09-12T13:08:53+00:00","breadcrumb":{"@id":"https:\/\/petrock.pl\/?page_id=143#breadcrumb"},"inLanguage":"pl-PL","potentialAction":[{"@type":"ReadAction","target":["https:\/\/petrock.pl\/?page_id=143"]}]},{"@type":"BreadcrumbList","@id":"https:\/\/petrock.pl\/?page_id=143#breadcrumb","itemListElement":[{"@type":"ListItem","position":1,"name":"Strona g\u0142\u00f3wna","item":"https:\/\/petrock.pl\/"},{"@type":"ListItem","position":2,"name":"Zespo\u0142y"}]},{"@type":"WebSite","@id":"https:\/\/petrock.pl\/#website","url":"https:\/\/petrock.pl\/","name":"P\u0142ocka Scena Rockowa","description":"Wywiady Biografie Koncerty Recenzje","potentialAction":[{"@type":"SearchAction","target":{"@type":"EntryPoint","urlTemplate":"https:\/\/petrock.pl\/?s={search_term_string}"},"query-input":"required name=search_term_string"}],"inLanguage":"pl-PL"}]}},"_links":{"self":[{"href":"https:\/\/petrock.pl\/index.php?rest_route=\/wp\/v2\/pages\/143"}],"collection":[{"href":"https:\/\/petrock.pl\/index.php?rest_route=\/wp\/v2\/pages"}],"about":[{"href":"https:\/\/petrock.pl\/index.php?rest_route=\/wp\/v2\/types\/page"}],"author":[{"embeddable":true,"href":"https:\/\/petrock.pl\/index.php?rest_route=\/wp\/v2\/users\/7"}],"replies":[{"embeddable":true,"href":"https:\/\/petrock.pl\/index.php?rest_route=%2Fwp%2Fv2%2Fcomments&post=143"}],"version-history":[{"count":4,"href":"https:\/\/petrock.pl\/index.php?rest_route=\/wp\/v2\/pages\/143\/revisions"}],"predecessor-version":[{"id":392,"href":"https:\/\/petrock.pl\/index.php?rest_route=\/wp\/v2\/pages\/143\/revisions\/392"}],"wp:attachment":[{"href":"https:\/\/petrock.pl\/index.php?rest_route=%2Fwp%2Fv2%2Fmedia&parent=143"}],"curies":[{"name":"wp","href":"https:\/\/api.w.org\/{rel}","templated":true}]}}