{"id":1610,"date":"2020-09-30T08:31:40","date_gmt":"2020-09-30T06:31:40","guid":{"rendered":"http:\/\/petrock.pl\/?page_id=1610"},"modified":"2023-09-12T15:03:32","modified_gmt":"2023-09-12T13:03:32","slug":"black-mad-lice-black-pocket-lice","status":"publish","type":"page","link":"https:\/\/petrock.pl\/?page_id=1610","title":{"rendered":"Black Mad Lice\/Black Pocket Lice"},"content":{"rendered":"\n<div class=\"is-layout-flex wp-container-19 wp-block-columns\">\n<div class=\"is-layout-flow wp-block-column\" style=\"flex-basis:33.33%\">\n<figure class=\"is-layout-flex wp-block-gallery-1 wp-block-gallery has-nested-images columns-default is-cropped\">\n<figure class=\"wp-block-image size-large\"><a href=\"http:\/\/petrock.pl\/wp-content\/uploads\/2020\/09\/logo.jpg\"><img decoding=\"async\" loading=\"lazy\" width=\"689\" height=\"216\" src=\"http:\/\/petrock.pl\/wp-content\/uploads\/2020\/09\/logo.jpg\" alt=\"\" class=\"wp-image-1617\" srcset=\"https:\/\/petrock.pl\/wp-content\/uploads\/2020\/09\/logo.jpg 689w, https:\/\/petrock.pl\/wp-content\/uploads\/2020\/09\/logo-300x94.jpg 300w\" sizes=\"(max-width: 689px) 100vw, 689px\" \/><\/a><\/figure>\n<\/figure>\n\n\n\n<figure class=\"is-layout-flex wp-block-gallery-3 wp-block-gallery has-nested-images columns-default is-cropped\">\n<figure class=\"wp-block-image size-large\"><a href=\"http:\/\/petrock.pl\/wp-content\/uploads\/2020\/09\/black-mad-lice-1.jpg\"><img decoding=\"async\" loading=\"lazy\" width=\"975\" height=\"710\" src=\"http:\/\/petrock.pl\/wp-content\/uploads\/2020\/09\/black-mad-lice-1.jpg\" alt=\"\" class=\"wp-image-1614\" srcset=\"https:\/\/petrock.pl\/wp-content\/uploads\/2020\/09\/black-mad-lice-1.jpg 975w, https:\/\/petrock.pl\/wp-content\/uploads\/2020\/09\/black-mad-lice-1-300x218.jpg 300w, https:\/\/petrock.pl\/wp-content\/uploads\/2020\/09\/black-mad-lice-1-768x559.jpg 768w\" sizes=\"(max-width: 975px) 100vw, 975px\" \/><\/a><\/figure>\n<figcaption class=\"blocks-gallery-caption wp-element-caption\"><em>&#8211; zesp\u00f3\u0142 Black Mad Lice (2016) &#8211; fot. archiwum zespo\u0142u<\/em><\/figcaption><\/figure>\n\n\n\n<figure class=\"is-layout-flex wp-block-gallery-5 wp-block-gallery has-nested-images columns-default is-cropped\">\n<figure class=\"wp-block-image size-large\"><a href=\"http:\/\/petrock.pl\/wp-content\/uploads\/2020\/09\/2012.jpg\"><img decoding=\"async\" loading=\"lazy\" width=\"1024\" height=\"769\" src=\"http:\/\/petrock.pl\/wp-content\/uploads\/2020\/09\/2012-1024x769.jpg\" alt=\"\" class=\"wp-image-1631\" srcset=\"https:\/\/petrock.pl\/wp-content\/uploads\/2020\/09\/2012-1024x769.jpg 1024w, https:\/\/petrock.pl\/wp-content\/uploads\/2020\/09\/2012-300x225.jpg 300w, https:\/\/petrock.pl\/wp-content\/uploads\/2020\/09\/2012-768x576.jpg 768w, https:\/\/petrock.pl\/wp-content\/uploads\/2020\/09\/2012-1536x1153.jpg 1536w, https:\/\/petrock.pl\/wp-content\/uploads\/2020\/09\/2012-678x509.jpg 678w, https:\/\/petrock.pl\/wp-content\/uploads\/2020\/09\/2012-326x245.jpg 326w, https:\/\/petrock.pl\/wp-content\/uploads\/2020\/09\/2012-80x60.jpg 80w, https:\/\/petrock.pl\/wp-content\/uploads\/2020\/09\/2012.jpg 2048w\" sizes=\"(max-width: 1024px) 100vw, 1024px\" \/><\/a><\/figure>\n<figcaption class=\"blocks-gallery-caption wp-element-caption\"><em>&#8211; Black Mad Lice (2012), fot. archiwum zespo\u0142u<\/em><\/figcaption><\/figure>\n\n\n\n<figure class=\"is-layout-flex wp-block-gallery-7 wp-block-gallery has-nested-images columns-default is-cropped\">\n<figure class=\"wp-block-image size-large\"><a href=\"http:\/\/petrock.pl\/wp-content\/uploads\/2020\/09\/kosa-2014.jpg\"><img decoding=\"async\" loading=\"lazy\" width=\"542\" height=\"804\" src=\"http:\/\/petrock.pl\/wp-content\/uploads\/2020\/09\/kosa-2014.jpg\" alt=\"\" class=\"wp-image-1627\" srcset=\"https:\/\/petrock.pl\/wp-content\/uploads\/2020\/09\/kosa-2014.jpg 542w, https:\/\/petrock.pl\/wp-content\/uploads\/2020\/09\/kosa-2014-202x300.jpg 202w\" sizes=\"(max-width: 542px) 100vw, 542px\" \/><\/a><\/figure>\n<figcaption class=\"blocks-gallery-caption wp-element-caption\"><em>&#8211; Kosa (2014), fot. \u0141ukasz Markiewicz<\/em><\/figcaption><\/figure>\n\n\n\n<figure class=\"is-layout-flex wp-block-gallery-9 wp-block-gallery has-nested-images columns-default is-cropped\">\n<figure class=\"wp-block-image size-large\"><a href=\"http:\/\/petrock.pl\/wp-content\/uploads\/2020\/09\/za\u0142o-i-matti.jpg\"><img decoding=\"async\" loading=\"lazy\" width=\"1024\" height=\"683\" src=\"http:\/\/petrock.pl\/wp-content\/uploads\/2020\/09\/za\u0142o-i-matti-1024x683.jpg\" alt=\"\" class=\"wp-image-1619\" srcset=\"https:\/\/petrock.pl\/wp-content\/uploads\/2020\/09\/za\u0142o-i-matti-1024x683.jpg 1024w, https:\/\/petrock.pl\/wp-content\/uploads\/2020\/09\/za\u0142o-i-matti-300x200.jpg 300w, https:\/\/petrock.pl\/wp-content\/uploads\/2020\/09\/za\u0142o-i-matti-768x512.jpg 768w, https:\/\/petrock.pl\/wp-content\/uploads\/2020\/09\/za\u0142o-i-matti-1536x1024.jpg 1536w, https:\/\/petrock.pl\/wp-content\/uploads\/2020\/09\/za\u0142o-i-matti.jpg 2048w\" sizes=\"(max-width: 1024px) 100vw, 1024px\" \/><\/a><\/figure>\n<figcaption class=\"blocks-gallery-caption wp-element-caption\"><em>&#8211; Matti i Za\u0142o (2016) &#8211; fot. archiwum zespo\u0142u<\/em><\/figcaption><\/figure>\n\n\n\n<figure class=\"is-layout-flex wp-block-gallery-11 wp-block-gallery has-nested-images columns-default is-cropped\">\n<figure class=\"wp-block-image size-large\"><a href=\"http:\/\/petrock.pl\/wp-content\/uploads\/2020\/09\/fido.jpg\"><img decoding=\"async\" loading=\"lazy\" width=\"1024\" height=\"681\" src=\"http:\/\/petrock.pl\/wp-content\/uploads\/2020\/09\/fido-1024x681.jpg\" alt=\"\" class=\"wp-image-1622\" srcset=\"https:\/\/petrock.pl\/wp-content\/uploads\/2020\/09\/fido-1024x681.jpg 1024w, https:\/\/petrock.pl\/wp-content\/uploads\/2020\/09\/fido-300x200.jpg 300w, https:\/\/petrock.pl\/wp-content\/uploads\/2020\/09\/fido-768x511.jpg 768w, https:\/\/petrock.pl\/wp-content\/uploads\/2020\/09\/fido-1536x1022.jpg 1536w, https:\/\/petrock.pl\/wp-content\/uploads\/2020\/09\/fido.jpg 2048w\" sizes=\"(max-width: 1024px) 100vw, 1024px\" \/><\/a><\/figure>\n<figcaption class=\"blocks-gallery-caption wp-element-caption\"><em>&#8211; Fido (2016), fot. archiwum zespo\u0142u<\/em><\/figcaption><\/figure>\n\n\n\n<figure class=\"is-layout-flex wp-block-gallery-13 wp-block-gallery has-nested-images columns-default is-cropped\">\n<figure class=\"wp-block-image size-large\"><a href=\"http:\/\/petrock.pl\/wp-content\/uploads\/2020\/09\/za\u0142o.jpg\"><img decoding=\"async\" loading=\"lazy\" width=\"1024\" height=\"682\" src=\"http:\/\/petrock.pl\/wp-content\/uploads\/2020\/09\/za\u0142o-1024x682.jpg\" alt=\"\" class=\"wp-image-1628\" srcset=\"https:\/\/petrock.pl\/wp-content\/uploads\/2020\/09\/za\u0142o-1024x682.jpg 1024w, https:\/\/petrock.pl\/wp-content\/uploads\/2020\/09\/za\u0142o-300x200.jpg 300w, https:\/\/petrock.pl\/wp-content\/uploads\/2020\/09\/za\u0142o-768x512.jpg 768w, https:\/\/petrock.pl\/wp-content\/uploads\/2020\/09\/za\u0142o-1536x1023.jpg 1536w, https:\/\/petrock.pl\/wp-content\/uploads\/2020\/09\/za\u0142o.jpg 2048w\" sizes=\"(max-width: 1024px) 100vw, 1024px\" \/><\/a><\/figure>\n<figcaption class=\"blocks-gallery-caption wp-element-caption\"><em>&#8211; Za\u0142o (2016), fot. archiwum zespo\u0142u<\/em><\/figcaption><\/figure>\n\n\n\n<figure class=\"is-layout-flex wp-block-gallery-15 wp-block-gallery has-nested-images columns-default is-cropped\">\n<figure class=\"wp-block-image size-large\"><img decoding=\"async\" loading=\"lazy\" width=\"803\" height=\"534\" src=\"http:\/\/petrock.pl\/wp-content\/uploads\/2020\/09\/BLAAACK.jpg\" alt=\"\" class=\"wp-image-1652\" srcset=\"https:\/\/petrock.pl\/wp-content\/uploads\/2020\/09\/BLAAACK.jpg 803w, https:\/\/petrock.pl\/wp-content\/uploads\/2020\/09\/BLAAACK-300x200.jpg 300w, https:\/\/petrock.pl\/wp-content\/uploads\/2020\/09\/BLAAACK-768x511.jpg 768w\" sizes=\"(max-width: 803px) 100vw, 803px\" \/><\/figure>\n<figcaption class=\"blocks-gallery-caption wp-element-caption\"><em>&#8211; Black Mad Lice (2014), fot. \u0141ukasz Markiewicz<\/em><\/figcaption><\/figure>\n<\/div>\n\n\n\n<div class=\"is-layout-flow wp-block-column\" style=\"flex-basis:66.66%\">\n<p>Zesp\u00f3\u0142 wykonuj\u0105cy muzyk\u0119 okre\u015blan\u0105 jako melodic death metal, kt\u00f3ry powsta\u0142 w P\u0142ocku w 2009 roku. Pocz\u0105tkowo zesp\u00f3\u0142 nazywa\u0142 si\u0119 <strong>Black Pocket Lice<\/strong> i pod t\u0105 nazw\u0105 funkcjonowa\u0142 do roku 2012, by ostatecznie przemianowa\u0107 si\u0119 na <strong>Black Mad Lice<\/strong>. W pocz\u0105tkowym okresie zesp\u00f3\u0142 tworzyli: perkusista Pawe\u0142 \u201eZa\u0142o\u201d Za\u0142\u0119ski, gitarzysta Mateusz \u201eMati\u201d Szulborski oraz basista Fido . Jako trio zacz\u0119li komponowa\u0107 pierwsze utwory. Chwil\u0119 p\u00f3\u017aniej na drugie wios\u0142o do zespo\u0142u do\u0142\u0105czy\u0142 Artur \u201eNaho\u201d Banach (m.in. Alastor, Borea). Zesp\u00f3\u0142 jednak boryka\u0142 si\u0119 z problemem znalezienia odpowiedniego wokalisty. W zwi\u0105zku z tym postanowili wystawi\u0107 na popularnym w\u00f3wczas portalu spo\u0142eczno\u015bciowym &#8220;Grono&#8221; og\u0142oszenie. Odpowiedzia\u0142 na nie Jakub \u201eKosa\u201d Kossakowski, wyst\u0119puj\u0105cy w\u00f3wczas w p\u0142ockim zespole Vat Six Nine. Ch\u0142opakom spodoba\u0142o si\u0119 to, co mia\u0142 do zaoferowania Kosa i w tym sk\u0142adzie zesp\u00f3\u0142, w sierpniu 2009 roku, zadebiutowa\u0142 publicznie w klubie Rock&#8217;69. W pa\u017adzierniku 2010 roku, kapela zarejestrowa\u0142 demo pt. \u201cParadise in Blood\u201d. Pocz\u0105tkowo za nagranie wzi\u0105\u0142 si\u0119 realizator, kt\u00f3ry nagra\u0142 perkusj\u0119&#8230; bez stopy ! Po tym do\u015bwiadczeniu ch\u0142opaki stwierdzili, \u017ce sami zrobi\u0105 to lepiej. Funkcj\u0119 realizatora przej\u0105\u0142 gitarzysta zespo\u0142u Artur \u201eNaho\u201d Banach. Nagranie z materia\u0142em demo, ukaza\u0142o si\u0119 nak\u0142adem Psycho Record, w formie kasety magnetofonowej. Po nagraniu dem\u00f3wki, zesp\u00f3\u0142 ruszy\u0142 z koncertami. Band zagra\u0142 m.in. w Bydgoszczy, we W\u0142oc\u0142awku, w Kutnie. Zim\u0105 2012 roku, kapela przyst\u0105pi\u0142 do nagrania debiutanckiego kr\u0105\u017cka. Materia\u0142 na p\u0142yt\u0119 zosta\u0142 zarejestrowany w salce pr\u00f3b, na ulicy Tysi\u0105clecia, a za nagranie i realizacj\u0119 odpowiada\u0142 Micha\u0142 \u201eWarzyk\u201d Warzycki. P\u0142yta pt. It&#8217;s Going Deeper ukaza\u0142a si\u0119 13 kwietnia 2012 roku nak\u0142adem Psycho Records w nak\u0142adzie 666 kopii. W tym czasie nast\u0105pi\u0142a r\u00f3wnie\u017c zmiana nazwy z Black Pocket Lice na Black Mad Lice. Chwil\u0119 po nagraniu debiutanckiego kr\u0105\u017cka, nast\u0105pi\u0142a zmiana na stanowisku \u201ewios\u0142owego\u201d. Dotychczasowego gitarzyst\u0119 Naha, zast\u0105pi\u0142 Tomasz \u201e\u017bar\u00f3wa\u201d Dobrzeniecki (m.in. Hazael, Blind Beyond). W takim sk\u0142adzie zesp\u00f3\u0142 zagra\u0142 kilka koncert\u00f3w m.in. w Warszawie, na festiwalu Rock Tower w P\u0142ocku czy w Kutnie u boku Christ Agony. Fragmenty w\/w koncert\u00f3w pojawi\u0142y si\u0119 na pierwszym wideoklipie zespo\u0142u, kt\u00f3ry zosta\u0142 zrealizowany do utwory \u201ePardise in Blood\u201d przez Grzegorza \u201eBalona\u201d Drabkowskiego. W 2013 roku \u017bar\u00f3w\u0119 na stanowisku gitarzysty zast\u0105pi\u0142 Mateusz &#8220;Pruso&#8221; Prusak. Jednak po chwili wsp\u00f3lnego grania, drogi ch\u0142opak\u00f3w rozesz\u0142y si\u0119 na kilka lat. Zesp\u00f3\u0142 postanowi\u0142 w tym okresie nie zatrudnia\u0107 do swojego sk\u0142adu drugiego gitarzysty. W wakacje 2015 roku kapela pope\u0142ni\u0142a drug\u0105 pe\u0142nometra\u017cow\u0105 p\u0142yt\u0119. Tym razem postanowili nagra\u0107 materia\u0142 w Aurora Studio w Luboniu. Za konsolet\u0105 stan\u0105\u0142 Daniel Witczak wraz z Adrianem Kasprzakiem. Materia\u0142 nazwany Divine Touch, ukaza\u0142 si\u0119 wiosn\u0105 2016. Ok\u0142adk\u0119 do tego wydawnictwa zaprojektowa\u0142 Bartosz Nalezi\u0144ski. W zwi\u0105zku z tym, \u017ce wszystkie &#8220;\u015blady&#8221; gitar na kr\u0105\u017cku zosta\u0142y nagrane przez Matiego, ch\u0142opaki postanowili zatrudni\u0107 na drugie wios\u0142o Jaros\u0142awa Nyckowskiego, kt\u00f3ry zasili\u0142 zesp\u00f3\u0142 podczas koncert\u00f3w granych w ramach promocji p\u0142yty Divine Touch. W tym czasie zesp\u00f3\u0142 zaprezentowali si\u0119 publiczno\u015bci m.in. u boku zespo\u0142u Materia w Chorzowie, w Gda\u0144skim klubie Metro, we Wroc\u0142awskim klubie Przybij czy w Bia\u0142ostockim klubie Hary. Na pocz\u0105tku 2017 roku do zespo\u0142u powr\u00f3ci\u0142 na drugie wios\u0142o Pruso. W kwietniu 2017 nast\u0105pi\u0142y kolejne roszady personalne. Kosa postanowi\u0142 opu\u015bci\u0107 kapele i realizowa\u0107 si\u0119 w kapeli Leshy. W po\u0142owie 2018 roku, zesp\u00f3\u0142 opu\u015bci\u0142 basista Fido. W chwili obecnej (stan na wrzesie\u0144 2020) zesp\u00f3\u0142 gra jako trio. Ch\u0142opaki zrezygnowali z wyst\u0119p\u00f3w na \u017cywo i skupiaj\u0105 si\u0119 na tworzeniu nowego materia\u0142u w zaciszu salki pr\u00f3b.<\/p>\n\n\n\n<hr class=\"wp-block-separator has-css-opacity\"\/>\n\n\n\n<p>Obecni cz\u0142onkowie:<\/p>\n\n\n\n<p>Pawe\u0142 &#8220;Za\u0142o&#8221; Za\u0142\u0119ski &#8211; perkusja<\/p>\n\n\n\n<p>Mateusz &#8220;Mati&#8221; Szulborski &#8211; gitara<\/p>\n\n\n\n<p>Mateusz &#8220;Pruso&#8221; Prusak &#8211; gitara<\/p>\n\n\n\n<hr class=\"wp-block-separator has-css-opacity\"\/>\n\n\n\n<p>Byli cz\u0142onkowie:<\/p>\n\n\n\n<p>Jakub \u201eKosa\u201d Kossakowski\u201d &#8211; wokal<\/p>\n\n\n\n<p>Fido \u2013 bass<\/p>\n\n\n\n<p>Tomasz \u201e\u017bar\u00f3wa\u201d Dobrzeniecki \u2013 gitara<\/p>\n\n\n\n<p>Artur \u201eNaho\u201d Banach \u2013 gitara<\/p>\n\n\n\n<p>Jaros\u0142aw Nyckowski \u2013 gitara<\/p>\n<\/div>\n<\/div>\n\n\n\n<hr class=\"wp-block-separator has-css-opacity\"\/>\n\n\n\n<p>Dyskografia:<\/p>\n\n\n\n<figure class=\"wp-block-table\"><table><tbody><tr><td>Paradise in Blood &#8211; demo (2010)<\/td><td>Psycho Records<\/td><\/tr><tr><td>It&#8217;s Going Deeper (2013)<\/td><td>Psycho Records<\/td><\/tr><tr><td>Divine Touch (2016)<\/td><td>wyd. w\u0142asne<\/td><\/tr><\/tbody><\/table><\/figure>\n\n\n\n<p><em>za pomoc w przygotowaniu biografii zespo\u0142u Black Mad Lice bardzo dzi\u0119kuj\u0119 Jakubowi \u201eKosie\u201d Kossakowskiemu oraz Robertowi &#8220;Fidowi&#8221; Luci\u0144skiemu.<\/em><\/p>\n\n\n\n<hr class=\"wp-block-separator has-css-opacity\"\/>\n\n\n\n<p>Multimedia:<\/p>\n\n\n\n<figure class=\"wp-block-embed is-type-video is-provider-youtube wp-block-embed-youtube wp-embed-aspect-16-9 wp-has-aspect-ratio\"><div class=\"wp-block-embed__wrapper\">\n<iframe loading=\"lazy\" title=\"Black Mad Lice - Corners Of Memory (OFFICIAL VIDEO)\" width=\"500\" height=\"281\" src=\"https:\/\/www.youtube.com\/embed\/maKBrEmM8FI?feature=oembed\" frameborder=\"0\" allow=\"accelerometer; autoplay; clipboard-write; encrypted-media; gyroscope; picture-in-picture\" allowfullscreen><\/iframe>\n<\/div><\/figure>\n\n\n\n<figure class=\"wp-block-embed is-type-video is-provider-youtube wp-block-embed-youtube wp-embed-aspect-4-3 wp-has-aspect-ratio\"><div class=\"wp-block-embed__wrapper\">\n<iframe loading=\"lazy\" title=\"Black Mad Lice - Paradise In Blood\" width=\"500\" height=\"375\" src=\"https:\/\/www.youtube.com\/embed\/myfBZSUNjj4?feature=oembed\" frameborder=\"0\" allow=\"accelerometer; autoplay; clipboard-write; encrypted-media; gyroscope; picture-in-picture\" allowfullscreen><\/iframe>\n<\/div><\/figure>\n\n\n\n<figure><iframe src=\"https:\/\/bandcamp.com\/EmbeddedPlayer\/album=2808233145\/size=large\/bgcol=ffffff\/linkcol=0687f5\/tracklist=false\/artwork=small\/transparent=true\/\"><\/iframe><\/figure>\n\n\n\n<figure class=\"wp-block-embed is-type-video is-provider-youtube wp-block-embed-youtube wp-embed-aspect-16-9 wp-has-aspect-ratio\"><div class=\"wp-block-embed__wrapper\">\n<iframe loading=\"lazy\" title=\"Black Mad Lice - It&#039;s Going Deeper (Full Album)\" width=\"500\" height=\"281\" src=\"https:\/\/www.youtube.com\/embed\/uJ0kKWnKTwg?feature=oembed\" frameborder=\"0\" allow=\"accelerometer; autoplay; clipboard-write; encrypted-media; gyroscope; picture-in-picture\" allowfullscreen><\/iframe>\n<\/div><\/figure>\n","protected":false},"excerpt":{"rendered":"<div class=\"mh-excerpt\"><p>Zesp\u00f3\u0142 wykonuj\u0105cy muzyk\u0119 okre\u015blan\u0105 jako melodic death metal, kt\u00f3ry powsta\u0142 w P\u0142ocku w 2009 roku. Pocz\u0105tkowo zesp\u00f3\u0142 nazywa\u0142 si\u0119 Black Pocket Lice i pod t\u0105 <a class=\"mh-excerpt-more\" href=\"https:\/\/petrock.pl\/?page_id=1610\" title=\"Black Mad Lice\/Black Pocket Lice\">[&#8230;]<\/a><\/p>\n<\/div>","protected":false},"author":7,"featured_media":1613,"parent":0,"menu_order":0,"comment_status":"closed","ping_status":"closed","template":"","meta":[],"yoast_head":"<!-- This site is optimized with the Yoast SEO plugin v21.1 - https:\/\/yoast.com\/wordpress\/plugins\/seo\/ -->\n<title>Black Mad Lice\/Black Pocket Lice - P\u0142ocka Scena Rockowa<\/title>\n<meta name=\"robots\" content=\"index, follow, max-snippet:-1, max-image-preview:large, max-video-preview:-1\" \/>\n<link rel=\"canonical\" href=\"https:\/\/petrock.pl\/?page_id=1610\" \/>\n<meta property=\"og:locale\" content=\"pl_PL\" \/>\n<meta property=\"og:type\" content=\"article\" \/>\n<meta property=\"og:title\" content=\"Black Mad Lice\/Black Pocket Lice - P\u0142ocka Scena Rockowa\" \/>\n<meta property=\"og:description\" content=\"Zesp\u00f3\u0142 wykonuj\u0105cy muzyk\u0119 okre\u015blan\u0105 jako melodic death metal, kt\u00f3ry powsta\u0142 w P\u0142ocku w 2009 roku. Pocz\u0105tkowo zesp\u00f3\u0142 nazywa\u0142 si\u0119 Black Pocket Lice i pod t\u0105 [...]\" \/>\n<meta property=\"og:url\" content=\"https:\/\/petrock.pl\/?page_id=1610\" \/>\n<meta property=\"og:site_name\" content=\"P\u0142ocka Scena Rockowa\" \/>\n<meta property=\"article:modified_time\" content=\"2023-09-12T13:03:32+00:00\" \/>\n<meta property=\"og:image\" content=\"https:\/\/petrock.pl\/wp-content\/uploads\/2020\/09\/black-mad-lice.jpg\" \/>\n\t<meta property=\"og:image:width\" content=\"975\" \/>\n\t<meta property=\"og:image:height\" content=\"710\" \/>\n\t<meta property=\"og:image:type\" content=\"image\/jpeg\" \/>\n<meta name=\"twitter:card\" content=\"summary_large_image\" \/>\n<meta name=\"twitter:label1\" content=\"Szacowany czas czytania\" \/>\n\t<meta name=\"twitter:data1\" content=\"4 minuty\" \/>\n<script type=\"application\/ld+json\" class=\"yoast-schema-graph\">{\"@context\":\"https:\/\/schema.org\",\"@graph\":[{\"@type\":\"WebPage\",\"@id\":\"https:\/\/petrock.pl\/?page_id=1610\",\"url\":\"https:\/\/petrock.pl\/?page_id=1610\",\"name\":\"Black Mad Lice\/Black Pocket Lice - P\u0142ocka Scena Rockowa\",\"isPartOf\":{\"@id\":\"https:\/\/petrock.pl\/#website\"},\"datePublished\":\"2020-09-30T06:31:40+00:00\",\"dateModified\":\"2023-09-12T13:03:32+00:00\",\"breadcrumb\":{\"@id\":\"https:\/\/petrock.pl\/?page_id=1610#breadcrumb\"},\"inLanguage\":\"pl-PL\",\"potentialAction\":[{\"@type\":\"ReadAction\",\"target\":[\"https:\/\/petrock.pl\/?page_id=1610\"]}]},{\"@type\":\"BreadcrumbList\",\"@id\":\"https:\/\/petrock.pl\/?page_id=1610#breadcrumb\",\"itemListElement\":[{\"@type\":\"ListItem\",\"position\":1,\"name\":\"Strona g\u0142\u00f3wna\",\"item\":\"https:\/\/petrock.pl\/\"},{\"@type\":\"ListItem\",\"position\":2,\"name\":\"Black Mad Lice\/Black Pocket Lice\"}]},{\"@type\":\"WebSite\",\"@id\":\"https:\/\/petrock.pl\/#website\",\"url\":\"https:\/\/petrock.pl\/\",\"name\":\"P\u0142ocka Scena Rockowa\",\"description\":\"Wywiady Biografie Koncerty Recenzje\",\"potentialAction\":[{\"@type\":\"SearchAction\",\"target\":{\"@type\":\"EntryPoint\",\"urlTemplate\":\"https:\/\/petrock.pl\/?s={search_term_string}\"},\"query-input\":\"required name=search_term_string\"}],\"inLanguage\":\"pl-PL\"}]}<\/script>\n<!-- \/ Yoast SEO plugin. -->","yoast_head_json":{"title":"Black Mad Lice\/Black Pocket Lice - P\u0142ocka Scena Rockowa","robots":{"index":"index","follow":"follow","max-snippet":"max-snippet:-1","max-image-preview":"max-image-preview:large","max-video-preview":"max-video-preview:-1"},"canonical":"https:\/\/petrock.pl\/?page_id=1610","og_locale":"pl_PL","og_type":"article","og_title":"Black Mad Lice\/Black Pocket Lice - P\u0142ocka Scena Rockowa","og_description":"Zesp\u00f3\u0142 wykonuj\u0105cy muzyk\u0119 okre\u015blan\u0105 jako melodic death metal, kt\u00f3ry powsta\u0142 w P\u0142ocku w 2009 roku. Pocz\u0105tkowo zesp\u00f3\u0142 nazywa\u0142 si\u0119 Black Pocket Lice i pod t\u0105 [...]","og_url":"https:\/\/petrock.pl\/?page_id=1610","og_site_name":"P\u0142ocka Scena Rockowa","article_modified_time":"2023-09-12T13:03:32+00:00","og_image":[{"width":975,"height":710,"url":"https:\/\/petrock.pl\/wp-content\/uploads\/2020\/09\/black-mad-lice.jpg","type":"image\/jpeg"}],"twitter_card":"summary_large_image","twitter_misc":{"Szacowany czas czytania":"4 minuty"},"schema":{"@context":"https:\/\/schema.org","@graph":[{"@type":"WebPage","@id":"https:\/\/petrock.pl\/?page_id=1610","url":"https:\/\/petrock.pl\/?page_id=1610","name":"Black Mad Lice\/Black Pocket Lice - P\u0142ocka Scena Rockowa","isPartOf":{"@id":"https:\/\/petrock.pl\/#website"},"datePublished":"2020-09-30T06:31:40+00:00","dateModified":"2023-09-12T13:03:32+00:00","breadcrumb":{"@id":"https:\/\/petrock.pl\/?page_id=1610#breadcrumb"},"inLanguage":"pl-PL","potentialAction":[{"@type":"ReadAction","target":["https:\/\/petrock.pl\/?page_id=1610"]}]},{"@type":"BreadcrumbList","@id":"https:\/\/petrock.pl\/?page_id=1610#breadcrumb","itemListElement":[{"@type":"ListItem","position":1,"name":"Strona g\u0142\u00f3wna","item":"https:\/\/petrock.pl\/"},{"@type":"ListItem","position":2,"name":"Black Mad Lice\/Black Pocket Lice"}]},{"@type":"WebSite","@id":"https:\/\/petrock.pl\/#website","url":"https:\/\/petrock.pl\/","name":"P\u0142ocka Scena Rockowa","description":"Wywiady Biografie Koncerty Recenzje","potentialAction":[{"@type":"SearchAction","target":{"@type":"EntryPoint","urlTemplate":"https:\/\/petrock.pl\/?s={search_term_string}"},"query-input":"required name=search_term_string"}],"inLanguage":"pl-PL"}]}},"_links":{"self":[{"href":"https:\/\/petrock.pl\/index.php?rest_route=\/wp\/v2\/pages\/1610"}],"collection":[{"href":"https:\/\/petrock.pl\/index.php?rest_route=\/wp\/v2\/pages"}],"about":[{"href":"https:\/\/petrock.pl\/index.php?rest_route=\/wp\/v2\/types\/page"}],"author":[{"embeddable":true,"href":"https:\/\/petrock.pl\/index.php?rest_route=\/wp\/v2\/users\/7"}],"replies":[{"embeddable":true,"href":"https:\/\/petrock.pl\/index.php?rest_route=%2Fwp%2Fv2%2Fcomments&post=1610"}],"version-history":[{"count":32,"href":"https:\/\/petrock.pl\/index.php?rest_route=\/wp\/v2\/pages\/1610\/revisions"}],"predecessor-version":[{"id":3825,"href":"https:\/\/petrock.pl\/index.php?rest_route=\/wp\/v2\/pages\/1610\/revisions\/3825"}],"wp:featuredmedia":[{"embeddable":true,"href":"https:\/\/petrock.pl\/index.php?rest_route=\/wp\/v2\/media\/1613"}],"wp:attachment":[{"href":"https:\/\/petrock.pl\/index.php?rest_route=%2Fwp%2Fv2%2Fmedia&parent=1610"}],"curies":[{"name":"wp","href":"https:\/\/api.w.org\/{rel}","templated":true}]}}