{"id":1837,"date":"2020-11-05T10:33:49","date_gmt":"2020-11-05T08:33:49","guid":{"rendered":"http:\/\/petrock.pl\/?page_id=1837"},"modified":"2023-09-12T15:05:12","modified_gmt":"2023-09-12T13:05:12","slug":"cranthorpe","status":"publish","type":"page","link":"https:\/\/petrock.pl\/?page_id=1837","title":{"rendered":"Cranthorpe"},"content":{"rendered":"\n<div class=\"is-layout-flex wp-container-13 wp-block-columns\">\n<div class=\"is-layout-flow wp-block-column\" style=\"flex-basis:33.33%\">\n<figure class=\"is-layout-flex wp-block-gallery-1 wp-block-gallery has-nested-images columns-default is-cropped\">\n<figure class=\"wp-block-image size-large\"><a href=\"http:\/\/petrock.pl\/wp-content\/uploads\/2020\/11\/Cranthorpe-03.1992-Mariusz-\u015amigielski-3-scaled.jpg\"><img decoding=\"async\" loading=\"lazy\" width=\"1024\" height=\"768\" src=\"http:\/\/petrock.pl\/wp-content\/uploads\/2020\/11\/Cranthorpe-03.1992-Mariusz-\u015amigielski-3-1024x768.jpg\" alt=\"Cranthorpe\" class=\"wp-image-1838\" srcset=\"https:\/\/petrock.pl\/wp-content\/uploads\/2020\/11\/Cranthorpe-03.1992-Mariusz-\u015amigielski-3-1024x768.jpg 1024w, https:\/\/petrock.pl\/wp-content\/uploads\/2020\/11\/Cranthorpe-03.1992-Mariusz-\u015amigielski-3-300x225.jpg 300w, https:\/\/petrock.pl\/wp-content\/uploads\/2020\/11\/Cranthorpe-03.1992-Mariusz-\u015amigielski-3-768x576.jpg 768w, https:\/\/petrock.pl\/wp-content\/uploads\/2020\/11\/Cranthorpe-03.1992-Mariusz-\u015amigielski-3-1536x1152.jpg 1536w, https:\/\/petrock.pl\/wp-content\/uploads\/2020\/11\/Cranthorpe-03.1992-Mariusz-\u015amigielski-3-2048x1536.jpg 2048w, https:\/\/petrock.pl\/wp-content\/uploads\/2020\/11\/Cranthorpe-03.1992-Mariusz-\u015amigielski-3-678x509.jpg 678w, https:\/\/petrock.pl\/wp-content\/uploads\/2020\/11\/Cranthorpe-03.1992-Mariusz-\u015amigielski-3-326x245.jpg 326w, https:\/\/petrock.pl\/wp-content\/uploads\/2020\/11\/Cranthorpe-03.1992-Mariusz-\u015amigielski-3-80x60.jpg 80w\" sizes=\"(max-width: 1024px) 100vw, 1024px\" \/><\/a><figcaption class=\"wp-element-caption\">Cranthorpe<\/figcaption><\/figure>\n<figcaption class=\"blocks-gallery-caption wp-element-caption\">&#8211; <em>zesp\u00f3\u0142 Cranthorpe (1992), fot. dzi\u0119ki uprzejmo\u015bci Mariusza \u201eMariana\u201d \u015amigielskiego<\/em><\/figcaption><\/figure>\n\n\n\n<figure class=\"is-layout-flex wp-block-gallery-3 wp-block-gallery has-nested-images columns-default is-cropped\">\n<figure class=\"wp-block-image size-large\"><a href=\"http:\/\/petrock.pl\/wp-content\/uploads\/2020\/11\/Cranthorpe-03.1992-Mariusz-\u015amigielski-2-scaled.jpg\"><img decoding=\"async\" loading=\"lazy\" width=\"1024\" height=\"768\" src=\"http:\/\/petrock.pl\/wp-content\/uploads\/2020\/11\/Cranthorpe-03.1992-Mariusz-\u015amigielski-2-1024x768.jpg\" alt=\"\" class=\"wp-image-1839\" srcset=\"https:\/\/petrock.pl\/wp-content\/uploads\/2020\/11\/Cranthorpe-03.1992-Mariusz-\u015amigielski-2-1024x768.jpg 1024w, https:\/\/petrock.pl\/wp-content\/uploads\/2020\/11\/Cranthorpe-03.1992-Mariusz-\u015amigielski-2-300x225.jpg 300w, https:\/\/petrock.pl\/wp-content\/uploads\/2020\/11\/Cranthorpe-03.1992-Mariusz-\u015amigielski-2-768x576.jpg 768w, https:\/\/petrock.pl\/wp-content\/uploads\/2020\/11\/Cranthorpe-03.1992-Mariusz-\u015amigielski-2-1536x1152.jpg 1536w, https:\/\/petrock.pl\/wp-content\/uploads\/2020\/11\/Cranthorpe-03.1992-Mariusz-\u015amigielski-2-2048x1536.jpg 2048w, https:\/\/petrock.pl\/wp-content\/uploads\/2020\/11\/Cranthorpe-03.1992-Mariusz-\u015amigielski-2-678x509.jpg 678w, https:\/\/petrock.pl\/wp-content\/uploads\/2020\/11\/Cranthorpe-03.1992-Mariusz-\u015amigielski-2-326x245.jpg 326w, https:\/\/petrock.pl\/wp-content\/uploads\/2020\/11\/Cranthorpe-03.1992-Mariusz-\u015amigielski-2-80x60.jpg 80w\" sizes=\"(max-width: 1024px) 100vw, 1024px\" \/><\/a><\/figure>\n<figcaption class=\"blocks-gallery-caption wp-element-caption\">&#8211; <em>zesp\u00f3\u0142 Cranthorpe (1992), fot. dzi\u0119ki uprzejmo\u015bci Mariusza \u201eMariana\u201d \u015amigielskiego<\/em><\/figcaption><\/figure>\n\n\n\n<figure class=\"is-layout-flex wp-block-gallery-5 wp-block-gallery has-nested-images columns-default is-cropped\">\n<figure class=\"wp-block-image size-large\"><a href=\"http:\/\/petrock.pl\/wp-content\/uploads\/2020\/11\/Cranthorpe-03.1992-Mariusz-\u015amigielski-scaled.jpg\"><img decoding=\"async\" loading=\"lazy\" width=\"1024\" height=\"768\" src=\"http:\/\/petrock.pl\/wp-content\/uploads\/2020\/11\/Cranthorpe-03.1992-Mariusz-\u015amigielski-1024x768.jpg\" alt=\"\" class=\"wp-image-1840\" srcset=\"https:\/\/petrock.pl\/wp-content\/uploads\/2020\/11\/Cranthorpe-03.1992-Mariusz-\u015amigielski-1024x768.jpg 1024w, https:\/\/petrock.pl\/wp-content\/uploads\/2020\/11\/Cranthorpe-03.1992-Mariusz-\u015amigielski-300x225.jpg 300w, https:\/\/petrock.pl\/wp-content\/uploads\/2020\/11\/Cranthorpe-03.1992-Mariusz-\u015amigielski-768x576.jpg 768w, https:\/\/petrock.pl\/wp-content\/uploads\/2020\/11\/Cranthorpe-03.1992-Mariusz-\u015amigielski-1536x1152.jpg 1536w, https:\/\/petrock.pl\/wp-content\/uploads\/2020\/11\/Cranthorpe-03.1992-Mariusz-\u015amigielski-2048x1536.jpg 2048w, https:\/\/petrock.pl\/wp-content\/uploads\/2020\/11\/Cranthorpe-03.1992-Mariusz-\u015amigielski-678x509.jpg 678w, https:\/\/petrock.pl\/wp-content\/uploads\/2020\/11\/Cranthorpe-03.1992-Mariusz-\u015amigielski-326x245.jpg 326w, https:\/\/petrock.pl\/wp-content\/uploads\/2020\/11\/Cranthorpe-03.1992-Mariusz-\u015amigielski-80x60.jpg 80w\" sizes=\"(max-width: 1024px) 100vw, 1024px\" \/><\/a><\/figure>\n<figcaption class=\"blocks-gallery-caption wp-element-caption\">&#8211; <em>zesp\u00f3\u0142 Cranthorpe (1992), fot. dzi\u0119ki uprzejmo\u015bci Mariusza \u201eMariana\u201d \u015amigielskiego<\/em><\/figcaption><\/figure>\n\n\n\n<figure class=\"is-layout-flex wp-block-gallery-7 wp-block-gallery has-nested-images columns-default is-cropped\">\n<figure class=\"wp-block-image size-large\"><a href=\"http:\/\/petrock.pl\/wp-content\/uploads\/2020\/11\/Cranthorpe-21.01.1993-koncert-w-SP-14-Mariusz-\u015amigielski-1-2-scaled.jpg\"><img decoding=\"async\" loading=\"lazy\" width=\"1024\" height=\"766\" src=\"http:\/\/petrock.pl\/wp-content\/uploads\/2020\/11\/Cranthorpe-21.01.1993-koncert-w-SP-14-Mariusz-\u015amigielski-1-2-1024x766.jpg\" alt=\"\" class=\"wp-image-1841\" srcset=\"https:\/\/petrock.pl\/wp-content\/uploads\/2020\/11\/Cranthorpe-21.01.1993-koncert-w-SP-14-Mariusz-\u015amigielski-1-2-1024x766.jpg 1024w, https:\/\/petrock.pl\/wp-content\/uploads\/2020\/11\/Cranthorpe-21.01.1993-koncert-w-SP-14-Mariusz-\u015amigielski-1-2-300x224.jpg 300w, https:\/\/petrock.pl\/wp-content\/uploads\/2020\/11\/Cranthorpe-21.01.1993-koncert-w-SP-14-Mariusz-\u015amigielski-1-2-768x574.jpg 768w, https:\/\/petrock.pl\/wp-content\/uploads\/2020\/11\/Cranthorpe-21.01.1993-koncert-w-SP-14-Mariusz-\u015amigielski-1-2-1536x1149.jpg 1536w, https:\/\/petrock.pl\/wp-content\/uploads\/2020\/11\/Cranthorpe-21.01.1993-koncert-w-SP-14-Mariusz-\u015amigielski-1-2-2048x1532.jpg 2048w, https:\/\/petrock.pl\/wp-content\/uploads\/2020\/11\/Cranthorpe-21.01.1993-koncert-w-SP-14-Mariusz-\u015amigielski-1-2-326x245.jpg 326w, https:\/\/petrock.pl\/wp-content\/uploads\/2020\/11\/Cranthorpe-21.01.1993-koncert-w-SP-14-Mariusz-\u015amigielski-1-2-80x60.jpg 80w\" sizes=\"(max-width: 1024px) 100vw, 1024px\" \/><\/a><\/figure>\n<figcaption class=\"blocks-gallery-caption wp-element-caption\"><em>&#8211; Marian (podczas koncertu w SP 14 (1993), fot. dzi\u0119ki uprzejmo\u015bci Mariusza \u201eMariana\u201d \u015amigielskiego<\/em><\/figcaption><\/figure>\n\n\n\n<figure class=\"is-layout-flex wp-block-gallery-9 wp-block-gallery has-nested-images columns-default is-cropped\">\n<figure class=\"wp-block-image size-large\"><a href=\"http:\/\/petrock.pl\/wp-content\/uploads\/2020\/11\/Cranthorpe-21.01.1993-koncert-w-SP-14-Mariusz-\u015amigielski-1-scaled.jpg\"><img decoding=\"async\" loading=\"lazy\" width=\"1024\" height=\"768\" src=\"http:\/\/petrock.pl\/wp-content\/uploads\/2020\/11\/Cranthorpe-21.01.1993-koncert-w-SP-14-Mariusz-\u015amigielski-1-1024x768.jpg\" alt=\"\" class=\"wp-image-1842\" srcset=\"https:\/\/petrock.pl\/wp-content\/uploads\/2020\/11\/Cranthorpe-21.01.1993-koncert-w-SP-14-Mariusz-\u015amigielski-1-1024x768.jpg 1024w, https:\/\/petrock.pl\/wp-content\/uploads\/2020\/11\/Cranthorpe-21.01.1993-koncert-w-SP-14-Mariusz-\u015amigielski-1-300x225.jpg 300w, https:\/\/petrock.pl\/wp-content\/uploads\/2020\/11\/Cranthorpe-21.01.1993-koncert-w-SP-14-Mariusz-\u015amigielski-1-768x576.jpg 768w, https:\/\/petrock.pl\/wp-content\/uploads\/2020\/11\/Cranthorpe-21.01.1993-koncert-w-SP-14-Mariusz-\u015amigielski-1-1536x1152.jpg 1536w, https:\/\/petrock.pl\/wp-content\/uploads\/2020\/11\/Cranthorpe-21.01.1993-koncert-w-SP-14-Mariusz-\u015amigielski-1-2048x1536.jpg 2048w, https:\/\/petrock.pl\/wp-content\/uploads\/2020\/11\/Cranthorpe-21.01.1993-koncert-w-SP-14-Mariusz-\u015amigielski-1-678x509.jpg 678w, https:\/\/petrock.pl\/wp-content\/uploads\/2020\/11\/Cranthorpe-21.01.1993-koncert-w-SP-14-Mariusz-\u015amigielski-1-326x245.jpg 326w, https:\/\/petrock.pl\/wp-content\/uploads\/2020\/11\/Cranthorpe-21.01.1993-koncert-w-SP-14-Mariusz-\u015amigielski-1-80x60.jpg 80w\" sizes=\"(max-width: 1024px) 100vw, 1024px\" \/><\/a><\/figure>\n<figcaption class=\"blocks-gallery-caption wp-element-caption\"><em>&#8211; Magneto (podczas koncertu w SP 14 (1993), fot. dzi\u0119ki uprzejmo\u015bci Mariusza \u201eMariana\u201d \u015amigielskiego<\/em><\/figcaption><\/figure>\n<\/div>\n\n\n\n<div class=\"is-layout-flow wp-block-column\" style=\"flex-basis:66.66%\">\n<p>Zesp\u00f3\u0142 Cranthorpe powsta\u0142 w okolicach grudnia 1991r z inicjatywy gitarzyst\u00f3w Jacka \u201e\u015awi\u0119tego\u201d Kanigowskiego i Mariusza \u201eMariana\u201d \u015amigielskiego. Po kr\u00f3tkich poszukiwaniach na pocz\u0105tku 1992 roku uda\u0142o si\u0119 ch\u0142opakom znale\u017a\u0107 perkusist\u0119, kt\u00f3rym zosta\u0142 Marek \u201eMagneto\u201d Jo\u0144czyk. Jak wspomina Marian, podstawowym wymogiem podczas poszukiwa\u0144 by\u0142a umiej\u0119tno\u015b\u0107 gry \u201ena dwie stopy\u201d. B\u0142yskawicznie uda\u0142o si\u0119 za\u0142atwi\u0107 miejsce do grania pr\u00f3b. By\u0142a to aula LO im Jagie\u0142\u0142y do kt\u00f3rego ucz\u0119szcza\u0142 w tym czasie Marian. W ci\u0105gu kilku pierwszych pr\u00f3b powsta\u0142y 3 lub 4 utwory, kt\u00f3re zosta\u0142y zarejestrowane przy pomocy magnetofonu Kasprzak. Po analizie tego nagrania, zesp\u00f3\u0142 ostatecznie wyrzuci\u0142 z repertuaru wi\u0119kszo\u015b\u0107 utwor\u00f3w, zostawiaj\u0105c jeden, kt\u00f3ry by\u0142 zacz\u0105tkiem stylu kapeli. Wbrew panuj\u0105cej modzie na granie jak najszybciej, m\u0142odzie\u0144cy postanowili, \u017ce b\u0119d\u0105 gra\u0107 bardzo wolny death doom metal. W marcu do\u0142\u0105czy\u0142 do grupy wokalista Piotr \u201ePeter\u201d Bukowski i w tym sk\u0142adzie pod koniec kwietnia 1992 roku, band nagra\u0142 demo pt. \u201eMonolith\u201d w studio Domu Technika. Nagranie \u201ena setk\u0119\u201d nadzorowa\u0142 i rejestrowa\u0142 Ryszard Charzy\u0144ski. Wszystkie intra i outro na kaset\u0119 stworzy\u0142 dla kapeli Mariusz \u201eDenat\u201d Denst, graj\u0105cy w\u00f3wczas w p\u0142ockim zespole Hazael.<\/p>\n\n\n\n<p>Kilkadziesi\u0105t kaset wspomnianej dem\u00f3wki, zosta\u0142o rozes\u0142anych we wszystkie zak\u0105tki Polski, ale r\u00f3wnie\u017c w r\u00f3\u017cne cz\u0119\u015bci \u015bwiata. Skutkiem tych dzia\u0142a\u0144 by\u0142o pojawienie si\u0119 propozycji zagrania koncert\u00f3w w Holandii i Belgii. \u015awi\u0119ty uzna\u0142 jednak, \u017ce zesp\u00f3\u0142 nie jest na to jeszcze gotowy i nic nie wysz\u0142o z tych plan\u00f3w.<\/p>\n\n\n\n<p>Debiut sceniczny zespo\u0142u przypad\u0142 na I p\u0142ocki Fina\u0142 WO\u015aP, kt\u00f3ry odby\u0142 si\u0119 3 marca 1993r w kinie Przedwio\u015bnie. W tym sk\u0142adzie band zagra\u0142 jeszcze jeden koncert &#8211; w Szkole Podstawowej nr 14.<\/p>\n\n\n\n<p>Na prze\u0142omie lutego i marca 1993 r kapela zarejestrowa\u0142 drugie demo pt. \u201eNot Long Before The End\u201d. Nagranie odby\u0142o si\u0119 w sali kinowej Chemika pod okiem Adama S\u0142awi\u0144skiego. Jak wspominaj\u0105 ch\u0142opaki, nagra\u0144 dokonano nieco dziwn\u0105 technik\u0105 miksowania przy pomocy dw\u00f3ch magnetofon\u00f3w Technics, co pozwoli\u0142o na nagranie dodatkowej \u015bcie\u017cki basu. Z racji takiej, \u017ce zesp\u00f3\u0142 od pocz\u0105tku gra\u0142 bez basisty,  \u015bcie\u017ck\u0119 gitary basowej dogra\u0142 gitarzysta Marian.<\/p>\n\n\n\n<p>Po wydaniu kasety dosz\u0142o do nieporozumie\u0144 w zespole na tle osobistym, co skutkowa\u0142o odej\u015bciem \u015awi\u0119tego z kapeli. Poniewa\u017c by\u0142 on pomys\u0142odawc\u0105 nazwy, postanowi\u0142 \u201ezabra\u0107 j\u0105 ze sob\u0105\u201d. I tak ostatecznie na pocz\u0105tku wrze\u015bnia 1993r ko\u0144czy si\u0119 historia zespo\u0142u Cranthorpe. Koniec ten jest jednocze\u015bnie pocz\u0105tkiem nowej historii, nieco d\u0142u\u017cszej, a na imi\u0119 jej Thorn.<\/p>\n\n\n\n<hr class=\"wp-block-separator has-css-opacity\"\/>\n\n\n\n<p><strong>Sk\u0142ad zespo\u0142u:<\/strong><\/p>\n\n\n\n<p>Jacek \u201e\u015awi\u0119ty\u201d Kanigowski \u2013 gitara<\/p>\n\n\n\n<p>Mariusz \u201eMarian\u201d \u015amigielski \u2013 gitara<\/p>\n\n\n\n<p>Marek \u201eMagneto\u201d Jo\u0144czyk \u2013 perkusja<\/p>\n\n\n\n<p>Piotr \u201ePeter\u201d Bukowski \u2013 wokal<\/p>\n<\/div>\n<\/div>\n\n\n\n<hr class=\"wp-block-separator has-css-opacity\"\/>\n\n\n\n<p>Dyskografia:<\/p>\n\n\n\n<figure class=\"wp-block-table\"><table><tbody><tr><td>Monolith  \u2013 reh tape (kwiecie\u0144 1992)<\/td><td>wyd. w\u0142asne<\/td><\/tr><tr><td>Not Long Before The End &#8211; demo (marzec 1993)<\/td><td>wyd. w\u0142asne<\/td><\/tr><\/tbody><\/table><\/figure>\n\n\n\n<p><em>za pomoc w przygotowaniu biografii zespo\u0142u Cranthorpe bardzo dzi\u0119kuj\u0119 Mariuszowi \u201eMarianowi\u201d \u015amigielskiemu.<\/em><\/p>\n\n\n\n<hr class=\"wp-block-separator has-css-opacity\"\/>\n\n\n\n<p>Multimedia&#8221;<\/p>\n\n\n\n<figure class=\"wp-block-embed is-type-video is-provider-youtube wp-block-embed-youtube wp-embed-aspect-16-9 wp-has-aspect-ratio\"><div class=\"wp-block-embed__wrapper\">\n<iframe loading=\"lazy\" title=\"Cranthorpe - Useless Sorrow\" width=\"500\" height=\"281\" src=\"https:\/\/www.youtube.com\/embed\/_Xq8QJPpB0Q?feature=oembed\" frameborder=\"0\" allow=\"accelerometer; autoplay; clipboard-write; encrypted-media; gyroscope; picture-in-picture\" allowfullscreen><\/iframe>\n<\/div><\/figure>\n\n\n\n<figure class=\"wp-block-embed is-type-video is-provider-youtube wp-block-embed-youtube wp-embed-aspect-4-3 wp-has-aspect-ratio\"><div class=\"wp-block-embed__wrapper\">\n<iframe loading=\"lazy\" title=\"Cranthorpe - God Temporarily Absent\" width=\"500\" height=\"375\" src=\"https:\/\/www.youtube.com\/embed\/lgL1UqnJIBA?feature=oembed\" frameborder=\"0\" allow=\"accelerometer; autoplay; clipboard-write; encrypted-media; gyroscope; picture-in-picture\" allowfullscreen><\/iframe>\n<\/div><\/figure>\n\n\n\n<figure class=\"wp-block-embed is-type-video is-provider-youtube wp-block-embed-youtube wp-embed-aspect-4-3 wp-has-aspect-ratio\"><div class=\"wp-block-embed__wrapper\">\n<iframe loading=\"lazy\" title=\"Cranthorpe - Monolith   ( Full Demo 92 )\" width=\"500\" height=\"375\" src=\"https:\/\/www.youtube.com\/embed\/NZXaV3gxt5w?feature=oembed\" frameborder=\"0\" allow=\"accelerometer; autoplay; clipboard-write; encrypted-media; gyroscope; picture-in-picture\" allowfullscreen><\/iframe>\n<\/div><\/figure>\n","protected":false},"excerpt":{"rendered":"<div class=\"mh-excerpt\"><p>Zesp\u00f3\u0142 Cranthorpe powsta\u0142 w okolicach grudnia 1991r z inicjatywy gitarzyst\u00f3w Jacka \u201e\u015awi\u0119tego\u201d Kanigowskiego i Mariusza \u201eMariana\u201d \u015amigielskiego. Po kr\u00f3tkich poszukiwaniach na pocz\u0105tku 1992 roku uda\u0142o <a class=\"mh-excerpt-more\" href=\"https:\/\/petrock.pl\/?page_id=1837\" title=\"Cranthorpe\">[&#8230;]<\/a><\/p>\n<\/div>","protected":false},"author":7,"featured_media":1838,"parent":0,"menu_order":0,"comment_status":"closed","ping_status":"closed","template":"","meta":[],"yoast_head":"<!-- This site is optimized with the Yoast SEO plugin v21.1 - https:\/\/yoast.com\/wordpress\/plugins\/seo\/ -->\n<title>Cranthorpe - P\u0142ocka Scena Rockowa<\/title>\n<meta name=\"robots\" content=\"index, follow, max-snippet:-1, max-image-preview:large, max-video-preview:-1\" \/>\n<link rel=\"canonical\" href=\"https:\/\/petrock.pl\/?page_id=1837\" \/>\n<meta property=\"og:locale\" content=\"pl_PL\" \/>\n<meta property=\"og:type\" content=\"article\" \/>\n<meta property=\"og:title\" content=\"Cranthorpe - P\u0142ocka Scena Rockowa\" \/>\n<meta property=\"og:description\" content=\"Zesp\u00f3\u0142 Cranthorpe powsta\u0142 w okolicach grudnia 1991r z inicjatywy gitarzyst\u00f3w Jacka \u201e\u015awi\u0119tego\u201d Kanigowskiego i Mariusza \u201eMariana\u201d \u015amigielskiego. Po kr\u00f3tkich poszukiwaniach na pocz\u0105tku 1992 roku uda\u0142o [...]\" \/>\n<meta property=\"og:url\" content=\"https:\/\/petrock.pl\/?page_id=1837\" \/>\n<meta property=\"og:site_name\" content=\"P\u0142ocka Scena Rockowa\" \/>\n<meta property=\"article:modified_time\" content=\"2023-09-12T13:05:12+00:00\" \/>\n<meta property=\"og:image\" content=\"https:\/\/petrock.pl\/wp-content\/uploads\/2020\/11\/Cranthorpe-03.1992-Mariusz-\u015amigielski-3-scaled.jpg\" \/>\n\t<meta property=\"og:image:width\" content=\"2560\" \/>\n\t<meta property=\"og:image:height\" content=\"1920\" \/>\n\t<meta property=\"og:image:type\" content=\"image\/jpeg\" \/>\n<meta name=\"twitter:card\" content=\"summary_large_image\" \/>\n<meta name=\"twitter:label1\" content=\"Szacowany czas czytania\" \/>\n\t<meta name=\"twitter:data1\" content=\"3 minuty\" \/>\n<script type=\"application\/ld+json\" class=\"yoast-schema-graph\">{\"@context\":\"https:\/\/schema.org\",\"@graph\":[{\"@type\":\"WebPage\",\"@id\":\"https:\/\/petrock.pl\/?page_id=1837\",\"url\":\"https:\/\/petrock.pl\/?page_id=1837\",\"name\":\"Cranthorpe - P\u0142ocka Scena Rockowa\",\"isPartOf\":{\"@id\":\"https:\/\/petrock.pl\/#website\"},\"datePublished\":\"2020-11-05T08:33:49+00:00\",\"dateModified\":\"2023-09-12T13:05:12+00:00\",\"breadcrumb\":{\"@id\":\"https:\/\/petrock.pl\/?page_id=1837#breadcrumb\"},\"inLanguage\":\"pl-PL\",\"potentialAction\":[{\"@type\":\"ReadAction\",\"target\":[\"https:\/\/petrock.pl\/?page_id=1837\"]}]},{\"@type\":\"BreadcrumbList\",\"@id\":\"https:\/\/petrock.pl\/?page_id=1837#breadcrumb\",\"itemListElement\":[{\"@type\":\"ListItem\",\"position\":1,\"name\":\"Strona g\u0142\u00f3wna\",\"item\":\"https:\/\/petrock.pl\/\"},{\"@type\":\"ListItem\",\"position\":2,\"name\":\"Cranthorpe\"}]},{\"@type\":\"WebSite\",\"@id\":\"https:\/\/petrock.pl\/#website\",\"url\":\"https:\/\/petrock.pl\/\",\"name\":\"P\u0142ocka Scena Rockowa\",\"description\":\"Wywiady Biografie Koncerty Recenzje\",\"potentialAction\":[{\"@type\":\"SearchAction\",\"target\":{\"@type\":\"EntryPoint\",\"urlTemplate\":\"https:\/\/petrock.pl\/?s={search_term_string}\"},\"query-input\":\"required name=search_term_string\"}],\"inLanguage\":\"pl-PL\"}]}<\/script>\n<!-- \/ Yoast SEO plugin. -->","yoast_head_json":{"title":"Cranthorpe - P\u0142ocka Scena Rockowa","robots":{"index":"index","follow":"follow","max-snippet":"max-snippet:-1","max-image-preview":"max-image-preview:large","max-video-preview":"max-video-preview:-1"},"canonical":"https:\/\/petrock.pl\/?page_id=1837","og_locale":"pl_PL","og_type":"article","og_title":"Cranthorpe - P\u0142ocka Scena Rockowa","og_description":"Zesp\u00f3\u0142 Cranthorpe powsta\u0142 w okolicach grudnia 1991r z inicjatywy gitarzyst\u00f3w Jacka \u201e\u015awi\u0119tego\u201d Kanigowskiego i Mariusza \u201eMariana\u201d \u015amigielskiego. Po kr\u00f3tkich poszukiwaniach na pocz\u0105tku 1992 roku uda\u0142o [...]","og_url":"https:\/\/petrock.pl\/?page_id=1837","og_site_name":"P\u0142ocka Scena Rockowa","article_modified_time":"2023-09-12T13:05:12+00:00","og_image":[{"width":2560,"height":1920,"url":"https:\/\/petrock.pl\/wp-content\/uploads\/2020\/11\/Cranthorpe-03.1992-Mariusz-\u015amigielski-3-scaled.jpg","type":"image\/jpeg"}],"twitter_card":"summary_large_image","twitter_misc":{"Szacowany czas czytania":"3 minuty"},"schema":{"@context":"https:\/\/schema.org","@graph":[{"@type":"WebPage","@id":"https:\/\/petrock.pl\/?page_id=1837","url":"https:\/\/petrock.pl\/?page_id=1837","name":"Cranthorpe - P\u0142ocka Scena Rockowa","isPartOf":{"@id":"https:\/\/petrock.pl\/#website"},"datePublished":"2020-11-05T08:33:49+00:00","dateModified":"2023-09-12T13:05:12+00:00","breadcrumb":{"@id":"https:\/\/petrock.pl\/?page_id=1837#breadcrumb"},"inLanguage":"pl-PL","potentialAction":[{"@type":"ReadAction","target":["https:\/\/petrock.pl\/?page_id=1837"]}]},{"@type":"BreadcrumbList","@id":"https:\/\/petrock.pl\/?page_id=1837#breadcrumb","itemListElement":[{"@type":"ListItem","position":1,"name":"Strona g\u0142\u00f3wna","item":"https:\/\/petrock.pl\/"},{"@type":"ListItem","position":2,"name":"Cranthorpe"}]},{"@type":"WebSite","@id":"https:\/\/petrock.pl\/#website","url":"https:\/\/petrock.pl\/","name":"P\u0142ocka Scena Rockowa","description":"Wywiady Biografie Koncerty Recenzje","potentialAction":[{"@type":"SearchAction","target":{"@type":"EntryPoint","urlTemplate":"https:\/\/petrock.pl\/?s={search_term_string}"},"query-input":"required name=search_term_string"}],"inLanguage":"pl-PL"}]}},"_links":{"self":[{"href":"https:\/\/petrock.pl\/index.php?rest_route=\/wp\/v2\/pages\/1837"}],"collection":[{"href":"https:\/\/petrock.pl\/index.php?rest_route=\/wp\/v2\/pages"}],"about":[{"href":"https:\/\/petrock.pl\/index.php?rest_route=\/wp\/v2\/types\/page"}],"author":[{"embeddable":true,"href":"https:\/\/petrock.pl\/index.php?rest_route=\/wp\/v2\/users\/7"}],"replies":[{"embeddable":true,"href":"https:\/\/petrock.pl\/index.php?rest_route=%2Fwp%2Fv2%2Fcomments&post=1837"}],"version-history":[{"count":25,"href":"https:\/\/petrock.pl\/index.php?rest_route=\/wp\/v2\/pages\/1837\/revisions"}],"predecessor-version":[{"id":3865,"href":"https:\/\/petrock.pl\/index.php?rest_route=\/wp\/v2\/pages\/1837\/revisions\/3865"}],"wp:featuredmedia":[{"embeddable":true,"href":"https:\/\/petrock.pl\/index.php?rest_route=\/wp\/v2\/media\/1838"}],"wp:attachment":[{"href":"https:\/\/petrock.pl\/index.php?rest_route=%2Fwp%2Fv2%2Fmedia&parent=1837"}],"curies":[{"name":"wp","href":"https:\/\/api.w.org\/{rel}","templated":true}]}}