{"id":1991,"date":"2020-12-10T13:48:56","date_gmt":"2020-12-10T11:48:56","guid":{"rendered":"http:\/\/petrock.pl\/?page_id=1991"},"modified":"2023-09-12T15:05:04","modified_gmt":"2023-09-12T13:05:04","slug":"concatenation","status":"publish","type":"page","link":"https:\/\/petrock.pl\/?page_id=1991","title":{"rendered":"Concatenation"},"content":{"rendered":"\n<div class=\"is-layout-flex wp-container-17 wp-block-columns\">\n<div class=\"is-layout-flow wp-block-column\" style=\"flex-basis:33.33%\">\n<figure class=\"is-layout-flex wp-block-gallery-1 wp-block-gallery has-nested-images columns-default is-cropped\">\n<figure class=\"wp-block-image size-full\"><a href=\"http:\/\/petrock.pl\/wp-content\/uploads\/2020\/12\/logo-1-1.jpg\"><img decoding=\"async\" loading=\"lazy\" width=\"768\" height=\"441\" src=\"http:\/\/petrock.pl\/wp-content\/uploads\/2020\/12\/logo-1-1.jpg\" alt=\"\" class=\"wp-image-2049\" srcset=\"https:\/\/petrock.pl\/wp-content\/uploads\/2020\/12\/logo-1-1.jpg 768w, https:\/\/petrock.pl\/wp-content\/uploads\/2020\/12\/logo-1-1-300x172.jpg 300w\" sizes=\"(max-width: 768px) 100vw, 768px\" \/><\/a><\/figure>\n<\/figure>\n\n\n\n<figure class=\"is-layout-flex wp-block-gallery-3 wp-block-gallery has-nested-images columns-default is-cropped\">\n<figure class=\"wp-block-image size-large\"><a href=\"http:\/\/petrock.pl\/wp-content\/uploads\/2020\/12\/01.jpg\"><img decoding=\"async\" loading=\"lazy\" width=\"1024\" height=\"683\" src=\"http:\/\/petrock.pl\/wp-content\/uploads\/2020\/12\/01-1024x683.jpg\" alt=\"Concatenation (2020)\" class=\"wp-image-2046\" srcset=\"https:\/\/petrock.pl\/wp-content\/uploads\/2020\/12\/01-1024x683.jpg 1024w, https:\/\/petrock.pl\/wp-content\/uploads\/2020\/12\/01-300x200.jpg 300w, https:\/\/petrock.pl\/wp-content\/uploads\/2020\/12\/01-768x512.jpg 768w, https:\/\/petrock.pl\/wp-content\/uploads\/2020\/12\/01-1536x1024.jpg 1536w, https:\/\/petrock.pl\/wp-content\/uploads\/2020\/12\/01.jpg 1920w\" sizes=\"(max-width: 1024px) 100vw, 1024px\" \/><\/a><figcaption class=\"wp-element-caption\">Concatenation (2020)<\/figcaption><\/figure>\n<figcaption class=\"blocks-gallery-caption wp-element-caption\"><em>&#8211; zesp\u00f3\u0142 Concatenation (2020), fot. Rosya<\/em><\/figcaption><\/figure>\n\n\n\n<figure class=\"is-layout-flex wp-block-gallery-5 wp-block-gallery has-nested-images columns-default is-cropped\">\n<figure class=\"wp-block-image size-full\"><a href=\"http:\/\/petrock.pl\/wp-content\/uploads\/2020\/12\/2019.jpg\"><img decoding=\"async\" loading=\"lazy\" width=\"932\" height=\"874\" src=\"http:\/\/petrock.pl\/wp-content\/uploads\/2020\/12\/2019.jpg\" alt=\"\" class=\"wp-image-2018\" srcset=\"https:\/\/petrock.pl\/wp-content\/uploads\/2020\/12\/2019.jpg 932w, https:\/\/petrock.pl\/wp-content\/uploads\/2020\/12\/2019-300x281.jpg 300w, https:\/\/petrock.pl\/wp-content\/uploads\/2020\/12\/2019-768x720.jpg 768w\" sizes=\"(max-width: 932px) 100vw, 932px\" \/><\/a><\/figure>\n<figcaption class=\"blocks-gallery-caption wp-element-caption\">&#8211; zesp\u00f3\u0142 <em>Concatenation (2019), fot. archiwum zespo\u0142u<\/em><\/figcaption><\/figure>\n\n\n\n<figure class=\"is-layout-flex wp-block-gallery-7 wp-block-gallery has-nested-images columns-default is-cropped\">\n<figure class=\"wp-block-image size-large\"><a href=\"http:\/\/petrock.pl\/wp-content\/uploads\/2020\/12\/2015-Rafael-Dominik-Rock-69.jpg\"><img decoding=\"async\" loading=\"lazy\" width=\"1024\" height=\"683\" src=\"http:\/\/petrock.pl\/wp-content\/uploads\/2020\/12\/2015-Rafael-Dominik-Rock-69-1024x683.jpg\" alt=\"\" class=\"wp-image-2020\" srcset=\"https:\/\/petrock.pl\/wp-content\/uploads\/2020\/12\/2015-Rafael-Dominik-Rock-69-1024x683.jpg 1024w, https:\/\/petrock.pl\/wp-content\/uploads\/2020\/12\/2015-Rafael-Dominik-Rock-69-300x200.jpg 300w, https:\/\/petrock.pl\/wp-content\/uploads\/2020\/12\/2015-Rafael-Dominik-Rock-69-768x512.jpg 768w, https:\/\/petrock.pl\/wp-content\/uploads\/2020\/12\/2015-Rafael-Dominik-Rock-69-1536x1025.jpg 1536w, https:\/\/petrock.pl\/wp-content\/uploads\/2020\/12\/2015-Rafael-Dominik-Rock-69.jpg 2048w\" sizes=\"(max-width: 1024px) 100vw, 1024px\" \/><\/a><\/figure>\n<figcaption class=\"blocks-gallery-caption wp-element-caption\"><em>&#8211; zesp\u00f3\u0142 Concatenation podczas koncertu w klubie Rock&#8217;69 (2015), fot Rafael Dominik<\/em><\/figcaption><\/figure>\n\n\n\n<figure class=\"is-layout-flex wp-block-gallery-9 wp-block-gallery has-nested-images columns-default is-cropped\">\n<figure class=\"wp-block-image size-large\"><a href=\"http:\/\/petrock.pl\/wp-content\/uploads\/2020\/12\/2015.jpg\"><img decoding=\"async\" loading=\"lazy\" width=\"1024\" height=\"768\" src=\"http:\/\/petrock.pl\/wp-content\/uploads\/2020\/12\/2015-1024x768.jpg\" alt=\"\" class=\"wp-image-2028\" srcset=\"https:\/\/petrock.pl\/wp-content\/uploads\/2020\/12\/2015-1024x768.jpg 1024w, https:\/\/petrock.pl\/wp-content\/uploads\/2020\/12\/2015-300x225.jpg 300w, https:\/\/petrock.pl\/wp-content\/uploads\/2020\/12\/2015-768x576.jpg 768w, https:\/\/petrock.pl\/wp-content\/uploads\/2020\/12\/2015-1536x1152.jpg 1536w, https:\/\/petrock.pl\/wp-content\/uploads\/2020\/12\/2015-678x509.jpg 678w, https:\/\/petrock.pl\/wp-content\/uploads\/2020\/12\/2015-326x245.jpg 326w, https:\/\/petrock.pl\/wp-content\/uploads\/2020\/12\/2015-80x60.jpg 80w, https:\/\/petrock.pl\/wp-content\/uploads\/2020\/12\/2015.jpg 1600w\" sizes=\"(max-width: 1024px) 100vw, 1024px\" \/><\/a><\/figure>\n<figcaption class=\"blocks-gallery-caption wp-element-caption\">&#8211; zesp\u00f3\u0142 Concatenation (2015), fot. Emil Grochowski<\/figcaption><\/figure>\n\n\n\n<figure class=\"is-layout-flex wp-block-gallery-11 wp-block-gallery has-nested-images columns-default is-cropped\">\n<figure class=\"wp-block-image size-full\"><a href=\"http:\/\/petrock.pl\/wp-content\/uploads\/2020\/12\/2014-11.jpg\"><img decoding=\"async\" loading=\"lazy\" width=\"640\" height=\"960\" src=\"http:\/\/petrock.pl\/wp-content\/uploads\/2020\/12\/2014-11.jpg\" alt=\"\" class=\"wp-image-2032\" srcset=\"https:\/\/petrock.pl\/wp-content\/uploads\/2020\/12\/2014-11.jpg 640w, https:\/\/petrock.pl\/wp-content\/uploads\/2020\/12\/2014-11-200x300.jpg 200w\" sizes=\"(max-width: 640px) 100vw, 640px\" \/><\/a><\/figure>\n<figcaption class=\"blocks-gallery-caption wp-element-caption\"><em>&#8211; zesp\u00f3\u0142 Concatenation podczas koncertu w RockOut Pub w Zielonej G\u00f3rze (2014), fot. W66 Visual Studio<\/em><\/figcaption><\/figure>\n\n\n\n<figure class=\"is-layout-flex wp-block-gallery-13 wp-block-gallery has-nested-images columns-default is-cropped\">\n<figure class=\"wp-block-image size-full\"><a href=\"http:\/\/petrock.pl\/wp-content\/uploads\/2020\/12\/concatenation-2012-1.jpg\"><img decoding=\"async\" loading=\"lazy\" width=\"717\" height=\"717\" src=\"http:\/\/petrock.pl\/wp-content\/uploads\/2020\/12\/concatenation-2012-1.jpg\" alt=\"\" class=\"wp-image-2038\" srcset=\"https:\/\/petrock.pl\/wp-content\/uploads\/2020\/12\/concatenation-2012-1.jpg 717w, https:\/\/petrock.pl\/wp-content\/uploads\/2020\/12\/concatenation-2012-1-300x300.jpg 300w, https:\/\/petrock.pl\/wp-content\/uploads\/2020\/12\/concatenation-2012-1-150x150.jpg 150w\" sizes=\"(max-width: 717px) 100vw, 717px\" \/><\/a><\/figure>\n<figcaption class=\"blocks-gallery-caption wp-element-caption\"><em>&#8211; zesp\u00f3\u0142 Concatenation (2012), fot. archiwum zespo\u0142u<\/em><\/figcaption><\/figure>\n<\/div>\n\n\n\n<div class=\"is-layout-flow wp-block-column\" style=\"flex-basis:66.66%\">\n<p>Grupa powsta\u0142a pod koniec dzia\u0142alno\u015bci p\u0142ockiego zespo\u0142u The Thorn, z inicjatywy jego cz\u0142onk\u00f3w Mariusza &#8220;Mariana&#8221; \u015amigielskiego (gitara), Paw\u0142a &#8220;\u015amigacza&#8221; \u015amiga\u0142y (bas) i Paw\u0142a &#8220;Za\u0142a&#8221; Za\u0142\u0119skiego (perkusja). Na pocz\u0105tku roku 2012 zesp\u00f3\u0142 opu\u015bci\u0142 Za\u0142o, a w jego miejsce wszed\u0142 Marek &#8220;Magneto&#8221; Jo\u0144czyk. Kolejnymi nabytkami zostali Sebastian &#8220;Sebol&#8221; Tarczyluk (gitara) i Mateusz &#8220;Shnapps&#8221; Koziorowski (wokal), a zesp\u00f3\u0142 przyj\u0105\u0142 nazw\u0119 Concatenation. Nied\u0142ugo potem, z przyczyn osobistych, zesp\u00f3\u0142 opu\u015bci\u0142 Marek. Poszukiwania jego nast\u0119pcy trwa\u0142y kilka tygodni, w tym czasie przewin\u0119\u0142o si\u0119 kilka os\u00f3b, by ostatecznie szeregi CONCATENATION zasili\u0142 Rafa\u0142 &#8220;Szkielo&#8221; Strzemieczny. W pe\u0142nym ju\u017c sk\u0142adzie, kapela kontynuowa\u0142a pisanie materia\u0142u. Gdy konkretna ilo\u015b\u0107 utwor\u00f3w zosta\u0142a uko\u0144czona, 28.10.2012r. CONCATENATION zadebiutowa\u0142o na deskach W\u0142oc\u0142awskiego Centrum Kultury wraz z Black Mad Lice i Unborn Suffer. I sz\u0142o tak dalej, pisanie utwor\u00f3w, kilka koncert\u00f3w, zesp\u00f3\u0142 rozwija\u0142 si\u0119 w najlepsze. Latem 2013 roku kapel\u0119 opu\u015bci\u0142 Sebol, z powodu przeprowadzki do innego miasta. Jego miejsce zaj\u0105\u0142 Krzysztof &#8220;Bedi&#8221; Bednarski.<\/p>\n\n\n\n<p>Jesieni\u0105 2013 roku CONCATENATION wesz\u0142o do Klon Studio w Sierpcu by zarejestrowa\u0107 3 autorskie utwory na debiutanck\u0105 EP &#8220;Grinding My Soul&#8221;. Nagranie przedstawia przekr\u00f3j tego, w jakim kierunku obecnie pod\u0105\u017ca grupa &#8211; brutalne, mocne i brudne granie spod znaku death i thrash metalu. <\/p>\n\n\n\n<p>W grudniu 2014 roku zesp\u00f3\u0142 ponownie wszed\u0142 do studia KLON w Sierpcu aby zarejestrowa\u0107 4 nowe numery do drugiej EP-ki &#8220;Empty State Of Humanity&#8221;, kt\u00f3ra ukaza\u0142a si\u0119 w kwietniu 2015. W maju 2015 CONCATENATION zagrali przed Turbo na Rock Tower Festival w P\u0142ocku, za\u015b czerwcu 2015 wyst\u0105pili na Rock &amp; Rose Fest w Kutnie obok takich grup jak Hate, Alastor, Betrayer, Vedonist, Chainsaw, itp. Na pocz\u0105tku 2015 grupa planuje wej\u015b\u0107 do studia nagra\u0107 debiutanck\u0105 p\u0142yt\u0119.<\/p>\n\n\n\n<p>Wiosn\u0105 2016 roku zesp\u00f3\u0142 ponownie przekracza progi sierpeckiego studia Klon. Efektem pracy jest debiutancka p\u0142yta \u201eMindeater\u201d, kt\u00f3ra po kr\u00f3tkich poszukiwaniach wydawcy, wychodzi ostatecznie pod bander\u0105 lokalnej Necro Crew Records na pocz\u0105tku 2017 roku. W tzw. mi\u0119dzyczasie zesp\u00f3\u0142 koncertuje min w Lublinie, P\u0142ocku, W\u0142oc\u0142awku, Warszawie, Kutnie, Ostrowie Wielkopolskim, \u0141odzi czy Bielsku Podlaskim.<\/p>\n\n\n\n<p>Latem 2017 zostaje nagrany i opublikowany klip do utworu \u201eCrusade\u201d.<\/p>\n\n\n\n<p>W po\u0142owie roku 2018 rozpoczyna si\u0119 praca nad nowym materia\u0142em. Mo\u017cna powiedzie\u0107, \u017ce tradycyjnie zostaje on zarejestrowany na pocz\u0105tku roku 2019 w sierpeckim studio Klon.<\/p>\n\n\n\n<p>EP \u201eDevolution\u201d ukaza\u0142a si\u0119 we wrze\u015bniu 2019 roku. Po jej wydaniu zesp\u00f3\u0142 rusza w kr\u00f3tk\u0105 tras\u0119 wraz z kolegami z lokalnego podw\u00f3rka Baalberith i Varnheim. Po koncertach w Warszawie, Ciechanowie I\u0142awie i \u0141odzi, koniec trasy nast\u0119puje w P\u0142ocku. Jest luty 2020. Ostatni koncert mini trasy jest jednocze\u015bnie ostatnim wyst\u0119pem w dotychczasowym sk\u0142adzie. Zesp\u00f3\u0142 zdecydowali si\u0119 opu\u015bci\u0107 Szkielo i Bedi. Ich miejsce zajmuj\u0105 Piotrek \u201e\u015amig\u0142o\u201d \u015amigielski \u2013 perkusja (Leshy, Parh) i Robert \u201eBojara\u201d Bojarski \u2013 gitara (Zachlapany Szczypior, Likantropia).<\/p>\n\n\n\n<p>Aktywno\u015b\u0107 koncertowa w 2020r. ze wzgl\u0119du na pandemi\u0119 zmniejsza si\u0119 do zera. W zwi\u0105zku z tym zesp\u00f3\u0142 rozpocz\u0105\u0142 prace nad nowym materia\u0142em. Kt\u00f3ry prawdopodobnie zostanie zarejestrowany wiosn\u0105 2021 roku.<\/p>\n\n\n\n<hr class=\"wp-block-separator has-css-opacity\"\/>\n\n\n\n<p><strong>Obecni cz\u0142onkowie:<\/strong><\/p>\n\n\n\n<p>Mateusz &#8220;Shnapps&#8221; Koziorowski &#8211; wokal<\/p>\n\n\n\n<p>Mariusz &#8220;Marian&#8221; \u015amigielski &#8211; gitara<\/p>\n\n\n\n<p>Robert \u201eBojar\u201d Bojarski &#8211; gitara<\/p>\n\n\n\n<p>Pawe\u0142 &#8220;\u015amigacz&#8221; \u015amiga\u0142a &#8211; bas<\/p>\n\n\n\n<p>Piotrek \u201e\u015amig\u0142o\u201d \u015amigielski &#8211; perkusja<\/p>\n\n\n\n<hr class=\"wp-block-separator has-css-opacity\"\/>\n\n\n\n<p><strong>Byli cz\u0142onkowie:<\/strong><\/p>\n\n\n\n<p>Pawe\u0142 &#8220;Za\u0142o&#8221; Za\u0142\u0119ski &#8211; b\u0119bny (2012)<\/p>\n\n\n\n<p>Marek &#8220;Magneto&#8221; Jo\u0144czyk &#8211; b\u0119bny (2012)<\/p>\n\n\n\n<p>Sebastian &#8220;Sebol&#8221; Tarczyluk &#8211; gitara (2012-2013)<\/p>\n\n\n\n<p>Rafa\u0142 &#8220;Szkielo&#8221; Strzemieczny &#8211; b\u0119bny (2012-2020)<\/p>\n\n\n\n<p>Krzysztof &#8220;Bedi&#8221; Bednarski &#8211; gitara (2013-2020)<\/p>\n<\/div>\n<\/div>\n\n\n\n<hr class=\"wp-block-separator has-css-opacity\"\/>\n\n\n\n<p>Dyskografia zespo\u0142u:<\/p>\n\n\n\n<figure class=\"wp-block-table\"><table class=\"has-fixed-layout\"><tbody><tr><td>Grinding My Soul EP (2013)<\/td><td>wyd. w\u0142asne<\/td><\/tr><tr><td>Empty State of Humanity EP (2015)<\/td><td>wyd. w\u0142asne<\/td><\/tr><tr><td>Mindeater (2017)<\/td><td>Necro Crew Records<\/td><\/tr><tr><td>Devolution EP (2019)<\/td><td>wyd. w\u0142asne<\/td><\/tr><\/tbody><\/table><\/figure>\n\n\n\n<p><em>za pomoc w przygotowaniu biografii zespo\u0142u Concatenation bardzo dzi\u0119kuj\u0119 Mateuszowi &#8220;Shnappsowi&#8221; Koziorowskiemu.<\/em><\/p>\n\n\n\n<hr class=\"wp-block-separator has-css-opacity\"\/>\n\n\n\n<p>Multimedia:<\/p>\n\n\n\n<figure class=\"wp-block-embed is-type-video is-provider-youtube wp-block-embed-youtube wp-embed-aspect-16-9 wp-has-aspect-ratio\"><div class=\"wp-block-embed__wrapper\">\n<iframe loading=\"lazy\" title=\"Concatenation - Crusade (official video)\" width=\"500\" height=\"281\" src=\"https:\/\/www.youtube.com\/embed\/2GooOIDrEms?feature=oembed\" frameborder=\"0\" allow=\"accelerometer; autoplay; clipboard-write; encrypted-media; gyroscope; picture-in-picture\" allowfullscreen><\/iframe>\n<\/div><\/figure>\n\n\n\n<figure class=\"wp-block-embed is-type-video is-provider-youtube wp-block-embed-youtube wp-embed-aspect-16-9 wp-has-aspect-ratio\"><div class=\"wp-block-embed__wrapper\">\n<iframe loading=\"lazy\" title=\"CONCATENATION - Raped Consciousness (video)\" width=\"500\" height=\"281\" src=\"https:\/\/www.youtube.com\/embed\/lI1HaoixQQA?feature=oembed\" frameborder=\"0\" allow=\"accelerometer; autoplay; clipboard-write; encrypted-media; gyroscope; picture-in-picture\" allowfullscreen><\/iframe>\n<\/div><\/figure>\n\n\n\n<figure class=\"wp-block-embed is-type-video is-provider-youtube wp-block-embed-youtube wp-embed-aspect-16-9 wp-has-aspect-ratio\"><div class=\"wp-block-embed__wrapper\">\n<iframe loading=\"lazy\" title=\"Concatenation - Devolution (full album stream) 2019\" width=\"500\" height=\"281\" src=\"https:\/\/www.youtube.com\/embed\/oRXVbwqXYEQ?feature=oembed\" frameborder=\"0\" allow=\"accelerometer; autoplay; clipboard-write; encrypted-media; gyroscope; picture-in-picture\" allowfullscreen><\/iframe>\n<\/div><\/figure>\n\n\n\n<figure class=\"wp-block-embed is-type-video is-provider-youtube wp-block-embed-youtube wp-embed-aspect-4-3 wp-has-aspect-ratio\"><div class=\"wp-block-embed__wrapper\">\n<iframe loading=\"lazy\" title=\"Concatenation - Mindeater (full album) 2017\" width=\"500\" height=\"375\" src=\"https:\/\/www.youtube.com\/embed\/qX_xZknzIa0?feature=oembed\" frameborder=\"0\" allow=\"accelerometer; autoplay; clipboard-write; encrypted-media; gyroscope; picture-in-picture\" allowfullscreen><\/iframe>\n<\/div><\/figure>\n","protected":false},"excerpt":{"rendered":"<div class=\"mh-excerpt\"><p>Grupa powsta\u0142a pod koniec dzia\u0142alno\u015bci p\u0142ockiego zespo\u0142u The Thorn, z inicjatywy jego cz\u0142onk\u00f3w Mariusza &#8220;Mariana&#8221; \u015amigielskiego (gitara), Paw\u0142a &#8220;\u015amigacza&#8221; \u015amiga\u0142y (bas) i Paw\u0142a &#8220;Za\u0142a&#8221; Za\u0142\u0119skiego <a class=\"mh-excerpt-more\" href=\"https:\/\/petrock.pl\/?page_id=1991\" title=\"Concatenation\">[&#8230;]<\/a><\/p>\n<\/div>","protected":false},"author":7,"featured_media":2046,"parent":0,"menu_order":0,"comment_status":"closed","ping_status":"closed","template":"","meta":[],"yoast_head":"<!-- This site is optimized with the Yoast SEO plugin v21.1 - https:\/\/yoast.com\/wordpress\/plugins\/seo\/ -->\n<title>Concatenation - P\u0142ocka Scena Rockowa<\/title>\n<meta name=\"robots\" content=\"index, follow, max-snippet:-1, max-image-preview:large, max-video-preview:-1\" \/>\n<link rel=\"canonical\" href=\"https:\/\/petrock.pl\/?page_id=1991\" \/>\n<meta property=\"og:locale\" content=\"pl_PL\" \/>\n<meta property=\"og:type\" content=\"article\" \/>\n<meta property=\"og:title\" content=\"Concatenation - P\u0142ocka Scena Rockowa\" \/>\n<meta property=\"og:description\" content=\"Grupa powsta\u0142a pod koniec dzia\u0142alno\u015bci p\u0142ockiego zespo\u0142u The Thorn, z inicjatywy jego cz\u0142onk\u00f3w Mariusza &#8220;Mariana&#8221; \u015amigielskiego (gitara), Paw\u0142a &#8220;\u015amigacza&#8221; \u015amiga\u0142y (bas) i Paw\u0142a &#8220;Za\u0142a&#8221; Za\u0142\u0119skiego [...]\" \/>\n<meta property=\"og:url\" content=\"https:\/\/petrock.pl\/?page_id=1991\" \/>\n<meta property=\"og:site_name\" content=\"P\u0142ocka Scena Rockowa\" \/>\n<meta property=\"article:modified_time\" content=\"2023-09-12T13:05:04+00:00\" \/>\n<meta property=\"og:image\" content=\"https:\/\/petrock.pl\/wp-content\/uploads\/2020\/12\/01.jpg\" \/>\n\t<meta property=\"og:image:width\" content=\"1920\" \/>\n\t<meta property=\"og:image:height\" content=\"1280\" \/>\n\t<meta property=\"og:image:type\" content=\"image\/jpeg\" \/>\n<meta name=\"twitter:card\" content=\"summary_large_image\" \/>\n<meta name=\"twitter:label1\" content=\"Szacowany czas czytania\" \/>\n\t<meta name=\"twitter:data1\" content=\"4 minuty\" \/>\n<script type=\"application\/ld+json\" class=\"yoast-schema-graph\">{\"@context\":\"https:\/\/schema.org\",\"@graph\":[{\"@type\":\"WebPage\",\"@id\":\"https:\/\/petrock.pl\/?page_id=1991\",\"url\":\"https:\/\/petrock.pl\/?page_id=1991\",\"name\":\"Concatenation - P\u0142ocka Scena Rockowa\",\"isPartOf\":{\"@id\":\"https:\/\/petrock.pl\/#website\"},\"datePublished\":\"2020-12-10T11:48:56+00:00\",\"dateModified\":\"2023-09-12T13:05:04+00:00\",\"breadcrumb\":{\"@id\":\"https:\/\/petrock.pl\/?page_id=1991#breadcrumb\"},\"inLanguage\":\"pl-PL\",\"potentialAction\":[{\"@type\":\"ReadAction\",\"target\":[\"https:\/\/petrock.pl\/?page_id=1991\"]}]},{\"@type\":\"BreadcrumbList\",\"@id\":\"https:\/\/petrock.pl\/?page_id=1991#breadcrumb\",\"itemListElement\":[{\"@type\":\"ListItem\",\"position\":1,\"name\":\"Strona g\u0142\u00f3wna\",\"item\":\"https:\/\/petrock.pl\/\"},{\"@type\":\"ListItem\",\"position\":2,\"name\":\"Concatenation\"}]},{\"@type\":\"WebSite\",\"@id\":\"https:\/\/petrock.pl\/#website\",\"url\":\"https:\/\/petrock.pl\/\",\"name\":\"P\u0142ocka Scena Rockowa\",\"description\":\"Wywiady Biografie Koncerty Recenzje\",\"potentialAction\":[{\"@type\":\"SearchAction\",\"target\":{\"@type\":\"EntryPoint\",\"urlTemplate\":\"https:\/\/petrock.pl\/?s={search_term_string}\"},\"query-input\":\"required name=search_term_string\"}],\"inLanguage\":\"pl-PL\"}]}<\/script>\n<!-- \/ Yoast SEO plugin. -->","yoast_head_json":{"title":"Concatenation - P\u0142ocka Scena Rockowa","robots":{"index":"index","follow":"follow","max-snippet":"max-snippet:-1","max-image-preview":"max-image-preview:large","max-video-preview":"max-video-preview:-1"},"canonical":"https:\/\/petrock.pl\/?page_id=1991","og_locale":"pl_PL","og_type":"article","og_title":"Concatenation - P\u0142ocka Scena Rockowa","og_description":"Grupa powsta\u0142a pod koniec dzia\u0142alno\u015bci p\u0142ockiego zespo\u0142u The Thorn, z inicjatywy jego cz\u0142onk\u00f3w Mariusza &#8220;Mariana&#8221; \u015amigielskiego (gitara), Paw\u0142a &#8220;\u015amigacza&#8221; \u015amiga\u0142y (bas) i Paw\u0142a &#8220;Za\u0142a&#8221; Za\u0142\u0119skiego [...]","og_url":"https:\/\/petrock.pl\/?page_id=1991","og_site_name":"P\u0142ocka Scena Rockowa","article_modified_time":"2023-09-12T13:05:04+00:00","og_image":[{"width":1920,"height":1280,"url":"https:\/\/petrock.pl\/wp-content\/uploads\/2020\/12\/01.jpg","type":"image\/jpeg"}],"twitter_card":"summary_large_image","twitter_misc":{"Szacowany czas czytania":"4 minuty"},"schema":{"@context":"https:\/\/schema.org","@graph":[{"@type":"WebPage","@id":"https:\/\/petrock.pl\/?page_id=1991","url":"https:\/\/petrock.pl\/?page_id=1991","name":"Concatenation - P\u0142ocka Scena Rockowa","isPartOf":{"@id":"https:\/\/petrock.pl\/#website"},"datePublished":"2020-12-10T11:48:56+00:00","dateModified":"2023-09-12T13:05:04+00:00","breadcrumb":{"@id":"https:\/\/petrock.pl\/?page_id=1991#breadcrumb"},"inLanguage":"pl-PL","potentialAction":[{"@type":"ReadAction","target":["https:\/\/petrock.pl\/?page_id=1991"]}]},{"@type":"BreadcrumbList","@id":"https:\/\/petrock.pl\/?page_id=1991#breadcrumb","itemListElement":[{"@type":"ListItem","position":1,"name":"Strona g\u0142\u00f3wna","item":"https:\/\/petrock.pl\/"},{"@type":"ListItem","position":2,"name":"Concatenation"}]},{"@type":"WebSite","@id":"https:\/\/petrock.pl\/#website","url":"https:\/\/petrock.pl\/","name":"P\u0142ocka Scena Rockowa","description":"Wywiady Biografie Koncerty Recenzje","potentialAction":[{"@type":"SearchAction","target":{"@type":"EntryPoint","urlTemplate":"https:\/\/petrock.pl\/?s={search_term_string}"},"query-input":"required name=search_term_string"}],"inLanguage":"pl-PL"}]}},"_links":{"self":[{"href":"https:\/\/petrock.pl\/index.php?rest_route=\/wp\/v2\/pages\/1991"}],"collection":[{"href":"https:\/\/petrock.pl\/index.php?rest_route=\/wp\/v2\/pages"}],"about":[{"href":"https:\/\/petrock.pl\/index.php?rest_route=\/wp\/v2\/types\/page"}],"author":[{"embeddable":true,"href":"https:\/\/petrock.pl\/index.php?rest_route=\/wp\/v2\/users\/7"}],"replies":[{"embeddable":true,"href":"https:\/\/petrock.pl\/index.php?rest_route=%2Fwp%2Fv2%2Fcomments&post=1991"}],"version-history":[{"count":44,"href":"https:\/\/petrock.pl\/index.php?rest_route=\/wp\/v2\/pages\/1991\/revisions"}],"predecessor-version":[{"id":3886,"href":"https:\/\/petrock.pl\/index.php?rest_route=\/wp\/v2\/pages\/1991\/revisions\/3886"}],"wp:featuredmedia":[{"embeddable":true,"href":"https:\/\/petrock.pl\/index.php?rest_route=\/wp\/v2\/media\/2046"}],"wp:attachment":[{"href":"https:\/\/petrock.pl\/index.php?rest_route=%2Fwp%2Fv2%2Fmedia&parent=1991"}],"curies":[{"name":"wp","href":"https:\/\/api.w.org\/{rel}","templated":true}]}}