{"id":202,"date":"2020-04-13T11:11:39","date_gmt":"2020-04-13T11:11:39","guid":{"rendered":"http:\/\/petrock.pl\/?page_id=202"},"modified":"2023-09-12T15:08:01","modified_gmt":"2023-09-12T13:08:01","slug":"plyty-cd","status":"publish","type":"page","link":"https:\/\/petrock.pl\/?page_id=202","title":{"rendered":"P\u0142yty CD"},"content":{"rendered":"\n<p>Zam\u00f3wienia prosz\u0119 wysy\u0142a\u0107 na adres: <a href=\"mailto:plockascenarockowa@gmail.com\">plockascenarockowa@gmail.com<\/a><\/p>\n\n\n\n<p>Wysy\u0142ka CD, MC, DVD &#8211; 10 PLN<\/p>\n\n\n\n<p>Wysy\u0142ka winyli: 15 PLN<\/p>\n\n\n\n<hr class=\"wp-block-separator has-css-opacity\"\/>\n\n\n\n<div class=\"is-layout-flex wp-container-5 wp-block-columns\">\n<div class=\"is-layout-flow wp-block-column\">\n<figure class=\"is-layout-flex wp-block-gallery-1 wp-block-gallery has-nested-images columns-default is-cropped\">\n<figure class=\"wp-block-image size-large\"><a href=\"http:\/\/petrock.pl\/wp-content\/uploads\/2020\/04\/Black-MAd-Lice-1.jpg\"><img decoding=\"async\" loading=\"lazy\" width=\"960\" height=\"960\" src=\"http:\/\/petrock.pl\/wp-content\/uploads\/2020\/04\/Black-MAd-Lice-1.jpg\" alt=\"\" class=\"wp-image-292\" srcset=\"https:\/\/petrock.pl\/wp-content\/uploads\/2020\/04\/Black-MAd-Lice-1.jpg 960w, https:\/\/petrock.pl\/wp-content\/uploads\/2020\/04\/Black-MAd-Lice-1-300x300.jpg 300w, https:\/\/petrock.pl\/wp-content\/uploads\/2020\/04\/Black-MAd-Lice-1-150x150.jpg 150w, https:\/\/petrock.pl\/wp-content\/uploads\/2020\/04\/Black-MAd-Lice-1-768x768.jpg 768w\" sizes=\"(max-width: 960px) 100vw, 960px\" \/><\/a><\/figure>\n<\/figure>\n<\/div>\n\n\n\n<div class=\"is-layout-flow wp-block-column\">\n<p>Wykonawca: <a rel=\"noreferrer noopener\" href=\"https:\/\/www.facebook.com\/blackmadlice\/\" target=\"_blank\">Black Mad Lice<\/a><\/p>\n\n\n\n<p>Wydawca: w\u0142asne<\/p>\n\n\n\n<p>Tytu\u0142: Divine Touch<\/p>\n\n\n\n<p>Rok wydania: 2016<\/p>\n\n\n\n<p>Liczba no\u015bnik\u00f3w: 1<\/p>\n\n\n\n<p>Rodzaj opakowania: plastik standard<\/p>\n\n\n\n<p>Cena: 25 PLN<\/p>\n\n\n\n<p><a rel=\"noreferrer noopener\" href=\"https:\/\/blackmadlice.bandcamp.com\/?fbclid=IwAR0FxtcB5AIF5wv320MaOXeVcgKxd7Dd66Jt_uqUGRYU2_4Pz0vb0XEVJEU\" target=\"_blank\">do ods\u0142uchu<\/a><\/p>\n<\/div>\n<\/div>\n\n\n\n<hr class=\"wp-block-separator has-css-opacity\"\/>\n\n\n\n<div class=\"is-layout-flex wp-container-10 wp-block-columns\">\n<div class=\"is-layout-flow wp-block-column\">\n<figure class=\"is-layout-flex wp-block-gallery-6 wp-block-gallery has-nested-images columns-default is-cropped\">\n<figure class=\"wp-block-image size-large\"><a href=\"http:\/\/petrock.pl\/wp-content\/uploads\/2020\/04\/Schrottersburg-Melancholia-1.jpg\"><img decoding=\"async\" loading=\"lazy\" width=\"960\" height=\"960\" src=\"http:\/\/petrock.pl\/wp-content\/uploads\/2020\/04\/Schrottersburg-Melancholia-1.jpg\" alt=\"\" class=\"wp-image-222\" srcset=\"https:\/\/petrock.pl\/wp-content\/uploads\/2020\/04\/Schrottersburg-Melancholia-1.jpg 960w, https:\/\/petrock.pl\/wp-content\/uploads\/2020\/04\/Schrottersburg-Melancholia-1-300x300.jpg 300w, https:\/\/petrock.pl\/wp-content\/uploads\/2020\/04\/Schrottersburg-Melancholia-1-150x150.jpg 150w, https:\/\/petrock.pl\/wp-content\/uploads\/2020\/04\/Schrottersburg-Melancholia-1-768x768.jpg 768w\" sizes=\"(max-width: 960px) 100vw, 960px\" \/><\/a><\/figure>\n<\/figure>\n<\/div>\n\n\n\n<div class=\"is-layout-flow wp-block-column\">\n<p class=\"has-small-font-size\">Wykonawca: <a href=\"https:\/\/www.facebook.com\/schrottersburg\/\" target=\"_blank\" rel=\"noreferrer noopener\">Schr\u00f6ttersburg<\/a><\/p>\n\n\n\n<p class=\"has-small-font-size\">Wydawca: <a href=\"https:\/\/www.batcaveproductions.pl\/\" target=\"_blank\" rel=\"noreferrer noopener\">Bat Cave Production<\/a><\/p>\n\n\n\n<p class=\"has-small-font-size\">Tytu\u0142: Melancholia<\/p>\n\n\n\n<p class=\"has-small-font-size\">Rok wydania: 2018<\/p>\n\n\n\n<p class=\"has-small-font-size\">Liczba no\u015bnik\u00f3w: 1<\/p>\n\n\n\n<p class=\"has-small-font-size\">Rodzaj opakowania: Digipack<\/p>\n\n\n\n<p class=\"has-small-font-size\">Cena: 30 PLN<\/p>\n\n\n\n<p><a href=\"https:\/\/schrottersburg.bandcamp.com\/album\/melancholia\" target=\"_blank\" rel=\"noreferrer noopener\">do ods\u0142uchu<\/a><\/p>\n<\/div>\n<\/div>\n\n\n\n<hr class=\"wp-block-separator has-css-opacity\"\/>\n\n\n\n<div class=\"is-layout-flex wp-container-15 wp-block-columns\">\n<div class=\"is-layout-flow wp-block-column\">\n<figure class=\"is-layout-flex wp-block-gallery-11 wp-block-gallery has-nested-images columns-default is-cropped\">\n<figure class=\"wp-block-image size-large\"><a href=\"http:\/\/petrock.pl\/wp-content\/uploads\/2020\/04\/okladka-1.jpg\"><img decoding=\"async\" loading=\"lazy\" width=\"960\" height=\"919\" src=\"http:\/\/petrock.pl\/wp-content\/uploads\/2020\/04\/okladka-1.jpg\" alt=\"\" class=\"wp-image-351\" srcset=\"https:\/\/petrock.pl\/wp-content\/uploads\/2020\/04\/okladka-1.jpg 960w, https:\/\/petrock.pl\/wp-content\/uploads\/2020\/04\/okladka-1-300x287.jpg 300w, https:\/\/petrock.pl\/wp-content\/uploads\/2020\/04\/okladka-1-768x735.jpg 768w\" sizes=\"(max-width: 960px) 100vw, 960px\" \/><\/a><\/figure>\n<\/figure>\n<\/div>\n\n\n\n<div class=\"is-layout-flow wp-block-column\">\n<p>Wykonawca: <a href=\"https:\/\/www.facebook.com\/resztapokolenia\/\" target=\"_blank\" rel=\"noreferrer noopener\">Reszta Pokolenia<\/a><\/p>\n\n\n\n<p>Wydawca: w\u0142asne<\/p>\n\n\n\n<p>Tytu\u0142: Reszta Pokolenia<\/p>\n\n\n\n<p>Rok wydania: 2016<\/p>\n\n\n\n<p>Liczba no\u015bnik\u00f3w: 1<\/p>\n\n\n\n<p>Rodzaj opakowania: plastik standard<\/p>\n\n\n\n<p>Cena: 20 PLN<\/p>\n<\/div>\n<\/div>\n\n\n\n<hr class=\"wp-block-separator has-css-opacity\"\/>\n\n\n\n<div class=\"is-layout-flex wp-container-20 wp-block-columns\">\n<div class=\"is-layout-flow wp-block-column\">\n<figure class=\"is-layout-flex wp-block-gallery-16 wp-block-gallery has-nested-images columns-default is-cropped\">\n<figure class=\"wp-block-image size-large\"><a href=\"http:\/\/petrock.pl\/wp-content\/uploads\/2020\/04\/okladka-Devolution.jpg\"><img decoding=\"async\" loading=\"lazy\" width=\"960\" height=\"960\" src=\"http:\/\/petrock.pl\/wp-content\/uploads\/2020\/04\/okladka-Devolution.jpg\" alt=\"\" class=\"wp-image-352\" srcset=\"https:\/\/petrock.pl\/wp-content\/uploads\/2020\/04\/okladka-Devolution.jpg 960w, https:\/\/petrock.pl\/wp-content\/uploads\/2020\/04\/okladka-Devolution-300x300.jpg 300w, https:\/\/petrock.pl\/wp-content\/uploads\/2020\/04\/okladka-Devolution-150x150.jpg 150w, https:\/\/petrock.pl\/wp-content\/uploads\/2020\/04\/okladka-Devolution-768x768.jpg 768w\" sizes=\"(max-width: 960px) 100vw, 960px\" \/><\/a><\/figure>\n<\/figure>\n\n\n\n<p><\/p>\n<\/div>\n\n\n\n<div class=\"is-layout-flow wp-block-column\">\n<p>Wykonawca: <a href=\"https:\/\/www.facebook.com\/concatenationband\/\" target=\"_blank\" rel=\"noreferrer noopener\">Concatenation<\/a><\/p>\n\n\n\n<p>Wydawca: w\u0142asne<\/p>\n\n\n\n<p>Tytu\u0142: Devolution<\/p>\n\n\n\n<p>Rok wydania: 2019<\/p>\n\n\n\n<p>Liczba no\u015bnik\u00f3w: 1<\/p>\n\n\n\n<p>Rodzaj opakowania: plastik standard<\/p>\n\n\n\n<p>Cena: 20 PLN<\/p>\n\n\n\n<p><a href=\"https:\/\/concatenation.bandcamp.com\/\" target=\"_blank\" rel=\"noreferrer noopener\">do ods\u0142uchu<\/a><\/p>\n<\/div>\n<\/div>\n\n\n\n<hr class=\"wp-block-separator has-css-opacity\"\/>\n\n\n\n<div class=\"is-layout-flex wp-container-25 wp-block-columns\">\n<div class=\"is-layout-flow wp-block-column\" style=\"flex-basis:64%\">\n<figure class=\"is-layout-flex wp-block-gallery-21 wp-block-gallery has-nested-images columns-default is-cropped\">\n<figure class=\"wp-block-image size-large\"><a href=\"http:\/\/petrock.pl\/wp-content\/uploads\/2020\/04\/okladka-UoffP.jpg\"><img decoding=\"async\" loading=\"lazy\" width=\"960\" height=\"515\" src=\"http:\/\/petrock.pl\/wp-content\/uploads\/2020\/04\/okladka-UoffP.jpg\" alt=\"\" class=\"wp-image-358\" srcset=\"https:\/\/petrock.pl\/wp-content\/uploads\/2020\/04\/okladka-UoffP.jpg 960w, https:\/\/petrock.pl\/wp-content\/uploads\/2020\/04\/okladka-UoffP-300x161.jpg 300w, https:\/\/petrock.pl\/wp-content\/uploads\/2020\/04\/okladka-UoffP-768x412.jpg 768w\" sizes=\"(max-width: 960px) 100vw, 960px\" \/><\/a><\/figure>\n<\/figure>\n<\/div>\n\n\n\n<div class=\"is-layout-flow wp-block-column\" style=\"flex-basis:66.66%\">\n<p>Wykonawca: <a href=\"https:\/\/www.facebook.com\/Underground-OFF-P%C5%82ock-896775507109775\/\" target=\"_blank\" rel=\"noreferrer noopener\">Underground OFF P\u0142ock<\/a><\/p>\n\n\n\n<p>Wydawca: w\u0142asne<\/p>\n\n\n\n<p>Tytu\u0142: Sk\u0142adanka z p\u0142ockimi wykonawcami m.in. AQQ, Krojc, Concatenation, Black Mad Lice, Old Crone, Parh, Podw\u00f3rkowi Chuligani, PTR1, Rigor Mortiss, Schrottersburg i inni.<\/p>\n\n\n\n<p>Rok wydania: 2017<\/p>\n\n\n\n<p>Liczba no\u015bnik\u00f3w: 1<\/p>\n\n\n\n<p>Rodzaj opakowania: koperta b\u0105belkowa<\/p>\n\n\n\n<p>Cena: 30 PLN<\/p>\n<\/div>\n<\/div>\n\n\n\n<hr class=\"wp-block-separator has-css-opacity\"\/>\n\n\n\n<div class=\"is-layout-flex wp-container-30 wp-block-columns\">\n<div class=\"is-layout-flow wp-block-column\" style=\"flex-basis:64%\">\n<figure class=\"is-layout-flex wp-block-gallery-26 wp-block-gallery has-nested-images columns-default is-cropped\">\n<figure class=\"wp-block-image size-large\"><a href=\"http:\/\/petrock.pl\/wp-content\/uploads\/2020\/04\/Empty-State-Of-Humanity.jpg\"><img decoding=\"async\" loading=\"lazy\" width=\"518\" height=\"519\" src=\"http:\/\/petrock.pl\/wp-content\/uploads\/2020\/04\/Empty-State-Of-Humanity.jpg\" alt=\"\" class=\"wp-image-365\" srcset=\"https:\/\/petrock.pl\/wp-content\/uploads\/2020\/04\/Empty-State-Of-Humanity.jpg 518w, https:\/\/petrock.pl\/wp-content\/uploads\/2020\/04\/Empty-State-Of-Humanity-300x300.jpg 300w, https:\/\/petrock.pl\/wp-content\/uploads\/2020\/04\/Empty-State-Of-Humanity-150x150.jpg 150w\" sizes=\"(max-width: 518px) 100vw, 518px\" \/><\/a><\/figure>\n<\/figure>\n<\/div>\n\n\n\n<div class=\"is-layout-flow wp-block-column\" style=\"flex-basis:66.66%\">\n<p>Wykonawca: <a href=\"https:\/\/www.facebook.com\/concatenationband\/\" target=\"_blank\" rel=\"noreferrer noopener\">Concatenation<\/a><\/p>\n\n\n\n<p>Wydawca: w\u0142asne<\/p>\n\n\n\n<p>Tytu\u0142: Empty State Of Humanity<\/p>\n\n\n\n<p>Rok wydania: 2015<\/p>\n\n\n\n<p>Liczba no\u015bnik\u00f3w: 1<\/p>\n\n\n\n<p>Rodzaj opakowania: plastik standard<\/p>\n\n\n\n<p>Cena: 10 PLN<\/p>\n\n\n\n<p><a href=\"https:\/\/concatenation.bandcamp.com\/album\/empty-state-of-humanity-ep\" target=\"_blank\" rel=\"noreferrer noopener\">do ods\u0142uchu<\/a><\/p>\n<\/div>\n<\/div>\n\n\n\n<hr class=\"wp-block-separator has-css-opacity\"\/>\n\n\n\n<div class=\"is-layout-flex wp-container-35 wp-block-columns\">\n<div class=\"is-layout-flow wp-block-column\" style=\"flex-basis:64%\">\n<figure class=\"is-layout-flex wp-block-gallery-31 wp-block-gallery has-nested-images columns-default is-cropped\">\n<figure class=\"wp-block-image size-large\"><a href=\"http:\/\/petrock.pl\/wp-content\/uploads\/2020\/04\/okladka-Beyond-the-void.jpg\"><img decoding=\"async\" loading=\"lazy\" width=\"1024\" height=\"1024\" src=\"http:\/\/petrock.pl\/wp-content\/uploads\/2020\/04\/okladka-Beyond-the-void-1024x1024.jpg\" alt=\"\" class=\"wp-image-367\" srcset=\"https:\/\/petrock.pl\/wp-content\/uploads\/2020\/04\/okladka-Beyond-the-void-1024x1024.jpg 1024w, https:\/\/petrock.pl\/wp-content\/uploads\/2020\/04\/okladka-Beyond-the-void-300x300.jpg 300w, https:\/\/petrock.pl\/wp-content\/uploads\/2020\/04\/okladka-Beyond-the-void-150x150.jpg 150w, https:\/\/petrock.pl\/wp-content\/uploads\/2020\/04\/okladka-Beyond-the-void-768x768.jpg 768w, https:\/\/petrock.pl\/wp-content\/uploads\/2020\/04\/okladka-Beyond-the-void.jpg 1200w\" sizes=\"(max-width: 1024px) 100vw, 1024px\" \/><\/a><\/figure>\n<\/figure>\n<\/div>\n\n\n\n<div class=\"is-layout-flow wp-block-column\" style=\"flex-basis:66.66%\">\n<p>Wykonawca: Leshy<\/p>\n\n\n\n<p>Wydawca: w\u0142asne<\/p>\n\n\n\n<p>Tytu\u0142: Beyond The Void<\/p>\n\n\n\n<p>Rok wydania: 2017<\/p>\n\n\n\n<p>Liczba no\u015bnik\u00f3w: 1<\/p>\n\n\n\n<p>Rodzaj opakowania: Digipack<\/p>\n\n\n\n<p>Cena: 20 PLN<\/p>\n\n\n\n<p><a href=\"https:\/\/leshyband.bandcamp.com\/album\/beyond-the-void\" target=\"_blank\" rel=\"noreferrer noopener\">Do ods\u0142uchu<\/a><\/p>\n<\/div>\n<\/div>\n\n\n\n<hr class=\"wp-block-separator has-css-opacity\"\/>\n","protected":false},"excerpt":{"rendered":"<div class=\"mh-excerpt\"><p>Zam\u00f3wienia prosz\u0119 wysy\u0142a\u0107 na adres: plockascenarockowa@gmail.com Wysy\u0142ka CD, MC, DVD &#8211; 10 PLN Wysy\u0142ka winyli: 15 PLN Wykonawca: Black Mad Lice Wydawca: w\u0142asne Tytu\u0142: Divine <a class=\"mh-excerpt-more\" href=\"https:\/\/petrock.pl\/?page_id=202\" title=\"P\u0142yty CD\">[&#8230;]<\/a><\/p>\n<\/div>","protected":false},"author":7,"featured_media":0,"parent":0,"menu_order":0,"comment_status":"closed","ping_status":"closed","template":"","meta":[],"yoast_head":"<!-- This site is optimized with the Yoast SEO plugin v21.1 - https:\/\/yoast.com\/wordpress\/plugins\/seo\/ -->\n<title>P\u0142yty CD - P\u0142ocka Scena Rockowa<\/title>\n<meta name=\"robots\" content=\"index, follow, max-snippet:-1, max-image-preview:large, max-video-preview:-1\" \/>\n<link rel=\"canonical\" href=\"https:\/\/petrock.pl\/?page_id=202\" \/>\n<meta property=\"og:locale\" content=\"pl_PL\" \/>\n<meta property=\"og:type\" content=\"article\" \/>\n<meta property=\"og:title\" content=\"P\u0142yty CD - P\u0142ocka Scena Rockowa\" \/>\n<meta property=\"og:description\" content=\"Zam\u00f3wienia prosz\u0119 wysy\u0142a\u0107 na adres: plockascenarockowa@gmail.com Wysy\u0142ka CD, MC, DVD &#8211; 10 PLN Wysy\u0142ka winyli: 15 PLN Wykonawca: Black Mad Lice Wydawca: w\u0142asne Tytu\u0142: Divine [...]\" \/>\n<meta property=\"og:url\" content=\"https:\/\/petrock.pl\/?page_id=202\" \/>\n<meta property=\"og:site_name\" content=\"P\u0142ocka Scena Rockowa\" \/>\n<meta property=\"article:modified_time\" content=\"2023-09-12T13:08:01+00:00\" \/>\n<meta property=\"og:image\" content=\"http:\/\/petrock.pl\/wp-content\/uploads\/2020\/04\/Black-MAd-Lice-1.jpg\" \/>\n<meta name=\"twitter:card\" content=\"summary_large_image\" \/>\n<meta name=\"twitter:label1\" content=\"Szacowany czas czytania\" \/>\n\t<meta name=\"twitter:data1\" content=\"1 minuta\" \/>\n<script type=\"application\/ld+json\" class=\"yoast-schema-graph\">{\"@context\":\"https:\/\/schema.org\",\"@graph\":[{\"@type\":\"WebPage\",\"@id\":\"https:\/\/petrock.pl\/?page_id=202\",\"url\":\"https:\/\/petrock.pl\/?page_id=202\",\"name\":\"P\u0142yty CD - P\u0142ocka Scena Rockowa\",\"isPartOf\":{\"@id\":\"https:\/\/petrock.pl\/#website\"},\"datePublished\":\"2020-04-13T11:11:39+00:00\",\"dateModified\":\"2023-09-12T13:08:01+00:00\",\"breadcrumb\":{\"@id\":\"https:\/\/petrock.pl\/?page_id=202#breadcrumb\"},\"inLanguage\":\"pl-PL\",\"potentialAction\":[{\"@type\":\"ReadAction\",\"target\":[\"https:\/\/petrock.pl\/?page_id=202\"]}]},{\"@type\":\"BreadcrumbList\",\"@id\":\"https:\/\/petrock.pl\/?page_id=202#breadcrumb\",\"itemListElement\":[{\"@type\":\"ListItem\",\"position\":1,\"name\":\"Strona g\u0142\u00f3wna\",\"item\":\"https:\/\/petrock.pl\/\"},{\"@type\":\"ListItem\",\"position\":2,\"name\":\"P\u0142yty CD\"}]},{\"@type\":\"WebSite\",\"@id\":\"https:\/\/petrock.pl\/#website\",\"url\":\"https:\/\/petrock.pl\/\",\"name\":\"P\u0142ocka Scena Rockowa\",\"description\":\"Wywiady Biografie Koncerty Recenzje\",\"potentialAction\":[{\"@type\":\"SearchAction\",\"target\":{\"@type\":\"EntryPoint\",\"urlTemplate\":\"https:\/\/petrock.pl\/?s={search_term_string}\"},\"query-input\":\"required name=search_term_string\"}],\"inLanguage\":\"pl-PL\"}]}<\/script>\n<!-- \/ Yoast SEO plugin. -->","yoast_head_json":{"title":"P\u0142yty CD - P\u0142ocka Scena Rockowa","robots":{"index":"index","follow":"follow","max-snippet":"max-snippet:-1","max-image-preview":"max-image-preview:large","max-video-preview":"max-video-preview:-1"},"canonical":"https:\/\/petrock.pl\/?page_id=202","og_locale":"pl_PL","og_type":"article","og_title":"P\u0142yty CD - P\u0142ocka Scena Rockowa","og_description":"Zam\u00f3wienia prosz\u0119 wysy\u0142a\u0107 na adres: plockascenarockowa@gmail.com Wysy\u0142ka CD, MC, DVD &#8211; 10 PLN Wysy\u0142ka winyli: 15 PLN Wykonawca: Black Mad Lice Wydawca: w\u0142asne Tytu\u0142: Divine [...]","og_url":"https:\/\/petrock.pl\/?page_id=202","og_site_name":"P\u0142ocka Scena Rockowa","article_modified_time":"2023-09-12T13:08:01+00:00","og_image":[{"url":"http:\/\/petrock.pl\/wp-content\/uploads\/2020\/04\/Black-MAd-Lice-1.jpg"}],"twitter_card":"summary_large_image","twitter_misc":{"Szacowany czas czytania":"1 minuta"},"schema":{"@context":"https:\/\/schema.org","@graph":[{"@type":"WebPage","@id":"https:\/\/petrock.pl\/?page_id=202","url":"https:\/\/petrock.pl\/?page_id=202","name":"P\u0142yty CD - P\u0142ocka Scena Rockowa","isPartOf":{"@id":"https:\/\/petrock.pl\/#website"},"datePublished":"2020-04-13T11:11:39+00:00","dateModified":"2023-09-12T13:08:01+00:00","breadcrumb":{"@id":"https:\/\/petrock.pl\/?page_id=202#breadcrumb"},"inLanguage":"pl-PL","potentialAction":[{"@type":"ReadAction","target":["https:\/\/petrock.pl\/?page_id=202"]}]},{"@type":"BreadcrumbList","@id":"https:\/\/petrock.pl\/?page_id=202#breadcrumb","itemListElement":[{"@type":"ListItem","position":1,"name":"Strona g\u0142\u00f3wna","item":"https:\/\/petrock.pl\/"},{"@type":"ListItem","position":2,"name":"P\u0142yty CD"}]},{"@type":"WebSite","@id":"https:\/\/petrock.pl\/#website","url":"https:\/\/petrock.pl\/","name":"P\u0142ocka Scena Rockowa","description":"Wywiady Biografie Koncerty Recenzje","potentialAction":[{"@type":"SearchAction","target":{"@type":"EntryPoint","urlTemplate":"https:\/\/petrock.pl\/?s={search_term_string}"},"query-input":"required name=search_term_string"}],"inLanguage":"pl-PL"}]}},"_links":{"self":[{"href":"https:\/\/petrock.pl\/index.php?rest_route=\/wp\/v2\/pages\/202"}],"collection":[{"href":"https:\/\/petrock.pl\/index.php?rest_route=\/wp\/v2\/pages"}],"about":[{"href":"https:\/\/petrock.pl\/index.php?rest_route=\/wp\/v2\/types\/page"}],"author":[{"embeddable":true,"href":"https:\/\/petrock.pl\/index.php?rest_route=\/wp\/v2\/users\/7"}],"replies":[{"embeddable":true,"href":"https:\/\/petrock.pl\/index.php?rest_route=%2Fwp%2Fv2%2Fcomments&post=202"}],"version-history":[{"count":35,"href":"https:\/\/petrock.pl\/index.php?rest_route=\/wp\/v2\/pages\/202\/revisions"}],"predecessor-version":[{"id":3896,"href":"https:\/\/petrock.pl\/index.php?rest_route=\/wp\/v2\/pages\/202\/revisions\/3896"}],"wp:attachment":[{"href":"https:\/\/petrock.pl\/index.php?rest_route=%2Fwp%2Fv2%2Fmedia&parent=202"}],"curies":[{"name":"wp","href":"https:\/\/api.w.org\/{rel}","templated":true}]}}