{"id":204,"date":"2020-04-13T11:11:51","date_gmt":"2020-04-13T11:11:51","guid":{"rendered":"http:\/\/petrock.pl\/?page_id=204"},"modified":"2023-09-12T15:08:11","modified_gmt":"2023-09-12T13:08:11","slug":"plyty-dvd","status":"publish","type":"page","link":"https:\/\/petrock.pl\/?page_id=204","title":{"rendered":"P\u0142yty DVD"},"content":{"rendered":"\n<p>Zam\u00f3wienia prosz\u0119 wysy\u0142a\u0107 na adres:&nbsp;<a href=\"mailto:plockascenarockowa@gmail.com\">plockascenarockowa@gmail.com<\/a><\/p>\n\n\n\n<p>Wysy\u0142ka CD, MC, DVD \u2013 10 PLN<\/p>\n\n\n\n<p>Wysy\u0142ka winyli: 15 PLN<\/p>\n\n\n\n<hr class=\"wp-block-separator has-css-opacity\"\/>\n\n\n\n<div class=\"wp-block-media-text alignwide is-stacked-on-mobile\" style=\"grid-template-columns:40% auto\"><figure class=\"wp-block-media-text__media\"><img decoding=\"async\" loading=\"lazy\" width=\"704\" height=\"1024\" src=\"http:\/\/petrock.pl\/wp-content\/uploads\/2020\/04\/20200413_1530421-704x1024.jpeg\" alt=\"\" class=\"wp-image-251 size-full\" srcset=\"https:\/\/petrock.pl\/wp-content\/uploads\/2020\/04\/20200413_1530421-704x1024.jpeg 704w, https:\/\/petrock.pl\/wp-content\/uploads\/2020\/04\/20200413_1530421-206x300.jpeg 206w, https:\/\/petrock.pl\/wp-content\/uploads\/2020\/04\/20200413_1530421-768x1118.jpeg 768w, https:\/\/petrock.pl\/wp-content\/uploads\/2020\/04\/20200413_1530421-1056x1536.jpeg 1056w, https:\/\/petrock.pl\/wp-content\/uploads\/2020\/04\/20200413_1530421-1407x2048.jpeg 1407w, https:\/\/petrock.pl\/wp-content\/uploads\/2020\/04\/20200413_1530421.jpeg 1729w\" sizes=\"(max-width: 704px) 100vw, 704px\" \/><\/figure><div class=\"wp-block-media-text__content\">\n<p>Wykonawca: <strong>5. Urodziny Necro Crew<\/strong> &#8211; <a rel=\"noreferrer noopener\" href=\"https:\/\/www.facebook.com\/ataudmuerte\/\" target=\"_blank\">Ataud<\/a>, <a rel=\"noreferrer noopener\" href=\"https:\/\/www.facebook.com\/concatenationband\/\" target=\"_blank\">Concatenation<\/a>, <a href=\"https:\/\/www.facebook.com\/ZACHLAPANYSZCZYPIOR\/\" target=\"_blank\" rel=\"noreferrer noopener\">Zachlapany Szczypior<\/a><\/p>\n\n\n\n<p>Wydawca:&nbsp;<a href=\"https:\/\/www.facebook.com\/ZERO-JEDEN-Rec-1051262898392338\/\" target=\"_blank\" rel=\"noreferrer noopener\">Zero Jeden Rec.<\/a><\/p>\n\n\n\n<p>Tytu\u0142: 5. Urodziny Necro Crew<\/p>\n\n\n\n<p>Rok wydania: 2019<\/p>\n\n\n\n<p>Liczba no\u015bnik\u00f3w: 2<\/p>\n\n\n\n<p>Cena: 30 PLN<\/p>\n\n\n\n<p><\/p>\n<\/div><\/div>\n\n\n\n<hr class=\"wp-block-separator has-css-opacity\"\/>\n\n\n\n<div class=\"wp-block-media-text alignwide is-stacked-on-mobile\" style=\"grid-template-columns:40% auto\"><figure class=\"wp-block-media-text__media\"><img decoding=\"async\" loading=\"lazy\" width=\"659\" height=\"1024\" src=\"http:\/\/petrock.pl\/wp-content\/uploads\/2020\/04\/20200413_1530591-659x1024.jpeg\" alt=\"\" class=\"wp-image-255 size-full\" srcset=\"https:\/\/petrock.pl\/wp-content\/uploads\/2020\/04\/20200413_1530591-659x1024.jpeg 659w, https:\/\/petrock.pl\/wp-content\/uploads\/2020\/04\/20200413_1530591-193x300.jpeg 193w, https:\/\/petrock.pl\/wp-content\/uploads\/2020\/04\/20200413_1530591-768x1193.jpeg 768w, https:\/\/petrock.pl\/wp-content\/uploads\/2020\/04\/20200413_1530591-989x1536.jpeg 989w, https:\/\/petrock.pl\/wp-content\/uploads\/2020\/04\/20200413_1530591-1319x2048.jpeg 1319w, https:\/\/petrock.pl\/wp-content\/uploads\/2020\/04\/20200413_1530591-scaled.jpeg 1648w\" sizes=\"(max-width: 659px) 100vw, 659px\" \/><\/figure><div class=\"wp-block-media-text__content\">\n<p>Wykonawca: <a href=\"https:\/\/www.facebook.com\/theoldcroneband\/\">The Old Crone<\/a><\/p>\n\n\n\n<p>Wydawca:&nbsp;<a href=\"https:\/\/www.facebook.com\/ZERO-JEDEN-Rec-1051262898392338\/\" target=\"_blank\" rel=\"noreferrer noopener\">Zero Jeden Rec.<\/a><\/p>\n\n\n\n<p>Tytu\u0142: Koncert w Rock&#8217;69 &#8211; 22.02.2019<\/p>\n\n\n\n<p>Rok wydania: 2019<\/p>\n\n\n\n<p>Liczba no\u015bnik\u00f3w: 1<\/p>\n\n\n\n<p>Cena: 20 PLN<\/p>\n<\/div><\/div>\n\n\n\n<hr class=\"wp-block-separator has-css-opacity\"\/>\n\n\n\n<div class=\"wp-block-media-text alignwide is-stacked-on-mobile\" style=\"grid-template-columns:40% auto\"><figure class=\"wp-block-media-text__media\"><img decoding=\"async\" loading=\"lazy\" width=\"698\" height=\"1024\" src=\"http:\/\/petrock.pl\/wp-content\/uploads\/2020\/04\/20200413_1531101-698x1024.jpeg\" alt=\"\" class=\"wp-image-257 size-full\" srcset=\"https:\/\/petrock.pl\/wp-content\/uploads\/2020\/04\/20200413_1531101-698x1024.jpeg 698w, https:\/\/petrock.pl\/wp-content\/uploads\/2020\/04\/20200413_1531101-205x300.jpeg 205w, https:\/\/petrock.pl\/wp-content\/uploads\/2020\/04\/20200413_1531101-768x1126.jpeg 768w, https:\/\/petrock.pl\/wp-content\/uploads\/2020\/04\/20200413_1531101-1048x1536.jpeg 1048w, https:\/\/petrock.pl\/wp-content\/uploads\/2020\/04\/20200413_1531101-1397x2048.jpeg 1397w, https:\/\/petrock.pl\/wp-content\/uploads\/2020\/04\/20200413_1531101.jpeg 1675w\" sizes=\"(max-width: 698px) 100vw, 698px\" \/><\/figure><div class=\"wp-block-media-text__content\">\n<p>Wykonawca: <a href=\"https:\/\/www.facebook.com\/piotrdabrowskimusic\/?__tn__=%2Cd%2CP-R&amp;eid=ARCM1VpsoCIjqrDLzX2SKNbwci3cCmuIxNn7LbfOP0bkeMYXY5E3HY_0Zd02E1Y-wZiGH05ZJUy88_B1\" target=\"_blank\" rel=\"noreferrer noopener\">Ubiel<\/a><\/p>\n\n\n\n<p>Wydawca:&nbsp;<a href=\"https:\/\/www.facebook.com\/ZERO-JEDEN-Rec-1051262898392338\/\" target=\"_blank\" rel=\"noreferrer noopener\">Zero Jeden Rec.<\/a><\/p>\n\n\n\n<p>Tytu\u0142: Koncert w P\u0142ockiej Galerii Sztuki, 27.04.2019<\/p>\n\n\n\n<p>Rok wydania: 2019<\/p>\n\n\n\n<p>Liczba no\u015bnik\u00f3w: 1<\/p>\n\n\n\n<p>Cena: 20 PLN<\/p>\n<\/div><\/div>\n","protected":false},"excerpt":{"rendered":"<div class=\"mh-excerpt\"><p>Zam\u00f3wienia prosz\u0119 wysy\u0142a\u0107 na adres:&nbsp;plockascenarockowa@gmail.com Wysy\u0142ka CD, MC, DVD \u2013 10 PLN Wysy\u0142ka winyli: 15 PLN Wykonawca: 5. Urodziny Necro Crew &#8211; Ataud, Concatenation, Zachlapany <a class=\"mh-excerpt-more\" href=\"https:\/\/petrock.pl\/?page_id=204\" title=\"P\u0142yty DVD\">[&#8230;]<\/a><\/p>\n<\/div>","protected":false},"author":7,"featured_media":0,"parent":0,"menu_order":0,"comment_status":"closed","ping_status":"closed","template":"","meta":[],"yoast_head":"<!-- This site is optimized with the Yoast SEO plugin v21.1 - https:\/\/yoast.com\/wordpress\/plugins\/seo\/ -->\n<title>P\u0142yty DVD - P\u0142ocka Scena Rockowa<\/title>\n<meta name=\"robots\" content=\"index, follow, max-snippet:-1, max-image-preview:large, max-video-preview:-1\" \/>\n<link rel=\"canonical\" href=\"https:\/\/petrock.pl\/?page_id=204\" \/>\n<meta property=\"og:locale\" content=\"pl_PL\" \/>\n<meta property=\"og:type\" content=\"article\" \/>\n<meta property=\"og:title\" content=\"P\u0142yty DVD - P\u0142ocka Scena Rockowa\" \/>\n<meta property=\"og:description\" content=\"Zam\u00f3wienia prosz\u0119 wysy\u0142a\u0107 na adres:&nbsp;plockascenarockowa@gmail.com Wysy\u0142ka CD, MC, DVD \u2013 10 PLN Wysy\u0142ka winyli: 15 PLN Wykonawca: 5. Urodziny Necro Crew &#8211; Ataud, Concatenation, Zachlapany [...]\" \/>\n<meta property=\"og:url\" content=\"https:\/\/petrock.pl\/?page_id=204\" \/>\n<meta property=\"og:site_name\" content=\"P\u0142ocka Scena Rockowa\" \/>\n<meta property=\"article:modified_time\" content=\"2023-09-12T13:08:11+00:00\" \/>\n<meta property=\"og:image\" content=\"http:\/\/petrock.pl\/wp-content\/uploads\/2020\/04\/20200413_1530421-704x1024.jpeg\" \/>\n<meta name=\"twitter:card\" content=\"summary_large_image\" \/>\n<script type=\"application\/ld+json\" class=\"yoast-schema-graph\">{\"@context\":\"https:\/\/schema.org\",\"@graph\":[{\"@type\":\"WebPage\",\"@id\":\"https:\/\/petrock.pl\/?page_id=204\",\"url\":\"https:\/\/petrock.pl\/?page_id=204\",\"name\":\"P\u0142yty DVD - P\u0142ocka Scena Rockowa\",\"isPartOf\":{\"@id\":\"https:\/\/petrock.pl\/#website\"},\"datePublished\":\"2020-04-13T11:11:51+00:00\",\"dateModified\":\"2023-09-12T13:08:11+00:00\",\"breadcrumb\":{\"@id\":\"https:\/\/petrock.pl\/?page_id=204#breadcrumb\"},\"inLanguage\":\"pl-PL\",\"potentialAction\":[{\"@type\":\"ReadAction\",\"target\":[\"https:\/\/petrock.pl\/?page_id=204\"]}]},{\"@type\":\"BreadcrumbList\",\"@id\":\"https:\/\/petrock.pl\/?page_id=204#breadcrumb\",\"itemListElement\":[{\"@type\":\"ListItem\",\"position\":1,\"name\":\"Strona g\u0142\u00f3wna\",\"item\":\"https:\/\/petrock.pl\/\"},{\"@type\":\"ListItem\",\"position\":2,\"name\":\"P\u0142yty DVD\"}]},{\"@type\":\"WebSite\",\"@id\":\"https:\/\/petrock.pl\/#website\",\"url\":\"https:\/\/petrock.pl\/\",\"name\":\"P\u0142ocka Scena Rockowa\",\"description\":\"Wywiady Biografie Koncerty Recenzje\",\"potentialAction\":[{\"@type\":\"SearchAction\",\"target\":{\"@type\":\"EntryPoint\",\"urlTemplate\":\"https:\/\/petrock.pl\/?s={search_term_string}\"},\"query-input\":\"required name=search_term_string\"}],\"inLanguage\":\"pl-PL\"}]}<\/script>\n<!-- \/ Yoast SEO plugin. -->","yoast_head_json":{"title":"P\u0142yty DVD - P\u0142ocka Scena Rockowa","robots":{"index":"index","follow":"follow","max-snippet":"max-snippet:-1","max-image-preview":"max-image-preview:large","max-video-preview":"max-video-preview:-1"},"canonical":"https:\/\/petrock.pl\/?page_id=204","og_locale":"pl_PL","og_type":"article","og_title":"P\u0142yty DVD - P\u0142ocka Scena Rockowa","og_description":"Zam\u00f3wienia prosz\u0119 wysy\u0142a\u0107 na adres:&nbsp;plockascenarockowa@gmail.com Wysy\u0142ka CD, MC, DVD \u2013 10 PLN Wysy\u0142ka winyli: 15 PLN Wykonawca: 5. Urodziny Necro Crew &#8211; Ataud, Concatenation, Zachlapany [...]","og_url":"https:\/\/petrock.pl\/?page_id=204","og_site_name":"P\u0142ocka Scena Rockowa","article_modified_time":"2023-09-12T13:08:11+00:00","og_image":[{"url":"http:\/\/petrock.pl\/wp-content\/uploads\/2020\/04\/20200413_1530421-704x1024.jpeg"}],"twitter_card":"summary_large_image","schema":{"@context":"https:\/\/schema.org","@graph":[{"@type":"WebPage","@id":"https:\/\/petrock.pl\/?page_id=204","url":"https:\/\/petrock.pl\/?page_id=204","name":"P\u0142yty DVD - P\u0142ocka Scena Rockowa","isPartOf":{"@id":"https:\/\/petrock.pl\/#website"},"datePublished":"2020-04-13T11:11:51+00:00","dateModified":"2023-09-12T13:08:11+00:00","breadcrumb":{"@id":"https:\/\/petrock.pl\/?page_id=204#breadcrumb"},"inLanguage":"pl-PL","potentialAction":[{"@type":"ReadAction","target":["https:\/\/petrock.pl\/?page_id=204"]}]},{"@type":"BreadcrumbList","@id":"https:\/\/petrock.pl\/?page_id=204#breadcrumb","itemListElement":[{"@type":"ListItem","position":1,"name":"Strona g\u0142\u00f3wna","item":"https:\/\/petrock.pl\/"},{"@type":"ListItem","position":2,"name":"P\u0142yty DVD"}]},{"@type":"WebSite","@id":"https:\/\/petrock.pl\/#website","url":"https:\/\/petrock.pl\/","name":"P\u0142ocka Scena Rockowa","description":"Wywiady Biografie Koncerty Recenzje","potentialAction":[{"@type":"SearchAction","target":{"@type":"EntryPoint","urlTemplate":"https:\/\/petrock.pl\/?s={search_term_string}"},"query-input":"required name=search_term_string"}],"inLanguage":"pl-PL"}]}},"_links":{"self":[{"href":"https:\/\/petrock.pl\/index.php?rest_route=\/wp\/v2\/pages\/204"}],"collection":[{"href":"https:\/\/petrock.pl\/index.php?rest_route=\/wp\/v2\/pages"}],"about":[{"href":"https:\/\/petrock.pl\/index.php?rest_route=\/wp\/v2\/types\/page"}],"author":[{"embeddable":true,"href":"https:\/\/petrock.pl\/index.php?rest_route=\/wp\/v2\/users\/7"}],"replies":[{"embeddable":true,"href":"https:\/\/petrock.pl\/index.php?rest_route=%2Fwp%2Fv2%2Fcomments&post=204"}],"version-history":[{"count":16,"href":"https:\/\/petrock.pl\/index.php?rest_route=\/wp\/v2\/pages\/204\/revisions"}],"predecessor-version":[{"id":3897,"href":"https:\/\/petrock.pl\/index.php?rest_route=\/wp\/v2\/pages\/204\/revisions\/3897"}],"wp:attachment":[{"href":"https:\/\/petrock.pl\/index.php?rest_route=%2Fwp%2Fv2%2Fmedia&parent=204"}],"curies":[{"name":"wp","href":"https:\/\/api.w.org\/{rel}","templated":true}]}}