{"id":212,"date":"2020-04-13T11:13:42","date_gmt":"2020-04-13T11:13:42","guid":{"rendered":"http:\/\/petrock.pl\/?page_id=212"},"modified":"2023-09-12T15:10:01","modified_gmt":"2023-09-12T13:10:01","slug":"winyle","status":"publish","type":"page","link":"https:\/\/petrock.pl\/?page_id=212","title":{"rendered":"Winyle"},"content":{"rendered":"\n<p>Zam\u00f3wienia prosz\u0119 wysy\u0142a\u0107 na adres:&nbsp;<a href=\"mailto:plockascenarockowa@gmail.com\">plockascenarockowa@gmail.com<\/a><\/p>\n\n\n\n<p>Wysy\u0142ka CD, MC, DVD \u2013 10 PLN<\/p>\n\n\n\n<p>Wysy\u0142ka winyli: 15 PLN<\/p>\n\n\n\n<hr class=\"wp-block-separator has-css-opacity\"\/>\n\n\n\n<div class=\"is-layout-flex wp-container-5 wp-block-columns\">\n<div class=\"is-layout-flow wp-block-column\" style=\"flex-basis:64%\">\n<figure class=\"is-layout-flex wp-block-gallery-1 wp-block-gallery has-nested-images columns-default is-cropped\">\n<figure class=\"wp-block-image size-large\"><img decoding=\"async\" loading=\"lazy\" width=\"960\" height=\"872\" src=\"http:\/\/petrock.pl\/wp-content\/uploads\/2020\/04\/cia\u0142o.jpg\" alt=\"\" class=\"wp-image-386\" srcset=\"https:\/\/petrock.pl\/wp-content\/uploads\/2020\/04\/cia\u0142o.jpg 960w, https:\/\/petrock.pl\/wp-content\/uploads\/2020\/04\/cia\u0142o-300x273.jpg 300w, https:\/\/petrock.pl\/wp-content\/uploads\/2020\/04\/cia\u0142o-768x698.jpg 768w\" sizes=\"(max-width: 960px) 100vw, 960px\" \/><\/figure>\n<\/figure>\n<\/div>\n\n\n\n<div class=\"is-layout-flow wp-block-column\" style=\"flex-basis:66.66%\">\n<p>Wykonawca:&nbsp;<a href=\"https:\/\/www.facebook.com\/schrottersburg\/\" target=\"_blank\" rel=\"noreferrer noopener\">Schr\u00f6ttersburg<\/a><\/p>\n\n\n\n<p>Wydawca: <a rel=\"noreferrer noopener\" href=\"https:\/\/www.facebook.com\/oldskullwarsaw\/\" target=\"_blank\">Old Skull Records<\/a>, <a href=\"https:\/\/www.facebook.com\/ExtinctionRecords\/\" target=\"_blank\" rel=\"noreferrer noopener\">Extinction Records<\/a><\/p>\n\n\n\n<p>Tytu\u0142: Cia\u0142o<\/p>\n\n\n\n<p>Rok wydania: 2016<\/p>\n\n\n\n<p>Liczba no\u015bnik\u00f3w: 1<\/p>\n\n\n\n<p>Cena: 50 PLN<\/p>\n\n\n\n<p><a rel=\"noreferrer noopener\" href=\"https:\/\/schrottersburg.bandcamp.com\/album\/melancholia\" target=\"_blank\">do <\/a><a href=\"https:\/\/schrottersburg.bandcamp.com\/album\/cia-o\" target=\"_blank\" rel=\"noreferrer noopener\">ods\u0142uchu<\/a><\/p>\n<\/div>\n<\/div>\n","protected":false},"excerpt":{"rendered":"<div class=\"mh-excerpt\"><p>Zam\u00f3wienia prosz\u0119 wysy\u0142a\u0107 na adres:&nbsp;plockascenarockowa@gmail.com Wysy\u0142ka CD, MC, DVD \u2013 10 PLN Wysy\u0142ka winyli: 15 PLN Wykonawca:&nbsp;Schr\u00f6ttersburg Wydawca: Old Skull Records, Extinction Records Tytu\u0142: Cia\u0142o <a class=\"mh-excerpt-more\" href=\"https:\/\/petrock.pl\/?page_id=212\" title=\"Winyle\">[&#8230;]<\/a><\/p>\n<\/div>","protected":false},"author":7,"featured_media":0,"parent":0,"menu_order":0,"comment_status":"closed","ping_status":"closed","template":"","meta":[],"yoast_head":"<!-- This site is optimized with the Yoast SEO plugin v21.1 - https:\/\/yoast.com\/wordpress\/plugins\/seo\/ -->\n<title>Winyle - P\u0142ocka Scena Rockowa<\/title>\n<meta name=\"robots\" content=\"index, follow, max-snippet:-1, max-image-preview:large, max-video-preview:-1\" \/>\n<link rel=\"canonical\" href=\"https:\/\/petrock.pl\/?page_id=212\" \/>\n<meta property=\"og:locale\" content=\"pl_PL\" \/>\n<meta property=\"og:type\" content=\"article\" \/>\n<meta property=\"og:title\" content=\"Winyle - P\u0142ocka Scena Rockowa\" \/>\n<meta property=\"og:description\" content=\"Zam\u00f3wienia prosz\u0119 wysy\u0142a\u0107 na adres:&nbsp;plockascenarockowa@gmail.com Wysy\u0142ka CD, MC, DVD \u2013 10 PLN Wysy\u0142ka winyli: 15 PLN Wykonawca:&nbsp;Schr\u00f6ttersburg Wydawca: Old Skull Records, Extinction Records Tytu\u0142: Cia\u0142o [...]\" \/>\n<meta property=\"og:url\" content=\"https:\/\/petrock.pl\/?page_id=212\" \/>\n<meta property=\"og:site_name\" content=\"P\u0142ocka Scena Rockowa\" \/>\n<meta property=\"article:modified_time\" content=\"2023-09-12T13:10:01+00:00\" \/>\n<meta name=\"twitter:card\" content=\"summary_large_image\" \/>\n<script type=\"application\/ld+json\" class=\"yoast-schema-graph\">{\"@context\":\"https:\/\/schema.org\",\"@graph\":[{\"@type\":\"WebPage\",\"@id\":\"https:\/\/petrock.pl\/?page_id=212\",\"url\":\"https:\/\/petrock.pl\/?page_id=212\",\"name\":\"Winyle - P\u0142ocka Scena Rockowa\",\"isPartOf\":{\"@id\":\"https:\/\/petrock.pl\/#website\"},\"datePublished\":\"2020-04-13T11:13:42+00:00\",\"dateModified\":\"2023-09-12T13:10:01+00:00\",\"breadcrumb\":{\"@id\":\"https:\/\/petrock.pl\/?page_id=212#breadcrumb\"},\"inLanguage\":\"pl-PL\",\"potentialAction\":[{\"@type\":\"ReadAction\",\"target\":[\"https:\/\/petrock.pl\/?page_id=212\"]}]},{\"@type\":\"BreadcrumbList\",\"@id\":\"https:\/\/petrock.pl\/?page_id=212#breadcrumb\",\"itemListElement\":[{\"@type\":\"ListItem\",\"position\":1,\"name\":\"Strona g\u0142\u00f3wna\",\"item\":\"https:\/\/petrock.pl\/\"},{\"@type\":\"ListItem\",\"position\":2,\"name\":\"Winyle\"}]},{\"@type\":\"WebSite\",\"@id\":\"https:\/\/petrock.pl\/#website\",\"url\":\"https:\/\/petrock.pl\/\",\"name\":\"P\u0142ocka Scena Rockowa\",\"description\":\"Wywiady Biografie Koncerty Recenzje\",\"potentialAction\":[{\"@type\":\"SearchAction\",\"target\":{\"@type\":\"EntryPoint\",\"urlTemplate\":\"https:\/\/petrock.pl\/?s={search_term_string}\"},\"query-input\":\"required name=search_term_string\"}],\"inLanguage\":\"pl-PL\"}]}<\/script>\n<!-- \/ Yoast SEO plugin. -->","yoast_head_json":{"title":"Winyle - P\u0142ocka Scena Rockowa","robots":{"index":"index","follow":"follow","max-snippet":"max-snippet:-1","max-image-preview":"max-image-preview:large","max-video-preview":"max-video-preview:-1"},"canonical":"https:\/\/petrock.pl\/?page_id=212","og_locale":"pl_PL","og_type":"article","og_title":"Winyle - P\u0142ocka Scena Rockowa","og_description":"Zam\u00f3wienia prosz\u0119 wysy\u0142a\u0107 na adres:&nbsp;plockascenarockowa@gmail.com Wysy\u0142ka CD, MC, DVD \u2013 10 PLN Wysy\u0142ka winyli: 15 PLN Wykonawca:&nbsp;Schr\u00f6ttersburg Wydawca: Old Skull Records, Extinction Records Tytu\u0142: Cia\u0142o [...]","og_url":"https:\/\/petrock.pl\/?page_id=212","og_site_name":"P\u0142ocka Scena Rockowa","article_modified_time":"2023-09-12T13:10:01+00:00","twitter_card":"summary_large_image","schema":{"@context":"https:\/\/schema.org","@graph":[{"@type":"WebPage","@id":"https:\/\/petrock.pl\/?page_id=212","url":"https:\/\/petrock.pl\/?page_id=212","name":"Winyle - P\u0142ocka Scena Rockowa","isPartOf":{"@id":"https:\/\/petrock.pl\/#website"},"datePublished":"2020-04-13T11:13:42+00:00","dateModified":"2023-09-12T13:10:01+00:00","breadcrumb":{"@id":"https:\/\/petrock.pl\/?page_id=212#breadcrumb"},"inLanguage":"pl-PL","potentialAction":[{"@type":"ReadAction","target":["https:\/\/petrock.pl\/?page_id=212"]}]},{"@type":"BreadcrumbList","@id":"https:\/\/petrock.pl\/?page_id=212#breadcrumb","itemListElement":[{"@type":"ListItem","position":1,"name":"Strona g\u0142\u00f3wna","item":"https:\/\/petrock.pl\/"},{"@type":"ListItem","position":2,"name":"Winyle"}]},{"@type":"WebSite","@id":"https:\/\/petrock.pl\/#website","url":"https:\/\/petrock.pl\/","name":"P\u0142ocka Scena Rockowa","description":"Wywiady Biografie Koncerty Recenzje","potentialAction":[{"@type":"SearchAction","target":{"@type":"EntryPoint","urlTemplate":"https:\/\/petrock.pl\/?s={search_term_string}"},"query-input":"required name=search_term_string"}],"inLanguage":"pl-PL"}]}},"_links":{"self":[{"href":"https:\/\/petrock.pl\/index.php?rest_route=\/wp\/v2\/pages\/212"}],"collection":[{"href":"https:\/\/petrock.pl\/index.php?rest_route=\/wp\/v2\/pages"}],"about":[{"href":"https:\/\/petrock.pl\/index.php?rest_route=\/wp\/v2\/types\/page"}],"author":[{"embeddable":true,"href":"https:\/\/petrock.pl\/index.php?rest_route=\/wp\/v2\/users\/7"}],"replies":[{"embeddable":true,"href":"https:\/\/petrock.pl\/index.php?rest_route=%2Fwp%2Fv2%2Fcomments&post=212"}],"version-history":[{"count":7,"href":"https:\/\/petrock.pl\/index.php?rest_route=\/wp\/v2\/pages\/212\/revisions"}],"predecessor-version":[{"id":3899,"href":"https:\/\/petrock.pl\/index.php?rest_route=\/wp\/v2\/pages\/212\/revisions\/3899"}],"wp:attachment":[{"href":"https:\/\/petrock.pl\/index.php?rest_route=%2Fwp%2Fv2%2Fmedia&parent=212"}],"curies":[{"name":"wp","href":"https:\/\/api.w.org\/{rel}","templated":true}]}}