{"id":2250,"date":"2021-01-25T11:24:36","date_gmt":"2021-01-25T09:24:36","guid":{"rendered":"http:\/\/petrock.pl\/?page_id=2250"},"modified":"2023-09-12T15:05:21","modified_gmt":"2023-09-12T13:05:21","slug":"cross-side","status":"publish","type":"page","link":"https:\/\/petrock.pl\/?page_id=2250","title":{"rendered":"Cross Side"},"content":{"rendered":"\n<div class=\"is-layout-flex wp-container-3 wp-block-columns\">\n<div class=\"is-layout-flow wp-block-column\" style=\"flex-basis:33.33%\">\n<figure class=\"wp-block-image size-large is-style-default\"><a href=\"http:\/\/petrock.pl\/wp-content\/uploads\/2021\/01\/cross-side.jpg\"><img decoding=\"async\" loading=\"lazy\" width=\"1024\" height=\"901\" src=\"http:\/\/petrock.pl\/wp-content\/uploads\/2021\/01\/cross-side-1024x901.jpg\" alt=\"\" class=\"wp-image-2253\" srcset=\"https:\/\/petrock.pl\/wp-content\/uploads\/2021\/01\/cross-side-1024x901.jpg 1024w, https:\/\/petrock.pl\/wp-content\/uploads\/2021\/01\/cross-side-300x264.jpg 300w, https:\/\/petrock.pl\/wp-content\/uploads\/2021\/01\/cross-side-768x675.jpg 768w, https:\/\/petrock.pl\/wp-content\/uploads\/2021\/01\/cross-side.jpg 1154w\" sizes=\"(max-width: 1024px) 100vw, 1024px\" \/><\/a><\/figure>\n\n\n\n<figure class=\"wp-block-image size-large is-style-default\"><a href=\"http:\/\/petrock.pl\/wp-content\/uploads\/2021\/01\/12.12.2004-Rock69-1.jpg\"><img decoding=\"async\" loading=\"lazy\" width=\"1024\" height=\"773\" src=\"http:\/\/petrock.pl\/wp-content\/uploads\/2021\/01\/12.12.2004-Rock69-1-1024x773.jpg\" alt=\"\" class=\"wp-image-2255\" srcset=\"https:\/\/petrock.pl\/wp-content\/uploads\/2021\/01\/12.12.2004-Rock69-1-1024x773.jpg 1024w, https:\/\/petrock.pl\/wp-content\/uploads\/2021\/01\/12.12.2004-Rock69-1-300x226.jpg 300w, https:\/\/petrock.pl\/wp-content\/uploads\/2021\/01\/12.12.2004-Rock69-1-768x580.jpg 768w, https:\/\/petrock.pl\/wp-content\/uploads\/2021\/01\/12.12.2004-Rock69-1-1536x1160.jpg 1536w, https:\/\/petrock.pl\/wp-content\/uploads\/2021\/01\/12.12.2004-Rock69-1-326x245.jpg 326w, https:\/\/petrock.pl\/wp-content\/uploads\/2021\/01\/12.12.2004-Rock69-1-80x60.jpg 80w, https:\/\/petrock.pl\/wp-content\/uploads\/2021\/01\/12.12.2004-Rock69-1.jpg 1632w\" sizes=\"(max-width: 1024px) 100vw, 1024px\" \/><\/a><figcaption class=\"wp-element-caption\"><em>Cross Side (12.12.2004 Rock&#8217;69), fot. Krzysztof &#8220;Fredek&#8221; Jankowski<\/em><\/figcaption><\/figure>\n\n\n\n<figure class=\"wp-block-image size-large is-style-default\"><a href=\"http:\/\/petrock.pl\/wp-content\/uploads\/2021\/01\/Rockowe-Ogr\u00f3dki-29.07.2005.jpg\"><img decoding=\"async\" loading=\"lazy\" width=\"1024\" height=\"766\" src=\"http:\/\/petrock.pl\/wp-content\/uploads\/2021\/01\/Rockowe-Ogr\u00f3dki-29.07.2005-1024x766.jpg\" alt=\"\" class=\"wp-image-2258\" srcset=\"https:\/\/petrock.pl\/wp-content\/uploads\/2021\/01\/Rockowe-Ogr\u00f3dki-29.07.2005-1024x766.jpg 1024w, https:\/\/petrock.pl\/wp-content\/uploads\/2021\/01\/Rockowe-Ogr\u00f3dki-29.07.2005-300x224.jpg 300w, https:\/\/petrock.pl\/wp-content\/uploads\/2021\/01\/Rockowe-Ogr\u00f3dki-29.07.2005-768x575.jpg 768w, https:\/\/petrock.pl\/wp-content\/uploads\/2021\/01\/Rockowe-Ogr\u00f3dki-29.07.2005-1536x1149.jpg 1536w, https:\/\/petrock.pl\/wp-content\/uploads\/2021\/01\/Rockowe-Ogr\u00f3dki-29.07.2005-2048x1532.jpg 2048w, https:\/\/petrock.pl\/wp-content\/uploads\/2021\/01\/Rockowe-Ogr\u00f3dki-29.07.2005-326x245.jpg 326w, https:\/\/petrock.pl\/wp-content\/uploads\/2021\/01\/Rockowe-Ogr\u00f3dki-29.07.2005-80x60.jpg 80w\" sizes=\"(max-width: 1024px) 100vw, 1024px\" \/><\/a><figcaption class=\"wp-element-caption\"><em>Cross Side (29.07.2005), fot.  Krzysztof &#8220;Fredek&#8221; Jankowski<\/em><\/figcaption><\/figure>\n\n\n\n<figure class=\"wp-block-image size-large is-style-default\"><a href=\"http:\/\/petrock.pl\/wp-content\/uploads\/2021\/01\/12.12.2004-rOCK69.jpg\"><img decoding=\"async\" loading=\"lazy\" width=\"1024\" height=\"773\" src=\"http:\/\/petrock.pl\/wp-content\/uploads\/2021\/01\/12.12.2004-rOCK69-1024x773.jpg\" alt=\"\" class=\"wp-image-2260\" srcset=\"https:\/\/petrock.pl\/wp-content\/uploads\/2021\/01\/12.12.2004-rOCK69-1024x773.jpg 1024w, https:\/\/petrock.pl\/wp-content\/uploads\/2021\/01\/12.12.2004-rOCK69-300x226.jpg 300w, https:\/\/petrock.pl\/wp-content\/uploads\/2021\/01\/12.12.2004-rOCK69-768x580.jpg 768w, https:\/\/petrock.pl\/wp-content\/uploads\/2021\/01\/12.12.2004-rOCK69-1536x1160.jpg 1536w, https:\/\/petrock.pl\/wp-content\/uploads\/2021\/01\/12.12.2004-rOCK69-326x245.jpg 326w, https:\/\/petrock.pl\/wp-content\/uploads\/2021\/01\/12.12.2004-rOCK69-80x60.jpg 80w, https:\/\/petrock.pl\/wp-content\/uploads\/2021\/01\/12.12.2004-rOCK69.jpg 1632w\" sizes=\"(max-width: 1024px) 100vw, 1024px\" \/><\/a><figcaption class=\"wp-element-caption\"><em>Cross Side (12.12.2004, Rock&#8217;69), fot. Krzysztof &#8220;Fredek&#8221; Jankowski<\/em><\/figcaption><\/figure>\n\n\n\n<figure class=\"wp-block-image size-large is-style-default\"><a href=\"http:\/\/petrock.pl\/wp-content\/uploads\/2021\/01\/28.08.2004-Grodzki-4.jpg\"><img decoding=\"async\" loading=\"lazy\" width=\"1024\" height=\"773\" src=\"http:\/\/petrock.pl\/wp-content\/uploads\/2021\/01\/28.08.2004-Grodzki-4-1024x773.jpg\" alt=\"\" class=\"wp-image-2262\" srcset=\"https:\/\/petrock.pl\/wp-content\/uploads\/2021\/01\/28.08.2004-Grodzki-4-1024x773.jpg 1024w, https:\/\/petrock.pl\/wp-content\/uploads\/2021\/01\/28.08.2004-Grodzki-4-300x226.jpg 300w, https:\/\/petrock.pl\/wp-content\/uploads\/2021\/01\/28.08.2004-Grodzki-4-768x580.jpg 768w, https:\/\/petrock.pl\/wp-content\/uploads\/2021\/01\/28.08.2004-Grodzki-4-1536x1160.jpg 1536w, https:\/\/petrock.pl\/wp-content\/uploads\/2021\/01\/28.08.2004-Grodzki-4-326x245.jpg 326w, https:\/\/petrock.pl\/wp-content\/uploads\/2021\/01\/28.08.2004-Grodzki-4-80x60.jpg 80w, https:\/\/petrock.pl\/wp-content\/uploads\/2021\/01\/28.08.2004-Grodzki-4.jpg 1632w\" sizes=\"(max-width: 1024px) 100vw, 1024px\" \/><\/a><figcaption class=\"wp-element-caption\">Cros Side (28.08.2004, Pub Grodzki),<em> fot. Krzysztof &#8220;Fredek&#8221; Jankowski<\/em><\/figcaption><\/figure>\n<\/div>\n\n\n\n<div class=\"is-layout-flow wp-block-column\" style=\"flex-basis:66.66%\">\n<p>Zesp\u00f3\u0142 wykonuj\u0105cy mieszank\u0119 stylistyczn\u0105 punka, hardcore&#8217;a oraz metalu, za\u0142o\u017cony w P\u0142ocku w 2002 roku przez koleg\u00f3w ze szkolnej \u0142awki: Rafa\u0142a Szlachte (bas) oraz Krzysztofa \u201eBediego\u201d Bednarskiego (gitara). Pr\u00f3by zespo\u0142u odbywa\u0142y si\u0119 w salce p\u0142ockiej Jagiellonki do kt\u00f3rej ucz\u0119szczali ch\u0142opaki. Pocz\u0105tkowo zesp\u00f3\u0142 przyjmuje nazw\u0119 <strong>Crash Test<\/strong>. Przez pierwsze 2-3 miesi\u0105ce funkcjonowania bandu, przewija si\u0119 przez niego kilku &#8220;szkolnych&#8221; grajk\u00f3w i wokalist\u00f3w, ale brak przys\u0142owiowej &#8220;chemii&#8221; miedzy potencjalnymi cz\u0142onkami powoduje, \u017ce s\u0105 to przygody kr\u00f3tkotrwa\u0142e. W mi\u0119dzyczasie w g\u0142owie Rafa\u0142a kie\u0142kuje pomys\u0142 dokoptowania swych wieloletnich znajomych \u2013 Kuby \u201eKamienia\u201d Kami\u0144skiego (wokal) oraz Jana \u201eJa\u015bka\u201d Pesty (gitara), kt\u00f3rzy ju\u017c wcze\u015bniej wsp\u00f3lnie muzykowali w czasach gimnazjum. Po kilku pr\u00f3bach urabiania \u00f3wczesnego dyrektora Jagiellonki, aby dorzuci\u0107 do zespo\u0142u m\u0142odzie\u017c &#8220;spoza szko\u0142y&#8221;, ch\u0142opaki odnosz\u0105 sukces i po zmianie nazwy tworzy si\u0119 trzon zespo\u0142u <strong>Cross Side<\/strong>. Problemem stanowi brak sensownego perkusisty, ale zupe\u0142nym zrz\u0105dzeniem losu do zespo\u0142u trafia nieznany im wcze\u015bniej, poznany przypadkowo Rafa\u0142 \u201eSzkielo\u201d Strzemieczny. W takim niezmiennym ju\u017c sk\u0142adzie ch\u0142opaki postanawiaj\u0105 gra\u0107 wypadkow\u0105 tego co wtedy s\u0142uchali &#8211; mieszanki punka, hardcore&#8217;a i metalu, a w ko\u0144cowym etapie dzia\u0142alno\u015bci dorzucaj\u0105 elementy kie\u0142kuj\u0105cego wtedy melodyjnego hc. Poza &#8220;odrabianiem pa\u0144szczyzny&#8221; dla szko\u0142y pod postaci\u0105 grania przegl\u0105d\u00f3w w szko\u0142ach podstawowych (co wi\u0105za\u0142o si\u0119 zawsze ze zdziwieniem jury i siedmiolatk\u00f3w, gdy po kilku zespo\u0142ach generycznego rocka, wchodzi\u0142o pi\u0119ciu w\u015bciek\u0142ych dzieciak\u00f3w i kr\u0119ci\u0142o \u201egain na 11\u201d), ch\u0142opaki na w\u0142asn\u0105 r\u0119k\u0119 organizuj\u0105 sobie normalne gigi m.in supportuj\u0105c weteran\u00f3w polskiej sceny hc &#8211; Schizm\u0119 czy szale\u0144czy ensambl z Finlandii &#8211; Anal Thunder. W 2003 roku, powstaje nagrane demo w podziemiach P\u0142ockiego MDK (nagrane na tzw. &#8220;setk\u0119&#8221;). Jak to bywa w przypadku licealnych kapel wraz z zako\u0144czeniem szko\u0142y (2005 rok) i rozjazdem niekt\u00f3rych cz\u0142onk\u00f3w na studia zako\u0144czy\u0142y si\u0119 r\u00f3wnie\u017c m\u0142odzie\u0144cze szale\u0144stwa i przyja\u017anie zatytu\u0142owane Cross Side .<\/p>\n\n\n\n<hr class=\"wp-block-separator has-css-opacity\"\/>\n\n\n\n<p><strong>Cross Side (2002-2005)<\/strong><\/p>\n\n\n\n<p>Rafa\u0142 Szlachta &#8211; bass<\/p>\n\n\n\n<p>Kuba &#8220;Kamie\u0144&#8221; Kami\u0144ski &#8211; wokal<\/p>\n\n\n\n<p>Jan &#8220;Ja\u015bko&#8221; Pesta &#8211; gitara<\/p>\n\n\n\n<p>Krzysztof &#8220;Bedi&#8221; Bednarski &#8211; gitara<\/p>\n\n\n\n<p>Rafa\u0142 &#8220;Szkielo&#8221; Strzemieczny &#8211; perkusja<\/p>\n<\/div>\n<\/div>\n\n\n\n<hr class=\"wp-block-separator has-css-opacity\"\/>\n\n\n\n<p><strong>Dyskografia:<\/strong><\/p>\n\n\n\n<figure class=\"wp-block-table\"><table><tbody><tr><td>Cross Side Demo (2003) cdr<\/td><td>wyd. w\u0142asne<\/td><\/tr><\/tbody><\/table><\/figure>\n\n\n\n<hr class=\"wp-block-separator has-css-opacity\"\/>\n\n\n\n<p><em>za pomoc w przygotowaniu biografii zespo\u0142u Cross Side bardzo dzi\u0119kuj\u0119 Krzysztofowi &#8220;Bediemu&#8221; Bednarskiemu.<\/em><\/p>\n\n\n\n<p><strong>Multimedia:<\/strong><\/p>\n\n\n\n<figure class=\"wp-block-embed is-type-video is-provider-youtube wp-block-embed-youtube wp-embed-aspect-4-3 wp-has-aspect-ratio\"><div class=\"wp-block-embed__wrapper\">\n<iframe loading=\"lazy\" title=\"Cross Side - Fight !\" width=\"500\" height=\"375\" src=\"https:\/\/www.youtube.com\/embed\/0nzVgtG8ahA?feature=oembed\" frameborder=\"0\" allow=\"accelerometer; autoplay; clipboard-write; encrypted-media; gyroscope; picture-in-picture\" allowfullscreen><\/iframe>\n<\/div><\/figure>\n\n\n\n<figure class=\"wp-block-embed is-type-video is-provider-youtube wp-block-embed-youtube wp-embed-aspect-4-3 wp-has-aspect-ratio\"><div class=\"wp-block-embed__wrapper\">\n<iframe loading=\"lazy\" title=\"Cross Side - I Killed The Priest\" width=\"500\" height=\"375\" src=\"https:\/\/www.youtube.com\/embed\/qoWqKE8-OuY?feature=oembed\" frameborder=\"0\" allow=\"accelerometer; autoplay; clipboard-write; encrypted-media; gyroscope; picture-in-picture\" allowfullscreen><\/iframe>\n<\/div><\/figure>\n\n\n\n<figure class=\"wp-block-embed is-type-video is-provider-youtube wp-block-embed-youtube wp-embed-aspect-4-3 wp-has-aspect-ratio\"><div class=\"wp-block-embed__wrapper\">\n<iframe loading=\"lazy\" title=\"Cross Side - I Killed The Priest\" width=\"500\" height=\"375\" src=\"https:\/\/www.youtube.com\/embed\/qoWqKE8-OuY?feature=oembed\" frameborder=\"0\" allow=\"accelerometer; autoplay; clipboard-write; encrypted-media; gyroscope; picture-in-picture\" allowfullscreen><\/iframe>\n<\/div><\/figure>\n","protected":false},"excerpt":{"rendered":"<div class=\"mh-excerpt\"><p>Zesp\u00f3\u0142 wykonuj\u0105cy mieszank\u0119 stylistyczn\u0105 punka, hardcore&#8217;a oraz metalu, za\u0142o\u017cony w P\u0142ocku w 2002 roku przez koleg\u00f3w ze szkolnej \u0142awki: Rafa\u0142a Szlachte (bas) oraz Krzysztofa \u201eBediego\u201d <a class=\"mh-excerpt-more\" href=\"https:\/\/petrock.pl\/?page_id=2250\" title=\"Cross Side\">[&#8230;]<\/a><\/p>\n<\/div>","protected":false},"author":7,"featured_media":2255,"parent":0,"menu_order":0,"comment_status":"closed","ping_status":"closed","template":"","meta":[],"yoast_head":"<!-- This site is optimized with the Yoast SEO plugin v21.1 - https:\/\/yoast.com\/wordpress\/plugins\/seo\/ -->\n<title>Cross Side - P\u0142ocka Scena Rockowa<\/title>\n<meta name=\"robots\" content=\"index, follow, max-snippet:-1, max-image-preview:large, max-video-preview:-1\" \/>\n<link rel=\"canonical\" href=\"https:\/\/petrock.pl\/?page_id=2250\" \/>\n<meta property=\"og:locale\" content=\"pl_PL\" \/>\n<meta property=\"og:type\" content=\"article\" \/>\n<meta property=\"og:title\" content=\"Cross Side - P\u0142ocka Scena Rockowa\" \/>\n<meta property=\"og:description\" content=\"Zesp\u00f3\u0142 wykonuj\u0105cy mieszank\u0119 stylistyczn\u0105 punka, hardcore&#8217;a oraz metalu, za\u0142o\u017cony w P\u0142ocku w 2002 roku przez koleg\u00f3w ze szkolnej \u0142awki: Rafa\u0142a Szlachte (bas) oraz Krzysztofa \u201eBediego\u201d [...]\" \/>\n<meta property=\"og:url\" content=\"https:\/\/petrock.pl\/?page_id=2250\" \/>\n<meta property=\"og:site_name\" content=\"P\u0142ocka Scena Rockowa\" \/>\n<meta property=\"article:modified_time\" content=\"2023-09-12T13:05:21+00:00\" \/>\n<meta property=\"og:image\" content=\"https:\/\/petrock.pl\/wp-content\/uploads\/2021\/01\/12.12.2004-Rock69-1.jpg\" \/>\n\t<meta property=\"og:image:width\" content=\"1632\" \/>\n\t<meta property=\"og:image:height\" content=\"1232\" \/>\n\t<meta property=\"og:image:type\" content=\"image\/jpeg\" \/>\n<meta name=\"twitter:card\" content=\"summary_large_image\" \/>\n<meta name=\"twitter:label1\" content=\"Szacowany czas czytania\" \/>\n\t<meta name=\"twitter:data1\" content=\"2 minuty\" \/>\n<script type=\"application\/ld+json\" class=\"yoast-schema-graph\">{\"@context\":\"https:\/\/schema.org\",\"@graph\":[{\"@type\":\"WebPage\",\"@id\":\"https:\/\/petrock.pl\/?page_id=2250\",\"url\":\"https:\/\/petrock.pl\/?page_id=2250\",\"name\":\"Cross Side - P\u0142ocka Scena Rockowa\",\"isPartOf\":{\"@id\":\"https:\/\/petrock.pl\/#website\"},\"datePublished\":\"2021-01-25T09:24:36+00:00\",\"dateModified\":\"2023-09-12T13:05:21+00:00\",\"breadcrumb\":{\"@id\":\"https:\/\/petrock.pl\/?page_id=2250#breadcrumb\"},\"inLanguage\":\"pl-PL\",\"potentialAction\":[{\"@type\":\"ReadAction\",\"target\":[\"https:\/\/petrock.pl\/?page_id=2250\"]}]},{\"@type\":\"BreadcrumbList\",\"@id\":\"https:\/\/petrock.pl\/?page_id=2250#breadcrumb\",\"itemListElement\":[{\"@type\":\"ListItem\",\"position\":1,\"name\":\"Strona g\u0142\u00f3wna\",\"item\":\"https:\/\/petrock.pl\/\"},{\"@type\":\"ListItem\",\"position\":2,\"name\":\"Cross Side\"}]},{\"@type\":\"WebSite\",\"@id\":\"https:\/\/petrock.pl\/#website\",\"url\":\"https:\/\/petrock.pl\/\",\"name\":\"P\u0142ocka Scena Rockowa\",\"description\":\"Wywiady Biografie Koncerty Recenzje\",\"potentialAction\":[{\"@type\":\"SearchAction\",\"target\":{\"@type\":\"EntryPoint\",\"urlTemplate\":\"https:\/\/petrock.pl\/?s={search_term_string}\"},\"query-input\":\"required name=search_term_string\"}],\"inLanguage\":\"pl-PL\"}]}<\/script>\n<!-- \/ Yoast SEO plugin. -->","yoast_head_json":{"title":"Cross Side - P\u0142ocka Scena Rockowa","robots":{"index":"index","follow":"follow","max-snippet":"max-snippet:-1","max-image-preview":"max-image-preview:large","max-video-preview":"max-video-preview:-1"},"canonical":"https:\/\/petrock.pl\/?page_id=2250","og_locale":"pl_PL","og_type":"article","og_title":"Cross Side - P\u0142ocka Scena Rockowa","og_description":"Zesp\u00f3\u0142 wykonuj\u0105cy mieszank\u0119 stylistyczn\u0105 punka, hardcore&#8217;a oraz metalu, za\u0142o\u017cony w P\u0142ocku w 2002 roku przez koleg\u00f3w ze szkolnej \u0142awki: Rafa\u0142a Szlachte (bas) oraz Krzysztofa \u201eBediego\u201d [...]","og_url":"https:\/\/petrock.pl\/?page_id=2250","og_site_name":"P\u0142ocka Scena Rockowa","article_modified_time":"2023-09-12T13:05:21+00:00","og_image":[{"width":1632,"height":1232,"url":"https:\/\/petrock.pl\/wp-content\/uploads\/2021\/01\/12.12.2004-Rock69-1.jpg","type":"image\/jpeg"}],"twitter_card":"summary_large_image","twitter_misc":{"Szacowany czas czytania":"2 minuty"},"schema":{"@context":"https:\/\/schema.org","@graph":[{"@type":"WebPage","@id":"https:\/\/petrock.pl\/?page_id=2250","url":"https:\/\/petrock.pl\/?page_id=2250","name":"Cross Side - P\u0142ocka Scena Rockowa","isPartOf":{"@id":"https:\/\/petrock.pl\/#website"},"datePublished":"2021-01-25T09:24:36+00:00","dateModified":"2023-09-12T13:05:21+00:00","breadcrumb":{"@id":"https:\/\/petrock.pl\/?page_id=2250#breadcrumb"},"inLanguage":"pl-PL","potentialAction":[{"@type":"ReadAction","target":["https:\/\/petrock.pl\/?page_id=2250"]}]},{"@type":"BreadcrumbList","@id":"https:\/\/petrock.pl\/?page_id=2250#breadcrumb","itemListElement":[{"@type":"ListItem","position":1,"name":"Strona g\u0142\u00f3wna","item":"https:\/\/petrock.pl\/"},{"@type":"ListItem","position":2,"name":"Cross Side"}]},{"@type":"WebSite","@id":"https:\/\/petrock.pl\/#website","url":"https:\/\/petrock.pl\/","name":"P\u0142ocka Scena Rockowa","description":"Wywiady Biografie Koncerty Recenzje","potentialAction":[{"@type":"SearchAction","target":{"@type":"EntryPoint","urlTemplate":"https:\/\/petrock.pl\/?s={search_term_string}"},"query-input":"required name=search_term_string"}],"inLanguage":"pl-PL"}]}},"_links":{"self":[{"href":"https:\/\/petrock.pl\/index.php?rest_route=\/wp\/v2\/pages\/2250"}],"collection":[{"href":"https:\/\/petrock.pl\/index.php?rest_route=\/wp\/v2\/pages"}],"about":[{"href":"https:\/\/petrock.pl\/index.php?rest_route=\/wp\/v2\/types\/page"}],"author":[{"embeddable":true,"href":"https:\/\/petrock.pl\/index.php?rest_route=\/wp\/v2\/users\/7"}],"replies":[{"embeddable":true,"href":"https:\/\/petrock.pl\/index.php?rest_route=%2Fwp%2Fv2%2Fcomments&post=2250"}],"version-history":[{"count":24,"href":"https:\/\/petrock.pl\/index.php?rest_route=\/wp\/v2\/pages\/2250\/revisions"}],"predecessor-version":[{"id":3887,"href":"https:\/\/petrock.pl\/index.php?rest_route=\/wp\/v2\/pages\/2250\/revisions\/3887"}],"wp:featuredmedia":[{"embeddable":true,"href":"https:\/\/petrock.pl\/index.php?rest_route=\/wp\/v2\/media\/2255"}],"wp:attachment":[{"href":"https:\/\/petrock.pl\/index.php?rest_route=%2Fwp%2Fv2%2Fmedia&parent=2250"}],"curies":[{"name":"wp","href":"https:\/\/api.w.org\/{rel}","templated":true}]}}