{"id":2497,"date":"2021-03-05T10:04:40","date_gmt":"2021-03-05T08:04:40","guid":{"rendered":"http:\/\/petrock.pl\/?page_id=2497"},"modified":"2023-09-12T15:06:29","modified_gmt":"2023-09-12T13:06:29","slug":"dobra-nasza","status":"publish","type":"page","link":"https:\/\/petrock.pl\/?page_id=2497","title":{"rendered":"Dobra Nasza"},"content":{"rendered":"\n<div class=\"is-layout-flex wp-container-3 wp-block-columns\">\n<div class=\"is-layout-flow wp-block-column\" style=\"flex-basis:33.33%\">\n<figure class=\"wp-block-image size-large is-style-default\"><a href=\"http:\/\/petrock.pl\/wp-content\/uploads\/2021\/03\/Dobra-Nasza-luty-2021r.-scaled.jpg\"><img decoding=\"async\" loading=\"lazy\" width=\"1024\" height=\"683\" src=\"http:\/\/petrock.pl\/wp-content\/uploads\/2021\/03\/Dobra-Nasza-luty-2021r.-1024x683.jpg\" alt=\"\" class=\"wp-image-2499\" srcset=\"https:\/\/petrock.pl\/wp-content\/uploads\/2021\/03\/Dobra-Nasza-luty-2021r.-1024x683.jpg 1024w, https:\/\/petrock.pl\/wp-content\/uploads\/2021\/03\/Dobra-Nasza-luty-2021r.-300x200.jpg 300w, https:\/\/petrock.pl\/wp-content\/uploads\/2021\/03\/Dobra-Nasza-luty-2021r.-768x512.jpg 768w, https:\/\/petrock.pl\/wp-content\/uploads\/2021\/03\/Dobra-Nasza-luty-2021r.-1536x1024.jpg 1536w, https:\/\/petrock.pl\/wp-content\/uploads\/2021\/03\/Dobra-Nasza-luty-2021r.-2048x1365.jpg 2048w\" sizes=\"(max-width: 1024px) 100vw, 1024px\" \/><\/a><figcaption class=\"wp-element-caption\"><em>zesp\u00f3\u0142 Dobra Nasza (2021), fot. archiwum zespo\u0142u<\/em><\/figcaption><\/figure>\n\n\n\n<figure class=\"wp-block-image size-large is-style-default\"><a href=\"http:\/\/petrock.pl\/wp-content\/uploads\/2021\/03\/Dobra-Nasza-WOSP-2020-Plonsk-scaled.jpg\"><img decoding=\"async\" loading=\"lazy\" width=\"1024\" height=\"576\" src=\"http:\/\/petrock.pl\/wp-content\/uploads\/2021\/03\/Dobra-Nasza-WOSP-2020-Plonsk-1024x576.jpg\" alt=\"\" class=\"wp-image-2500\" srcset=\"https:\/\/petrock.pl\/wp-content\/uploads\/2021\/03\/Dobra-Nasza-WOSP-2020-Plonsk-1024x576.jpg 1024w, https:\/\/petrock.pl\/wp-content\/uploads\/2021\/03\/Dobra-Nasza-WOSP-2020-Plonsk-300x169.jpg 300w, https:\/\/petrock.pl\/wp-content\/uploads\/2021\/03\/Dobra-Nasza-WOSP-2020-Plonsk-768x432.jpg 768w, https:\/\/petrock.pl\/wp-content\/uploads\/2021\/03\/Dobra-Nasza-WOSP-2020-Plonsk-1536x864.jpg 1536w, https:\/\/petrock.pl\/wp-content\/uploads\/2021\/03\/Dobra-Nasza-WOSP-2020-Plonsk-2048x1152.jpg 2048w, https:\/\/petrock.pl\/wp-content\/uploads\/2021\/03\/Dobra-Nasza-WOSP-2020-Plonsk-678x381.jpg 678w\" sizes=\"(max-width: 1024px) 100vw, 1024px\" \/><\/a><figcaption class=\"wp-element-caption\"><em>zesp\u00f3\u0142 Dobra Nasza (2020), fot. archiwum zespo\u0142u<\/em><\/figcaption><\/figure>\n\n\n\n<figure class=\"wp-block-image size-large is-style-default\"><a href=\"http:\/\/petrock.pl\/wp-content\/uploads\/2021\/03\/Dobra-Nasza-grudzien-2018-scaled.jpg\"><img decoding=\"async\" loading=\"lazy\" width=\"1024\" height=\"599\" src=\"http:\/\/petrock.pl\/wp-content\/uploads\/2021\/03\/Dobra-Nasza-grudzien-2018-1024x599.jpg\" alt=\"\" class=\"wp-image-2501\" srcset=\"https:\/\/petrock.pl\/wp-content\/uploads\/2021\/03\/Dobra-Nasza-grudzien-2018-1024x599.jpg 1024w, https:\/\/petrock.pl\/wp-content\/uploads\/2021\/03\/Dobra-Nasza-grudzien-2018-300x176.jpg 300w, https:\/\/petrock.pl\/wp-content\/uploads\/2021\/03\/Dobra-Nasza-grudzien-2018-768x450.jpg 768w, https:\/\/petrock.pl\/wp-content\/uploads\/2021\/03\/Dobra-Nasza-grudzien-2018-1536x899.jpg 1536w, https:\/\/petrock.pl\/wp-content\/uploads\/2021\/03\/Dobra-Nasza-grudzien-2018-2048x1199.jpg 2048w\" sizes=\"(max-width: 1024px) 100vw, 1024px\" \/><\/a><figcaption class=\"wp-element-caption\"><em>zesp\u00f3\u0142 Dobra Nasza (2018), fot. archiwum zespo\u0142u<\/em><\/figcaption><\/figure>\n\n\n\n<figure class=\"wp-block-image size-large is-style-default\"><a href=\"http:\/\/petrock.pl\/wp-content\/uploads\/2021\/03\/Dobra-Nasza-lipiec-2018.jpg\"><img decoding=\"async\" loading=\"lazy\" width=\"1024\" height=\"683\" src=\"http:\/\/petrock.pl\/wp-content\/uploads\/2021\/03\/Dobra-Nasza-lipiec-2018-1024x683.jpg\" alt=\"\" class=\"wp-image-2504\" srcset=\"https:\/\/petrock.pl\/wp-content\/uploads\/2021\/03\/Dobra-Nasza-lipiec-2018-1024x683.jpg 1024w, https:\/\/petrock.pl\/wp-content\/uploads\/2021\/03\/Dobra-Nasza-lipiec-2018-300x200.jpg 300w, https:\/\/petrock.pl\/wp-content\/uploads\/2021\/03\/Dobra-Nasza-lipiec-2018-768x512.jpg 768w, https:\/\/petrock.pl\/wp-content\/uploads\/2021\/03\/Dobra-Nasza-lipiec-2018-1536x1024.jpg 1536w, https:\/\/petrock.pl\/wp-content\/uploads\/2021\/03\/Dobra-Nasza-lipiec-2018.jpg 2048w\" sizes=\"(max-width: 1024px) 100vw, 1024px\" \/><\/a><figcaption class=\"wp-element-caption\"><a href=\"http:\/\/petrock.pl\/wp-content\/uploads\/2021\/03\/Dobra-Nasza-grudzien-2018-scaled.jpg\"><\/a><em>zesp\u00f3\u0142 Dobra Nasza (2018), fot. archiwum zespo\u0142u<\/em><\/figcaption><\/figure>\n\n\n\n<figure class=\"wp-block-image size-large is-style-default\"><a href=\"http:\/\/petrock.pl\/wp-content\/uploads\/2021\/03\/czerwie-2018.jpg\"><img decoding=\"async\" loading=\"lazy\" width=\"1024\" height=\"683\" src=\"http:\/\/petrock.pl\/wp-content\/uploads\/2021\/03\/czerwie-2018-1024x683.jpg\" alt=\"\" class=\"wp-image-2505\" srcset=\"https:\/\/petrock.pl\/wp-content\/uploads\/2021\/03\/czerwie-2018-1024x683.jpg 1024w, https:\/\/petrock.pl\/wp-content\/uploads\/2021\/03\/czerwie-2018-300x200.jpg 300w, https:\/\/petrock.pl\/wp-content\/uploads\/2021\/03\/czerwie-2018-768x512.jpg 768w, https:\/\/petrock.pl\/wp-content\/uploads\/2021\/03\/czerwie-2018.jpg 1200w\" sizes=\"(max-width: 1024px) 100vw, 1024px\" \/><\/a><figcaption class=\"wp-element-caption\"><em>Jacek Szlom<\/em> i <em> Arkadiusz Sylwestrzak<\/em> <em>(2018), fot. archiwum zespo\u0142u<\/em><\/figcaption><\/figure>\n\n\n\n<figure class=\"wp-block-image size-large is-style-default\"><a href=\"http:\/\/petrock.pl\/wp-content\/uploads\/2021\/03\/czetwiec-2018-1.jpg\"><img decoding=\"async\" loading=\"lazy\" width=\"1024\" height=\"683\" src=\"http:\/\/petrock.pl\/wp-content\/uploads\/2021\/03\/czetwiec-2018-1-1024x683.jpg\" alt=\"\" class=\"wp-image-2506\" srcset=\"https:\/\/petrock.pl\/wp-content\/uploads\/2021\/03\/czetwiec-2018-1-1024x683.jpg 1024w, https:\/\/petrock.pl\/wp-content\/uploads\/2021\/03\/czetwiec-2018-1-300x200.jpg 300w, https:\/\/petrock.pl\/wp-content\/uploads\/2021\/03\/czetwiec-2018-1-768x512.jpg 768w, https:\/\/petrock.pl\/wp-content\/uploads\/2021\/03\/czetwiec-2018-1.jpg 1200w\" sizes=\"(max-width: 1024px) 100vw, 1024px\" \/><\/a><figcaption class=\"wp-element-caption\"><em>Jerzy Gawli\u0144ski (2018), fot. archiwum zespo\u0142u<\/em><\/figcaption><\/figure>\n\n\n\n<figure class=\"wp-block-image size-large is-style-default\"><a href=\"http:\/\/petrock.pl\/wp-content\/uploads\/2021\/03\/studio-2018.jpg\"><img decoding=\"async\" loading=\"lazy\" width=\"570\" height=\"1024\" src=\"http:\/\/petrock.pl\/wp-content\/uploads\/2021\/03\/studio-2018-570x1024.jpg\" alt=\"\" class=\"wp-image-2508\" srcset=\"https:\/\/petrock.pl\/wp-content\/uploads\/2021\/03\/studio-2018-570x1024.jpg 570w, https:\/\/petrock.pl\/wp-content\/uploads\/2021\/03\/studio-2018-167x300.jpg 167w, https:\/\/petrock.pl\/wp-content\/uploads\/2021\/03\/studio-2018-768x1379.jpg 768w, https:\/\/petrock.pl\/wp-content\/uploads\/2021\/03\/studio-2018-855x1536.jpg 855w, https:\/\/petrock.pl\/wp-content\/uploads\/2021\/03\/studio-2018.jpg 1136w\" sizes=\"(max-width: 570px) 100vw, 570px\" \/><\/a><figcaption class=\"wp-element-caption\"><a href=\"http:\/\/petrock.pl\/wp-content\/uploads\/2021\/03\/Dobra-Nasza-grudzien-2018-scaled.jpg\"><\/a><em><em>Jerzy Gawli\u0144ski (2018), fot. archiwum zespo\u0142u<\/em><\/em><\/figcaption><\/figure>\n\n\n\n<figure class=\"wp-block-image size-large is-style-default\"><a href=\"http:\/\/petrock.pl\/wp-content\/uploads\/2021\/03\/2018-2.jpg\"><img decoding=\"async\" loading=\"lazy\" width=\"1024\" height=\"768\" src=\"http:\/\/petrock.pl\/wp-content\/uploads\/2021\/03\/2018-2-1024x768.jpg\" alt=\"\" class=\"wp-image-2509\" srcset=\"https:\/\/petrock.pl\/wp-content\/uploads\/2021\/03\/2018-2-1024x768.jpg 1024w, https:\/\/petrock.pl\/wp-content\/uploads\/2021\/03\/2018-2-300x225.jpg 300w, https:\/\/petrock.pl\/wp-content\/uploads\/2021\/03\/2018-2-768x576.jpg 768w, https:\/\/petrock.pl\/wp-content\/uploads\/2021\/03\/2018-2-1536x1152.jpg 1536w, https:\/\/petrock.pl\/wp-content\/uploads\/2021\/03\/2018-2-678x509.jpg 678w, https:\/\/petrock.pl\/wp-content\/uploads\/2021\/03\/2018-2-326x245.jpg 326w, https:\/\/petrock.pl\/wp-content\/uploads\/2021\/03\/2018-2-80x60.jpg 80w, https:\/\/petrock.pl\/wp-content\/uploads\/2021\/03\/2018-2.jpg 1984w\" sizes=\"(max-width: 1024px) 100vw, 1024px\" \/><\/a><figcaption class=\"wp-element-caption\"><em>Krzysztof Szlom (2018), fot. archiwum zespo\u0142u<\/em><\/figcaption><\/figure>\n\n\n\n<figure class=\"wp-block-image size-large is-style-default\"><a href=\"http:\/\/petrock.pl\/wp-content\/uploads\/2021\/03\/2018-3.jpg\"><img decoding=\"async\" loading=\"lazy\" width=\"768\" height=\"1024\" src=\"http:\/\/petrock.pl\/wp-content\/uploads\/2021\/03\/2018-3-768x1024.jpg\" alt=\"\" class=\"wp-image-2511\" srcset=\"https:\/\/petrock.pl\/wp-content\/uploads\/2021\/03\/2018-3-768x1024.jpg 768w, https:\/\/petrock.pl\/wp-content\/uploads\/2021\/03\/2018-3-225x300.jpg 225w, https:\/\/petrock.pl\/wp-content\/uploads\/2021\/03\/2018-3-1152x1536.jpg 1152w, https:\/\/petrock.pl\/wp-content\/uploads\/2021\/03\/2018-3.jpg 1488w\" sizes=\"(max-width: 768px) 100vw, 768px\" \/><\/a><figcaption class=\"wp-element-caption\"><em><em>Jacek Szlom<\/em> i <em>Arkadiusz Sylwestrzak<\/em> <em>(2018), fot. archiwum zespo\u0142u<\/em><\/em><\/figcaption><\/figure>\n<\/div>\n\n\n\n<div class=\"is-layout-flow wp-block-column\" style=\"flex-basis:66.66%\">\n<p>Zesp\u00f3\u0142 rockowy, kt\u00f3ry powsta\u0142 na pocz\u0105tku lutego 2017r. w P\u0142ocku z inicjatywy gitarzyst\u00f3w Arkadiusza Sylwestrzaka i Jerzego Gawli\u0144skiego. Na spotkaniu po dwudziestu latach od uko\u0144czenia studi\u00f3w, po kr\u00f3tkiej rozmowie stwierdzili, \u017ce chc\u0105 ze sob\u0105 pogra\u0107. Podobne zainteresowania muzyczne sprawi\u0142y, \u017ce pomys\u0142 szybko przerodzi\u0142 si\u0119 w dzia\u0142anie.<br>Do gitarzyst\u00f3w do\u0142\u0105czy\u0142 perkusista Krzysztof Szlom, a na gitarze basowej zacz\u0105\u0142 gra\u0107 Gabriel Sieradzki. Pr\u00f3by odbywa\u0142y si\u0119 w jednej z p\u0142ockich szk\u00f3\u0142. <br>Grupa gra muzyk\u0119: rock\u2019n\u2019roll z elementami bluesa, s\u0105 to autorskie kompozycje zespo\u0142u.<\/p>\n\n\n\n<p>W czerwcu 2017r. z zespo\u0142u odszed\u0142 Gabriel, kt\u00f3rego w sierpniu zast\u0105pi\u0142 czternastoletni w\u00f3wczas basista Jacek Szlom. Od wrze\u015bnia 2017r. pr\u00f3by zespo\u0142u odbywa\u0142y si\u0119 w M\u0142odzie\u017cowym Domu Kultury w P\u0142ocku.<br>Zacz\u0119\u0142y powstawa\u0107 nowe piosenki i ju\u017c w listopadzie 2017r. zesp\u00f3\u0142 nagra\u0142 w Studiu \u201eKlon\u201d w Sierpcu cztery utwory: \u201eKaruzela masek\u201d, \u201eJeszcze jeden\u201d, \u201eNiemo\u017cliwe jest mo\u017cliwe\u201d oraz \u201eDziwny kraj\u201d.<\/p>\n\n\n\n<p>Rok 2018 to praca nad nowymi piosenkami i koncerty, mi\u0119dzy innymi w Lubsku (Maj\u00f3wka z LDK), Rypinie (Festiwal Rockowy Riff Master),<br>Radotkach (Adrenaline Rush), Warszawie (Orlen Warsaw Marathon), P\u0142ocku (Studencka Katorga, Mistrzostwa Mazowsza Cheerleaders, Klub \u201eMoc-Art\u201d).<br>We Wroc\u0142awiu 1 maja 2018r. wsp\u00f3lnie z gitarzystami z ca\u0142ej Polski, zesp\u00f3\u0142 pobi\u0142 Gitarowy Rekord Guinnessa, wykonuj\u0105c piosenk\u0119 Jimi Hendrixa \u201eHey Joe\u201d. Od tego czasu utw\u00f3r ten jest grany przez \u201eDobr\u0105 Nasz\u0105\u201d na koncertach.<br>We wrze\u015bniu 2018r. \u201eDobra Nasza\u201d zagra\u0142a w P\u0142ocku podczas \u201eRockowej Nocy w Per Se\u201d wraz z p\u0142ockimi zespo\u0142ami \u201eAnamor\u201d i \u201eWaldemort\u201d. Koncert ten spowodowa\u0142, \u017ce od pa\u017adziernika 2018r. zesp\u00f3\u0142 odbywa pr\u00f3by w Pracowni Muzycznej POKiS w P\u0142ocku.<\/p>\n\n\n\n<p>Rok 2019 rozpocz\u0105\u0142 si\u0119 od koncert\u00f3w podczas 27 Fina\u0142u Wielkiej Orkiestry \u015awi\u0105tecznej Pomocy. Najpierw wyst\u0119p w p\u0142ockiej Orlen Arenie (tu go\u015bcinnie za\u015bpiewa\u0142a z zespo\u0142em Aleksandra Ziemi\u0144ska), a nast\u0119pnie w Klubie \u201eRock 69\u201d.<\/p>\n\n\n\n<p>Na wiosn\u0119 2019r. kolejna sesja nagraniowa w Studiu \u201eKlon\u201d w Sierpcu, gdzie zarejestrowano trzy piosenki: \u201eMg\u0142a\u201d, \u201eJak\u201d, \u201eWarto, nie warto\u201d.<br>Nast\u0119pne koncerty 2019 to: rozpocz\u0119cie wiosn\u0105, a na jesieni zako\u0144czenie sezonu motocyklowego w Zakrzewie (gdzie opr\u00f3cz w\u0142asnych utwor\u00f3w grane by\u0142y r\u00f3wnie\u017c covery grupy D\u017cem); na Rynku Starego miasta w P\u0142ocku podczas \u201eJarmarku Tumskiego\u201d; w Proboszczewicach (Pizzeria Capone); S\u0142ubicach (Hotel Kawallo), Cierszewie (Ultra Pazur).<\/p>\n\n\n\n<p>W ko\u0144cu sierpnia 2019r. z zespo\u0142u odszed\u0142 basista Jacek Szlom, kt\u00f3ry rozpocz\u0105\u0142 nauk\u0119 w Warszawie, a jego miejsce zaj\u0105\u0142 Marcin Kucio, kt\u00f3ry szybko zaaklimatyzowa\u0142 si\u0119 w grupie.<br>W grudniu odby\u0142 si\u0119 Koncert urodzinowy \u201eDla Arka\u201d, podczas kt\u00f3rego, w zwi\u0105zku z operacj\u0105 Krzysztofa go\u015bcinnie wyst\u0105pi\u0142 na perkusji Damian Marcinkowski.<\/p>\n\n\n\n<p>Rok 2020 rozpocz\u0105\u0142 si\u0119 od 28 Fina\u0142u WO\u015aP, zesp\u00f3\u0142 zagra\u0142 jeszcze z Damianem Marcinkowskim na perkusji w MCK P\u0142o\u0144sk (w opinii zespo\u0142u i fan\u00f3w by\u0142 to najlepszy koncert od powstania grupy).<br>Na wiosn\u0119 2020r. zaplanowany by\u0142 Koncert p\u0142ockich zespo\u0142\u00f3w rockowych na powitanie wiosny w Klubie \u201eMoc-Art\u201d Restauracji Szansa oraz wyst\u0119p na \u201eRock Tower\u201d. Jednak ze wzgl\u0119du na pandemi\u0119 Koronawirusa zosta\u0142y one odwo\u0142ane. Zamkni\u0119te sale pr\u00f3b, kluby, domy kultury i w\u0142a\u015bciwie ca\u0142y \u015bwiat spowodowa\u0142y, \u017ce zesp\u00f3\u0142 zosta\u0142 zmuszony do zawieszenia pr\u00f3b.<br>Jednak ju\u017c od lipca przygotowany zosta\u0142 materia\u0142 i w okresie wakacyjnym odby\u0142y si\u0119 koncerty charytatywne dla Kacperka w miejscowo\u015bci Wielgie oraz dla Zosi w Proboszczewicach.<br>W sierpniu Festiwal \u201ePol\u2019and\u2019Rock\u201d 2020 on-line. W ca\u0142y kraju Najpi\u0119kniejsze Dom\u00f3wki \u015awiata. Gitarzysta Arek zaanga\u017cowa\u0142 si\u0119, z przyjaci\u00f3\u0142mi Tomkiem i Paw\u0142em, w organizacj\u0119 dom\u00f3wki \u201eRyba\u2019stock\u201d w Grabinie. Zrobili prawdziwy mini Pol\u2019and\u2019Rock \u2013 by\u0142o pole namiotowe, zimny prysznic, namiot Strefa gastronomiczna, namiot ASP (z warsztatami, spotkaniami), telebim z koncertami on-line z Warszawy, a tak\u017ce Wiata Koncertowa do wyst\u0119p\u00f3w na \u017cywo. Obok zespo\u0142\u00f3w \u201eSyrena 104\u201d, \u201eGustavo Y Bajo\u201d, wyst\u0105pi\u0142a \u201eDobra Nasza\u201d. Ciekawostk\u0105 jest, \u017ce w trakcie tej dom\u00f3wki mia\u0142o miejsce \u0142\u0105czenie na \u017cywo z Jurkiem Owsiakiem, podczas kt\u00f3rego, na kanale Pol\u2019and\u2019Rock w Internecie, festiwalowicze w ca\u0142ej Polsce i nie tylko, obejrzeli i wys\u0142uchali relacji Arka z tego wydarzenia (mi\u0119dzy innymi o wyst\u0119pie Dobrej Naszej).<\/p>\n\n\n\n<p>Od wrze\u015bnia 2020r. zesp\u00f3\u0142 wr\u00f3ci\u0142 do regularnych pr\u00f3b \u2026 i znowu lockdown.<br>Jednak od listopada 2020 do po\u0142owy marca 2021 zesp\u00f3\u0142 nagra\u0142 w Studiu POKiS materia\u0142 na p\u0142yt\u0119, trzyna\u015bcie piosenek, gotowych do wydania. Trwaj\u0105 prace przygotowawcze do wydania p\u0142yty. W mi\u0119dzy czasie w styczniu 2021r., 29 Fina\u0142 WO\u015aP, tym razem koncert on-line z miejscowo\u015bci I\u0142owo-Osada. Go\u015bcinnie na perkusji zagra\u0142 Gabriel Iwan, w zwi\u0105zku z kolejn\u0105 operacj\u0105 Krzy\u015bka.<br>W lutym 2021r., ponownie z Krzy\u015bkiem, koncert on-line na deskach Sali koncertowej POKiS w ramach projektu \u201eKultura na wynos 2.0\u201d.<\/p>\n\n\n\n<hr class=\"wp-block-separator has-css-opacity\"\/>\n\n\n\n<p><strong>Obecny sk\u0142ad zespo\u0142u:<\/strong><\/p>\n\n\n\n<ul>\n<li>Jerzy Gawli\u0144ski \u2013 gitara, \u015bpiew<\/li>\n\n\n\n<li>Arkadiusz Sylwestrzak \u2013 gitara<\/li>\n\n\n\n<li>Marcin Kucio \u2013 gitara basowa<\/li>\n\n\n\n<li>Krzysztof Szlom \u2013 perkusja<\/li>\n<\/ul>\n\n\n\n<p><strong>Byli cz\u0142onkowie:<\/strong><\/p>\n\n\n\n<ul>\n<li>Gabriel Sieradzki &#8211; gitara basowa<\/li>\n\n\n\n<li>Jacek Szlom &#8211; gitara basowa<\/li>\n<\/ul>\n<\/div>\n<\/div>\n\n\n\n<hr class=\"wp-block-separator has-css-opacity\"\/>\n\n\n\n<p>Multimedia:<\/p>\n\n\n\n<figure class=\"wp-block-embed is-type-video is-provider-youtube wp-block-embed-youtube wp-embed-aspect-16-9 wp-has-aspect-ratio\"><div class=\"wp-block-embed__wrapper\">\n<iframe loading=\"lazy\" title=\"Mg\u0142a\" width=\"500\" height=\"281\" src=\"https:\/\/www.youtube.com\/embed\/rurHq5JrF2w?feature=oembed\" frameborder=\"0\" allow=\"accelerometer; autoplay; clipboard-write; encrypted-media; gyroscope; picture-in-picture\" allowfullscreen><\/iframe>\n<\/div><\/figure>\n\n\n\n<figure class=\"wp-block-embed is-type-video is-provider-youtube wp-block-embed-youtube wp-embed-aspect-16-9 wp-has-aspect-ratio\"><div class=\"wp-block-embed__wrapper\">\n<iframe loading=\"lazy\" title=\"JAK\" width=\"500\" height=\"281\" src=\"https:\/\/www.youtube.com\/embed\/oD1crDbM31A?feature=oembed\" frameborder=\"0\" allow=\"accelerometer; autoplay; clipboard-write; encrypted-media; gyroscope; picture-in-picture\" allowfullscreen><\/iframe>\n<\/div><\/figure>\n\n\n\n<figure class=\"wp-block-embed is-type-video is-provider-youtube wp-block-embed-youtube wp-embed-aspect-4-3 wp-has-aspect-ratio\"><div class=\"wp-block-embed__wrapper\">\n<iframe loading=\"lazy\" title=\"Gadam\" width=\"500\" height=\"375\" src=\"https:\/\/www.youtube.com\/embed\/hbjFwdyoqEk?feature=oembed\" frameborder=\"0\" allow=\"accelerometer; autoplay; clipboard-write; encrypted-media; gyroscope; picture-in-picture\" allowfullscreen><\/iframe>\n<\/div><\/figure>\n\n\n\n<figure class=\"wp-block-embed is-type-video is-provider-youtube wp-block-embed-youtube wp-embed-aspect-16-9 wp-has-aspect-ratio\"><div class=\"wp-block-embed__wrapper\">\n<iframe loading=\"lazy\" title=\"Obcy kraj\" width=\"500\" height=\"281\" src=\"https:\/\/www.youtube.com\/embed\/ch_CRXsPH9A?feature=oembed\" frameborder=\"0\" allow=\"accelerometer; autoplay; clipboard-write; encrypted-media; gyroscope; picture-in-picture\" allowfullscreen><\/iframe>\n<\/div><\/figure>\n","protected":false},"excerpt":{"rendered":"<div class=\"mh-excerpt\"><p>Zesp\u00f3\u0142 rockowy, kt\u00f3ry powsta\u0142 na pocz\u0105tku lutego 2017r. w P\u0142ocku z inicjatywy gitarzyst\u00f3w Arkadiusza Sylwestrzaka i Jerzego Gawli\u0144skiego. Na spotkaniu po dwudziestu latach od uko\u0144czenia <a class=\"mh-excerpt-more\" href=\"https:\/\/petrock.pl\/?page_id=2497\" title=\"Dobra Nasza\">[&#8230;]<\/a><\/p>\n<\/div>","protected":false},"author":7,"featured_media":2499,"parent":0,"menu_order":0,"comment_status":"closed","ping_status":"closed","template":"","meta":[],"yoast_head":"<!-- This site is optimized with the Yoast SEO plugin v21.1 - https:\/\/yoast.com\/wordpress\/plugins\/seo\/ -->\n<title>Dobra Nasza - P\u0142ocka Scena Rockowa<\/title>\n<meta name=\"robots\" content=\"index, follow, max-snippet:-1, max-image-preview:large, max-video-preview:-1\" \/>\n<link rel=\"canonical\" href=\"https:\/\/petrock.pl\/?page_id=2497\" \/>\n<meta property=\"og:locale\" content=\"pl_PL\" \/>\n<meta property=\"og:type\" content=\"article\" \/>\n<meta property=\"og:title\" content=\"Dobra Nasza - P\u0142ocka Scena Rockowa\" \/>\n<meta property=\"og:description\" content=\"Zesp\u00f3\u0142 rockowy, kt\u00f3ry powsta\u0142 na pocz\u0105tku lutego 2017r. w P\u0142ocku z inicjatywy gitarzyst\u00f3w Arkadiusza Sylwestrzaka i Jerzego Gawli\u0144skiego. Na spotkaniu po dwudziestu latach od uko\u0144czenia [...]\" \/>\n<meta property=\"og:url\" content=\"https:\/\/petrock.pl\/?page_id=2497\" \/>\n<meta property=\"og:site_name\" content=\"P\u0142ocka Scena Rockowa\" \/>\n<meta property=\"article:modified_time\" content=\"2023-09-12T13:06:29+00:00\" \/>\n<meta property=\"og:image\" content=\"https:\/\/petrock.pl\/wp-content\/uploads\/2021\/03\/Dobra-Nasza-luty-2021r.-scaled.jpg\" \/>\n\t<meta property=\"og:image:width\" content=\"2560\" \/>\n\t<meta property=\"og:image:height\" content=\"1707\" \/>\n\t<meta property=\"og:image:type\" content=\"image\/jpeg\" \/>\n<meta name=\"twitter:card\" content=\"summary_large_image\" \/>\n<meta name=\"twitter:label1\" content=\"Szacowany czas czytania\" \/>\n\t<meta name=\"twitter:data1\" content=\"5 minut\" \/>\n<script type=\"application\/ld+json\" class=\"yoast-schema-graph\">{\"@context\":\"https:\/\/schema.org\",\"@graph\":[{\"@type\":\"WebPage\",\"@id\":\"https:\/\/petrock.pl\/?page_id=2497\",\"url\":\"https:\/\/petrock.pl\/?page_id=2497\",\"name\":\"Dobra Nasza - P\u0142ocka Scena Rockowa\",\"isPartOf\":{\"@id\":\"https:\/\/petrock.pl\/#website\"},\"datePublished\":\"2021-03-05T08:04:40+00:00\",\"dateModified\":\"2023-09-12T13:06:29+00:00\",\"breadcrumb\":{\"@id\":\"https:\/\/petrock.pl\/?page_id=2497#breadcrumb\"},\"inLanguage\":\"pl-PL\",\"potentialAction\":[{\"@type\":\"ReadAction\",\"target\":[\"https:\/\/petrock.pl\/?page_id=2497\"]}]},{\"@type\":\"BreadcrumbList\",\"@id\":\"https:\/\/petrock.pl\/?page_id=2497#breadcrumb\",\"itemListElement\":[{\"@type\":\"ListItem\",\"position\":1,\"name\":\"Strona g\u0142\u00f3wna\",\"item\":\"https:\/\/petrock.pl\/\"},{\"@type\":\"ListItem\",\"position\":2,\"name\":\"Dobra Nasza\"}]},{\"@type\":\"WebSite\",\"@id\":\"https:\/\/petrock.pl\/#website\",\"url\":\"https:\/\/petrock.pl\/\",\"name\":\"P\u0142ocka Scena Rockowa\",\"description\":\"Wywiady Biografie Koncerty Recenzje\",\"potentialAction\":[{\"@type\":\"SearchAction\",\"target\":{\"@type\":\"EntryPoint\",\"urlTemplate\":\"https:\/\/petrock.pl\/?s={search_term_string}\"},\"query-input\":\"required name=search_term_string\"}],\"inLanguage\":\"pl-PL\"}]}<\/script>\n<!-- \/ Yoast SEO plugin. -->","yoast_head_json":{"title":"Dobra Nasza - P\u0142ocka Scena Rockowa","robots":{"index":"index","follow":"follow","max-snippet":"max-snippet:-1","max-image-preview":"max-image-preview:large","max-video-preview":"max-video-preview:-1"},"canonical":"https:\/\/petrock.pl\/?page_id=2497","og_locale":"pl_PL","og_type":"article","og_title":"Dobra Nasza - P\u0142ocka Scena Rockowa","og_description":"Zesp\u00f3\u0142 rockowy, kt\u00f3ry powsta\u0142 na pocz\u0105tku lutego 2017r. w P\u0142ocku z inicjatywy gitarzyst\u00f3w Arkadiusza Sylwestrzaka i Jerzego Gawli\u0144skiego. Na spotkaniu po dwudziestu latach od uko\u0144czenia [...]","og_url":"https:\/\/petrock.pl\/?page_id=2497","og_site_name":"P\u0142ocka Scena Rockowa","article_modified_time":"2023-09-12T13:06:29+00:00","og_image":[{"width":2560,"height":1707,"url":"https:\/\/petrock.pl\/wp-content\/uploads\/2021\/03\/Dobra-Nasza-luty-2021r.-scaled.jpg","type":"image\/jpeg"}],"twitter_card":"summary_large_image","twitter_misc":{"Szacowany czas czytania":"5 minut"},"schema":{"@context":"https:\/\/schema.org","@graph":[{"@type":"WebPage","@id":"https:\/\/petrock.pl\/?page_id=2497","url":"https:\/\/petrock.pl\/?page_id=2497","name":"Dobra Nasza - P\u0142ocka Scena Rockowa","isPartOf":{"@id":"https:\/\/petrock.pl\/#website"},"datePublished":"2021-03-05T08:04:40+00:00","dateModified":"2023-09-12T13:06:29+00:00","breadcrumb":{"@id":"https:\/\/petrock.pl\/?page_id=2497#breadcrumb"},"inLanguage":"pl-PL","potentialAction":[{"@type":"ReadAction","target":["https:\/\/petrock.pl\/?page_id=2497"]}]},{"@type":"BreadcrumbList","@id":"https:\/\/petrock.pl\/?page_id=2497#breadcrumb","itemListElement":[{"@type":"ListItem","position":1,"name":"Strona g\u0142\u00f3wna","item":"https:\/\/petrock.pl\/"},{"@type":"ListItem","position":2,"name":"Dobra Nasza"}]},{"@type":"WebSite","@id":"https:\/\/petrock.pl\/#website","url":"https:\/\/petrock.pl\/","name":"P\u0142ocka Scena Rockowa","description":"Wywiady Biografie Koncerty Recenzje","potentialAction":[{"@type":"SearchAction","target":{"@type":"EntryPoint","urlTemplate":"https:\/\/petrock.pl\/?s={search_term_string}"},"query-input":"required name=search_term_string"}],"inLanguage":"pl-PL"}]}},"_links":{"self":[{"href":"https:\/\/petrock.pl\/index.php?rest_route=\/wp\/v2\/pages\/2497"}],"collection":[{"href":"https:\/\/petrock.pl\/index.php?rest_route=\/wp\/v2\/pages"}],"about":[{"href":"https:\/\/petrock.pl\/index.php?rest_route=\/wp\/v2\/types\/page"}],"author":[{"embeddable":true,"href":"https:\/\/petrock.pl\/index.php?rest_route=\/wp\/v2\/users\/7"}],"replies":[{"embeddable":true,"href":"https:\/\/petrock.pl\/index.php?rest_route=%2Fwp%2Fv2%2Fcomments&post=2497"}],"version-history":[{"count":24,"href":"https:\/\/petrock.pl\/index.php?rest_route=\/wp\/v2\/pages\/2497\/revisions"}],"predecessor-version":[{"id":3892,"href":"https:\/\/petrock.pl\/index.php?rest_route=\/wp\/v2\/pages\/2497\/revisions\/3892"}],"wp:featuredmedia":[{"embeddable":true,"href":"https:\/\/petrock.pl\/index.php?rest_route=\/wp\/v2\/media\/2499"}],"wp:attachment":[{"href":"https:\/\/petrock.pl\/index.php?rest_route=%2Fwp%2Fv2%2Fmedia&parent=2497"}],"curies":[{"name":"wp","href":"https:\/\/api.w.org\/{rel}","templated":true}]}}