{"id":2559,"date":"2021-03-11T11:22:36","date_gmt":"2021-03-11T09:22:36","guid":{"rendered":"http:\/\/petrock.pl\/?page_id=2559"},"modified":"2021-03-11T19:58:23","modified_gmt":"2021-03-11T17:58:23","slug":"krotka-historia-jednego-zdjecia","status":"publish","type":"page","link":"https:\/\/petrock.pl\/?page_id=2559","title":{"rendered":"HJZ"},"content":{"rendered":"\n<p><strong>Historia Jednego Zdj\u0119cia<\/strong><\/p>\n\n\n\n<p>W tej zak\u0142adce postanowi\u0142em podzieli\u0107 si\u0119 z Wami niesamowitymi historiami oko\u0142o muzycznymi, kt\u00f3re uwa\u017cam za niezwykle ciekawe w kwestii szerszego spojrzenia na &#8220;p\u0142ock\u0105 scen\u0119 rockow\u0105&#8221;. Historie te okraszone fotografiami zosta\u0142y us\u0142yszane przeze mnie podczas rozm\u00f3w zar\u00f3wno z &#8220;muzykami&#8221; jak i uczestnikami r\u00f3\u017cnego rodzaju wydarze\u0144 muzycznych odbywaj\u0105cych si\u0119 w naszym mie\u015bcie. <\/p>\n\n\n\n<p>ps. Je\u015bli chcecie si\u0119 podzieli\u0107 swoimi ciekawymi, osobistymi, a mo\u017ce i kuriozalnymi historiami zwi\u0105zanymi z &#8220;p\u0142ock\u0105 scen\u0105&#8221;, wysy\u0142ajcie je na plockascenarockowa@gmail.com ,a obiecuj\u0119, \u017ce b\u0119d\u0119 je sukcesywnie zamieszcza\u0142 w tej zak\u0142adce. Jej form\u0119 wyobra\u017cam sobie nast\u0119puj\u0105co: zdj\u0119cie (z koncertu, zza kulis, z ekip\u0105 koncertow\u0105, z jak\u0105\u015b sytuacj\u0105, kt\u00f3ra wydarzy\u0142a si\u0119 podczas gigu etc.) plus historia zwi\u0105zana z okoliczno\u015bciami jego powstania. <\/p>\n\n\n\n<hr class=\"wp-block-separator\"\/>\n\n\n\n<div class=\"is-layout-flex wp-container-3 wp-block-columns\">\n<div class=\"is-layout-flow wp-block-column\" style=\"flex-basis:33.33%\">\n<figure class=\"wp-block-image size-large is-style-default\"><a href=\"http:\/\/petrock.pl\/wp-content\/uploads\/2021\/03\/aaaaaaaaa-1.jpg\"><img decoding=\"async\" loading=\"lazy\" width=\"640\" height=\"960\" src=\"http:\/\/petrock.pl\/wp-content\/uploads\/2021\/03\/aaaaaaaaa-1.jpg\" alt=\"\" class=\"wp-image-2564\" srcset=\"https:\/\/petrock.pl\/wp-content\/uploads\/2021\/03\/aaaaaaaaa-1.jpg 640w, https:\/\/petrock.pl\/wp-content\/uploads\/2021\/03\/aaaaaaaaa-1-200x300.jpg 200w\" sizes=\"(max-width: 640px) 100vw, 640px\" \/><\/a><figcaption><em>na zdj\u0119ciu Bartosz &#8220;Stefan&#8221; Stefa\u0144ski, Tomasz &#8220;\u017bar\u00f3wa&#8221; Dobrzeniecki (Hazael) i Maciej Stoli\u0144ski (Rigor Mortiss, Dobry Wiecz\u00f3r, Pok\u0105tne Truskawki), podczas koncertu\/po\u0142owinek w p\u0142ockim klubie Metalowiec, mieszcz\u0105cym si\u0119 przy ulicy Tumskiej 13, fot. dzi\u0119ki uprzejmo\u015bci Bartosza Stefa\u0144skiego<\/em><\/figcaption><\/figure>\n<\/div>\n\n\n\n<div class=\"is-layout-flow wp-block-column\" style=\"flex-basis:66.66%\">\n<p>wspomina Maciej Stoli\u0144ski:<\/p>\n\n\n\n<p>&#8220;Ze wszystkich moich kumpli ze Stefanem znam si\u0119 najd\u0142u\u017cej na \u015bwiecie, bo od 5 roku \u017cycia (czyli 43 lata &#8211; sic!).<\/p>\n\n\n\n<p>Wpadli\u015bmy razem na genialny, w naszym odczuciu pomys\u0142, \u017ceby :<\/p>\n\n\n\n<p>&#8211; po pierwsze zorganizowa\u0107 licealne po\u0142owinki w Klubie Metalowiec . By\u0142 to klub Fabryki Maszyn \u017bniwnych na ul. Tumskiej (dzi\u015b jest tam knajpa o nazwie Tumska 13);<\/p>\n\n\n\n<p>&#8211; po drugie : na tych po\u0142owinkach mia\u0142o zagra\u0107 Rigor Mortiss;<\/p>\n\n\n\n<p>Ojciec Stefana by\u0142 radc\u0105 prawnym w FM\u017becie, wi\u0119c pom\u00f3g\u0142 za\u0142atwi\u0107 temat.<\/p>\n\n\n\n<p>Jako, \u017ce nikt z nas nie by\u0142 jeszcze pe\u0142noletni, do opieki zosta\u0142a przydzielona starsza siostra Stefana (mia\u0142a wtedy ok. 23 lat). Trzeba te\u017c wiedzie\u0107, \u017ce starsza siostra by\u0142a jedn\u0105 z pierwszych punk\u00f3wek w P\u0142ocku !<\/p>\n\n\n\n<p>Impreza od samego pocz\u0105tku (co wida\u0107 na fotce) by\u0142a mocno zakrapiana i jak ostatnio wspominali\u015bmy ze Stefanem, pani szatniarka autentycznie p\u0142aka\u0142a od po\u0142owy imprezy. Mia\u0142o by\u0107 cicho i spokojnie ,a by\u0142o kurewsko daleko od cicho i spokojnie \ud83d\ude42<\/p>\n\n\n\n<p>Dzi\u015b nie pami\u0119tamy, w jaki spos\u00f3b o koncercie RM dowiedzia\u0142a si\u0119 du\u017ca cz\u0119\u015b\u0107 alternatywnej gawiedzi i przyszli pod klub, ale ostatecznie weszli te\u017c na koncert.<\/p>\n\n\n\n<p>Wtedy pani szatniarka ju\u017c w og\u00f3le nie panowa\u0142a nad sytuacj\u0105&#8230;szlocha\u0142a.<\/p>\n\n\n\n<p>Opr\u00f3cz &#8220;normalnych&#8221; przyszli te\u017c \u0142ysi i jeden z nich &#8211; jeden z g\u0142\u00f3wnych skinhead&#8217;\u00f3w z P\u0142ocka, niejaki Pietka (by\u0142 nie\u017ale jebni\u0119ty), w \u015brodku klubu odpali\u0142 6-o kilogramow\u0105 ga\u015bnic\u0119 proszkow\u0105. Przez p\u00f3\u0142 godziny nie by\u0142o nic wida\u0107 i w ten oczywisty spos\u00f3b zako\u0144czy\u0142 koncert i ca\u0142e po\u0142owinki.<\/p>\n\n\n\n<p>Po imprezie Stefan zosta\u0142 zawieszony w prawach ucznia na tydzie\u0144, a ojca Stefana wezwano na &#8220;dywanik&#8221; do dyrektora FM\u017b.<\/p>\n\n\n\n<p>Pi\u0119kne czasy ;))) &#8220;<\/p>\n<\/div>\n<\/div>\n\n\n\n<hr class=\"wp-block-separator\"\/>\n","protected":false},"excerpt":{"rendered":"<div class=\"mh-excerpt\"><p>Historia Jednego Zdj\u0119cia W tej zak\u0142adce postanowi\u0142em podzieli\u0107 si\u0119 z Wami niesamowitymi historiami oko\u0142o muzycznymi, kt\u00f3re uwa\u017cam za niezwykle ciekawe w kwestii szerszego spojrzenia na <a class=\"mh-excerpt-more\" href=\"https:\/\/petrock.pl\/?page_id=2559\" title=\"HJZ\">[&#8230;]<\/a><\/p>\n<\/div>","protected":false},"author":7,"featured_media":0,"parent":0,"menu_order":0,"comment_status":"closed","ping_status":"closed","template":"","meta":[],"yoast_head":"<!-- This site is optimized with the Yoast SEO plugin v21.1 - https:\/\/yoast.com\/wordpress\/plugins\/seo\/ -->\n<title>HJZ - P\u0142ocka Scena Rockowa<\/title>\n<meta name=\"robots\" content=\"index, follow, max-snippet:-1, max-image-preview:large, max-video-preview:-1\" \/>\n<link rel=\"canonical\" href=\"https:\/\/petrock.pl\/?page_id=2559\" \/>\n<meta property=\"og:locale\" content=\"pl_PL\" \/>\n<meta property=\"og:type\" content=\"article\" \/>\n<meta property=\"og:title\" content=\"HJZ - P\u0142ocka Scena Rockowa\" \/>\n<meta property=\"og:description\" content=\"Historia Jednego Zdj\u0119cia W tej zak\u0142adce postanowi\u0142em podzieli\u0107 si\u0119 z Wami niesamowitymi historiami oko\u0142o muzycznymi, kt\u00f3re uwa\u017cam za niezwykle ciekawe w kwestii szerszego spojrzenia na [...]\" \/>\n<meta property=\"og:url\" content=\"https:\/\/petrock.pl\/?page_id=2559\" \/>\n<meta property=\"og:site_name\" content=\"P\u0142ocka Scena Rockowa\" \/>\n<meta property=\"article:modified_time\" content=\"2021-03-11T17:58:23+00:00\" \/>\n<meta property=\"og:image\" content=\"http:\/\/petrock.pl\/wp-content\/uploads\/2021\/03\/aaaaaaaaa-1.jpg\" \/>\n<meta name=\"twitter:card\" content=\"summary_large_image\" \/>\n<meta name=\"twitter:label1\" content=\"Szacowany czas czytania\" \/>\n\t<meta name=\"twitter:data1\" content=\"2 minuty\" \/>\n<script type=\"application\/ld+json\" class=\"yoast-schema-graph\">{\"@context\":\"https:\/\/schema.org\",\"@graph\":[{\"@type\":\"WebPage\",\"@id\":\"https:\/\/petrock.pl\/?page_id=2559\",\"url\":\"https:\/\/petrock.pl\/?page_id=2559\",\"name\":\"HJZ - P\u0142ocka Scena Rockowa\",\"isPartOf\":{\"@id\":\"https:\/\/petrock.pl\/#website\"},\"datePublished\":\"2021-03-11T09:22:36+00:00\",\"dateModified\":\"2021-03-11T17:58:23+00:00\",\"breadcrumb\":{\"@id\":\"https:\/\/petrock.pl\/?page_id=2559#breadcrumb\"},\"inLanguage\":\"pl-PL\",\"potentialAction\":[{\"@type\":\"ReadAction\",\"target\":[\"https:\/\/petrock.pl\/?page_id=2559\"]}]},{\"@type\":\"BreadcrumbList\",\"@id\":\"https:\/\/petrock.pl\/?page_id=2559#breadcrumb\",\"itemListElement\":[{\"@type\":\"ListItem\",\"position\":1,\"name\":\"Strona g\u0142\u00f3wna\",\"item\":\"https:\/\/petrock.pl\/\"},{\"@type\":\"ListItem\",\"position\":2,\"name\":\"HJZ\"}]},{\"@type\":\"WebSite\",\"@id\":\"https:\/\/petrock.pl\/#website\",\"url\":\"https:\/\/petrock.pl\/\",\"name\":\"P\u0142ocka Scena Rockowa\",\"description\":\"Wywiady Biografie Koncerty Recenzje\",\"potentialAction\":[{\"@type\":\"SearchAction\",\"target\":{\"@type\":\"EntryPoint\",\"urlTemplate\":\"https:\/\/petrock.pl\/?s={search_term_string}\"},\"query-input\":\"required name=search_term_string\"}],\"inLanguage\":\"pl-PL\"}]}<\/script>\n<!-- \/ Yoast SEO plugin. -->","yoast_head_json":{"title":"HJZ - P\u0142ocka Scena Rockowa","robots":{"index":"index","follow":"follow","max-snippet":"max-snippet:-1","max-image-preview":"max-image-preview:large","max-video-preview":"max-video-preview:-1"},"canonical":"https:\/\/petrock.pl\/?page_id=2559","og_locale":"pl_PL","og_type":"article","og_title":"HJZ - P\u0142ocka Scena Rockowa","og_description":"Historia Jednego Zdj\u0119cia W tej zak\u0142adce postanowi\u0142em podzieli\u0107 si\u0119 z Wami niesamowitymi historiami oko\u0142o muzycznymi, kt\u00f3re uwa\u017cam za niezwykle ciekawe w kwestii szerszego spojrzenia na [...]","og_url":"https:\/\/petrock.pl\/?page_id=2559","og_site_name":"P\u0142ocka Scena Rockowa","article_modified_time":"2021-03-11T17:58:23+00:00","og_image":[{"url":"http:\/\/petrock.pl\/wp-content\/uploads\/2021\/03\/aaaaaaaaa-1.jpg"}],"twitter_card":"summary_large_image","twitter_misc":{"Szacowany czas czytania":"2 minuty"},"schema":{"@context":"https:\/\/schema.org","@graph":[{"@type":"WebPage","@id":"https:\/\/petrock.pl\/?page_id=2559","url":"https:\/\/petrock.pl\/?page_id=2559","name":"HJZ - P\u0142ocka Scena Rockowa","isPartOf":{"@id":"https:\/\/petrock.pl\/#website"},"datePublished":"2021-03-11T09:22:36+00:00","dateModified":"2021-03-11T17:58:23+00:00","breadcrumb":{"@id":"https:\/\/petrock.pl\/?page_id=2559#breadcrumb"},"inLanguage":"pl-PL","potentialAction":[{"@type":"ReadAction","target":["https:\/\/petrock.pl\/?page_id=2559"]}]},{"@type":"BreadcrumbList","@id":"https:\/\/petrock.pl\/?page_id=2559#breadcrumb","itemListElement":[{"@type":"ListItem","position":1,"name":"Strona g\u0142\u00f3wna","item":"https:\/\/petrock.pl\/"},{"@type":"ListItem","position":2,"name":"HJZ"}]},{"@type":"WebSite","@id":"https:\/\/petrock.pl\/#website","url":"https:\/\/petrock.pl\/","name":"P\u0142ocka Scena Rockowa","description":"Wywiady Biografie Koncerty Recenzje","potentialAction":[{"@type":"SearchAction","target":{"@type":"EntryPoint","urlTemplate":"https:\/\/petrock.pl\/?s={search_term_string}"},"query-input":"required name=search_term_string"}],"inLanguage":"pl-PL"}]}},"_links":{"self":[{"href":"https:\/\/petrock.pl\/index.php?rest_route=\/wp\/v2\/pages\/2559"}],"collection":[{"href":"https:\/\/petrock.pl\/index.php?rest_route=\/wp\/v2\/pages"}],"about":[{"href":"https:\/\/petrock.pl\/index.php?rest_route=\/wp\/v2\/types\/page"}],"author":[{"embeddable":true,"href":"https:\/\/petrock.pl\/index.php?rest_route=\/wp\/v2\/users\/7"}],"replies":[{"embeddable":true,"href":"https:\/\/petrock.pl\/index.php?rest_route=%2Fwp%2Fv2%2Fcomments&post=2559"}],"version-history":[{"count":23,"href":"https:\/\/petrock.pl\/index.php?rest_route=\/wp\/v2\/pages\/2559\/revisions"}],"predecessor-version":[{"id":2597,"href":"https:\/\/petrock.pl\/index.php?rest_route=\/wp\/v2\/pages\/2559\/revisions\/2597"}],"wp:attachment":[{"href":"https:\/\/petrock.pl\/index.php?rest_route=%2Fwp%2Fv2%2Fmedia&parent=2559"}],"curies":[{"name":"wp","href":"https:\/\/api.w.org\/{rel}","templated":true}]}}