{"id":3514,"date":"2021-11-18T15:40:22","date_gmt":"2021-11-18T13:40:22","guid":{"rendered":"http:\/\/petrock.pl\/?page_id=3514"},"modified":"2023-09-12T15:06:16","modified_gmt":"2023-09-12T13:06:16","slug":"denaturat","status":"publish","type":"page","link":"https:\/\/petrock.pl\/?page_id=3514","title":{"rendered":"Denaturat"},"content":{"rendered":"\n<div class=\"is-layout-flex wp-container-3 wp-block-columns\">\n<div class=\"is-layout-flow wp-block-column\">\n<figure class=\"wp-block-image size-large\"><a href=\"http:\/\/petrock.pl\/wp-content\/uploads\/2021\/11\/z-gazety.jpg\"><img decoding=\"async\" loading=\"lazy\" width=\"614\" height=\"409\" src=\"http:\/\/petrock.pl\/wp-content\/uploads\/2021\/11\/z-gazety.jpg\" alt=\"\" class=\"wp-image-3524\" srcset=\"https:\/\/petrock.pl\/wp-content\/uploads\/2021\/11\/z-gazety.jpg 614w, https:\/\/petrock.pl\/wp-content\/uploads\/2021\/11\/z-gazety-300x200.jpg 300w\" sizes=\"(max-width: 614px) 100vw, 614px\" \/><\/a><figcaption class=\"wp-element-caption\"><em>zesp\u00f3\u0142 Denaturat, fot. dzi\u0119ki uprzejmo\u015bci Macieja P\u00f3\u0142bratka<\/em><\/figcaption><\/figure>\n\n\n\n<figure class=\"wp-block-image size-large\"><a href=\"http:\/\/petrock.pl\/wp-content\/uploads\/2021\/11\/4.jpg\"><img decoding=\"async\" loading=\"lazy\" width=\"1024\" height=\"719\" src=\"http:\/\/petrock.pl\/wp-content\/uploads\/2021\/11\/4-1024x719.jpg\" alt=\"\" class=\"wp-image-3525\" srcset=\"https:\/\/petrock.pl\/wp-content\/uploads\/2021\/11\/4-1024x719.jpg 1024w, https:\/\/petrock.pl\/wp-content\/uploads\/2021\/11\/4-300x211.jpg 300w, https:\/\/petrock.pl\/wp-content\/uploads\/2021\/11\/4-768x539.jpg 768w, https:\/\/petrock.pl\/wp-content\/uploads\/2021\/11\/4.jpg 1083w\" sizes=\"(max-width: 1024px) 100vw, 1024px\" \/><\/a><figcaption class=\"wp-element-caption\"><em>Maciej Sza\u0142a\u0144ski i Tomasz Zieli\u0144ski, fot. dzi\u0119ki uprzejmo\u015bci Macieja P\u00f3\u0142bratka<\/em><\/figcaption><\/figure>\n\n\n\n<figure class=\"wp-block-image size-large\"><a href=\"http:\/\/petrock.pl\/wp-content\/uploads\/2021\/11\/5.jpg\"><img decoding=\"async\" loading=\"lazy\" width=\"1024\" height=\"724\" src=\"http:\/\/petrock.pl\/wp-content\/uploads\/2021\/11\/5-1024x724.jpg\" alt=\"\" class=\"wp-image-3526\" srcset=\"https:\/\/petrock.pl\/wp-content\/uploads\/2021\/11\/5-1024x724.jpg 1024w, https:\/\/petrock.pl\/wp-content\/uploads\/2021\/11\/5-300x212.jpg 300w, https:\/\/petrock.pl\/wp-content\/uploads\/2021\/11\/5-768x543.jpg 768w, https:\/\/petrock.pl\/wp-content\/uploads\/2021\/11\/5.jpg 1069w\" sizes=\"(max-width: 1024px) 100vw, 1024px\" \/><\/a><figcaption class=\"wp-element-caption\"><em>Tomasz Zieli\u0144ski i Maciej P\u00f3\u0142bratek, fot. dzi\u0119ki uprzejmo\u015bci Macieja P\u00f3\u0142bratka<\/em><\/figcaption><\/figure>\n\n\n\n<figure class=\"wp-block-image\"><img alt=\"\"\/><\/figure>\n<\/div>\n\n\n\n<div class=\"is-layout-flow wp-block-column\">\n<p>Zesp\u00f3\u0142 punk-rockowy powsta\u0142y w P\u0142ocku w 1992 roku z inicjatywy Tomasza Zieli\u0144skiego &#8211; gitara, wokal, Arkadiusza G\u00f3rgonia &#8211; perkusja, Marcina Sza\u0142a\u0144skiego &#8211; bas oraz Macieja P\u00f3\u0142bratka &#8211; gitara, wokal.<\/p>\n\n\n\n<p>Pr\u00f3by bandu odbywa\u0142y si\u0119 w salce SDK-u przy ulicy Krzywoustego, sk\u0105d pochodzi zamieszczone pod biografi\u0105 nagranie poczynione ok. 1994 roku (dzi\u0119ki uprzejmo\u015bci Macieja P\u00f3\u0142bratka).<\/p>\n\n\n\n<p>Debiutancki koncert Denaturatu mia\u0142 miejsce podczas I fina\u0142u WO\u015aP, kt\u00f3ry odby\u0142 si\u0119 w styczniu 1993r. w SP 14. Ch\u0142opaki zagrali wtedy u boku m.in. Niech B\u0119dzie i Z.S.W.B. Kolejne wyst\u0119py na \u017cywo zesp\u00f3\u0142 zanotowa\u0142 m.in. w Ma\u0142achowiance, Siedemdziesi\u0105tce oraz &#8220;na wyje\u017adzie&#8221; w Wyszogrodzie. W mi\u0119dzyczasie uda\u0142o si\u0119 ch\u0142opakom nagra\u0107 kilka utwor\u00f3w na scenie SDKu, na potrzeby popularnej w\u00f3wczas audycji \u201ePulsiak\u201d prowadzonej w Radio Puls przez Mariusza Korpoli\u0144skiego i Krzy\u015bka S\u0142omi\u0144skiego. Niestety, p\u00f3ki co nie uda\u0142o si\u0119 odnale\u017a\u0107 tych nagra\u0144.<\/p>\n\n\n\n<p>W zespole opr\u00f3cz wspomnianych wcze\u015bniej muzyk\u00f3w sw\u00f3j epizod gry mieli r\u00f3wnie\u017c: Marcin Kwiatkowski &#8211; gitara oraz Piotr Burzy\u0144ski &#8211; wokal<\/p>\n\n\n\n<p>W 1996 roku w zwi\u0105zku z zako\u0144czeniem szko\u0142y i podj\u0119ciem przez wi\u0119kszo\u015b\u0107 ch\u0142opak\u00f3w pracy zarobkowej, zesp\u00f3\u0142 zako\u0144czy\u0142 swoj\u0105 dzia\u0142alno\u015b\u0107.<\/p>\n\n\n\n<hr class=\"wp-block-separator has-css-opacity\"\/>\n\n\n\n<p><strong>Sk\u0142ad zespo\u0142u:<\/strong><\/p>\n\n\n\n<p>Tomasz Zieli\u0144ski &#8211; gitara, wokal<\/p>\n\n\n\n<p>Arkadiusz G\u00f3rgo\u0144 &#8211; perkusja<\/p>\n\n\n\n<p>Marcin Sza\u0142a\u0144ski &#8211; bas<\/p>\n\n\n\n<p>Maciej P\u00f3\u0142bratek &#8211; gitara, wokal<\/p>\n\n\n\n<p>Marcin Kwiatkowski &#8211; gitara <\/p>\n\n\n\n<p>Piotr Burzy\u0144ski &#8211; wokal<\/p>\n<\/div>\n<\/div>\n\n\n\n<hr class=\"wp-block-separator has-css-opacity\"\/>\n\n\n\n<p><strong>Multimedia<\/strong>:<\/p>\n\n\n\n<figure class=\"wp-block-embed is-type-video is-provider-youtube wp-block-embed-youtube wp-embed-aspect-16-9 wp-has-aspect-ratio\"><div class=\"wp-block-embed__wrapper\">\n<iframe loading=\"lazy\" title=\"Denaturat - Nowa Epoko z pr\u00f3by w SDK (ok. 1994r.)  (www.petrock.pl)\" width=\"500\" height=\"281\" src=\"https:\/\/www.youtube.com\/embed\/CD-coFFdADA?feature=oembed\" frameborder=\"0\" allow=\"accelerometer; autoplay; clipboard-write; encrypted-media; gyroscope; picture-in-picture\" allowfullscreen><\/iframe>\n<\/div><\/figure>\n","protected":false},"excerpt":{"rendered":"<div class=\"mh-excerpt\"><p>Zesp\u00f3\u0142 punk-rockowy powsta\u0142y w P\u0142ocku w 1992 roku z inicjatywy Tomasza Zieli\u0144skiego &#8211; gitara, wokal, Arkadiusza G\u00f3rgonia &#8211; perkusja, Marcina Sza\u0142a\u0144skiego &#8211; bas oraz Macieja <a class=\"mh-excerpt-more\" href=\"https:\/\/petrock.pl\/?page_id=3514\" title=\"Denaturat\">[&#8230;]<\/a><\/p>\n<\/div>","protected":false},"author":7,"featured_media":3524,"parent":0,"menu_order":0,"comment_status":"closed","ping_status":"closed","template":"","meta":[],"yoast_head":"<!-- This site is optimized with the Yoast SEO plugin v21.1 - https:\/\/yoast.com\/wordpress\/plugins\/seo\/ -->\n<title>Denaturat - P\u0142ocka Scena Rockowa<\/title>\n<meta name=\"robots\" content=\"index, follow, max-snippet:-1, max-image-preview:large, max-video-preview:-1\" \/>\n<link rel=\"canonical\" href=\"https:\/\/petrock.pl\/?page_id=3514\" \/>\n<meta property=\"og:locale\" content=\"pl_PL\" \/>\n<meta property=\"og:type\" content=\"article\" \/>\n<meta property=\"og:title\" content=\"Denaturat - P\u0142ocka Scena Rockowa\" \/>\n<meta property=\"og:description\" content=\"Zesp\u00f3\u0142 punk-rockowy powsta\u0142y w P\u0142ocku w 1992 roku z inicjatywy Tomasza Zieli\u0144skiego &#8211; gitara, wokal, Arkadiusza G\u00f3rgonia &#8211; perkusja, Marcina Sza\u0142a\u0144skiego &#8211; bas oraz Macieja [...]\" \/>\n<meta property=\"og:url\" content=\"https:\/\/petrock.pl\/?page_id=3514\" \/>\n<meta property=\"og:site_name\" content=\"P\u0142ocka Scena Rockowa\" \/>\n<meta property=\"article:modified_time\" content=\"2023-09-12T13:06:16+00:00\" \/>\n<meta property=\"og:image\" content=\"https:\/\/petrock.pl\/wp-content\/uploads\/2021\/11\/z-gazety.jpg\" \/>\n\t<meta property=\"og:image:width\" content=\"614\" \/>\n\t<meta property=\"og:image:height\" content=\"409\" \/>\n\t<meta property=\"og:image:type\" content=\"image\/jpeg\" \/>\n<meta name=\"twitter:card\" content=\"summary_large_image\" \/>\n<meta name=\"twitter:label1\" content=\"Szacowany czas czytania\" \/>\n\t<meta name=\"twitter:data1\" content=\"2 minuty\" \/>\n<script type=\"application\/ld+json\" class=\"yoast-schema-graph\">{\"@context\":\"https:\/\/schema.org\",\"@graph\":[{\"@type\":\"WebPage\",\"@id\":\"https:\/\/petrock.pl\/?page_id=3514\",\"url\":\"https:\/\/petrock.pl\/?page_id=3514\",\"name\":\"Denaturat - P\u0142ocka Scena Rockowa\",\"isPartOf\":{\"@id\":\"https:\/\/petrock.pl\/#website\"},\"datePublished\":\"2021-11-18T13:40:22+00:00\",\"dateModified\":\"2023-09-12T13:06:16+00:00\",\"breadcrumb\":{\"@id\":\"https:\/\/petrock.pl\/?page_id=3514#breadcrumb\"},\"inLanguage\":\"pl-PL\",\"potentialAction\":[{\"@type\":\"ReadAction\",\"target\":[\"https:\/\/petrock.pl\/?page_id=3514\"]}]},{\"@type\":\"BreadcrumbList\",\"@id\":\"https:\/\/petrock.pl\/?page_id=3514#breadcrumb\",\"itemListElement\":[{\"@type\":\"ListItem\",\"position\":1,\"name\":\"Strona g\u0142\u00f3wna\",\"item\":\"https:\/\/petrock.pl\/\"},{\"@type\":\"ListItem\",\"position\":2,\"name\":\"Denaturat\"}]},{\"@type\":\"WebSite\",\"@id\":\"https:\/\/petrock.pl\/#website\",\"url\":\"https:\/\/petrock.pl\/\",\"name\":\"P\u0142ocka Scena Rockowa\",\"description\":\"Wywiady Biografie Koncerty Recenzje\",\"potentialAction\":[{\"@type\":\"SearchAction\",\"target\":{\"@type\":\"EntryPoint\",\"urlTemplate\":\"https:\/\/petrock.pl\/?s={search_term_string}\"},\"query-input\":\"required name=search_term_string\"}],\"inLanguage\":\"pl-PL\"}]}<\/script>\n<!-- \/ Yoast SEO plugin. -->","yoast_head_json":{"title":"Denaturat - P\u0142ocka Scena Rockowa","robots":{"index":"index","follow":"follow","max-snippet":"max-snippet:-1","max-image-preview":"max-image-preview:large","max-video-preview":"max-video-preview:-1"},"canonical":"https:\/\/petrock.pl\/?page_id=3514","og_locale":"pl_PL","og_type":"article","og_title":"Denaturat - P\u0142ocka Scena Rockowa","og_description":"Zesp\u00f3\u0142 punk-rockowy powsta\u0142y w P\u0142ocku w 1992 roku z inicjatywy Tomasza Zieli\u0144skiego &#8211; gitara, wokal, Arkadiusza G\u00f3rgonia &#8211; perkusja, Marcina Sza\u0142a\u0144skiego &#8211; bas oraz Macieja [...]","og_url":"https:\/\/petrock.pl\/?page_id=3514","og_site_name":"P\u0142ocka Scena Rockowa","article_modified_time":"2023-09-12T13:06:16+00:00","og_image":[{"width":614,"height":409,"url":"https:\/\/petrock.pl\/wp-content\/uploads\/2021\/11\/z-gazety.jpg","type":"image\/jpeg"}],"twitter_card":"summary_large_image","twitter_misc":{"Szacowany czas czytania":"2 minuty"},"schema":{"@context":"https:\/\/schema.org","@graph":[{"@type":"WebPage","@id":"https:\/\/petrock.pl\/?page_id=3514","url":"https:\/\/petrock.pl\/?page_id=3514","name":"Denaturat - P\u0142ocka Scena Rockowa","isPartOf":{"@id":"https:\/\/petrock.pl\/#website"},"datePublished":"2021-11-18T13:40:22+00:00","dateModified":"2023-09-12T13:06:16+00:00","breadcrumb":{"@id":"https:\/\/petrock.pl\/?page_id=3514#breadcrumb"},"inLanguage":"pl-PL","potentialAction":[{"@type":"ReadAction","target":["https:\/\/petrock.pl\/?page_id=3514"]}]},{"@type":"BreadcrumbList","@id":"https:\/\/petrock.pl\/?page_id=3514#breadcrumb","itemListElement":[{"@type":"ListItem","position":1,"name":"Strona g\u0142\u00f3wna","item":"https:\/\/petrock.pl\/"},{"@type":"ListItem","position":2,"name":"Denaturat"}]},{"@type":"WebSite","@id":"https:\/\/petrock.pl\/#website","url":"https:\/\/petrock.pl\/","name":"P\u0142ocka Scena Rockowa","description":"Wywiady Biografie Koncerty Recenzje","potentialAction":[{"@type":"SearchAction","target":{"@type":"EntryPoint","urlTemplate":"https:\/\/petrock.pl\/?s={search_term_string}"},"query-input":"required name=search_term_string"}],"inLanguage":"pl-PL"}]}},"_links":{"self":[{"href":"https:\/\/petrock.pl\/index.php?rest_route=\/wp\/v2\/pages\/3514"}],"collection":[{"href":"https:\/\/petrock.pl\/index.php?rest_route=\/wp\/v2\/pages"}],"about":[{"href":"https:\/\/petrock.pl\/index.php?rest_route=\/wp\/v2\/types\/page"}],"author":[{"embeddable":true,"href":"https:\/\/petrock.pl\/index.php?rest_route=\/wp\/v2\/users\/7"}],"replies":[{"embeddable":true,"href":"https:\/\/petrock.pl\/index.php?rest_route=%2Fwp%2Fv2%2Fcomments&post=3514"}],"version-history":[{"count":30,"href":"https:\/\/petrock.pl\/index.php?rest_route=\/wp\/v2\/pages\/3514\/revisions"}],"predecessor-version":[{"id":3891,"href":"https:\/\/petrock.pl\/index.php?rest_route=\/wp\/v2\/pages\/3514\/revisions\/3891"}],"wp:featuredmedia":[{"embeddable":true,"href":"https:\/\/petrock.pl\/index.php?rest_route=\/wp\/v2\/media\/3524"}],"wp:attachment":[{"href":"https:\/\/petrock.pl\/index.php?rest_route=%2Fwp%2Fv2%2Fmedia&parent=3514"}],"curies":[{"name":"wp","href":"https:\/\/api.w.org\/{rel}","templated":true}]}}