{"id":393,"date":"2020-06-24T15:17:47","date_gmt":"2020-06-24T15:17:47","guid":{"rendered":"http:\/\/petrock.pl\/?page_id=393"},"modified":"2023-09-12T15:00:00","modified_gmt":"2023-09-12T13:00:00","slug":"alienacja","status":"publish","type":"page","link":"https:\/\/petrock.pl\/?page_id=393","title":{"rendered":"Alienacja"},"content":{"rendered":"\n<div class=\"is-layout-flex wp-container-23 wp-block-columns\">\n<div class=\"is-layout-flow wp-block-column\" style=\"flex-basis:33.33%\">\n<figure class=\"is-layout-flex wp-block-gallery-1 wp-block-gallery has-nested-images columns-default is-cropped\">\n<figure class=\"wp-block-image size-large\"><a href=\"http:\/\/petrock.pl\/wp-content\/uploads\/2020\/06\/alienacja-1-fota-zespolu.jpg\"><img decoding=\"async\" loading=\"lazy\" width=\"960\" height=\"360\" src=\"http:\/\/petrock.pl\/wp-content\/uploads\/2020\/06\/alienacja-1-fota-zespolu.jpg\" alt=\"\" class=\"wp-image-583\" srcset=\"https:\/\/petrock.pl\/wp-content\/uploads\/2020\/06\/alienacja-1-fota-zespolu.jpg 960w, https:\/\/petrock.pl\/wp-content\/uploads\/2020\/06\/alienacja-1-fota-zespolu-300x113.jpg 300w, https:\/\/petrock.pl\/wp-content\/uploads\/2020\/06\/alienacja-1-fota-zespolu-768x288.jpg 768w\" sizes=\"(max-width: 960px) 100vw, 960px\" \/><\/a><\/figure>\n<figcaption class=\"blocks-gallery-caption wp-element-caption\"><em>&nbsp; fot. archiwum zespo\u0142u<\/em><\/figcaption><\/figure>\n\n\n\n<figure class=\"is-layout-flex wp-block-gallery-3 wp-block-gallery has-nested-images columns-default is-cropped\">\n<figure class=\"wp-block-image size-large\"><a href=\"http:\/\/petrock.pl\/wp-content\/uploads\/2020\/07\/OD-pITERA.jpg\"><img decoding=\"async\" loading=\"lazy\" width=\"1024\" height=\"667\" src=\"http:\/\/petrock.pl\/wp-content\/uploads\/2020\/07\/OD-pITERA-1024x667.jpg\" alt=\"\" class=\"wp-image-1032\" srcset=\"https:\/\/petrock.pl\/wp-content\/uploads\/2020\/07\/OD-pITERA-1024x667.jpg 1024w, https:\/\/petrock.pl\/wp-content\/uploads\/2020\/07\/OD-pITERA-300x195.jpg 300w, https:\/\/petrock.pl\/wp-content\/uploads\/2020\/07\/OD-pITERA-768x500.jpg 768w, https:\/\/petrock.pl\/wp-content\/uploads\/2020\/07\/OD-pITERA.jpg 1105w\" sizes=\"(max-width: 1024px) 100vw, 1024px\" \/><\/a><\/figure>\n<figcaption class=\"blocks-gallery-caption wp-element-caption\"><em>&#8211; fot. Piotr Drozdowski<\/em><\/figcaption><\/figure>\n\n\n\n<figure class=\"is-layout-flex wp-block-gallery-5 wp-block-gallery has-nested-images columns-default is-cropped\">\n<figure class=\"wp-block-image size-large\"><a href=\"http:\/\/petrock.pl\/wp-content\/uploads\/2020\/06\/Alienacja-Gostynin.jpg\"><img decoding=\"async\" loading=\"lazy\" width=\"1024\" height=\"702\" src=\"http:\/\/petrock.pl\/wp-content\/uploads\/2020\/06\/Alienacja-Gostynin-1024x702.jpg\" alt=\"\" class=\"wp-image-585\" srcset=\"https:\/\/petrock.pl\/wp-content\/uploads\/2020\/06\/Alienacja-Gostynin-1024x702.jpg 1024w, https:\/\/petrock.pl\/wp-content\/uploads\/2020\/06\/Alienacja-Gostynin-300x206.jpg 300w, https:\/\/petrock.pl\/wp-content\/uploads\/2020\/06\/Alienacja-Gostynin-768x527.jpg 768w, https:\/\/petrock.pl\/wp-content\/uploads\/2020\/06\/Alienacja-Gostynin.jpg 1476w\" sizes=\"(max-width: 1024px) 100vw, 1024px\" \/><\/a><\/figure>\n<figcaption class=\"blocks-gallery-caption wp-element-caption\">&nbsp; <em>fot. Piotr Zawadzki<\/em><\/figcaption><\/figure>\n\n\n\n<figure class=\"is-layout-flex wp-block-gallery-7 wp-block-gallery has-nested-images columns-default is-cropped\">\n<figure class=\"wp-block-image size-large\"><a href=\"http:\/\/petrock.pl\/wp-content\/uploads\/2020\/06\/Alienacja-od-dziadka-kamelot.jpg\"><img decoding=\"async\" loading=\"lazy\" width=\"1024\" height=\"697\" src=\"http:\/\/petrock.pl\/wp-content\/uploads\/2020\/06\/Alienacja-od-dziadka-kamelot-1024x697.jpg\" alt=\"\" class=\"wp-image-586\" srcset=\"https:\/\/petrock.pl\/wp-content\/uploads\/2020\/06\/Alienacja-od-dziadka-kamelot-1024x697.jpg 1024w, https:\/\/petrock.pl\/wp-content\/uploads\/2020\/06\/Alienacja-od-dziadka-kamelot-300x204.jpg 300w, https:\/\/petrock.pl\/wp-content\/uploads\/2020\/06\/Alienacja-od-dziadka-kamelot-768x523.jpg 768w, https:\/\/petrock.pl\/wp-content\/uploads\/2020\/06\/Alienacja-od-dziadka-kamelot.jpg 1480w\" sizes=\"(max-width: 1024px) 100vw, 1024px\" \/><\/a><\/figure>\n<figcaption class=\"blocks-gallery-caption wp-element-caption\">&nbsp; <em>fot. Piotr Zawadzki<\/em><\/figcaption><\/figure>\n\n\n\n<figure class=\"is-layout-flex wp-block-gallery-9 wp-block-gallery has-nested-images columns-default is-cropped\">\n<figure class=\"wp-block-image size-large\"><a href=\"http:\/\/petrock.pl\/wp-content\/uploads\/2020\/06\/Alienacja-od-dziadka-nie-wiem-czy-Fido.jpg\"><img decoding=\"async\" loading=\"lazy\" width=\"1024\" height=\"686\" src=\"http:\/\/petrock.pl\/wp-content\/uploads\/2020\/06\/Alienacja-od-dziadka-nie-wiem-czy-Fido-1024x686.jpg\" alt=\"\" class=\"wp-image-587\" srcset=\"https:\/\/petrock.pl\/wp-content\/uploads\/2020\/06\/Alienacja-od-dziadka-nie-wiem-czy-Fido-1024x686.jpg 1024w, https:\/\/petrock.pl\/wp-content\/uploads\/2020\/06\/Alienacja-od-dziadka-nie-wiem-czy-Fido-300x201.jpg 300w, https:\/\/petrock.pl\/wp-content\/uploads\/2020\/06\/Alienacja-od-dziadka-nie-wiem-czy-Fido-768x515.jpg 768w, https:\/\/petrock.pl\/wp-content\/uploads\/2020\/06\/Alienacja-od-dziadka-nie-wiem-czy-Fido.jpg 1480w\" sizes=\"(max-width: 1024px) 100vw, 1024px\" \/><\/a><\/figure>\n<figcaption class=\"blocks-gallery-caption wp-element-caption\">&nbsp;&nbsp;<em>fot. Piotr Zawadzki<\/em><\/figcaption><\/figure>\n\n\n\n<figure class=\"is-layout-flex wp-block-gallery-11 wp-block-gallery has-nested-images columns-default is-cropped\">\n<figure class=\"wp-block-image size-large\"><a href=\"http:\/\/petrock.pl\/wp-content\/uploads\/2020\/06\/1512471_1380472672210503_1057674446_n.jpg\"><img decoding=\"async\" loading=\"lazy\" width=\"600\" height=\"400\" src=\"http:\/\/petrock.pl\/wp-content\/uploads\/2020\/06\/1512471_1380472672210503_1057674446_n.jpg\" alt=\"\" class=\"wp-image-589\" srcset=\"https:\/\/petrock.pl\/wp-content\/uploads\/2020\/06\/1512471_1380472672210503_1057674446_n.jpg 600w, https:\/\/petrock.pl\/wp-content\/uploads\/2020\/06\/1512471_1380472672210503_1057674446_n-300x200.jpg 300w\" sizes=\"(max-width: 600px) 100vw, 600px\" \/><\/a><\/figure>\n<figcaption class=\"blocks-gallery-caption wp-element-caption\">&nbsp; <em>fot. archiwum zespo\u0142u<\/em><\/figcaption><\/figure>\n\n\n\n<figure class=\"is-layout-flex wp-block-gallery-13 wp-block-gallery has-nested-images columns-default is-cropped\">\n<figure class=\"wp-block-image size-large\"><a href=\"http:\/\/petrock.pl\/wp-content\/uploads\/2020\/06\/1515046_1390459544545149_892418619_n.jpg\"><img decoding=\"async\" loading=\"lazy\" width=\"909\" height=\"621\" src=\"http:\/\/petrock.pl\/wp-content\/uploads\/2020\/06\/1515046_1390459544545149_892418619_n.jpg\" alt=\"\" class=\"wp-image-590\" srcset=\"https:\/\/petrock.pl\/wp-content\/uploads\/2020\/06\/1515046_1390459544545149_892418619_n.jpg 909w, https:\/\/petrock.pl\/wp-content\/uploads\/2020\/06\/1515046_1390459544545149_892418619_n-300x205.jpg 300w, https:\/\/petrock.pl\/wp-content\/uploads\/2020\/06\/1515046_1390459544545149_892418619_n-768x525.jpg 768w\" sizes=\"(max-width: 909px) 100vw, 909px\" \/><\/a><\/figure>\n<figcaption class=\"blocks-gallery-caption wp-element-caption\">&nbsp; <em>fot. archiwum zespo\u0142u<\/em><\/figcaption><\/figure>\n\n\n\n<figure class=\"is-layout-flex wp-block-gallery-15 wp-block-gallery has-nested-images columns-default is-cropped\">\n<figure class=\"wp-block-image size-large\"><a href=\"http:\/\/petrock.pl\/wp-content\/uploads\/2020\/06\/1012394_1390459447878492_684022776_n.jpg\"><img decoding=\"async\" loading=\"lazy\" width=\"960\" height=\"646\" src=\"http:\/\/petrock.pl\/wp-content\/uploads\/2020\/06\/1012394_1390459447878492_684022776_n.jpg\" alt=\"\" class=\"wp-image-591\" srcset=\"https:\/\/petrock.pl\/wp-content\/uploads\/2020\/06\/1012394_1390459447878492_684022776_n.jpg 960w, https:\/\/petrock.pl\/wp-content\/uploads\/2020\/06\/1012394_1390459447878492_684022776_n-300x202.jpg 300w, https:\/\/petrock.pl\/wp-content\/uploads\/2020\/06\/1012394_1390459447878492_684022776_n-768x517.jpg 768w\" sizes=\"(max-width: 960px) 100vw, 960px\" \/><\/a><\/figure>\n<figcaption class=\"blocks-gallery-caption wp-element-caption\">&nbsp; <em>fot. archiwum zespo\u0142u<\/em><\/figcaption><\/figure>\n\n\n\n<figure class=\"is-layout-flex wp-block-gallery-17 wp-block-gallery has-nested-images columns-default is-cropped\">\n<figure class=\"wp-block-image size-large\"><a href=\"http:\/\/petrock.pl\/wp-content\/uploads\/2020\/07\/IMG_20200713_155449_01.jpg\"><img decoding=\"async\" loading=\"lazy\" width=\"807\" height=\"720\" src=\"http:\/\/petrock.pl\/wp-content\/uploads\/2020\/07\/IMG_20200713_155449_01.jpg\" alt=\"\" class=\"wp-image-1006\" srcset=\"https:\/\/petrock.pl\/wp-content\/uploads\/2020\/07\/IMG_20200713_155449_01.jpg 807w, https:\/\/petrock.pl\/wp-content\/uploads\/2020\/07\/IMG_20200713_155449_01-300x268.jpg 300w, https:\/\/petrock.pl\/wp-content\/uploads\/2020\/07\/IMG_20200713_155449_01-768x685.jpg 768w\" sizes=\"(max-width: 807px) 100vw, 807px\" \/><\/a><\/figure>\n<figcaption class=\"blocks-gallery-caption wp-element-caption\"><em>&#8211; fot. Piotr Drozdowski<\/em><\/figcaption><\/figure>\n\n\n\n<figure class=\"is-layout-flex wp-block-gallery-19 wp-block-gallery has-nested-images columns-default is-cropped\">\n<figure class=\"wp-block-image size-large\"><img decoding=\"async\" loading=\"lazy\" width=\"723\" height=\"1024\" src=\"http:\/\/petrock.pl\/wp-content\/uploads\/2020\/07\/Tajniak-alienacja-gostynin-od-dziadka-723x1024.jpg\" alt=\"\" class=\"wp-image-1122\" srcset=\"https:\/\/petrock.pl\/wp-content\/uploads\/2020\/07\/Tajniak-alienacja-gostynin-od-dziadka-723x1024.jpg 723w, https:\/\/petrock.pl\/wp-content\/uploads\/2020\/07\/Tajniak-alienacja-gostynin-od-dziadka-212x300.jpg 212w, https:\/\/petrock.pl\/wp-content\/uploads\/2020\/07\/Tajniak-alienacja-gostynin-od-dziadka-768x1087.jpg 768w, https:\/\/petrock.pl\/wp-content\/uploads\/2020\/07\/Tajniak-alienacja-gostynin-od-dziadka.jpg 1040w\" sizes=\"(max-width: 723px) 100vw, 723px\" \/><\/figure>\n<figcaption class=\"blocks-gallery-caption wp-element-caption\">&#8211; <em>fot. Piotr Zawadzki<\/em><\/figcaption><\/figure>\n<\/div>\n\n\n\n<div class=\"is-layout-flow wp-block-column\" style=\"flex-basis:66.66%\">\n<p>Zesp\u00f3\u0142 <strong>Alienacja<\/strong> powsta\u0142 w 1997 roku z inicjatywy Fida, Roberta Szermety oraz Micha\u0142a \u201eMyszy\u201d Pytlaka. Kierunek muzyczny jaki obra\u0142 w\u00f3wczas zesp\u00f3\u0142 oscylowa\u0142 w ci\u0119\u017cszej odmiania punk rocka jakim by\u0142 crust\/punk. Po jakim\u015b czasie do zespo\u0142u do\u0142\u0105czy\u0142 Micha\u0142 \u201eStok\u0142os\u201d Stok\u0142osa oraz Piotr \u201eJawor\u201d Jaworski. Pierwszy publiczny wyst\u0119p zespo\u0142u nast\u0105pi\u0142 podczas Dnia Ziemi zorganizowanego w p\u0142ockim MOSiRze.<\/p>\n\n\n\n<p>Nie d\u0142ugo utrzyma\u0142 si\u0119 \u00f3wczesny sk\u0142ad zespo\u0142u i po pewnym czasie szeregi kapeli opu\u015bcili Szermeta, Stok\u0142os oraz Jawor. Ka\u017cdy z nich poszed\u0142 swoj\u0105 drog\u0105 muzyczn\u0105. Na drodze Myszy i Fida stan\u0105\u0142 w\u00f3wczas Tajniak , kt\u00f3ry z reszt\u0105 zespo\u0142u zmontowa\u0142 sk\u0142ad zapo\u017cyczaj\u0105c z zespo\u0142u <strong>Alioth<\/strong> perkusist\u0119. Ten z kolei wprowadzi\u0142 do zespo\u0142u swojego kumpla i sk\u0142ad uformowa\u0142 si\u0119 nast\u0119puj\u0105co: Fido &#8211; wokal, Mysza &#8211; gitara, Arkadiusz \u201eTajniak\u201d Ta\u0144ski &#8211; przesterowany bass, Darek \u201eDaro\u201d Karczewski &#8211; bass, Rafa\u0142 \u201eSzkielo\u201d Strzemieczny &#8211; perkusja. Po kilku tygodniach pr\u00f3b na drugi wokal do\u0142\u0105czy\u0142a \u00f3wczesna dziewczyna Szkiela  \u2013 Agnieszka Nawrocka i zesp\u00f3\u0142 zacz\u0105\u0142 gra\u0107 prawdziwego crust punka z nalecia\u0142o\u015bciami grind core. Alienacja by\u0142a w tamtym okresie jedynym zespo\u0142em graj\u0105cym na dwa bassy. Po unormowaniu sk\u0142adu zesp\u00f3\u0142 dokona\u0142 swojego pierwszego nagrania, a chwil\u0119 p\u00f3\u017aniej wyda\u0142 split z zespo\u0142em Alioth pod tytu\u0142em \u201e\u015awiadomo\u015b\u0107 upadku\u201d. Wydawc\u0105 tego materia\u0142u by\u0142a niezale\u017cna wytw\u00f3rnia N.I.C. Kolejny materia\u0142 zesp\u00f3\u0142 nagra\u0142 we w\u0142oc\u0142awskim studio w 1998 roku pod wymownym tytu\u0142em \u201eG\u0142\u00f3d \u015bmierci\u201d, wydany przez wytw\u00f3rni\u0119 Qurva Sistema. By\u0142 to ju\u017c na owe czasy dobry grind crustowy materia\u0142. Ten sk\u0142ad utrzyma\u0142 si\u0119 do 1999 roku i zagra\u0142 wiele koncert\u00f3w w ca\u0142ej Polsce. Nast\u0119pnie szeregi kapeli opu\u015bci\u0142 Szkielo, a za nim Agnieszka. Tajniak rozpocz\u0105\u0142 studia, co coraz bardziej kolidowa\u0142o z graniem i ostatecznie r\u00f3wnie\u017c po\u017cegna\u0142 si\u0119 z zespo\u0142em. Daro uda\u0142 si\u0119 wype\u0142ni\u0107 sw\u00f3j obowi\u0105zek wobec ojczyzny, a Fido pop\u0142yn\u0105\u0142 w klimaty reggae i r\u00f3wnie\u017c odszed\u0142 z kapeli. Zosta\u0142 Mysza, kt\u00f3ry po kr\u00f3tkim czasie przy pomocy nowego wokala Marcina \u201eTarczy\u201d Tarczy\u0144skiego posk\u0142ada\u0142 na nowo sk\u0142ad i w po\u0142owie 1999 roku prezentowa\u0142 si\u0119 on nast\u0119puj\u0105co: Tarcza &#8211; wokal, Mysza &#8211; gitara, Kowal &#8211; bass, Szymon &#8211; perkusja. Pod koniec 1999 roku do sk\u0142adu Tarcza dokooptowa\u0142 na drugi wokal Huberta \u201eLip\u0119\u201d Lipowskiego, a przez kr\u00f3tk\u0105 chwil\u0119 na drugiej gitarze gra\u0142 Przemek \u201eMaestro\u201d Grenda. Nowy materia\u0142, kt\u00f3ry powstawa\u0142 w 1999 roku ociera\u0142 si\u0119 o grind cora wymieszanego z death metalem. Dokonania zosta\u0142y zarejestrowane w 2000 roku w warszawskim studiu Kokszoman (dawniej Z\u0142ota Ska\u0142a), jednak\u017ce z powodu k\u0142opot\u00f3w z wydawc\u0105 \u015bwiat\u0142o dzienne materia\u0142 ujrza\u0142 dopiero w 2001 roku. P\u0142yta zosta\u0142a wydana pt. \u2026 in My Eyes, a zesp\u00f3\u0142 odby\u0142 liczne koncerty w Polsce i zagra\u0142 swoj\u0105 pierwsz\u0105 zagraniczn\u0105 tras\u0119 po Niemczech i Szwajcarii. Pod koniec 2000 roku zesp\u00f3\u0142 opu\u015bci\u0142 Tarcza z powod\u00f3w zdrowotnych. Alienacja prze\u017cywa\u0142a na owe czasy rozkwit. W P\u0142ocku nikomu nieznany zesp\u00f3\u0142 gra\u0142 liczne europejskie trasy m. in. po Niemczech, Belgii, Holandii, Luxemburgu, Francji, W\u0142oszech, Finlandii, Szwecji, Norwegii etc. Kolejna zmiana w sk\u0142adzie odby\u0142a si\u0119 w 2005 roku. W przeddzie\u0144 wyjazdu zespo\u0142u na tras\u0119 z Arkangelem, Szymona zast\u0105pi\u0142 za garkami Pawe\u0142 \u201eZa\u0142o\u201d Za\u0142\u0119ski. Kowala, kt\u00f3ry wyemigrowa\u0142 na Wyspy \u2013 Krzysztof \u201eStasiek\u201d Stanis\u0142awczyk, a w 2006 roku na drugie wios\u0142o doszed\u0142 gitarzysta Lukasz \u201eLewy\u201d Lewandowski.<\/p>\n\n\n\n<p>W 2006 roku Alienacja dokona\u0142a nagrania materia\u0142u \u201eBlades Shall Speak\u201d w olszty\u0144skim studio X. Nast\u0119pnie trafi\u0142 on na master do niemieckiego Rape of Harmonies Studio, kt\u00f3re nada\u0142o mu brutalny wyraz. Materia\u0142 ten zosta\u0142 wydany przez niezale\u017cn\u0105 wytw\u00f3rni\u0119 Lifeline i spotka\u0142 si\u0119 z ogromnym odzewem na ca\u0142ym \u015bwiecie. Chwil\u0119 p\u00f3\u017aniej z powodu nieporozumienia mi\u0119dzy muzykami zesp\u00f3\u0142 przesta\u0142 funkcjonowa\u0107, chocia\u017c oficjalnie nie zako\u0144czy\u0142 dzia\u0142alno\u015bci i od czasu do czasu ujawnia swoj\u0105 aktywno\u015b\u0107. W 2015 roku zesp\u00f3\u0142 nagra\u0142 oraz wypu\u015bci\u0142 w \u015bwiat teledysk do utworu \u201eDead Race\u201d.<\/p>\n\n\n\n<hr class=\"wp-block-separator has-css-opacity\"\/>\n\n\n\n<p><strong>Ostatni sk\u0142ad:<\/strong><\/p>\n\n\n\n<p>\u0141ukasz \u201ePlasma\u201d Wlaz\u0142o \u2013 wokal<br>\u0141ukasz \u201eLewy\u201d Lewandowski \u2013 gitara<br>Micha\u0142 \u201eMysza\u201d Pytlak \u2013 gitara<br>Piotr Tokarz \u2013 bas<br>\u0141ukasz \u201eLucass\u201d Krzesiewicz \u2013 perkusja<\/p>\n\n\n\n<hr class=\"wp-block-separator has-css-opacity\"\/>\n\n\n\n<p><strong>Byli cz\u0142onkowie:<\/strong><\/p>\n\n\n\n<p>Agnieszka Nawrocka &#8211; wokal<\/p>\n\n\n\n<p>Rafa\u0142 \u201eSzkielo\u201d Strzemieczny &#8211; perkusja<\/p>\n\n\n\n<p>Fido &#8211; wokal<\/p>\n\n\n\n<p>Robert &#8220;Szermet&#8221; Szermeta &#8211; gitara<\/p>\n\n\n\n<p>Marcina \u201eTarczy\u201d Tarczy\u0144skiego &#8211; wokal<\/p>\n\n\n\n<p>Piotr \u201eJawor\u201d Jaworski &#8211; perkusja<\/p>\n\n\n\n<p>Huberta \u201eLipe\u201d Lipowskiego &#8211; wokal<\/p>\n\n\n\n<p>Pawe\u0142 \u201eZa\u0142o\u201d Za\u0142\u0119ski &#8211; perkusja<\/p>\n\n\n\n<p>Darek \u201eDaro\u201d Karczewski &#8211; bas<\/p>\n\n\n\n<p>Micha\u0142 \u201eStok\u0142os\u201d Stok\u0142osa &#8211; gitara<\/p>\n\n\n\n<p>&nbsp;Przemek \u201eMaestro\u201d Grenda &#8211; gitara<\/p>\n\n\n\n<p>Arkadiusz \u201eTajniak\u201d Ta\u0144ski &#8211; bas<\/p>\n\n\n\n<p>Krzysztof \u201eStasiek\u201d Stanis\u0142awczyk \u2013 bas<\/p>\n\n\n\n<p>Szymon<\/p>\n\n\n\n<p>Kowal<\/p>\n<\/div>\n<\/div>\n\n\n\n<p>Dyskografia zespo\u0142u:<\/p>\n\n\n\n<figure class=\"wp-block-table\"><table><tbody><tr><td>\u015awiadomo\u015b\u0107 upadku (split with ALIOTH) (1997)<\/td><td>wyd. N.I.C.<\/td><\/tr><tr><td>Gl\u00f3d \u015amierci (1998)<\/td><td>Qrwa Sistema<\/td><\/tr><tr><td>\u2026In my eyes (2002)<\/td><td>Hackle Records<\/td><\/tr><tr><td>Hobson\u2019s Choice EP (2005)<\/td><td>Hackle Records<\/td><\/tr><tr><td>Blades Shall Speak full-Lenght (2006)<\/td><td>Lifeline Records<\/td><\/tr><\/tbody><\/table><\/figure>\n\n\n\n<p><em>opracowanie w\u0142asne na podst. materia\u0142\u00f3w <\/em>z serwis\u00f3w: wirtualnyplock.pl oraz Violence Online<\/p>\n\n\n\n<hr class=\"wp-block-separator has-css-opacity\"\/>\n\n\n\n<p>Multimedia:<\/p>\n\n\n\n<figure class=\"wp-block-embed is-type-video is-provider-youtube wp-block-embed-youtube wp-embed-aspect-16-9 wp-has-aspect-ratio\"><div class=\"wp-block-embed__wrapper\">\n<iframe loading=\"lazy\" title=\"ALIENACJA - 2 Tracks Demo (2000)\" width=\"500\" height=\"281\" src=\"https:\/\/www.youtube.com\/embed\/AEmRNn956Wo?feature=oembed\" frameborder=\"0\" allow=\"accelerometer; autoplay; clipboard-write; encrypted-media; gyroscope; picture-in-picture; web-share\" allowfullscreen><\/iframe>\n<\/div><\/figure>\n","protected":false},"excerpt":{"rendered":"<div class=\"mh-excerpt\"><p>Zesp\u00f3\u0142 Alienacja powsta\u0142 w 1997 roku z inicjatywy Fida, Roberta Szermety oraz Micha\u0142a \u201eMyszy\u201d Pytlaka. Kierunek muzyczny jaki obra\u0142 w\u00f3wczas zesp\u00f3\u0142 oscylowa\u0142 w ci\u0119\u017cszej odmiania <a class=\"mh-excerpt-more\" href=\"https:\/\/petrock.pl\/?page_id=393\" title=\"Alienacja\">[&#8230;]<\/a><\/p>\n<\/div>","protected":false},"author":7,"featured_media":1032,"parent":0,"menu_order":0,"comment_status":"open","ping_status":"closed","template":"","meta":[],"yoast_head":"<!-- This site is optimized with the Yoast SEO plugin v21.1 - https:\/\/yoast.com\/wordpress\/plugins\/seo\/ -->\n<title>Alienacja - P\u0142ocka Scena Rockowa<\/title>\n<meta name=\"robots\" content=\"index, follow, max-snippet:-1, max-image-preview:large, max-video-preview:-1\" \/>\n<link rel=\"canonical\" href=\"https:\/\/petrock.pl\/?page_id=393\" \/>\n<meta property=\"og:locale\" content=\"pl_PL\" \/>\n<meta property=\"og:type\" content=\"article\" \/>\n<meta property=\"og:title\" content=\"Alienacja - P\u0142ocka Scena Rockowa\" \/>\n<meta property=\"og:description\" content=\"Zesp\u00f3\u0142 Alienacja powsta\u0142 w 1997 roku z inicjatywy Fida, Roberta Szermety oraz Micha\u0142a \u201eMyszy\u201d Pytlaka. Kierunek muzyczny jaki obra\u0142 w\u00f3wczas zesp\u00f3\u0142 oscylowa\u0142 w ci\u0119\u017cszej odmiania [...]\" \/>\n<meta property=\"og:url\" content=\"https:\/\/petrock.pl\/?page_id=393\" \/>\n<meta property=\"og:site_name\" content=\"P\u0142ocka Scena Rockowa\" \/>\n<meta property=\"article:modified_time\" content=\"2023-09-12T13:00:00+00:00\" \/>\n<meta property=\"og:image\" content=\"https:\/\/petrock.pl\/wp-content\/uploads\/2020\/07\/OD-pITERA.jpg\" \/>\n\t<meta property=\"og:image:width\" content=\"1105\" \/>\n\t<meta property=\"og:image:height\" content=\"720\" \/>\n\t<meta property=\"og:image:type\" content=\"image\/jpeg\" \/>\n<meta name=\"twitter:card\" content=\"summary_large_image\" \/>\n<meta name=\"twitter:label1\" content=\"Szacowany czas czytania\" \/>\n\t<meta name=\"twitter:data1\" content=\"5 minut\" \/>\n<script type=\"application\/ld+json\" class=\"yoast-schema-graph\">{\"@context\":\"https:\/\/schema.org\",\"@graph\":[{\"@type\":\"WebPage\",\"@id\":\"https:\/\/petrock.pl\/?page_id=393\",\"url\":\"https:\/\/petrock.pl\/?page_id=393\",\"name\":\"Alienacja - P\u0142ocka Scena Rockowa\",\"isPartOf\":{\"@id\":\"https:\/\/petrock.pl\/#website\"},\"datePublished\":\"2020-06-24T15:17:47+00:00\",\"dateModified\":\"2023-09-12T13:00:00+00:00\",\"breadcrumb\":{\"@id\":\"https:\/\/petrock.pl\/?page_id=393#breadcrumb\"},\"inLanguage\":\"pl-PL\",\"potentialAction\":[{\"@type\":\"ReadAction\",\"target\":[\"https:\/\/petrock.pl\/?page_id=393\"]}]},{\"@type\":\"BreadcrumbList\",\"@id\":\"https:\/\/petrock.pl\/?page_id=393#breadcrumb\",\"itemListElement\":[{\"@type\":\"ListItem\",\"position\":1,\"name\":\"Strona g\u0142\u00f3wna\",\"item\":\"https:\/\/petrock.pl\/\"},{\"@type\":\"ListItem\",\"position\":2,\"name\":\"Alienacja\"}]},{\"@type\":\"WebSite\",\"@id\":\"https:\/\/petrock.pl\/#website\",\"url\":\"https:\/\/petrock.pl\/\",\"name\":\"P\u0142ocka Scena Rockowa\",\"description\":\"Wywiady Biografie Koncerty Recenzje\",\"potentialAction\":[{\"@type\":\"SearchAction\",\"target\":{\"@type\":\"EntryPoint\",\"urlTemplate\":\"https:\/\/petrock.pl\/?s={search_term_string}\"},\"query-input\":\"required name=search_term_string\"}],\"inLanguage\":\"pl-PL\"}]}<\/script>\n<!-- \/ Yoast SEO plugin. -->","yoast_head_json":{"title":"Alienacja - P\u0142ocka Scena Rockowa","robots":{"index":"index","follow":"follow","max-snippet":"max-snippet:-1","max-image-preview":"max-image-preview:large","max-video-preview":"max-video-preview:-1"},"canonical":"https:\/\/petrock.pl\/?page_id=393","og_locale":"pl_PL","og_type":"article","og_title":"Alienacja - P\u0142ocka Scena Rockowa","og_description":"Zesp\u00f3\u0142 Alienacja powsta\u0142 w 1997 roku z inicjatywy Fida, Roberta Szermety oraz Micha\u0142a \u201eMyszy\u201d Pytlaka. Kierunek muzyczny jaki obra\u0142 w\u00f3wczas zesp\u00f3\u0142 oscylowa\u0142 w ci\u0119\u017cszej odmiania [...]","og_url":"https:\/\/petrock.pl\/?page_id=393","og_site_name":"P\u0142ocka Scena Rockowa","article_modified_time":"2023-09-12T13:00:00+00:00","og_image":[{"width":1105,"height":720,"url":"https:\/\/petrock.pl\/wp-content\/uploads\/2020\/07\/OD-pITERA.jpg","type":"image\/jpeg"}],"twitter_card":"summary_large_image","twitter_misc":{"Szacowany czas czytania":"5 minut"},"schema":{"@context":"https:\/\/schema.org","@graph":[{"@type":"WebPage","@id":"https:\/\/petrock.pl\/?page_id=393","url":"https:\/\/petrock.pl\/?page_id=393","name":"Alienacja - P\u0142ocka Scena Rockowa","isPartOf":{"@id":"https:\/\/petrock.pl\/#website"},"datePublished":"2020-06-24T15:17:47+00:00","dateModified":"2023-09-12T13:00:00+00:00","breadcrumb":{"@id":"https:\/\/petrock.pl\/?page_id=393#breadcrumb"},"inLanguage":"pl-PL","potentialAction":[{"@type":"ReadAction","target":["https:\/\/petrock.pl\/?page_id=393"]}]},{"@type":"BreadcrumbList","@id":"https:\/\/petrock.pl\/?page_id=393#breadcrumb","itemListElement":[{"@type":"ListItem","position":1,"name":"Strona g\u0142\u00f3wna","item":"https:\/\/petrock.pl\/"},{"@type":"ListItem","position":2,"name":"Alienacja"}]},{"@type":"WebSite","@id":"https:\/\/petrock.pl\/#website","url":"https:\/\/petrock.pl\/","name":"P\u0142ocka Scena Rockowa","description":"Wywiady Biografie Koncerty Recenzje","potentialAction":[{"@type":"SearchAction","target":{"@type":"EntryPoint","urlTemplate":"https:\/\/petrock.pl\/?s={search_term_string}"},"query-input":"required name=search_term_string"}],"inLanguage":"pl-PL"}]}},"_links":{"self":[{"href":"https:\/\/petrock.pl\/index.php?rest_route=\/wp\/v2\/pages\/393"}],"collection":[{"href":"https:\/\/petrock.pl\/index.php?rest_route=\/wp\/v2\/pages"}],"about":[{"href":"https:\/\/petrock.pl\/index.php?rest_route=\/wp\/v2\/types\/page"}],"author":[{"embeddable":true,"href":"https:\/\/petrock.pl\/index.php?rest_route=\/wp\/v2\/users\/7"}],"replies":[{"embeddable":true,"href":"https:\/\/petrock.pl\/index.php?rest_route=%2Fwp%2Fv2%2Fcomments&post=393"}],"version-history":[{"count":40,"href":"https:\/\/petrock.pl\/index.php?rest_route=\/wp\/v2\/pages\/393\/revisions"}],"predecessor-version":[{"id":3824,"href":"https:\/\/petrock.pl\/index.php?rest_route=\/wp\/v2\/pages\/393\/revisions\/3824"}],"wp:featuredmedia":[{"embeddable":true,"href":"https:\/\/petrock.pl\/index.php?rest_route=\/wp\/v2\/media\/1032"}],"wp:attachment":[{"href":"https:\/\/petrock.pl\/index.php?rest_route=%2Fwp%2Fv2%2Fmedia&parent=393"}],"curies":[{"name":"wp","href":"https:\/\/api.w.org\/{rel}","templated":true}]}}