{"id":419,"date":"2020-06-21T14:46:00","date_gmt":"2020-06-21T14:46:00","guid":{"rendered":"http:\/\/petrock.pl\/?page_id=419"},"modified":"2023-09-12T15:00:32","modified_gmt":"2023-09-12T13:00:32","slug":"anamor","status":"publish","type":"page","link":"https:\/\/petrock.pl\/?page_id=419","title":{"rendered":"Anamor"},"content":{"rendered":"\n<div class=\"is-layout-flex wp-container-9 wp-block-columns\">\n<div class=\"is-layout-flow wp-block-column\" style=\"flex-basis:33.33%\">\n<figure class=\"is-layout-flex wp-block-gallery-1 wp-block-gallery has-nested-images columns-default is-cropped\">\n<figure class=\"wp-block-image size-large\"><a href=\"http:\/\/petrock.pl\/wp-content\/uploads\/2020\/04\/Anamor-1.jpg\"><img decoding=\"async\" loading=\"lazy\" width=\"1024\" height=\"683\" src=\"http:\/\/petrock.pl\/wp-content\/uploads\/2020\/04\/Anamor-1.jpg\" alt=\"\" class=\"wp-image-420\" srcset=\"https:\/\/petrock.pl\/wp-content\/uploads\/2020\/04\/Anamor-1.jpg 1024w, https:\/\/petrock.pl\/wp-content\/uploads\/2020\/04\/Anamor-1-300x200.jpg 300w, https:\/\/petrock.pl\/wp-content\/uploads\/2020\/04\/Anamor-1-768x512.jpg 768w\" sizes=\"(max-width: 1024px) 100vw, 1024px\" \/><\/a><\/figure>\n<figcaption class=\"blocks-gallery-caption wp-element-caption\">&nbsp; <em>fot. archiwum zespo\u0142u<\/em><\/figcaption><\/figure>\n\n\n\n<figure class=\"is-layout-flex wp-block-gallery-3 wp-block-gallery has-nested-images columns-default is-cropped\">\n<figure class=\"wp-block-image size-large\"><a href=\"http:\/\/petrock.pl\/wp-content\/uploads\/2020\/04\/Anamor-2-1-scaled.jpg\"><img decoding=\"async\" loading=\"lazy\" width=\"1024\" height=\"576\" src=\"http:\/\/petrock.pl\/wp-content\/uploads\/2020\/04\/Anamor-2-1-1024x576.jpg\" alt=\"\" class=\"wp-image-423\" srcset=\"https:\/\/petrock.pl\/wp-content\/uploads\/2020\/04\/Anamor-2-1-1024x576.jpg 1024w, https:\/\/petrock.pl\/wp-content\/uploads\/2020\/04\/Anamor-2-1-300x169.jpg 300w, https:\/\/petrock.pl\/wp-content\/uploads\/2020\/04\/Anamor-2-1-768x432.jpg 768w, https:\/\/petrock.pl\/wp-content\/uploads\/2020\/04\/Anamor-2-1-1536x864.jpg 1536w, https:\/\/petrock.pl\/wp-content\/uploads\/2020\/04\/Anamor-2-1-2048x1152.jpg 2048w, https:\/\/petrock.pl\/wp-content\/uploads\/2020\/04\/Anamor-2-1-678x381.jpg 678w\" sizes=\"(max-width: 1024px) 100vw, 1024px\" \/><\/a><\/figure>\n<figcaption class=\"blocks-gallery-caption wp-element-caption\">&nbsp; <em>fot. archiwum zespo\u0142u<\/em><\/figcaption><\/figure>\n\n\n\n<figure class=\"is-layout-flex wp-block-gallery-5 wp-block-gallery has-nested-images columns-default is-cropped\">\n<figure class=\"wp-block-image size-large\"><a href=\"http:\/\/petrock.pl\/wp-content\/uploads\/2020\/04\/Anamor-3-1-scaled.jpg\"><img decoding=\"async\" loading=\"lazy\" width=\"1024\" height=\"576\" src=\"http:\/\/petrock.pl\/wp-content\/uploads\/2020\/04\/Anamor-3-1-1024x576.jpg\" alt=\"\" class=\"wp-image-424\" srcset=\"https:\/\/petrock.pl\/wp-content\/uploads\/2020\/04\/Anamor-3-1-1024x576.jpg 1024w, https:\/\/petrock.pl\/wp-content\/uploads\/2020\/04\/Anamor-3-1-300x169.jpg 300w, https:\/\/petrock.pl\/wp-content\/uploads\/2020\/04\/Anamor-3-1-768x432.jpg 768w, https:\/\/petrock.pl\/wp-content\/uploads\/2020\/04\/Anamor-3-1-1536x864.jpg 1536w, https:\/\/petrock.pl\/wp-content\/uploads\/2020\/04\/Anamor-3-1-2048x1152.jpg 2048w, https:\/\/petrock.pl\/wp-content\/uploads\/2020\/04\/Anamor-3-1-678x381.jpg 678w\" sizes=\"(max-width: 1024px) 100vw, 1024px\" \/><\/a><\/figure>\n<figcaption class=\"blocks-gallery-caption wp-element-caption\">&nbsp; <em>fot. archiwum zespo\u0142u<\/em><\/figcaption><\/figure>\n\n\n\n<p><\/p>\n<\/div>\n\n\n\n<div class=\"is-layout-flow wp-block-column\" style=\"flex-basis:66.66%\">\n<p>Pocz\u0105tki grupy ANAMOR si\u0119gaj\u0105 1995 r., kiedy to czw\u00f3rka p\u0142occzan, w zasadzie dla czystej przyjemno\u015bci wsp\u00f3lnego grania zawi\u0105za\u0142a zesp\u00f3\u0142 w sk\u0142adzie: Roman Kusy \u2013 gitara basowa, Marek Misiak \u2013 gitara solowa, Jurek Misiak &#8211; perkusja i Czarek Szczerbak &#8211; klawisze. Wiosn\u0105 &#8217;96 do\u0142\u0105czy\u0142 do nich graj\u0105cy na gitarze 12-strunowej \u201eTomson\u201d Rychlicki. Wtedy te\u017c pojawi\u0142a si\u0119 pierwsza wokalistka &#8211; Dominika Owsik. W tym sk\u0142adzie po raz pierwszy pod nazw\u0105 ANAMOR zesp\u00f3\u0142 zadebiutowa\u0142 1.06.1996 r. koncertem w p\u0142ockim MOSiR, a potem pojawia\u0142 si\u0119 na letnich koncertach (m.in. Inwazja Mocy RMF FM) zdobywaj\u0105c uznanie odbiorc\u00f3w. W listopadzie wyst\u0105pi\u0142 na &#8220;Jesiennych Spotkaniach z Muzyk\u0105&#8221; w Sierpcu zajmuj\u0105c I miejsce. Zach\u0119ci\u0142o to cz\u0142onk\u00f3w grupy do realizacji pierwszych nagra\u0144 &#8211; w lutym 1997 r. w studiu &#8220;RADIOAKTYWNI&#8221; w Cz\u0119stochowie powsta\u0142o demo, na kt\u00f3re z\u0142o\u017cy\u0142o si\u0119 pi\u0119\u0107 utwor\u00f3w: &#8220;Tylko tam&#8221;, &#8220;Sweet Fantasy&#8221;, &#8220;Przebudzenie&#8221;, &#8220;Sam&#8221;, &#8220;Post Scriptum&#8221;. By\u0142y to &#8211; zdaniem s\u0142uchaj\u0105cych tych nagra\u0144 klimaty soft- rockowe z wyra\u017anymi wp\u0142ywami progresywnymi. W tym czasie zesp\u00f3\u0142 da\u0142 kilka koncert\u00f3w w p\u0142ockich klubach muzycznych zdobywaj\u0105c sobie grono sympatyk\u00f3w, a nagrania pojawia\u0142y si\u0119 na antenie lokalnych (cho\u0107 nie tylko) rozg\u0142o\u015bni radiowych. Wydawa\u0142o si\u0119, \u017ce nag\u0142a decyzja Dominiki o opuszczeniu zespo\u0142u wczesn\u0105 jesieni\u0105 1997r. przerwie ten okres szybkiego rozwoju, ale ju\u017c w listopadzie zast\u0105pi\u0142a j\u0105 Marta G\u0142owacka. Po kilku kolejnych koncertach (m.in. debiut Marty na Finale WO\u015aP w P\u0142ocku) i kilkumiesi\u0119cznej pracy nad nowym materia\u0142em ANAMOR pojawi\u0142 si\u0119 na Og\u00f3lnopolskich Konfrontacjach Muzycznych GITARIADANa prze\u0142omie 1998\/99 roku zesp\u00f3\u0142 nagra\u0142 7 nowych utwor\u00f3w : &#8220;Uliczny kochanek&#8221;, &#8220;Na dnie&#8221;, Dom na ziemi&#8221;, &#8220;B\u0119d\u0119 s\u0142o\u0144cem&#8221;, &#8220;Senna impresja&#8221;, &#8220;Zabi\u0107 czas&#8221;, &#8220;Spos\u00f3b na ciemno\u015b\u0107&#8221;, &#8220;Niewidoma&#8221;. Ostatni z nich trafi\u0142 na sk\u0142adankowy album &#8220;Polski Art-Rock vol.&nbsp; l&#8221;. To nowe demo przynios\u0142o utwory bardziej dojrza\u0142e, rozbudowane, ciekawie zaaran\u017cowane i nie pozbawione wpadaj\u0105cych w ucho melodii. Uwag\u0119 odbiorc\u00f3w zwr\u00f3ci\u0142y te\u017c ciekawe i przemy\u015blane teksty najcz\u0119\u015bciej autorstwa samej Marty G\u0142owackiej.W lipcu 1999 r. ANAMOR trafi\u0142 na &#8220;VI Noc Symfoniczn\u0105&#8221; w W\u0105growcu &#8211; swoim niespe\u0142na godzinnym wyst\u0119pem poprzedzi\u0142 ABRAXAS, QUIDAM, i Colina Bassa (CAMEL) zbieraj\u0105c pochlebne recenzje. Kr\u00f3tko potem wyst\u0105pi\u0142 te\u017c w Rockowych Ogr\u00f3dkach (jeden z utwor\u00f3w znalaz\u0142 si\u0119 na p\u0142ycie &#8220;Rockowe Ogr\u00f3dki &#8211; P\u0142ock &#8217;99&#8221;). Jesieni\u0105 ANAMOR przeszed\u0142 kolejn\u0105 zmian\u0119 personaln\u0105 &#8211; grup\u0119 opu\u015bci\u0142 Czarek, a wkr\u00f3tce na jego miejsce pojawi\u0142 si\u0119 Marcin Ozimek.W lipcu 2000 r. ANAMOR wyst\u0105pi\u0142 ponownie na &#8220;Nocy Symfonicznej&#8221; (si\u00f3dma edycja odby\u0142a si\u0119 w Go\u0142a\u0144czy) poprzedzaj\u0105c bezpo\u015brednio zesp\u00f3\u0142 Steve&#8217;a Adamsa &#8211; tym razem z przemy\u015blanym, sp\u00f3jnym programem, zbieraj\u0105c gromkie oklaski, bardzo pochlebne opinie s\u0142uchaczy i s\u0142owa uznania od samego Adamsa i cz\u0142onk\u00f3w jego bandu.Zach\u0119ceni sukcesami i uznaniem odbiorc\u00f3w swej muzyki cz\u0142onkowie grupy decyduj\u0105 si\u0119 na nagranie debiutanckiego albumu i nie zniech\u0119ca ich w tym brak wydawcy. Realizacja nagra\u0144 rusza jednak dopiero w listopadzie 2001 r. W studiu KLON w Sierpcu zesp\u00f3\u0142 rejestruje 10 utwor\u00f3w, z kt\u00f3rych 9 trafi na debiutanck\u0105 p\u0142yt\u0119 ANAMOR. W mi\u0119dzyczasie grupa wyst\u0119puje na Festiwalu Rocka Progresywnego VOYAGE 51 w Warszawie (lipiec 2002 r.) i zdobywa spore uznanie w\u015br\u00f3d fan\u00f3w odmiany rocka progresywnego okre\u015blanej mianem Neo-prog.Debiutancki album ukazuje si\u0119 w pa\u017adzierniku 2003 r. stanowi\u0105c uwie\u0144czenie kilkuletniej pracy, wsp\u00f3lnych poszukiwa\u0144 i muzycznych do\u015bwiadcze\u0144. Wydanie p\u0142yty staje si\u0119 te\u017c dobr\u0105 okazj\u0105 do odbycia trasy koncertowej wsp\u00f3lnie z&nbsp; Riverside \u2013 zespo\u0142em rozpoznawalnym dzi\u015b nie tylko w Polsce, ale i na \u015bwiecie. Wiosn\u0105 2004 r. zespo\u0142y odwiedzaj\u0105 m.in. Przemy\u015bl, Tarn\u00f3w, Rzesz\u00f3w, Ostrowiec \u015awi\u0119tokrzyski, Katowice, Wroc\u0142aw, Bydgoszcz, Konin, Ostr\u00f3w Wielkopolski, a jesieni\u0105 \u2013 Warszaw\u0119, Krak\u00f3w, Lublin, Olsztyn, Gdyni\u0119.<\/p>\n\n\n\n<p>Ten dobry okres przerywa przeprowadzka Marcina Ozimka \u2013 w zespole pojawia si\u0119 wakat na stanowisku klawiszowca. Po d\u0142ugim okresie poszukiwa\u0144 do sk\u0142adu do\u0142\u0105cza Maciek Karczewski. ANAMOR w nowym sk\u0142adzie rozpoczyna prac\u0119 nad materia\u0142em na now\u0105 p\u0142yt\u0119, ale ze wzgl\u0119du na obowi\u0105zki zawodowe praktycznie wszystkich cz\u0142onk\u00f3w grupy i r\u00f3\u017cne zdarzenia losowe, prace przeci\u0105gaj\u0105 si\u0119 w czasie. Rok 2017 przynosi prze\u0142om: sk\u0142ad zasila ponownie Marcin Ozimek i uko\u0144czone zostaj\u0105 nagrania, realizowane ponownie w Studiu KLON w Sierpcu.&nbsp;Zwie\u0144czeniem 10-letniej pracy nad nowym albumem \u201eZa witra\u017cem\u201d by\u0142 koncert z okazji XX-lecia \u201eRockowych Ogr\u00f3dk\u00f3w\u201d .W pa\u017adzierniku 2017 r. ANAMOR zagra\u0142 materia\u0142 z \u201eZa witra\u017cem\u201d w M\u0142odzie\u017cowym Domu Kultury w ramach \u015awiatowego Dnia Muzyki. W styczniu 2018 r. wyst\u0105pi\u0142 podczas 26. fina\u0142u WO\u015aP w Orlen Arenie w P\u0142ocku. W lipcu 2018r. w ramach 12-go Festiwalu Rocka Progresywnego im. Tomka Beksi\u0144skiego da\u0142 godzinny koncert w Toruniu.We wrze\u015bniu zaprosi\u0142 p\u0142occzan na rockow\u0105 noc w Teatrze Per Se, gdzie wyst\u0105pi\u0142 jako gwiazda wieczoru. Wiosn\u0105 2019 r. zago\u015bci\u0142 na Prog Rock Fest w Legionowie.Utw\u00f3r otwieraj\u0105cy p\u0142yt\u0119 \u2013 W g\u00f3r\u0119 \u2013&nbsp; zago\u015bci\u0142 w audycji Mini-Max Piotra Kaczkowskiego na antenie radiowej Tr\u00f3jki, a album znalaz\u0142 si\u0119 na 21 miejscu listy najlepszych album\u00f3w roku 2018 radia Rock Serwis FM. Nagrania go\u015bci\u0142y te\u017c w radiostacjach nadaj\u0105cych muzyk\u0119 progresywn\u0105 m.in. w Wielkiej Brytani, Francji, Holandii, Danii, Brazyli, Argentynie i USA.<\/p>\n\n\n\n<hr class=\"wp-block-separator has-css-opacity\"\/>\n\n\n\n<p><strong>Obecny sk\u0142ad:<\/strong><\/p>\n\n\n\n<p>Marta G\u0142owacka \u2013 wokal<\/p>\n\n\n\n<p>Roman Kusy \u2013 gitara basowa<\/p>\n\n\n\n<p>Marek Misiak \u2013 gitara solowa<\/p>\n\n\n\n<p>Jurek Misiak \u2013 perkusja<\/p>\n\n\n\n<p>Tomasz \u201eTomson\u201d Rychlicki \u2013 gitara 12-strunowa<\/p>\n\n\n\n<p>Marcin Ozimek \u2013 klawisze<\/p>\n\n\n\n<p>Maciej Karczewski \u2013 klawisze<\/p>\n\n\n\n<hr class=\"wp-block-separator has-css-opacity\"\/>\n\n\n\n<p><strong>Byli cz\u0142onkowie:<\/strong><\/p>\n\n\n\n<p>Czarek Szczerbak \u2013 klawisze<\/p>\n\n\n\n<p>Dominika Owsik \u2013 wokal<\/p>\n\n\n\n<hr class=\"wp-block-separator has-css-opacity\"\/>\n<\/div>\n<\/div>\n\n\n\n<p>Dyskografia:<\/p>\n\n\n\n<figure class=\"wp-block-table\"><table><tbody><tr><td>Imaginacje (2003)<\/td><td>wyd. Micha\u0142 Kublik Marketing<\/td><\/tr><tr><td>Za witra\u017cem (2018)<\/td><td>wyd. Lynx Music<\/td><\/tr><\/tbody><\/table><\/figure>\n\n\n\n<p><em>opracowanie<\/em> <em>na podst. informacji od zespo\u0142u<\/em> <\/p>\n\n\n\n<hr class=\"wp-block-separator has-css-opacity\"\/>\n\n\n\n<figure class=\"wp-block-embed is-type-video is-provider-youtube wp-block-embed-youtube wp-embed-aspect-16-9 wp-has-aspect-ratio\"><div class=\"wp-block-embed__wrapper\">\n<iframe loading=\"lazy\" title=\"ANAMOR - Pod pr\u0105d (Official video)\" width=\"500\" height=\"281\" src=\"https:\/\/www.youtube.com\/embed\/4VEdm1EQvHI?feature=oembed\" frameborder=\"0\" allow=\"accelerometer; autoplay; encrypted-media; gyroscope; picture-in-picture\" allowfullscreen><\/iframe>\n<\/div><\/figure>\n","protected":false},"excerpt":{"rendered":"<div class=\"mh-excerpt\"><p>Pocz\u0105tki grupy ANAMOR si\u0119gaj\u0105 1995 r., kiedy to czw\u00f3rka p\u0142occzan, w zasadzie dla czystej przyjemno\u015bci wsp\u00f3lnego grania zawi\u0105za\u0142a zesp\u00f3\u0142 w sk\u0142adzie: Roman Kusy \u2013 gitara <a class=\"mh-excerpt-more\" href=\"https:\/\/petrock.pl\/?page_id=419\" title=\"Anamor\">[&#8230;]<\/a><\/p>\n<\/div>","protected":false},"author":7,"featured_media":420,"parent":0,"menu_order":0,"comment_status":"open","ping_status":"closed","template":"","meta":[],"yoast_head":"<!-- This site is optimized with the Yoast SEO plugin v21.1 - https:\/\/yoast.com\/wordpress\/plugins\/seo\/ -->\n<title>Anamor - P\u0142ocka Scena Rockowa<\/title>\n<meta name=\"robots\" content=\"index, follow, max-snippet:-1, max-image-preview:large, max-video-preview:-1\" \/>\n<link rel=\"canonical\" href=\"https:\/\/petrock.pl\/?page_id=419\" \/>\n<meta property=\"og:locale\" content=\"pl_PL\" \/>\n<meta property=\"og:type\" content=\"article\" \/>\n<meta property=\"og:title\" content=\"Anamor - P\u0142ocka Scena Rockowa\" \/>\n<meta property=\"og:description\" content=\"Pocz\u0105tki grupy ANAMOR si\u0119gaj\u0105 1995 r., kiedy to czw\u00f3rka p\u0142occzan, w zasadzie dla czystej przyjemno\u015bci wsp\u00f3lnego grania zawi\u0105za\u0142a zesp\u00f3\u0142 w sk\u0142adzie: Roman Kusy \u2013 gitara [...]\" \/>\n<meta property=\"og:url\" content=\"https:\/\/petrock.pl\/?page_id=419\" \/>\n<meta property=\"og:site_name\" content=\"P\u0142ocka Scena Rockowa\" \/>\n<meta property=\"article:modified_time\" content=\"2023-09-12T13:00:32+00:00\" \/>\n<meta property=\"og:image\" content=\"https:\/\/petrock.pl\/wp-content\/uploads\/2020\/04\/Anamor-1.jpg\" \/>\n\t<meta property=\"og:image:width\" content=\"1024\" \/>\n\t<meta property=\"og:image:height\" content=\"683\" \/>\n\t<meta property=\"og:image:type\" content=\"image\/jpeg\" \/>\n<meta name=\"twitter:card\" content=\"summary_large_image\" \/>\n<meta name=\"twitter:label1\" content=\"Szacowany czas czytania\" \/>\n\t<meta name=\"twitter:data1\" content=\"5 minut\" \/>\n<script type=\"application\/ld+json\" class=\"yoast-schema-graph\">{\"@context\":\"https:\/\/schema.org\",\"@graph\":[{\"@type\":\"WebPage\",\"@id\":\"https:\/\/petrock.pl\/?page_id=419\",\"url\":\"https:\/\/petrock.pl\/?page_id=419\",\"name\":\"Anamor - P\u0142ocka Scena Rockowa\",\"isPartOf\":{\"@id\":\"https:\/\/petrock.pl\/#website\"},\"datePublished\":\"2020-06-21T14:46:00+00:00\",\"dateModified\":\"2023-09-12T13:00:32+00:00\",\"breadcrumb\":{\"@id\":\"https:\/\/petrock.pl\/?page_id=419#breadcrumb\"},\"inLanguage\":\"pl-PL\",\"potentialAction\":[{\"@type\":\"ReadAction\",\"target\":[\"https:\/\/petrock.pl\/?page_id=419\"]}]},{\"@type\":\"BreadcrumbList\",\"@id\":\"https:\/\/petrock.pl\/?page_id=419#breadcrumb\",\"itemListElement\":[{\"@type\":\"ListItem\",\"position\":1,\"name\":\"Strona g\u0142\u00f3wna\",\"item\":\"https:\/\/petrock.pl\/\"},{\"@type\":\"ListItem\",\"position\":2,\"name\":\"Anamor\"}]},{\"@type\":\"WebSite\",\"@id\":\"https:\/\/petrock.pl\/#website\",\"url\":\"https:\/\/petrock.pl\/\",\"name\":\"P\u0142ocka Scena Rockowa\",\"description\":\"Wywiady Biografie Koncerty Recenzje\",\"potentialAction\":[{\"@type\":\"SearchAction\",\"target\":{\"@type\":\"EntryPoint\",\"urlTemplate\":\"https:\/\/petrock.pl\/?s={search_term_string}\"},\"query-input\":\"required name=search_term_string\"}],\"inLanguage\":\"pl-PL\"}]}<\/script>\n<!-- \/ Yoast SEO plugin. -->","yoast_head_json":{"title":"Anamor - P\u0142ocka Scena Rockowa","robots":{"index":"index","follow":"follow","max-snippet":"max-snippet:-1","max-image-preview":"max-image-preview:large","max-video-preview":"max-video-preview:-1"},"canonical":"https:\/\/petrock.pl\/?page_id=419","og_locale":"pl_PL","og_type":"article","og_title":"Anamor - P\u0142ocka Scena Rockowa","og_description":"Pocz\u0105tki grupy ANAMOR si\u0119gaj\u0105 1995 r., kiedy to czw\u00f3rka p\u0142occzan, w zasadzie dla czystej przyjemno\u015bci wsp\u00f3lnego grania zawi\u0105za\u0142a zesp\u00f3\u0142 w sk\u0142adzie: Roman Kusy \u2013 gitara [...]","og_url":"https:\/\/petrock.pl\/?page_id=419","og_site_name":"P\u0142ocka Scena Rockowa","article_modified_time":"2023-09-12T13:00:32+00:00","og_image":[{"width":1024,"height":683,"url":"https:\/\/petrock.pl\/wp-content\/uploads\/2020\/04\/Anamor-1.jpg","type":"image\/jpeg"}],"twitter_card":"summary_large_image","twitter_misc":{"Szacowany czas czytania":"5 minut"},"schema":{"@context":"https:\/\/schema.org","@graph":[{"@type":"WebPage","@id":"https:\/\/petrock.pl\/?page_id=419","url":"https:\/\/petrock.pl\/?page_id=419","name":"Anamor - P\u0142ocka Scena Rockowa","isPartOf":{"@id":"https:\/\/petrock.pl\/#website"},"datePublished":"2020-06-21T14:46:00+00:00","dateModified":"2023-09-12T13:00:32+00:00","breadcrumb":{"@id":"https:\/\/petrock.pl\/?page_id=419#breadcrumb"},"inLanguage":"pl-PL","potentialAction":[{"@type":"ReadAction","target":["https:\/\/petrock.pl\/?page_id=419"]}]},{"@type":"BreadcrumbList","@id":"https:\/\/petrock.pl\/?page_id=419#breadcrumb","itemListElement":[{"@type":"ListItem","position":1,"name":"Strona g\u0142\u00f3wna","item":"https:\/\/petrock.pl\/"},{"@type":"ListItem","position":2,"name":"Anamor"}]},{"@type":"WebSite","@id":"https:\/\/petrock.pl\/#website","url":"https:\/\/petrock.pl\/","name":"P\u0142ocka Scena Rockowa","description":"Wywiady Biografie Koncerty Recenzje","potentialAction":[{"@type":"SearchAction","target":{"@type":"EntryPoint","urlTemplate":"https:\/\/petrock.pl\/?s={search_term_string}"},"query-input":"required name=search_term_string"}],"inLanguage":"pl-PL"}]}},"_links":{"self":[{"href":"https:\/\/petrock.pl\/index.php?rest_route=\/wp\/v2\/pages\/419"}],"collection":[{"href":"https:\/\/petrock.pl\/index.php?rest_route=\/wp\/v2\/pages"}],"about":[{"href":"https:\/\/petrock.pl\/index.php?rest_route=\/wp\/v2\/types\/page"}],"author":[{"embeddable":true,"href":"https:\/\/petrock.pl\/index.php?rest_route=\/wp\/v2\/users\/7"}],"replies":[{"embeddable":true,"href":"https:\/\/petrock.pl\/index.php?rest_route=%2Fwp%2Fv2%2Fcomments&post=419"}],"version-history":[{"count":8,"href":"https:\/\/petrock.pl\/index.php?rest_route=\/wp\/v2\/pages\/419\/revisions"}],"predecessor-version":[{"id":3873,"href":"https:\/\/petrock.pl\/index.php?rest_route=\/wp\/v2\/pages\/419\/revisions\/3873"}],"wp:featuredmedia":[{"embeddable":true,"href":"https:\/\/petrock.pl\/index.php?rest_route=\/wp\/v2\/media\/420"}],"wp:attachment":[{"href":"https:\/\/petrock.pl\/index.php?rest_route=%2Fwp%2Fv2%2Fmedia&parent=419"}],"curies":[{"name":"wp","href":"https:\/\/api.w.org\/{rel}","templated":true}]}}