{"id":437,"date":"2020-06-20T09:34:38","date_gmt":"2020-06-20T09:34:38","guid":{"rendered":"http:\/\/petrock.pl\/?page_id=437"},"modified":"2023-09-12T14:59:00","modified_gmt":"2023-09-12T12:59:00","slug":"a-q-q","status":"publish","type":"page","link":"https:\/\/petrock.pl\/?page_id=437","title":{"rendered":"A.Q.Q."},"content":{"rendered":"\n<div class=\"is-layout-flex wp-container-13 wp-block-columns\">\n<div class=\"is-layout-flow wp-block-column\" style=\"flex-basis:33.33%\">\n<figure class=\"is-layout-flex wp-block-gallery-1 wp-block-gallery has-nested-images columns-default is-cropped\">\n<figure class=\"wp-block-image size-large\"><a href=\"http:\/\/petrock.pl\/wp-content\/uploads\/2020\/06\/zespol-1-1.jpg\"><img decoding=\"async\" loading=\"lazy\" width=\"1024\" height=\"841\" src=\"http:\/\/petrock.pl\/wp-content\/uploads\/2020\/06\/zespol-1-1.jpg\" alt=\"\" class=\"wp-image-444\" srcset=\"https:\/\/petrock.pl\/wp-content\/uploads\/2020\/06\/zespol-1-1.jpg 1024w, https:\/\/petrock.pl\/wp-content\/uploads\/2020\/06\/zespol-1-1-300x246.jpg 300w, https:\/\/petrock.pl\/wp-content\/uploads\/2020\/06\/zespol-1-1-768x631.jpg 768w\" sizes=\"(max-width: 1024px) 100vw, 1024px\" \/><\/a><\/figure>\n<figcaption class=\"blocks-gallery-caption wp-element-caption\">&nbsp;&nbsp;&nbsp;&nbsp;&nbsp;&nbsp; &nbsp;<em> fot. z archiwum zespo\u0142u<\/em><\/figcaption><\/figure>\n\n\n\n<figure class=\"is-layout-flex wp-block-gallery-3 wp-block-gallery has-nested-images columns-default is-cropped\">\n<figure class=\"wp-block-image size-large\"><a href=\"http:\/\/petrock.pl\/wp-content\/uploads\/2020\/06\/zespol-2-1.jpg\"><img decoding=\"async\" loading=\"lazy\" width=\"960\" height=\"640\" src=\"http:\/\/petrock.pl\/wp-content\/uploads\/2020\/06\/zespol-2-1.jpg\" alt=\"\" class=\"wp-image-447\" srcset=\"https:\/\/petrock.pl\/wp-content\/uploads\/2020\/06\/zespol-2-1.jpg 960w, https:\/\/petrock.pl\/wp-content\/uploads\/2020\/06\/zespol-2-1-300x200.jpg 300w, https:\/\/petrock.pl\/wp-content\/uploads\/2020\/06\/zespol-2-1-768x512.jpg 768w\" sizes=\"(max-width: 960px) 100vw, 960px\" \/><\/a><\/figure>\n<figcaption class=\"blocks-gallery-caption wp-element-caption\">&nbsp; <em>fot. archiwum zespo\u0142u<\/em><\/figcaption><\/figure>\n\n\n\n<figure class=\"is-layout-flex wp-block-gallery-5 wp-block-gallery has-nested-images columns-default is-cropped\">\n<figure class=\"wp-block-image\"><a href=\"http:\/\/petrock.pl\/wp-content\/uploads\/2020\/06\/zespol-4-1.jpg\"><img decoding=\"async\" loading=\"lazy\" width=\"960\" height=\"640\" src=\"http:\/\/petrock.pl\/wp-content\/uploads\/2020\/06\/zespol-4-1.jpg\" alt=\"\" class=\"wp-image-448\" srcset=\"https:\/\/petrock.pl\/wp-content\/uploads\/2020\/06\/zespol-4-1.jpg 960w, https:\/\/petrock.pl\/wp-content\/uploads\/2020\/06\/zespol-4-1-300x200.jpg 300w, https:\/\/petrock.pl\/wp-content\/uploads\/2020\/06\/zespol-4-1-768x512.jpg 768w\" sizes=\"(max-width: 960px) 100vw, 960px\" \/><\/a><\/figure>\n<figcaption class=\"blocks-gallery-caption wp-element-caption\">&nbsp; <em>fot. archiwum zespo\u0142u<\/em><\/figcaption><\/figure>\n\n\n\n<figure class=\"is-layout-flex wp-block-gallery-7 wp-block-gallery has-nested-images columns-default is-cropped\">\n<figure class=\"wp-block-image size-large\"><a href=\"http:\/\/petrock.pl\/wp-content\/uploads\/2020\/06\/zespol-5-1.jpg\"><img decoding=\"async\" loading=\"lazy\" width=\"900\" height=\"599\" src=\"http:\/\/petrock.pl\/wp-content\/uploads\/2020\/06\/zespol-5-1.jpg\" alt=\"\" class=\"wp-image-450\" srcset=\"https:\/\/petrock.pl\/wp-content\/uploads\/2020\/06\/zespol-5-1.jpg 900w, https:\/\/petrock.pl\/wp-content\/uploads\/2020\/06\/zespol-5-1-300x200.jpg 300w, https:\/\/petrock.pl\/wp-content\/uploads\/2020\/06\/zespol-5-1-768x511.jpg 768w\" sizes=\"(max-width: 900px) 100vw, 900px\" \/><\/a><\/figure>\n<figcaption class=\"blocks-gallery-caption wp-element-caption\">&nbsp;  fot. archiwum zespo\u0142u<\/figcaption><\/figure>\n\n\n\n<figure class=\"is-layout-flex wp-block-gallery-9 wp-block-gallery has-nested-images columns-default is-cropped\">\n<figure class=\"wp-block-image size-large\"><a href=\"http:\/\/petrock.pl\/wp-content\/uploads\/2020\/06\/zespol-3-3.jpg\"><img decoding=\"async\" loading=\"lazy\" width=\"640\" height=\"960\" src=\"http:\/\/petrock.pl\/wp-content\/uploads\/2020\/06\/zespol-3-3.jpg\" alt=\"\" class=\"wp-image-473\" srcset=\"https:\/\/petrock.pl\/wp-content\/uploads\/2020\/06\/zespol-3-3.jpg 640w, https:\/\/petrock.pl\/wp-content\/uploads\/2020\/06\/zespol-3-3-200x300.jpg 200w\" sizes=\"(max-width: 640px) 100vw, 640px\" \/><\/a><\/figure>\n<figcaption class=\"blocks-gallery-caption wp-element-caption\">&nbsp; fot. archiwum zespo\u0142u<\/figcaption><\/figure>\n<\/div>\n\n\n\n<div class=\"is-layout-flow wp-block-column\" style=\"flex-basis:66.66%\">\n<p>Zesp\u00f3\u0142 A.Q.Q. powsta\u0142 na prze\u0142omie 2004\/2005 roku z inicjatywy basisty Artura Kani oraz perkusisty Adama \u201eDukena\u201d Przemy\u0142skiego, kt\u00f3rzy wcze\u015bniej zasilali jako sekcja rytmiczna takie lokalne bandy jak <strong>Doctors<\/strong> czy <strong>Podw\u00f3rkowi Chuligani<\/strong>. Sk\u0142ad zespo\u0142u uzupe\u0142nili: Witold Stoparek \u2013 wokal, graj\u0105cy na gitarze Robert \u201eChabo\u015b\u201d Chaboski (przez wiele lat cz\u0142onek <strong>Farben Lehre<\/strong>) oraz na tr\u0105bce Darek \u201eSzopen\u201d Szadkowski.<\/p>\n\n\n\n<p>Od pocz\u0105tku wsp\u00f3lnego grania, zesp\u00f3\u0142 nawi\u0105zywa\u0142 stylistycznie do punkowych tradycji lat 70-tych, kt\u00f3re \u0142\u0105czy\u0142 z rytmami muzyki ska i reggae. W sierpniu 2005 r. grupa zarejestrowa\u0142a sw\u00f3j pierwszy singiel pt. \u201e Niezale\u017cnie zale\u017cni\u201d, na kt\u00f3rym znalaz\u0142y si\u0119 cztery piosenki promuj\u0105ce materia\u0142 na pierwsz\u0105 p\u0142yt\u0119. Wiosn\u0105 2006 r. ukaza\u0142 si\u0119 debiutancki kr\u0105\u017cek \u201eNIC NIE MUSZ\u0118\u201d wydany przez JIMMY JAZZ RECORDS. Na kr\u0105\u017cku znalaz\u0142 si\u0119 m.in. utw\u00f3r \u201eKieszenie\u201d, do kt\u00f3rego zosta\u0142 nakr\u0119cony teledysk w podw\u00f3rku przy P\u0142ockim O\u015brodku Kultury i Sztuki. Chwil\u0119 p\u00f3\u017aniej zesp\u00f3\u0142 rusza z koncertami u boku wroc\u0142awskiej grupy HURT. Na pocz\u0105tku 2007 roku zesp\u00f3\u0142 opuszcza Chabo\u015b, a chwil\u0119 p\u00f3\u017aniej r\u00f3wnie\u017c Szopen. Zesp\u00f3\u0142 postanawia zatrudni\u0107 na wios\u0142o \u0141ukasza Grockiego. Po pewnym czasie do zespo\u0142u do\u0142\u0105cza na drug\u0105 gitar\u0119 Krzysiek \u201eTriku\u201d Piotrowski i w takim sk\u0142adzie zesp\u00f3\u0142 rejestruje w po\u0142owie 2008 roku materia\u0142, kt\u00f3ry jesieni\u0105 2008 roku ukazuje si\u0119 nak\u0142adem Zima Records pt. \u201eRock&#8217;n Roll to \u015bciema\u201d. P\u0142yta zawiera\u0142a 17 utwor\u00f3w w stylu ska-punk w tym dwa kowery zespo\u0142\u00f3w Sex Pistols i The Clash. Na p\u0142ycie go\u015bcinnie wyst\u0105pi\u0142 r\u00f3wnie\u017c p\u0142ocki gitarzysta Krzysztof Misiak. Po nagraniu p\u0142yty z zespo\u0142u odchodzi Triku, kt\u00f3ry zawi\u0105zuje zesp\u00f3\u0142 <strong>Schr\u00f6ttersburg<\/strong>.<\/p>\n\n\n\n<p>W kwietniu 2013 roku ukaza\u0142a si\u0119 3cia p\u0142yta zespo\u0142u pt. &#8220;By\u0107 czy mie\u0107\u201d, na kt\u00f3rej opr\u00f3cz tytu\u0142owego utworu znalaz\u0142o si\u0119 6 kompozycji w tym kolejne kowery: zespo\u0142u Kryzys oraz p\u0142ockiego zespo\u0142u <strong>Doctors<\/strong>. Zesp\u00f3\u0142 sporadycznie gra koncerty, ale za to w salce pr\u00f3b powstaje ostatni jak si\u0119 p\u00f3\u017aniej okazuje materia\u0142. Zosta\u0142 on wydany w 2015 roku w\u0142asnymi si\u0142ami pod nazw\u0105 \u201eOszukujemy\u201d.<\/p>\n\n\n\n<p>W 2019 roku zesp\u00f3\u0142 zaiwesi\u0142 swoj\u0105 dzia\u0142ano\u015b\u0107.<\/p>\n\n\n\n<p>W r\u00f3\u017cnych okresach dzia\u0142alno\u015bci zesp\u00f3\u0142 zasilali tacy lokalni muzycy jak: Rafa\u0142 \u201eSzkielo\u201d Strzemieczny \u2013 perkusja oraz Dorota \u201eDo\u0107ka\u201d Cie\u015blik \u2013 wokal.<\/p>\n\n\n\n<hr class=\"wp-block-separator has-css-opacity\"\/>\n\n\n\n<p><strong>Ostatni sk\u0142ad (2018):<\/strong><\/p>\n\n\n\n<p>Witek Stoparek \u2013 wokal<\/p>\n\n\n\n<p>Artur Kania \u2013 bas<\/p>\n\n\n\n<p>Adam \u201eDuken\u201d Przemy\u0142ski \u2013 perkusja<\/p>\n\n\n\n<p>\u0141ukasz \u201eGroku&#8221; Grocki \u2013 gitara<\/p>\n\n\n\n<hr class=\"wp-block-separator has-css-opacity\"\/>\n\n\n\n<p><strong>Byli cz\u0142onkowie:<\/strong><\/p>\n\n\n\n<p>Robert \u201eChabo\u015b\u201d Chabowski \u2013 gitara<\/p>\n\n\n\n<p>Darek \u201eSzopen\u201d Szadkowski &#8211; tr\u0105bka<\/p>\n\n\n\n<p>Rafa\u0142 \u201eSzkielo\u201d Strzemieczny \u2013 perkusja,<\/p>\n\n\n\n<p>Krzysiek \u201eTriku\u201d Piotrowski \u2013 gitara<\/p>\n\n\n\n<p>Dorota \u201eDo\u0107ka\u201d Cie\u015blik \u2013 wokal<\/p>\n<\/div>\n<\/div>\n\n\n\n<hr class=\"wp-block-separator has-css-opacity\"\/>\n\n\n\n<p>Dyskografia zespo\u0142u:<\/p>\n\n\n\n<figure class=\"wp-block-table\"><table><tbody><tr><td>Nic Nie Musz\u0119 (2006)<\/td><td>Jimmi Jazz Record<\/td><\/tr><tr><td>Rock&#8217;N Roll To \u015aciema (2008)<\/td><td>Zima Records<\/td><\/tr><tr><td>By\u0107 Czy Mie\u0107 (2013)<\/td><td>wyd. w\u0142asne<\/td><\/tr><tr><td>Oszukujemy (2015)<\/td><td>wyd. w\u0142asne<\/td><\/tr><\/tbody><\/table><\/figure>\n\n\n\n<p><em>opracowanie w\u0142asne na podst. materia\u0142\u00f3w od zespo\u0142u<\/em><\/p>\n\n\n\n<hr class=\"wp-block-separator has-css-opacity\"\/>\n\n\n\n<p>Multimedia:<\/p>\n\n\n\n<figure class=\"wp-block-embed is-type-video is-provider-youtube wp-block-embed-youtube wp-embed-aspect-16-9 wp-has-aspect-ratio\"><div class=\"wp-block-embed__wrapper\">\n<iframe loading=\"lazy\" title=\"AQQ - Oszukujemy (Official video)\" width=\"500\" height=\"281\" src=\"https:\/\/www.youtube.com\/embed\/sMDyqI7Ps6M?feature=oembed\" frameborder=\"0\" allow=\"accelerometer; autoplay; clipboard-write; encrypted-media; gyroscope; picture-in-picture\" allowfullscreen><\/iframe>\n<\/div><\/figure>\n\n\n\n<figure class=\"wp-block-embed is-type-video is-provider-youtube wp-block-embed-youtube wp-embed-aspect-16-9 wp-has-aspect-ratio\"><div class=\"wp-block-embed__wrapper\">\n<iframe loading=\"lazy\" title=\"AQQ - Takie co\u015b (Offlicial video)\" width=\"500\" height=\"281\" src=\"https:\/\/www.youtube.com\/embed\/vuJXSMKVGMc?feature=oembed\" frameborder=\"0\" allow=\"accelerometer; autoplay; clipboard-write; encrypted-media; gyroscope; picture-in-picture\" allowfullscreen><\/iframe>\n<\/div><\/figure>\n\n\n\n<figure class=\"wp-block-embed is-type-video is-provider-youtube wp-block-embed-youtube wp-embed-aspect-16-9 wp-has-aspect-ratio\"><div class=\"wp-block-embed__wrapper\">\n<iframe loading=\"lazy\" title=\"AQQ - Kieszenie - (Official Video)\" width=\"500\" height=\"281\" src=\"https:\/\/www.youtube.com\/embed\/Q-AMJKnYbLs?feature=oembed\" frameborder=\"0\" allow=\"accelerometer; autoplay; clipboard-write; encrypted-media; gyroscope; picture-in-picture\" allowfullscreen><\/iframe>\n<\/div><\/figure>\n\n\n\n<figure class=\"wp-block-embed is-type-video is-provider-youtube wp-block-embed-youtube wp-embed-aspect-4-3 wp-has-aspect-ratio\"><div class=\"wp-block-embed__wrapper\">\n<iframe loading=\"lazy\" title=\"A.Q.Q. - Siura\u0142 Tutaj, Siura\u0142 Tam (www.myspace.com\/aqqplock)\" width=\"500\" height=\"375\" src=\"https:\/\/www.youtube.com\/embed\/lwfqxb8g49s?feature=oembed\" frameborder=\"0\" allow=\"accelerometer; autoplay; clipboard-write; encrypted-media; gyroscope; picture-in-picture\" allowfullscreen><\/iframe>\n<\/div><\/figure>\n\n\n\n<figure class=\"wp-block-embed is-type-video is-provider-youtube wp-block-embed-youtube wp-embed-aspect-16-9 wp-has-aspect-ratio\"><div class=\"wp-block-embed__wrapper\">\n<iframe loading=\"lazy\" title=\"AQQ - Ulica wre (Official video)\" width=\"500\" height=\"281\" src=\"https:\/\/www.youtube.com\/embed\/HIha5tu8Zwo?feature=oembed\" frameborder=\"0\" allow=\"accelerometer; autoplay; clipboard-write; encrypted-media; gyroscope; picture-in-picture\" allowfullscreen><\/iframe>\n<\/div><\/figure>\n","protected":false},"excerpt":{"rendered":"<div class=\"mh-excerpt\"><p>Zesp\u00f3\u0142 A.Q.Q. powsta\u0142 na prze\u0142omie 2004\/2005 roku z inicjatywy basisty Artura Kani oraz perkusisty Adama \u201eDukena\u201d Przemy\u0142skiego, kt\u00f3rzy wcze\u015bniej zasilali jako sekcja rytmiczna takie lokalne <a class=\"mh-excerpt-more\" href=\"https:\/\/petrock.pl\/?page_id=437\" title=\"A.Q.Q.\">[&#8230;]<\/a><\/p>\n<\/div>","protected":false},"author":7,"featured_media":444,"parent":0,"menu_order":0,"comment_status":"open","ping_status":"closed","template":"","meta":[],"yoast_head":"<!-- This site is optimized with the Yoast SEO plugin v21.1 - https:\/\/yoast.com\/wordpress\/plugins\/seo\/ -->\n<title>A.Q.Q. - P\u0142ocka Scena Rockowa<\/title>\n<meta name=\"robots\" content=\"index, follow, max-snippet:-1, max-image-preview:large, max-video-preview:-1\" \/>\n<link rel=\"canonical\" href=\"https:\/\/petrock.pl\/?page_id=437\" \/>\n<meta property=\"og:locale\" content=\"pl_PL\" \/>\n<meta property=\"og:type\" content=\"article\" \/>\n<meta property=\"og:title\" content=\"A.Q.Q. - P\u0142ocka Scena Rockowa\" \/>\n<meta property=\"og:description\" content=\"Zesp\u00f3\u0142 A.Q.Q. powsta\u0142 na prze\u0142omie 2004\/2005 roku z inicjatywy basisty Artura Kani oraz perkusisty Adama \u201eDukena\u201d Przemy\u0142skiego, kt\u00f3rzy wcze\u015bniej zasilali jako sekcja rytmiczna takie lokalne [...]\" \/>\n<meta property=\"og:url\" content=\"https:\/\/petrock.pl\/?page_id=437\" \/>\n<meta property=\"og:site_name\" content=\"P\u0142ocka Scena Rockowa\" \/>\n<meta property=\"article:modified_time\" content=\"2023-09-12T12:59:00+00:00\" \/>\n<meta property=\"og:image\" content=\"https:\/\/petrock.pl\/wp-content\/uploads\/2020\/06\/zespol-1-1.jpg\" \/>\n\t<meta property=\"og:image:width\" content=\"1024\" \/>\n\t<meta property=\"og:image:height\" content=\"841\" \/>\n\t<meta property=\"og:image:type\" content=\"image\/jpeg\" \/>\n<meta name=\"twitter:card\" content=\"summary_large_image\" \/>\n<meta name=\"twitter:label1\" content=\"Szacowany czas czytania\" \/>\n\t<meta name=\"twitter:data1\" content=\"3 minuty\" \/>\n<script type=\"application\/ld+json\" class=\"yoast-schema-graph\">{\"@context\":\"https:\/\/schema.org\",\"@graph\":[{\"@type\":\"WebPage\",\"@id\":\"https:\/\/petrock.pl\/?page_id=437\",\"url\":\"https:\/\/petrock.pl\/?page_id=437\",\"name\":\"A.Q.Q. - P\u0142ocka Scena Rockowa\",\"isPartOf\":{\"@id\":\"https:\/\/petrock.pl\/#website\"},\"datePublished\":\"2020-06-20T09:34:38+00:00\",\"dateModified\":\"2023-09-12T12:59:00+00:00\",\"breadcrumb\":{\"@id\":\"https:\/\/petrock.pl\/?page_id=437#breadcrumb\"},\"inLanguage\":\"pl-PL\",\"potentialAction\":[{\"@type\":\"ReadAction\",\"target\":[\"https:\/\/petrock.pl\/?page_id=437\"]}]},{\"@type\":\"BreadcrumbList\",\"@id\":\"https:\/\/petrock.pl\/?page_id=437#breadcrumb\",\"itemListElement\":[{\"@type\":\"ListItem\",\"position\":1,\"name\":\"Strona g\u0142\u00f3wna\",\"item\":\"https:\/\/petrock.pl\/\"},{\"@type\":\"ListItem\",\"position\":2,\"name\":\"A.Q.Q.\"}]},{\"@type\":\"WebSite\",\"@id\":\"https:\/\/petrock.pl\/#website\",\"url\":\"https:\/\/petrock.pl\/\",\"name\":\"P\u0142ocka Scena Rockowa\",\"description\":\"Wywiady Biografie Koncerty Recenzje\",\"potentialAction\":[{\"@type\":\"SearchAction\",\"target\":{\"@type\":\"EntryPoint\",\"urlTemplate\":\"https:\/\/petrock.pl\/?s={search_term_string}\"},\"query-input\":\"required name=search_term_string\"}],\"inLanguage\":\"pl-PL\"}]}<\/script>\n<!-- \/ Yoast SEO plugin. -->","yoast_head_json":{"title":"A.Q.Q. - P\u0142ocka Scena Rockowa","robots":{"index":"index","follow":"follow","max-snippet":"max-snippet:-1","max-image-preview":"max-image-preview:large","max-video-preview":"max-video-preview:-1"},"canonical":"https:\/\/petrock.pl\/?page_id=437","og_locale":"pl_PL","og_type":"article","og_title":"A.Q.Q. - P\u0142ocka Scena Rockowa","og_description":"Zesp\u00f3\u0142 A.Q.Q. powsta\u0142 na prze\u0142omie 2004\/2005 roku z inicjatywy basisty Artura Kani oraz perkusisty Adama \u201eDukena\u201d Przemy\u0142skiego, kt\u00f3rzy wcze\u015bniej zasilali jako sekcja rytmiczna takie lokalne [...]","og_url":"https:\/\/petrock.pl\/?page_id=437","og_site_name":"P\u0142ocka Scena Rockowa","article_modified_time":"2023-09-12T12:59:00+00:00","og_image":[{"width":1024,"height":841,"url":"https:\/\/petrock.pl\/wp-content\/uploads\/2020\/06\/zespol-1-1.jpg","type":"image\/jpeg"}],"twitter_card":"summary_large_image","twitter_misc":{"Szacowany czas czytania":"3 minuty"},"schema":{"@context":"https:\/\/schema.org","@graph":[{"@type":"WebPage","@id":"https:\/\/petrock.pl\/?page_id=437","url":"https:\/\/petrock.pl\/?page_id=437","name":"A.Q.Q. - P\u0142ocka Scena Rockowa","isPartOf":{"@id":"https:\/\/petrock.pl\/#website"},"datePublished":"2020-06-20T09:34:38+00:00","dateModified":"2023-09-12T12:59:00+00:00","breadcrumb":{"@id":"https:\/\/petrock.pl\/?page_id=437#breadcrumb"},"inLanguage":"pl-PL","potentialAction":[{"@type":"ReadAction","target":["https:\/\/petrock.pl\/?page_id=437"]}]},{"@type":"BreadcrumbList","@id":"https:\/\/petrock.pl\/?page_id=437#breadcrumb","itemListElement":[{"@type":"ListItem","position":1,"name":"Strona g\u0142\u00f3wna","item":"https:\/\/petrock.pl\/"},{"@type":"ListItem","position":2,"name":"A.Q.Q."}]},{"@type":"WebSite","@id":"https:\/\/petrock.pl\/#website","url":"https:\/\/petrock.pl\/","name":"P\u0142ocka Scena Rockowa","description":"Wywiady Biografie Koncerty Recenzje","potentialAction":[{"@type":"SearchAction","target":{"@type":"EntryPoint","urlTemplate":"https:\/\/petrock.pl\/?s={search_term_string}"},"query-input":"required name=search_term_string"}],"inLanguage":"pl-PL"}]}},"_links":{"self":[{"href":"https:\/\/petrock.pl\/index.php?rest_route=\/wp\/v2\/pages\/437"}],"collection":[{"href":"https:\/\/petrock.pl\/index.php?rest_route=\/wp\/v2\/pages"}],"about":[{"href":"https:\/\/petrock.pl\/index.php?rest_route=\/wp\/v2\/types\/page"}],"author":[{"embeddable":true,"href":"https:\/\/petrock.pl\/index.php?rest_route=\/wp\/v2\/users\/7"}],"replies":[{"embeddable":true,"href":"https:\/\/petrock.pl\/index.php?rest_route=%2Fwp%2Fv2%2Fcomments&post=437"}],"version-history":[{"count":28,"href":"https:\/\/petrock.pl\/index.php?rest_route=\/wp\/v2\/pages\/437\/revisions"}],"predecessor-version":[{"id":3866,"href":"https:\/\/petrock.pl\/index.php?rest_route=\/wp\/v2\/pages\/437\/revisions\/3866"}],"wp:featuredmedia":[{"embeddable":true,"href":"https:\/\/petrock.pl\/index.php?rest_route=\/wp\/v2\/media\/444"}],"wp:attachment":[{"href":"https:\/\/petrock.pl\/index.php?rest_route=%2Fwp%2Fv2%2Fmedia&parent=437"}],"curies":[{"name":"wp","href":"https:\/\/api.w.org\/{rel}","templated":true}]}}