{"id":4737,"date":"2026-02-23T14:12:33","date_gmt":"2026-02-23T12:12:33","guid":{"rendered":"https:\/\/petrock.pl\/?page_id=4737"},"modified":"2026-02-24T15:34:27","modified_gmt":"2026-02-24T13:34:27","slug":"fear-inside-of-me","status":"publish","type":"page","link":"https:\/\/petrock.pl\/?page_id=4737","title":{"rendered":"Fear Inside Of Me"},"content":{"rendered":"\n<div class=\"is-layout-flex wp-container-5 wp-block-columns\">\n<div class=\"is-layout-flow wp-block-column\" style=\"flex-basis:33.33%\">\n<figure class=\"is-layout-flex wp-block-gallery-1 wp-block-gallery has-nested-images columns-default is-cropped\">\n<figure class=\"wp-block-image size-full\"><img decoding=\"async\" loading=\"lazy\" width=\"564\" height=\"248\" src=\"https:\/\/petrock.pl\/wp-content\/uploads\/2025\/02\/fear-1111-1.jpg\" alt=\"\" class=\"wp-image-4749\" srcset=\"https:\/\/petrock.pl\/wp-content\/uploads\/2025\/02\/fear-1111-1.jpg 564w, https:\/\/petrock.pl\/wp-content\/uploads\/2025\/02\/fear-1111-1-300x132.jpg 300w\" sizes=\"(max-width: 564px) 100vw, 564px\" \/><\/figure>\n<\/figure>\n\n\n\n<figure class=\"wp-block-image size-large\"><a href=\"http:\/\/petrock.pl\/wp-content\/uploads\/2022\/02\/Sklad-2018-1-scaled.jpg\"><img decoding=\"async\" loading=\"lazy\" width=\"1024\" height=\"683\" src=\"http:\/\/petrock.pl\/wp-content\/uploads\/2022\/02\/Sklad-2018-1-1024x683.jpg\" alt=\"Sklad-2018\" class=\"wp-image-3628\" srcset=\"https:\/\/petrock.pl\/wp-content\/uploads\/2022\/02\/Sklad-2018-1-1024x683.jpg 1024w, https:\/\/petrock.pl\/wp-content\/uploads\/2022\/02\/Sklad-2018-1-300x200.jpg 300w, https:\/\/petrock.pl\/wp-content\/uploads\/2022\/02\/Sklad-2018-1-768x512.jpg 768w, https:\/\/petrock.pl\/wp-content\/uploads\/2022\/02\/Sklad-2018-1-1536x1024.jpg 1536w, https:\/\/petrock.pl\/wp-content\/uploads\/2022\/02\/Sklad-2018-1-2048x1365.jpg 2048w\" sizes=\"(max-width: 1024px) 100vw, 1024px\" \/><\/a><figcaption class=\"wp-element-caption\"><em>Fear Inside Of Me (2018), od lewej: Kacer Rogowicz, Maciej Ku\u015bwik, Szymon \u017buchniewicz, Wojciech G\u0105siorowski, Sebastian Krajewski, fot. Maciej Ku\u015bwik<\/em><\/figcaption><\/figure>\n\n\n\n<figure class=\"wp-block-image size-large\"><a href=\"http:\/\/petrock.pl\/wp-content\/uploads\/2022\/02\/Rok-2019-na-wokalu-Brian-Kosiewski.png\"><img decoding=\"async\" loading=\"lazy\" width=\"1024\" height=\"325\" src=\"http:\/\/petrock.pl\/wp-content\/uploads\/2022\/02\/Rok-2019-na-wokalu-Brian-Kosiewski-1024x325.png\" alt=\"Rok-2019\" class=\"wp-image-3622\" srcset=\"https:\/\/petrock.pl\/wp-content\/uploads\/2022\/02\/Rok-2019-na-wokalu-Brian-Kosiewski-1024x325.png 1024w, https:\/\/petrock.pl\/wp-content\/uploads\/2022\/02\/Rok-2019-na-wokalu-Brian-Kosiewski-300x95.png 300w, https:\/\/petrock.pl\/wp-content\/uploads\/2022\/02\/Rok-2019-na-wokalu-Brian-Kosiewski-768x244.png 768w, https:\/\/petrock.pl\/wp-content\/uploads\/2022\/02\/Rok-2019-na-wokalu-Brian-Kosiewski-1030x328.png 1030w, https:\/\/petrock.pl\/wp-content\/uploads\/2022\/02\/Rok-2019-na-wokalu-Brian-Kosiewski.png 1032w\" sizes=\"(max-width: 1024px) 100vw, 1024px\" \/><\/a><figcaption class=\"wp-element-caption\"><em>Fear Inside Of Me (2019), od lewej: Sebastian Krajewski, Mateusz Sochacki, Brian Kosiewski, Szymon \u017buchniewicz, Kacper Rogowicz, fot. archiwum zespo\u0142u<\/em><\/figcaption><\/figure>\n\n\n\n<figure class=\"wp-block-image size-large\"><a href=\"http:\/\/petrock.pl\/wp-content\/uploads\/2022\/02\/Rok-2016-na-basie-Konrad-Dolny-scaled.jpg\"><img decoding=\"async\" loading=\"lazy\" width=\"1024\" height=\"684\" src=\"http:\/\/petrock.pl\/wp-content\/uploads\/2022\/02\/Rok-2016-na-basie-Konrad-Dolny-1024x684.jpg\" alt=\"\" class=\"wp-image-3621\" srcset=\"https:\/\/petrock.pl\/wp-content\/uploads\/2022\/02\/Rok-2016-na-basie-Konrad-Dolny-1024x684.jpg 1024w, https:\/\/petrock.pl\/wp-content\/uploads\/2022\/02\/Rok-2016-na-basie-Konrad-Dolny-300x200.jpg 300w, https:\/\/petrock.pl\/wp-content\/uploads\/2022\/02\/Rok-2016-na-basie-Konrad-Dolny-768x513.jpg 768w, https:\/\/petrock.pl\/wp-content\/uploads\/2022\/02\/Rok-2016-na-basie-Konrad-Dolny-1536x1025.jpg 1536w, https:\/\/petrock.pl\/wp-content\/uploads\/2022\/02\/Rok-2016-na-basie-Konrad-Dolny-2048x1367.jpg 2048w\" sizes=\"(max-width: 1024px) 100vw, 1024px\" \/><\/a><figcaption class=\"wp-element-caption\"><em>Fear Inside Of Me (2016), od lewej: Konrad Dolny, Mateusz Sochacki, Maciej Ku\u015bwik, Szymon \u017buchniewicz, Sebastian Krajewski, fot. Maciej Ku\u015bwik<\/em><\/figcaption><\/figure>\n\n\n\n<figure class=\"wp-block-image size-large\"><a href=\"http:\/\/petrock.pl\/wp-content\/uploads\/2022\/02\/Rok-2015-na-basie-Lukasz-Szermeta.png\"><img decoding=\"async\" loading=\"lazy\" width=\"1024\" height=\"315\" src=\"http:\/\/petrock.pl\/wp-content\/uploads\/2022\/02\/Rok-2015-na-basie-Lukasz-Szermeta-1024x315.png\" alt=\"\" class=\"wp-image-3625\" srcset=\"https:\/\/petrock.pl\/wp-content\/uploads\/2022\/02\/Rok-2015-na-basie-Lukasz-Szermeta-1024x315.png 1024w, https:\/\/petrock.pl\/wp-content\/uploads\/2022\/02\/Rok-2015-na-basie-Lukasz-Szermeta-300x92.png 300w, https:\/\/petrock.pl\/wp-content\/uploads\/2022\/02\/Rok-2015-na-basie-Lukasz-Szermeta-768x237.png 768w, https:\/\/petrock.pl\/wp-content\/uploads\/2022\/02\/Rok-2015-na-basie-Lukasz-Szermeta.png 1146w\" sizes=\"(max-width: 1024px) 100vw, 1024px\" \/><\/a><figcaption class=\"wp-element-caption\"><em>Fear Inside Of Me (2015), od lewej: <br>Mateusz Sochacki, Sebastian Krajewski, Maciej Ku\u015bwik, Szymon \u017buchniewicz, \u0141ukasz Szermeta, fot. Tomasz Dero\u0144 <\/em><\/figcaption><\/figure>\n\n\n\n<figure class=\"wp-block-image size-large\"><a href=\"http:\/\/petrock.pl\/wp-content\/uploads\/2022\/02\/Pierwszy-sklad-z-Julita-bez-basisty-Adama-2012-1-scaled.jpg\"><img decoding=\"async\" loading=\"lazy\" width=\"678\" height=\"1024\" src=\"http:\/\/petrock.pl\/wp-content\/uploads\/2022\/02\/Pierwszy-sklad-z-Julita-bez-basisty-Adama-2012-1-678x1024.jpg\" alt=\"\" class=\"wp-image-3630\" srcset=\"https:\/\/petrock.pl\/wp-content\/uploads\/2022\/02\/Pierwszy-sklad-z-Julita-bez-basisty-Adama-2012-1-678x1024.jpg 678w, https:\/\/petrock.pl\/wp-content\/uploads\/2022\/02\/Pierwszy-sklad-z-Julita-bez-basisty-Adama-2012-1-199x300.jpg 199w, https:\/\/petrock.pl\/wp-content\/uploads\/2022\/02\/Pierwszy-sklad-z-Julita-bez-basisty-Adama-2012-1-768x1160.jpg 768w, https:\/\/petrock.pl\/wp-content\/uploads\/2022\/02\/Pierwszy-sklad-z-Julita-bez-basisty-Adama-2012-1-1017x1536.jpg 1017w, https:\/\/petrock.pl\/wp-content\/uploads\/2022\/02\/Pierwszy-sklad-z-Julita-bez-basisty-Adama-2012-1-1356x2048.jpg 1356w, https:\/\/petrock.pl\/wp-content\/uploads\/2022\/02\/Pierwszy-sklad-z-Julita-bez-basisty-Adama-2012-1-scaled.jpg 1696w\" sizes=\"(max-width: 678px) 100vw, 678px\" \/><\/a><figcaption class=\"wp-element-caption\"><em>Fear Inside Of Me (2012), od lewej: Na dole od lewej Szymon \u017buchniewicz, Mateusz Sochacki, Sebastian Krajewski<br>Na g\u00f3rze od lewej: Julita Za\u0142oga, Maciej Ku\u015bwik, fot. z archiwum zespo\u0142u <\/em><\/figcaption><\/figure>\n<\/div>\n\n\n\n<div class=\"is-layout-flow wp-block-column\" style=\"flex-basis:66.66%\">\n<p>Zesp\u00f3\u0142 okre\u015blaj\u0105cy swoj\u0105 tw\u00f3rczo\u015b\u0107 jako Melodic Death Metal, powsta\u0142 w P\u0142ocku we wrze\u015bniu 2012 r. na zgliszczach Crash Report. W pierwszy sk\u0142adzie bandu znale\u017ali si\u0119: Szymon \u017buchniewicz &#8211; perkusja, Adam Tomaszewski &#8211; bas, Mateusz Sochacki &#8211; gitara, Sebastian Krajewski &#8211; gitara, Maciej Ku\u015bwik &#8211; wokal, Julita Za\u0142oga &#8211; wokal.<\/p>\n\n\n\n<p>Pierwszy publiczny wyst\u0119p Fear Inside Of Me odby\u0142 si\u0119 miesi\u0105c po zawi\u0105zaniu sk\u0142adu, podczascastingu zorganizowanego w p\u0142ockiej galerii handlowej Wis\u0142a. Ekipa zagra\u0142a tam jeden kawa\u0142ek: I Stand Alone. W styczniu 2013 roku zesp\u00f3\u0142 wyst\u0105pi\u0142 podczas XXI fina\u0142u WO\u015aP w Radzanowie, a w kwietniu tego samego roku podczas IV edycji p\u0142ockiego festiwalu Rock Tower.<\/p>\n\n\n\n<p>W lutym 2014 roku zesp\u00f3\u0142 postanowi\u0142 zarejestrowa\u0107 dotychczas skomponowane utwory w sierpeckim studio Klon. W tej sesji nagraniowej nie bra\u0142a udzia\u0142u Julita Za\u0142oga, kt\u00f3ra po\u017cegna\u0142a si\u0119 z zespo\u0142em w styczniu tego samego roku. 11 maja 2014 roku band wyst\u0105pi\u0142 po raz drugi na festiwalu Rock Tower.<\/p>\n\n\n\n<p>26 maja 2014r. mia\u0142a miejsce premiera debiutanckiego materia\u0142u Fear Inside Of Me zatytu\u0142owanego Hellworld. Na EP-ce znalaz\u0142y si\u0119 cztery utwory. Materia\u0142 zosta\u0142 wydany w formie CD przez zesp\u00f3\u0142 w\u0142asnym sumptem.<\/p>\n\n\n\n<p>We wrze\u015bniu 2014 nast\u0105pi\u0142a kolejna zmiana w sk\u0142adzie. Adama Tomaszewskiego zast\u0105pi\u0142 na basie Piotr \u015awierczewski. W od\u015bwie\u017conym sk\u0142adzie osobowym zesp\u00f3\u0142 zaprezentowa\u0142 si\u0119 publicznie w grudniu w Aleksandrowie \u0141\u00f3dzkim w klubie Fado podczas pierwszej ods\u0142ony Metal to Piek\u0142o.<\/p>\n\n\n\n<p>Kolejne lata funkcjonowania Fear Inside Of Me to okres dzia\u0142alno\u015bci koncertowej, oraz przede wszystkim pr\u00f3ba ustabilizowania sk\u0142adu personalnego. W tym okresie zesp\u00f3\u0142 koncertowa\u0142 g\u0142\u00f3wnie lokalnie, m.in. w p\u0142ockim klubie Rock&#8217;69 (kwiecie\u0144 2015r.) oraz trzeci raz z rz\u0119du na festiwalu Rock Tower.<\/p>\n\n\n\n<p>W 2015r. Piotra \u015awierczewskiego zast\u0105pi\u0142 na basie \u0141ukasz Szermeta. Nie zagrza\u0142 on d\u0142ugo miejsca w zespole, gdy\u017c rok p\u00f3\u017aniej zast\u0105pi\u0142 go Konrad Dolny. Wydawa\u0142oby si\u0119, \u017ce po tych perturbacjach zesp\u00f3\u0142 si\u0119 w ko\u0144cu ukszta\u0142towa\u0142 zar\u00f3wno muzycznie jak i personalnie. Nic bardziej mylnego. Kolejne lata dzia\u0142alno\u015bci to kolejne roszady w sk\u0142adzie. W 2017 r. Konrada Dolnego zast\u0105pi\u0142 na basie Wojciech G\u0105siorowski, oraz odszed\u0142 z pozycji gitarzysty Mateusz Sochacki. W 2018 r. jako gitarzysta doszed\u0142 Kacper Rogowicz. W 2019 r. Ma\u0107ka Ku\u015bwika na wokalu zast\u0105pi\u0142 Brian Kosiewski, a za Wojciecha G\u0105siorowskiego (graj\u0105cego na gitarze basowej) przyszed\u0142 z powrotem Mateusz Sochacki. Ostatni\u0105 zmian\u0105, jaka mia\u0142a miejsce na przestrzeni funkcjonowania bandu, by\u0142o odej\u015bcie Briana Kosiewskiego, kt\u00f3rego zast\u0105pi\u0142 Jan Jaworski.<\/p>\n\n\n\n<p>W 2018 roku zesp\u00f3\u0142 rozpocz\u0105\u0142 prac\u0119 na swoim debiutanckim LP, kt\u00f3ry finalnie ukaza\u0142 si\u0119 w&#8230; 2024 roku (!). Wynika\u0142o to przede wszystkim z faktu rotacji personalnych, kt\u00f3re na przestrzeni lat nast\u0119powa\u0142y w zespole. Perkusja zosta\u0142a nagrana w Miejskim Centrum Kultury w P\u0142o\u0144sku dzi\u0119ki pomocy Darka Daniszewskiego. Reszta instrument\u00f3w by\u0142a nagrywana systematycznie w domu Sebastiana Krajewskiego. W mi\u0119dzyczasie zmieni\u0142 si\u0119 wokalista, wi\u0119c wokale zosta\u0142y w wi\u0119kszo\u015bci nagrane przez Janka Jaworskiego niego w domu. Ca\u0142o\u015b\u0107 materia\u0142u zosta\u0142a zamkni\u0119ta swoist\u0105 &#8220;klamr\u0105&#8221;, gdy\u017c na p\u0142ycie pojawi\u0142a si\u0119 pierwsza wokalistka zespo\u0142u &#8211; Julita Za\u0142oga. Sw\u00f3j udzia\u0142 na kr\u0105\u017cku zaznaczy\u0142 r\u00f3wnie\u017c Piotr Magierski, kt\u00f3ry okrasi\u0142 ca\u0142o\u015b\u0107 swoimi orkiestracjami.<\/p>\n\n\n\n<p>Materia\u0142 zosta\u0142 ostatecznie nazwany &#8220;Light Of Dawn&#8221; i wydany w\u0142asnym sumptem w 2022 roku. Od tego czasu zesp\u00f3\u0142 jest nieaktywny.<\/p>\n<\/div>\n<\/div>\n\n\n\n<hr class=\"wp-block-separator has-alpha-channel-opacity\"\/>\n\n\n\n<div class=\"is-layout-flex wp-container-7 wp-block-columns\">\n<div class=\"is-layout-flow wp-block-column\">\n<p><em><strong>Ostatni sk\u0142ad zespo\u0142u:<\/strong><\/em><\/p>\n\n\n\n<p>Jan Jaworski &#8211; <em>wokal<\/em><\/p>\n\n\n\n<p>Sebastian Krajewski &#8211; <em>gitara<\/em><\/p>\n\n\n\n<p>Szymon \u017buchniewicz &#8211; <em>perkusja<\/em><\/p>\n\n\n\n<p>Kacper Rogowicz &#8211; <em>gitara<\/em><\/p>\n\n\n\n<p>Mateusz Sochacki &#8211; <em>bas<\/em><\/p>\n\n\n\n<hr class=\"wp-block-separator has-alpha-channel-opacity\"\/>\n\n\n\n<p><em><strong>Byli muzycy: <\/strong><\/em><\/p>\n\n\n\n<p>Adam Tomaszewski &#8211; <em>bas<\/em><\/p>\n\n\n\n<p>Mateusz Sochacki &#8211; <em>gitara<\/em><\/p>\n\n\n\n<p>Maciej Ku\u015bwik &#8211; <em>wokal<\/em><\/p>\n\n\n\n<p>Julita Za\u0142oga &#8211; <em>wokal<\/em><\/p>\n\n\n\n<p>Piotr \u015awierczewski &#8211; <em>bas<\/em><\/p>\n\n\n\n<p>\u0141ukasz Szermeta &#8211; <em>bas<\/em><\/p>\n\n\n\n<p>Konrad Dolny &#8211; <em>bas<\/em><\/p>\n\n\n\n<p>Brian Kosiewski &#8211; <em>wokal<\/em><\/p>\n\n\n\n<p>Wojciech G\u0105siorowski &#8211; <em>bas<\/em><\/p>\n<\/div>\n<\/div>\n\n\n\n<p>Dyskografia:<\/p>\n\n\n\n<figure class=\"wp-block-table\"><table><tbody><tr><td class=\"has-text-align-left\" data-align=\"left\">The Light Of Down (2022)  <a href=\"https:\/\/open.spotify.com\/album\/3A2dZWNd4Ql58JhLbXvVdd\" target=\"_blank\" rel=\"noreferrer noopener\">do ods\u0142uchu<\/a><\/td><td>wydawnictwo w\u0142asne<\/td><\/tr><tr><td class=\"has-text-align-left\" data-align=\"left\">Hellworld EP (2014)  <a href=\"https:\/\/fearinsideofme.bandcamp.com\/album\/hellworld-ep\" target=\"_blank\" rel=\"noreferrer noopener\">do ods\u0142uchu<\/a><\/td><td>wydawnictwo w\u0142asne<\/td><\/tr><\/tbody><\/table><\/figure>\n\n\n\n<p>Video:<\/p>\n\n\n\n<figure class=\"wp-block-embed is-type-video is-provider-youtube wp-block-embed-youtube wp-embed-aspect-16-9 wp-has-aspect-ratio\"><div class=\"wp-block-embed__wrapper\">\n<iframe loading=\"lazy\" title=\"Fear Inside Of Me - Under 10K Suns\" width=\"500\" height=\"281\" src=\"https:\/\/www.youtube.com\/embed\/yjrGPu544Tg?feature=oembed\" frameborder=\"0\" allow=\"accelerometer; autoplay; clipboard-write; encrypted-media; gyroscope; picture-in-picture; web-share\" referrerpolicy=\"strict-origin-when-cross-origin\" allowfullscreen><\/iframe>\n<\/div><\/figure>\n\n\n\n<figure class=\"wp-block-embed is-type-video is-provider-youtube wp-block-embed-youtube wp-embed-aspect-16-9 wp-has-aspect-ratio\"><div class=\"wp-block-embed__wrapper\">\n<iframe loading=\"lazy\" title=\"X Rock Tower 2019\" width=\"500\" height=\"281\" src=\"https:\/\/www.youtube.com\/embed\/jA--1RE4JAo?start=1461&#038;feature=oembed\" frameborder=\"0\" allow=\"accelerometer; autoplay; clipboard-write; encrypted-media; gyroscope; picture-in-picture; web-share\" referrerpolicy=\"strict-origin-when-cross-origin\" allowfullscreen><\/iframe>\n<\/div><\/figure>\n\n\n\n<hr class=\"wp-block-separator has-alpha-channel-opacity\"\/>\n\n\n\n<p><em>Za pomoc w napisaniu biografii zespo\u0142u Fear Inside Of Me bardzo dzi\u0119kuj\u0119 Sebastianowi Krajewskiemu. Korekta tekstu Ma\u0142gorzata Wodzi\u0144ska.<\/em><\/p>\n","protected":false},"excerpt":{"rendered":"<div class=\"mh-excerpt\"><p>Zesp\u00f3\u0142 okre\u015blaj\u0105cy swoj\u0105 tw\u00f3rczo\u015b\u0107 jako Melodic Death Metal, powsta\u0142 w P\u0142ocku we wrze\u015bniu 2012 r. na zgliszczach Crash Report. W pierwszy sk\u0142adzie bandu znale\u017ali si\u0119: <a class=\"mh-excerpt-more\" href=\"https:\/\/petrock.pl\/?page_id=4737\" title=\"Fear Inside Of Me\">[&#8230;]<\/a><\/p>\n<\/div>","protected":false},"author":7,"featured_media":3628,"parent":0,"menu_order":0,"comment_status":"closed","ping_status":"closed","template":"","meta":[],"yoast_head":"<!-- This site is optimized with the Yoast SEO plugin v21.1 - https:\/\/yoast.com\/wordpress\/plugins\/seo\/ -->\n<title>Fear Inside Of Me - P\u0142ocka Scena Rockowa<\/title>\n<meta name=\"description\" content=\"Niewiele w P\u0142ocku dzia\u0142a\/dzia\u0142a\u0142o takich zespo\u0142\u00f3w, w kt\u00f3rych przez okres ich funkcjonowania przewin\u0119\u0142oby si\u0119 tylu muzyk\u00f3w co w zespole Fear Inside Of Me. Ja naliczy\u0142em ich 14 (!), a trzeba przypomnie\u0107, \u017ce zesp\u00f3\u0142 nie dzia\u0142a\u0142 jako\u015b mega d\u0142ugo i do sta\u017cu innych zespo\u0142\u00f3w tworz\u0105cych w naszym mie\u015bcie jeszcze du\u017co mu brakuje. W trakcie wsp\u00f3lnego muzykowania zesp\u00f3\u0142 nagra\u0142 jedn\u0105 \u201edu\u017c\u0105\u201d p\u0142yt\u0119 wydan\u0105 w 2022 roku, nad kt\u00f3r\u0105 prac\u0119 rozpocz\u0105\u0142 w 2018 roku ! Wszystko przez to, \u017ce przez lata swojej dzia\u0142alno\u015bci band boryka\u0142 si\u0119 z problemem ustabilizowania sk\u0142adu. W dyskografii znalaz\u0142a si\u0119 r\u00f3wnie\u017c EP-ka nagrana w 2014 roku.Zapraszam Wszystkich do zapoznania si\u0119 z biografi\u0105 i tw\u00f3rczo\u015bci\u0105 zespo\u0142u Fear Inside Of Me\" \/>\n<meta name=\"robots\" content=\"index, follow, max-snippet:-1, max-image-preview:large, max-video-preview:-1\" \/>\n<link rel=\"canonical\" href=\"https:\/\/petrock.pl\/?page_id=4737\" \/>\n<meta property=\"og:locale\" content=\"pl_PL\" \/>\n<meta property=\"og:type\" content=\"article\" \/>\n<meta property=\"og:title\" content=\"Fear Inside Of Me - P\u0142ocka Scena Rockowa\" \/>\n<meta property=\"og:description\" content=\"Niewiele w P\u0142ocku dzia\u0142a\/dzia\u0142a\u0142o takich zespo\u0142\u00f3w, w kt\u00f3rych przez okres ich funkcjonowania przewin\u0119\u0142oby si\u0119 tylu muzyk\u00f3w co w zespole Fear Inside Of Me. Ja naliczy\u0142em ich 14 (!), a trzeba przypomnie\u0107, \u017ce zesp\u00f3\u0142 nie dzia\u0142a\u0142 jako\u015b mega d\u0142ugo i do sta\u017cu innych zespo\u0142\u00f3w tworz\u0105cych w naszym mie\u015bcie jeszcze du\u017co mu brakuje. W trakcie wsp\u00f3lnego muzykowania zesp\u00f3\u0142 nagra\u0142 jedn\u0105 \u201edu\u017c\u0105\u201d p\u0142yt\u0119 wydan\u0105 w 2022 roku, nad kt\u00f3r\u0105 prac\u0119 rozpocz\u0105\u0142 w 2018 roku ! Wszystko przez to, \u017ce przez lata swojej dzia\u0142alno\u015bci band boryka\u0142 si\u0119 z problemem ustabilizowania sk\u0142adu. W dyskografii znalaz\u0142a si\u0119 r\u00f3wnie\u017c EP-ka nagrana w 2014 roku.Zapraszam Wszystkich do zapoznania si\u0119 z biografi\u0105 i tw\u00f3rczo\u015bci\u0105 zespo\u0142u Fear Inside Of Me\" \/>\n<meta property=\"og:url\" content=\"https:\/\/petrock.pl\/?page_id=4737\" \/>\n<meta property=\"og:site_name\" content=\"P\u0142ocka Scena Rockowa\" \/>\n<meta property=\"article:modified_time\" content=\"2026-02-24T13:34:27+00:00\" \/>\n<meta property=\"og:image\" content=\"https:\/\/petrock.pl\/wp-content\/uploads\/2022\/02\/Sklad-2018-1-scaled.jpg\" \/>\n\t<meta property=\"og:image:width\" content=\"2560\" \/>\n\t<meta property=\"og:image:height\" content=\"1707\" \/>\n\t<meta property=\"og:image:type\" content=\"image\/jpeg\" \/>\n<meta name=\"twitter:card\" content=\"summary_large_image\" \/>\n<meta name=\"twitter:label1\" content=\"Szacowany czas czytania\" \/>\n\t<meta name=\"twitter:data1\" content=\"6 minut\" \/>\n<script type=\"application\/ld+json\" class=\"yoast-schema-graph\">{\"@context\":\"https:\/\/schema.org\",\"@graph\":[{\"@type\":\"WebPage\",\"@id\":\"https:\/\/petrock.pl\/?page_id=4737\",\"url\":\"https:\/\/petrock.pl\/?page_id=4737\",\"name\":\"Fear Inside Of Me - P\u0142ocka Scena Rockowa\",\"isPartOf\":{\"@id\":\"https:\/\/petrock.pl\/#website\"},\"datePublished\":\"2026-02-23T12:12:33+00:00\",\"dateModified\":\"2026-02-24T13:34:27+00:00\",\"description\":\"Niewiele w P\u0142ocku dzia\u0142a\/dzia\u0142a\u0142o takich zespo\u0142\u00f3w, w kt\u00f3rych przez okres ich funkcjonowania przewin\u0119\u0142oby si\u0119 tylu muzyk\u00f3w co w zespole Fear Inside Of Me. Ja naliczy\u0142em ich 14 (!), a trzeba przypomnie\u0107, \u017ce zesp\u00f3\u0142 nie dzia\u0142a\u0142 jako\u015b mega d\u0142ugo i do sta\u017cu innych zespo\u0142\u00f3w tworz\u0105cych w naszym mie\u015bcie jeszcze du\u017co mu brakuje. W trakcie wsp\u00f3lnego muzykowania zesp\u00f3\u0142 nagra\u0142 jedn\u0105 \u201edu\u017c\u0105\u201d p\u0142yt\u0119 wydan\u0105 w 2022 roku, nad kt\u00f3r\u0105 prac\u0119 rozpocz\u0105\u0142 w 2018 roku ! Wszystko przez to, \u017ce przez lata swojej dzia\u0142alno\u015bci band boryka\u0142 si\u0119 z problemem ustabilizowania sk\u0142adu. W dyskografii znalaz\u0142a si\u0119 r\u00f3wnie\u017c EP-ka nagrana w 2014 roku.Zapraszam Wszystkich do zapoznania si\u0119 z biografi\u0105 i tw\u00f3rczo\u015bci\u0105 zespo\u0142u Fear Inside Of Me\",\"breadcrumb\":{\"@id\":\"https:\/\/petrock.pl\/?page_id=4737#breadcrumb\"},\"inLanguage\":\"pl-PL\",\"potentialAction\":[{\"@type\":\"ReadAction\",\"target\":[\"https:\/\/petrock.pl\/?page_id=4737\"]}]},{\"@type\":\"BreadcrumbList\",\"@id\":\"https:\/\/petrock.pl\/?page_id=4737#breadcrumb\",\"itemListElement\":[{\"@type\":\"ListItem\",\"position\":1,\"name\":\"Strona g\u0142\u00f3wna\",\"item\":\"https:\/\/petrock.pl\/\"},{\"@type\":\"ListItem\",\"position\":2,\"name\":\"Fear Inside Of Me\"}]},{\"@type\":\"WebSite\",\"@id\":\"https:\/\/petrock.pl\/#website\",\"url\":\"https:\/\/petrock.pl\/\",\"name\":\"P\u0142ocka Scena Rockowa\",\"description\":\"Wywiady Biografie Koncerty Recenzje\",\"potentialAction\":[{\"@type\":\"SearchAction\",\"target\":{\"@type\":\"EntryPoint\",\"urlTemplate\":\"https:\/\/petrock.pl\/?s={search_term_string}\"},\"query-input\":\"required name=search_term_string\"}],\"inLanguage\":\"pl-PL\"}]}<\/script>\n<!-- \/ Yoast SEO plugin. -->","yoast_head_json":{"title":"Fear Inside Of Me - P\u0142ocka Scena Rockowa","description":"Niewiele w P\u0142ocku dzia\u0142a\/dzia\u0142a\u0142o takich zespo\u0142\u00f3w, w kt\u00f3rych przez okres ich funkcjonowania przewin\u0119\u0142oby si\u0119 tylu muzyk\u00f3w co w zespole Fear Inside Of Me. Ja naliczy\u0142em ich 14 (!), a trzeba przypomnie\u0107, \u017ce zesp\u00f3\u0142 nie dzia\u0142a\u0142 jako\u015b mega d\u0142ugo i do sta\u017cu innych zespo\u0142\u00f3w tworz\u0105cych w naszym mie\u015bcie jeszcze du\u017co mu brakuje. W trakcie wsp\u00f3lnego muzykowania zesp\u00f3\u0142 nagra\u0142 jedn\u0105 \u201edu\u017c\u0105\u201d p\u0142yt\u0119 wydan\u0105 w 2022 roku, nad kt\u00f3r\u0105 prac\u0119 rozpocz\u0105\u0142 w 2018 roku ! Wszystko przez to, \u017ce przez lata swojej dzia\u0142alno\u015bci band boryka\u0142 si\u0119 z problemem ustabilizowania sk\u0142adu. W dyskografii znalaz\u0142a si\u0119 r\u00f3wnie\u017c EP-ka nagrana w 2014 roku.Zapraszam Wszystkich do zapoznania si\u0119 z biografi\u0105 i tw\u00f3rczo\u015bci\u0105 zespo\u0142u Fear Inside Of Me","robots":{"index":"index","follow":"follow","max-snippet":"max-snippet:-1","max-image-preview":"max-image-preview:large","max-video-preview":"max-video-preview:-1"},"canonical":"https:\/\/petrock.pl\/?page_id=4737","og_locale":"pl_PL","og_type":"article","og_title":"Fear Inside Of Me - P\u0142ocka Scena Rockowa","og_description":"Niewiele w P\u0142ocku dzia\u0142a\/dzia\u0142a\u0142o takich zespo\u0142\u00f3w, w kt\u00f3rych przez okres ich funkcjonowania przewin\u0119\u0142oby si\u0119 tylu muzyk\u00f3w co w zespole Fear Inside Of Me. Ja naliczy\u0142em ich 14 (!), a trzeba przypomnie\u0107, \u017ce zesp\u00f3\u0142 nie dzia\u0142a\u0142 jako\u015b mega d\u0142ugo i do sta\u017cu innych zespo\u0142\u00f3w tworz\u0105cych w naszym mie\u015bcie jeszcze du\u017co mu brakuje. W trakcie wsp\u00f3lnego muzykowania zesp\u00f3\u0142 nagra\u0142 jedn\u0105 \u201edu\u017c\u0105\u201d p\u0142yt\u0119 wydan\u0105 w 2022 roku, nad kt\u00f3r\u0105 prac\u0119 rozpocz\u0105\u0142 w 2018 roku ! Wszystko przez to, \u017ce przez lata swojej dzia\u0142alno\u015bci band boryka\u0142 si\u0119 z problemem ustabilizowania sk\u0142adu. W dyskografii znalaz\u0142a si\u0119 r\u00f3wnie\u017c EP-ka nagrana w 2014 roku.Zapraszam Wszystkich do zapoznania si\u0119 z biografi\u0105 i tw\u00f3rczo\u015bci\u0105 zespo\u0142u Fear Inside Of Me","og_url":"https:\/\/petrock.pl\/?page_id=4737","og_site_name":"P\u0142ocka Scena Rockowa","article_modified_time":"2026-02-24T13:34:27+00:00","og_image":[{"width":2560,"height":1707,"url":"https:\/\/petrock.pl\/wp-content\/uploads\/2022\/02\/Sklad-2018-1-scaled.jpg","type":"image\/jpeg"}],"twitter_card":"summary_large_image","twitter_misc":{"Szacowany czas czytania":"6 minut"},"schema":{"@context":"https:\/\/schema.org","@graph":[{"@type":"WebPage","@id":"https:\/\/petrock.pl\/?page_id=4737","url":"https:\/\/petrock.pl\/?page_id=4737","name":"Fear Inside Of Me - P\u0142ocka Scena Rockowa","isPartOf":{"@id":"https:\/\/petrock.pl\/#website"},"datePublished":"2026-02-23T12:12:33+00:00","dateModified":"2026-02-24T13:34:27+00:00","description":"Niewiele w P\u0142ocku dzia\u0142a\/dzia\u0142a\u0142o takich zespo\u0142\u00f3w, w kt\u00f3rych przez okres ich funkcjonowania przewin\u0119\u0142oby si\u0119 tylu muzyk\u00f3w co w zespole Fear Inside Of Me. Ja naliczy\u0142em ich 14 (!), a trzeba przypomnie\u0107, \u017ce zesp\u00f3\u0142 nie dzia\u0142a\u0142 jako\u015b mega d\u0142ugo i do sta\u017cu innych zespo\u0142\u00f3w tworz\u0105cych w naszym mie\u015bcie jeszcze du\u017co mu brakuje. W trakcie wsp\u00f3lnego muzykowania zesp\u00f3\u0142 nagra\u0142 jedn\u0105 \u201edu\u017c\u0105\u201d p\u0142yt\u0119 wydan\u0105 w 2022 roku, nad kt\u00f3r\u0105 prac\u0119 rozpocz\u0105\u0142 w 2018 roku ! Wszystko przez to, \u017ce przez lata swojej dzia\u0142alno\u015bci band boryka\u0142 si\u0119 z problemem ustabilizowania sk\u0142adu. W dyskografii znalaz\u0142a si\u0119 r\u00f3wnie\u017c EP-ka nagrana w 2014 roku.Zapraszam Wszystkich do zapoznania si\u0119 z biografi\u0105 i tw\u00f3rczo\u015bci\u0105 zespo\u0142u Fear Inside Of Me","breadcrumb":{"@id":"https:\/\/petrock.pl\/?page_id=4737#breadcrumb"},"inLanguage":"pl-PL","potentialAction":[{"@type":"ReadAction","target":["https:\/\/petrock.pl\/?page_id=4737"]}]},{"@type":"BreadcrumbList","@id":"https:\/\/petrock.pl\/?page_id=4737#breadcrumb","itemListElement":[{"@type":"ListItem","position":1,"name":"Strona g\u0142\u00f3wna","item":"https:\/\/petrock.pl\/"},{"@type":"ListItem","position":2,"name":"Fear Inside Of Me"}]},{"@type":"WebSite","@id":"https:\/\/petrock.pl\/#website","url":"https:\/\/petrock.pl\/","name":"P\u0142ocka Scena Rockowa","description":"Wywiady Biografie Koncerty Recenzje","potentialAction":[{"@type":"SearchAction","target":{"@type":"EntryPoint","urlTemplate":"https:\/\/petrock.pl\/?s={search_term_string}"},"query-input":"required name=search_term_string"}],"inLanguage":"pl-PL"}]}},"_links":{"self":[{"href":"https:\/\/petrock.pl\/index.php?rest_route=\/wp\/v2\/pages\/4737"}],"collection":[{"href":"https:\/\/petrock.pl\/index.php?rest_route=\/wp\/v2\/pages"}],"about":[{"href":"https:\/\/petrock.pl\/index.php?rest_route=\/wp\/v2\/types\/page"}],"author":[{"embeddable":true,"href":"https:\/\/petrock.pl\/index.php?rest_route=\/wp\/v2\/users\/7"}],"replies":[{"embeddable":true,"href":"https:\/\/petrock.pl\/index.php?rest_route=%2Fwp%2Fv2%2Fcomments&post=4737"}],"version-history":[{"count":75,"href":"https:\/\/petrock.pl\/index.php?rest_route=\/wp\/v2\/pages\/4737\/revisions"}],"predecessor-version":[{"id":4841,"href":"https:\/\/petrock.pl\/index.php?rest_route=\/wp\/v2\/pages\/4737\/revisions\/4841"}],"wp:featuredmedia":[{"embeddable":true,"href":"https:\/\/petrock.pl\/index.php?rest_route=\/wp\/v2\/media\/3628"}],"wp:attachment":[{"href":"https:\/\/petrock.pl\/index.php?rest_route=%2Fwp%2Fv2%2Fmedia&parent=4737"}],"curies":[{"name":"wp","href":"https:\/\/api.w.org\/{rel}","templated":true}]}}