{"id":479,"date":"2020-06-20T10:14:10","date_gmt":"2020-06-20T10:14:10","guid":{"rendered":"http:\/\/petrock.pl\/?page_id=479"},"modified":"2023-09-12T14:59:26","modified_gmt":"2023-09-12T12:59:26","slug":"aberration","status":"publish","type":"page","link":"https:\/\/petrock.pl\/?page_id=479","title":{"rendered":"Aberration"},"content":{"rendered":"\n<div class=\"is-layout-flex wp-container-17 wp-block-columns\">\n<div class=\"is-layout-flow wp-block-column\" style=\"flex-basis:33.33%\">\n<figure class=\"is-layout-flex wp-block-gallery-1 wp-block-gallery has-nested-images columns-default is-cropped\">\n<figure class=\"wp-block-image size-large\"><a href=\"http:\/\/petrock.pl\/wp-content\/uploads\/2020\/06\/Aberration-logo.png\"><img decoding=\"async\" loading=\"lazy\" width=\"893\" height=\"310\" src=\"http:\/\/petrock.pl\/wp-content\/uploads\/2020\/06\/Aberration-logo.png\" alt=\"\" class=\"wp-image-480\" srcset=\"https:\/\/petrock.pl\/wp-content\/uploads\/2020\/06\/Aberration-logo.png 893w, https:\/\/petrock.pl\/wp-content\/uploads\/2020\/06\/Aberration-logo-300x104.png 300w, https:\/\/petrock.pl\/wp-content\/uploads\/2020\/06\/Aberration-logo-768x267.png 768w\" sizes=\"(max-width: 893px) 100vw, 893px\" \/><\/a><\/figure>\n<\/figure>\n\n\n\n<figure class=\"is-layout-flex wp-block-gallery-3 wp-block-gallery has-nested-images columns-default is-cropped\">\n<figure class=\"wp-block-image size-large\"><a href=\"http:\/\/petrock.pl\/wp-content\/uploads\/2020\/06\/Abberation-312.jpg\"><img decoding=\"async\" loading=\"lazy\" width=\"883\" height=\"680\" src=\"http:\/\/petrock.pl\/wp-content\/uploads\/2020\/06\/Abberation-312.jpg\" alt=\"\" class=\"wp-image-481\" srcset=\"https:\/\/petrock.pl\/wp-content\/uploads\/2020\/06\/Abberation-312.jpg 883w, https:\/\/petrock.pl\/wp-content\/uploads\/2020\/06\/Abberation-312-300x231.jpg 300w, https:\/\/petrock.pl\/wp-content\/uploads\/2020\/06\/Abberation-312-768x591.jpg 768w\" sizes=\"(max-width: 883px) 100vw, 883px\" \/><\/a><\/figure>\n<figcaption class=\"blocks-gallery-caption wp-element-caption\">&nbsp; <em>fot. z dzi\u0119ki uprzejmo\u015bci Darka &#8211;Janiaka<\/em><\/figcaption><\/figure>\n\n\n\n<figure class=\"is-layout-flex wp-block-gallery-5 wp-block-gallery has-nested-images columns-default is-cropped\">\n<figure class=\"wp-block-image size-large\"><a href=\"http:\/\/petrock.pl\/wp-content\/uploads\/2020\/06\/112519-1.jpg\"><img decoding=\"async\" loading=\"lazy\" width=\"991\" height=\"701\" src=\"http:\/\/petrock.pl\/wp-content\/uploads\/2020\/06\/112519-1.jpg\" alt=\"\" class=\"wp-image-482\" srcset=\"https:\/\/petrock.pl\/wp-content\/uploads\/2020\/06\/112519-1.jpg 991w, https:\/\/petrock.pl\/wp-content\/uploads\/2020\/06\/112519-1-300x212.jpg 300w, https:\/\/petrock.pl\/wp-content\/uploads\/2020\/06\/112519-1-768x543.jpg 768w\" sizes=\"(max-width: 991px) 100vw, 991px\" \/><\/a><\/figure>\n<figcaption class=\"blocks-gallery-caption wp-element-caption\">&nbsp;&nbsp;&nbsp; <em>fot.&nbsp;dzi\u0119ku uprzejmo\u015bci&nbsp;Darka &#8211;Janiaka<\/em><\/figcaption><\/figure>\n\n\n\n<figure class=\"is-layout-flex wp-block-gallery-7 wp-block-gallery has-nested-images columns-default is-cropped\">\n<figure class=\"wp-block-image size-large\"><a href=\"http:\/\/petrock.pl\/wp-content\/uploads\/2020\/06\/2.jpg\"><img decoding=\"async\" loading=\"lazy\" width=\"1024\" height=\"689\" src=\"http:\/\/petrock.pl\/wp-content\/uploads\/2020\/06\/2-1024x689.jpg\" alt=\"\" class=\"wp-image-483\" srcset=\"https:\/\/petrock.pl\/wp-content\/uploads\/2020\/06\/2-1024x689.jpg 1024w, https:\/\/petrock.pl\/wp-content\/uploads\/2020\/06\/2-300x202.jpg 300w, https:\/\/petrock.pl\/wp-content\/uploads\/2020\/06\/2-768x517.jpg 768w, https:\/\/petrock.pl\/wp-content\/uploads\/2020\/06\/2.jpg 1466w\" sizes=\"(max-width: 1024px) 100vw, 1024px\" \/><\/a><\/figure>\n<figcaption class=\"blocks-gallery-caption wp-element-caption\">&nbsp;&nbsp;&nbsp; <em>fot.&nbsp;dzi\u0119ki uprzejmo\u015bci &nbsp;Darka &#8211;Janiaka<\/em><\/figcaption><\/figure>\n\n\n\n<figure class=\"is-layout-flex wp-block-gallery-9 wp-block-gallery has-nested-images columns-default is-cropped\">\n<figure class=\"wp-block-image size-large\"><a href=\"http:\/\/petrock.pl\/wp-content\/uploads\/2020\/06\/aberration-2.jpg\"><img decoding=\"async\" loading=\"lazy\" width=\"846\" height=\"571\" src=\"http:\/\/petrock.pl\/wp-content\/uploads\/2020\/06\/aberration-2.jpg\" alt=\"\" class=\"wp-image-485\" srcset=\"https:\/\/petrock.pl\/wp-content\/uploads\/2020\/06\/aberration-2.jpg 846w, https:\/\/petrock.pl\/wp-content\/uploads\/2020\/06\/aberration-2-300x202.jpg 300w, https:\/\/petrock.pl\/wp-content\/uploads\/2020\/06\/aberration-2-768x518.jpg 768w\" sizes=\"(max-width: 846px) 100vw, 846px\" \/><\/a><\/figure>\n<figcaption class=\"blocks-gallery-caption wp-element-caption\">&nbsp; <em>fot.&nbsp;dzi\u0119ki uprzejmo\u015bci&nbsp;Darka &#8211;Janiaka<\/em><\/figcaption><\/figure>\n\n\n\n<figure class=\"is-layout-flex wp-block-gallery-11 wp-block-gallery has-nested-images columns-default is-cropped\">\n<figure class=\"wp-block-image size-large\"><a href=\"http:\/\/petrock.pl\/wp-content\/uploads\/2020\/06\/Beztytu\u0142u.jpg\"><img decoding=\"async\" loading=\"lazy\" width=\"1024\" height=\"687\" src=\"http:\/\/petrock.pl\/wp-content\/uploads\/2020\/06\/Beztytu\u0142u-1024x687.jpg\" alt=\"\" class=\"wp-image-488\" srcset=\"https:\/\/petrock.pl\/wp-content\/uploads\/2020\/06\/Beztytu\u0142u-1024x687.jpg 1024w, https:\/\/petrock.pl\/wp-content\/uploads\/2020\/06\/Beztytu\u0142u-300x201.jpg 300w, https:\/\/petrock.pl\/wp-content\/uploads\/2020\/06\/Beztytu\u0142u-768x515.jpg 768w, https:\/\/petrock.pl\/wp-content\/uploads\/2020\/06\/Beztytu\u0142u.jpg 1474w\" sizes=\"(max-width: 1024px) 100vw, 1024px\" \/><\/a><\/figure>\n<figcaption class=\"blocks-gallery-caption wp-element-caption\">&nbsp; <em>fot.&nbsp;dzieki uprzejmo\u015bci&nbsp;Darka &#8211;Janiaka<\/em><\/figcaption><\/figure>\n\n\n\n<figure class=\"is-layout-flex wp-block-gallery-13 wp-block-gallery has-nested-images columns-default is-cropped\">\n<figure class=\"wp-block-image size-large\"><a href=\"http:\/\/petrock.pl\/wp-content\/uploads\/2020\/06\/112357-1.jpg\"><img decoding=\"async\" loading=\"lazy\" width=\"985\" height=\"667\" src=\"http:\/\/petrock.pl\/wp-content\/uploads\/2020\/06\/112357-1.jpg\" alt=\"\" class=\"wp-image-490\" srcset=\"https:\/\/petrock.pl\/wp-content\/uploads\/2020\/06\/112357-1.jpg 985w, https:\/\/petrock.pl\/wp-content\/uploads\/2020\/06\/112357-1-300x203.jpg 300w, https:\/\/petrock.pl\/wp-content\/uploads\/2020\/06\/112357-1-768x520.jpg 768w\" sizes=\"(max-width: 985px) 100vw, 985px\" \/><\/a><\/figure>\n<figcaption class=\"blocks-gallery-caption wp-element-caption\">&nbsp; <em>fot.&nbsp;dzi\u0119ki uprzejmo\u015bci&nbsp;Darka &#8211;Janiaka<\/em><\/figcaption><\/figure>\n<\/div>\n\n\n\n<div class=\"is-layout-flow wp-block-column\" style=\"flex-basis:66.66%\">\n<p>Zesp\u00f3\u0142 deathmetalowy powsta\u0142y w P\u0142ocku w lutym 1992 roku z inicjatywy dw\u00f3ch gitarzyst\u00f3w Tomka \u201eSula\u201d Sulkowskiego oraz Tomka \u201eLiska\u201d Lisiewicza. Do wy\u017cej wymienionej dw\u00f3jki do\u0142\u0105czy\u0142 basista Piotr \u201eStifek\u201d Stolarski oraz perkusista Darek \u201eJojo\u201d Janiak. W tym sk\u0142adzie zesp\u00f3\u0142 rozpocz\u0105\u0142 pr\u00f3by w p\u0142ockim MDK. Po dw\u00f3ch miesi\u0105cach wsp\u00f3lnego grania zesp\u00f3\u0142 zosta\u0142 zaproszony do \u0141\u0119czycy, gdzie 5tego maja zagra\u0142 sw\u00f3j pierwszy koncert.<\/p>\n\n\n\n<p>W zwi\u0105zku z tym, \u017ce ch\u0142opaki mieli mas\u0119 pomys\u0142\u00f3w, a pr\u00f3by by\u0142y bardzo p\u0142odne zesp\u00f3\u0142 postanowi\u0142 skorzysta\u0107 z maksymy \u201eku\u0107 \u017celazo p\u00f3ki gor\u0105ce\u201d i szybko nagra\u0107 dotychczas stworzony przez siebie materia\u0142. Uda\u0142o si\u0119 to zrealizowa\u0107 w p\u0142ockim Domu Technika. Podczas tej sesji w \u201ezaimprowizowanych warunkach\u201d zosta\u0142y zapisane 4 utwory, kt\u00f3re ostatecznie znalaz\u0142y si\u0119 na kasecie demo zatytu\u0142owanej \u201eTemples Of Absurd\u201d. Ch\u0142opaki jednak nie do ko\u0144ca byli zadowolnony z brzmienia tych nagra\u0144 i postanowi\u0142 raz jeszcze nagra\u0107 je poszerzaj\u0105c reperuar o nowe kompozycje. W mi\u0119dzyczasie do zespo\u0142u na wokal do\u0142\u0105czy\u0142 Rafa\u0142 \u201eCzarny\u201d Nowakowski z lokalnego bandu <strong>Vengeance<\/strong>, gdy\u017c dotychczasowy wokalistasta\/gitarzysta Sulo \u015brednio radzi\u0142 sobie na tym stanowisku.<\/p>\n\n\n\n<p>W styczniu 1993 roku zesp\u00f3\u0142 ju\u017c w nowym sk\u0142adzie melduje si\u0119 w \u0142\u00f3dzkiem studiu nagraniowym PJ House, gdzie podczas tygodniowej sesji rejestruje materia\u0142, kt\u00f3ry ostatecznie ukazuje si\u0119 na kasecie \u201eMassacre on The Earth\u201d wydanej przez Morbid Noizz Records. Nowe komozycje zosta\u0142y dobrze przyj\u0119te w \u015brodowisku wielbicieli deathmetalu, co prze\u0142o\u017cy\u0142o si\u0119 na to, \u017ce zesp\u00f3\u0142 zacz\u0105\u0142 gra\u0107 coraz wi\u0119cej koncert\u00f3w. Kapel\u0105 zainteresowa\u0142 si\u0119 Andrzej Mackiewicz prowadz\u0105cy dobrze prosperuj\u0105ce w\u00f3wczas wydawnictwo Loud Out Records i pojawi\u0142a si\u0119 pespektywa nagrania i wydania pe\u0142nej p\u0142yty.<\/p>\n\n\n\n<p>Rok 1994 przyni\u00f3s\u0142 zmiany w sk\u0142adzie. Czarny odszed\u0142 do punkowego <strong>Strajku<\/strong>, Sulo postanowi\u0142 zasili\u0107 deathmetalowy <strong>Hazael<\/strong>. W zaistnia\u0142ej sytuacji zesp\u00f3\u0142 postanowi\u0142 zatrudni\u0107 na drugim wio\u015ble Huberta \u201eSpi\u0119tego\u201d Dobaczewskiego, a w roli wokalisty pojawi\u0142 si\u0119 Jaros\u0142aw Szpejna. W takim sk\u0142adzie w 1994 roku zesp\u00f3\u0142 zameldowa\u0142 si\u0119 w legendarnym studio Golden Rock, gdzie pod okiem Roberta Brylewskiego i Piotra Wo\u017aniaka zosta\u0142o zarejestrowanych 5 utwor\u00f3w stanowi\u0105cych preludium do nagrania nowego pe\u0142nego materia\u0142u. Niestety chwil\u0119 p\u00f3\u017aniej Loud Out Records przesta\u0142o istnie\u0107, a wraz z tym znikn\u0119\u0142a szansa na profesjonalne nagranie pierwszego longplaya w dyskografii zespo\u0142u. Bardzo wp\u0142yn\u0119\u0142o to na motywacj\u0119 muzyk\u00f3w. Z zespo\u0142u zesz\u0142o powietrze i ch\u0142opaki stracili zapa\u0142 do dalszego grania. Chwil\u0119 p\u00f3\u017aniej jednog\u0142o\u015bnie podj\u0119li decyzj\u0119 o zawieszeniu dzia\u0142alno\u015bci zespo\u0142u. Jojo, Spi\u0119ty i Lisek wskrzesili nowy band o nazwie <strong>Hope I<\/strong>.<\/p>\n\n\n\n<p>Ostatecznie materia\u0142 nagrany w Golden Rock ukaza\u0142 si\u0119 oficjalnie na p\u0142ycie CD wydanej w 2017 roku nak\u0142adem Psycho Records, zawieraj\u0105cym kompilacj\u0119 wszystkich studyjnych nagra\u0144 zespo\u0142u.<\/p>\n\n\n\n<hr class=\"wp-block-separator has-css-opacity\"\/>\n\n\n\n<p><strong>ostatni sk\u0142ad:<\/strong><\/p>\n\n\n\n<p>Darek \u201eJojo\u201d Janiak \u2013 perkusja<\/p>\n\n\n\n<p>Jaros\u0142aw Szpejna &#8211; wokal<\/p>\n\n\n\n<p>Piotr \u201eStifek\u201d Stolarski \u2013 bas<\/p>\n\n\n\n<p>Tomasz \u201eLisek\u201d Lisiewicz \u2013 gitara<\/p>\n\n\n\n<p>Hubert \u201eSpi\u0119ty\u201d Dobaczewski &#8211; gitara<\/p>\n\n\n\n<hr class=\"wp-block-separator has-css-opacity\"\/>\n\n\n\n<p><strong>byli cz\u0142onkowie<\/strong>:<\/p>\n\n\n\n<p>Rafa\u0142 \u201eCzarny\u201d Nowakowski \u2013 wokal<\/p>\n\n\n\n<p>Tomasz \u201eSulo\u201d Sulkowski &#8211; gitara<\/p>\n<\/div>\n<\/div>\n\n\n\n<hr class=\"wp-block-separator has-css-opacity\"\/>\n\n\n\n<p>Dyskografia:<\/p>\n\n\n\n<figure class=\"wp-block-table\"><table><tbody><tr><td>Temples Of The Absurd (demo) 1992<\/td><td>Psycho Records (w roku 2017)<\/td><\/tr><tr><td>Massacre On The Earth (demo) 1993<\/td><td>Morbid Noizz Records<\/td><\/tr><tr><td>Promo&#8217;94 (demo) 1994<\/td><td>Psycho Records (w roku 2017)<\/td><\/tr><tr><td>Compilation 2017<\/td><td>Psycho Records <\/td><\/tr><\/tbody><\/table><\/figure>\n\n\n\n<hr class=\"wp-block-separator has-css-opacity\"\/>\n\n\n\n<figure class=\"wp-block-embed is-type-video is-provider-youtube wp-block-embed-youtube wp-embed-aspect-16-9 wp-has-aspect-ratio\"><div class=\"wp-block-embed__wrapper\">\n<iframe loading=\"lazy\" title=\"Aberration - Live Ciechan\u00f3w 1994\" width=\"500\" height=\"281\" src=\"https:\/\/www.youtube.com\/embed\/PYEvJYfZ1LE?feature=oembed\" frameborder=\"0\" allow=\"accelerometer; autoplay; encrypted-media; gyroscope; picture-in-picture\" allowfullscreen><\/iframe>\n<\/div><\/figure>\n","protected":false},"excerpt":{"rendered":"<div class=\"mh-excerpt\"><p>Zesp\u00f3\u0142 deathmetalowy powsta\u0142y w P\u0142ocku w lutym 1992 roku z inicjatywy dw\u00f3ch gitarzyst\u00f3w Tomka \u201eSula\u201d Sulkowskiego oraz Tomka \u201eLiska\u201d Lisiewicza. Do wy\u017cej wymienionej dw\u00f3jki do\u0142\u0105czy\u0142 <a class=\"mh-excerpt-more\" href=\"https:\/\/petrock.pl\/?page_id=479\" title=\"Aberration\">[&#8230;]<\/a><\/p>\n<\/div>","protected":false},"author":7,"featured_media":482,"parent":0,"menu_order":0,"comment_status":"closed","ping_status":"closed","template":"","meta":[],"yoast_head":"<!-- This site is optimized with the Yoast SEO plugin v21.1 - https:\/\/yoast.com\/wordpress\/plugins\/seo\/ -->\n<title>Aberration - P\u0142ocka Scena Rockowa<\/title>\n<meta name=\"robots\" content=\"index, follow, max-snippet:-1, max-image-preview:large, max-video-preview:-1\" \/>\n<link rel=\"canonical\" href=\"https:\/\/petrock.pl\/?page_id=479\" \/>\n<meta property=\"og:locale\" content=\"pl_PL\" \/>\n<meta property=\"og:type\" content=\"article\" \/>\n<meta property=\"og:title\" content=\"Aberration - P\u0142ocka Scena Rockowa\" \/>\n<meta property=\"og:description\" content=\"Zesp\u00f3\u0142 deathmetalowy powsta\u0142y w P\u0142ocku w lutym 1992 roku z inicjatywy dw\u00f3ch gitarzyst\u00f3w Tomka \u201eSula\u201d Sulkowskiego oraz Tomka \u201eLiska\u201d Lisiewicza. Do wy\u017cej wymienionej dw\u00f3jki do\u0142\u0105czy\u0142 [...]\" \/>\n<meta property=\"og:url\" content=\"https:\/\/petrock.pl\/?page_id=479\" \/>\n<meta property=\"og:site_name\" content=\"P\u0142ocka Scena Rockowa\" \/>\n<meta property=\"article:modified_time\" content=\"2023-09-12T12:59:26+00:00\" \/>\n<meta property=\"og:image\" content=\"https:\/\/petrock.pl\/wp-content\/uploads\/2020\/06\/112519-1.jpg\" \/>\n\t<meta property=\"og:image:width\" content=\"991\" \/>\n\t<meta property=\"og:image:height\" content=\"701\" \/>\n\t<meta property=\"og:image:type\" content=\"image\/jpeg\" \/>\n<meta name=\"twitter:card\" content=\"summary_large_image\" \/>\n<meta name=\"twitter:label1\" content=\"Szacowany czas czytania\" \/>\n\t<meta name=\"twitter:data1\" content=\"3 minuty\" \/>\n<script type=\"application\/ld+json\" class=\"yoast-schema-graph\">{\"@context\":\"https:\/\/schema.org\",\"@graph\":[{\"@type\":\"WebPage\",\"@id\":\"https:\/\/petrock.pl\/?page_id=479\",\"url\":\"https:\/\/petrock.pl\/?page_id=479\",\"name\":\"Aberration - P\u0142ocka Scena Rockowa\",\"isPartOf\":{\"@id\":\"https:\/\/petrock.pl\/#website\"},\"datePublished\":\"2020-06-20T10:14:10+00:00\",\"dateModified\":\"2023-09-12T12:59:26+00:00\",\"breadcrumb\":{\"@id\":\"https:\/\/petrock.pl\/?page_id=479#breadcrumb\"},\"inLanguage\":\"pl-PL\",\"potentialAction\":[{\"@type\":\"ReadAction\",\"target\":[\"https:\/\/petrock.pl\/?page_id=479\"]}]},{\"@type\":\"BreadcrumbList\",\"@id\":\"https:\/\/petrock.pl\/?page_id=479#breadcrumb\",\"itemListElement\":[{\"@type\":\"ListItem\",\"position\":1,\"name\":\"Strona g\u0142\u00f3wna\",\"item\":\"https:\/\/petrock.pl\/\"},{\"@type\":\"ListItem\",\"position\":2,\"name\":\"Aberration\"}]},{\"@type\":\"WebSite\",\"@id\":\"https:\/\/petrock.pl\/#website\",\"url\":\"https:\/\/petrock.pl\/\",\"name\":\"P\u0142ocka Scena Rockowa\",\"description\":\"Wywiady Biografie Koncerty Recenzje\",\"potentialAction\":[{\"@type\":\"SearchAction\",\"target\":{\"@type\":\"EntryPoint\",\"urlTemplate\":\"https:\/\/petrock.pl\/?s={search_term_string}\"},\"query-input\":\"required name=search_term_string\"}],\"inLanguage\":\"pl-PL\"}]}<\/script>\n<!-- \/ Yoast SEO plugin. -->","yoast_head_json":{"title":"Aberration - P\u0142ocka Scena Rockowa","robots":{"index":"index","follow":"follow","max-snippet":"max-snippet:-1","max-image-preview":"max-image-preview:large","max-video-preview":"max-video-preview:-1"},"canonical":"https:\/\/petrock.pl\/?page_id=479","og_locale":"pl_PL","og_type":"article","og_title":"Aberration - P\u0142ocka Scena Rockowa","og_description":"Zesp\u00f3\u0142 deathmetalowy powsta\u0142y w P\u0142ocku w lutym 1992 roku z inicjatywy dw\u00f3ch gitarzyst\u00f3w Tomka \u201eSula\u201d Sulkowskiego oraz Tomka \u201eLiska\u201d Lisiewicza. Do wy\u017cej wymienionej dw\u00f3jki do\u0142\u0105czy\u0142 [...]","og_url":"https:\/\/petrock.pl\/?page_id=479","og_site_name":"P\u0142ocka Scena Rockowa","article_modified_time":"2023-09-12T12:59:26+00:00","og_image":[{"width":991,"height":701,"url":"https:\/\/petrock.pl\/wp-content\/uploads\/2020\/06\/112519-1.jpg","type":"image\/jpeg"}],"twitter_card":"summary_large_image","twitter_misc":{"Szacowany czas czytania":"3 minuty"},"schema":{"@context":"https:\/\/schema.org","@graph":[{"@type":"WebPage","@id":"https:\/\/petrock.pl\/?page_id=479","url":"https:\/\/petrock.pl\/?page_id=479","name":"Aberration - P\u0142ocka Scena Rockowa","isPartOf":{"@id":"https:\/\/petrock.pl\/#website"},"datePublished":"2020-06-20T10:14:10+00:00","dateModified":"2023-09-12T12:59:26+00:00","breadcrumb":{"@id":"https:\/\/petrock.pl\/?page_id=479#breadcrumb"},"inLanguage":"pl-PL","potentialAction":[{"@type":"ReadAction","target":["https:\/\/petrock.pl\/?page_id=479"]}]},{"@type":"BreadcrumbList","@id":"https:\/\/petrock.pl\/?page_id=479#breadcrumb","itemListElement":[{"@type":"ListItem","position":1,"name":"Strona g\u0142\u00f3wna","item":"https:\/\/petrock.pl\/"},{"@type":"ListItem","position":2,"name":"Aberration"}]},{"@type":"WebSite","@id":"https:\/\/petrock.pl\/#website","url":"https:\/\/petrock.pl\/","name":"P\u0142ocka Scena Rockowa","description":"Wywiady Biografie Koncerty Recenzje","potentialAction":[{"@type":"SearchAction","target":{"@type":"EntryPoint","urlTemplate":"https:\/\/petrock.pl\/?s={search_term_string}"},"query-input":"required name=search_term_string"}],"inLanguage":"pl-PL"}]}},"_links":{"self":[{"href":"https:\/\/petrock.pl\/index.php?rest_route=\/wp\/v2\/pages\/479"}],"collection":[{"href":"https:\/\/petrock.pl\/index.php?rest_route=\/wp\/v2\/pages"}],"about":[{"href":"https:\/\/petrock.pl\/index.php?rest_route=\/wp\/v2\/types\/page"}],"author":[{"embeddable":true,"href":"https:\/\/petrock.pl\/index.php?rest_route=\/wp\/v2\/users\/7"}],"replies":[{"embeddable":true,"href":"https:\/\/petrock.pl\/index.php?rest_route=%2Fwp%2Fv2%2Fcomments&post=479"}],"version-history":[{"count":9,"href":"https:\/\/petrock.pl\/index.php?rest_route=\/wp\/v2\/pages\/479\/revisions"}],"predecessor-version":[{"id":3867,"href":"https:\/\/petrock.pl\/index.php?rest_route=\/wp\/v2\/pages\/479\/revisions\/3867"}],"wp:featuredmedia":[{"embeddable":true,"href":"https:\/\/petrock.pl\/index.php?rest_route=\/wp\/v2\/media\/482"}],"wp:attachment":[{"href":"https:\/\/petrock.pl\/index.php?rest_route=%2Fwp%2Fv2%2Fmedia&parent=479"}],"curies":[{"name":"wp","href":"https:\/\/api.w.org\/{rel}","templated":true}]}}