{"id":530,"date":"2020-06-20T14:09:59","date_gmt":"2020-06-20T14:09:59","guid":{"rendered":"http:\/\/petrock.pl\/?page_id=530"},"modified":"2023-09-12T15:00:06","modified_gmt":"2023-09-12T13:00:06","slug":"alioth","status":"publish","type":"page","link":"https:\/\/petrock.pl\/?page_id=530","title":{"rendered":"Alioth"},"content":{"rendered":"\n<div class=\"is-layout-flex wp-container-7 wp-block-columns\">\n<div class=\"is-layout-flow wp-block-column\" style=\"flex-basis:33.33%\">\n<figure class=\"is-layout-flex wp-block-gallery-1 wp-block-gallery has-nested-images columns-default is-cropped\">\n<figure class=\"wp-block-image size-large\"><a href=\"http:\/\/petrock.pl\/wp-content\/uploads\/2020\/06\/received_573333179983813.jpeg\"><img decoding=\"async\" loading=\"lazy\" width=\"720\" height=\"505\" src=\"http:\/\/petrock.pl\/wp-content\/uploads\/2020\/06\/received_573333179983813.jpeg\" alt=\"\" class=\"wp-image-531\" srcset=\"https:\/\/petrock.pl\/wp-content\/uploads\/2020\/06\/received_573333179983813.jpeg 720w, https:\/\/petrock.pl\/wp-content\/uploads\/2020\/06\/received_573333179983813-300x210.jpeg 300w\" sizes=\"(max-width: 720px) 100vw, 720px\" \/><\/a><\/figure>\n<figcaption class=\"blocks-gallery-caption wp-element-caption\">&nbsp; <em>fot. dzi\u0119ki uprzejmo\u015bci Tomka &#8211;Krzemieniewskiego<\/em><\/figcaption><\/figure>\n\n\n\n<figure class=\"is-layout-flex wp-block-gallery-3 wp-block-gallery has-nested-images columns-default is-cropped\">\n<figure class=\"wp-block-image size-large\"><a href=\"http:\/\/petrock.pl\/wp-content\/uploads\/2020\/06\/received_862231917586927.jpeg\"><img decoding=\"async\" loading=\"lazy\" width=\"768\" height=\"1024\" src=\"http:\/\/petrock.pl\/wp-content\/uploads\/2020\/06\/received_862231917586927-768x1024.jpeg\" alt=\"\" class=\"wp-image-532\" srcset=\"https:\/\/petrock.pl\/wp-content\/uploads\/2020\/06\/received_862231917586927-768x1024.jpeg 768w, https:\/\/petrock.pl\/wp-content\/uploads\/2020\/06\/received_862231917586927-225x300.jpeg 225w, https:\/\/petrock.pl\/wp-content\/uploads\/2020\/06\/received_862231917586927-1152x1536.jpeg 1152w, https:\/\/petrock.pl\/wp-content\/uploads\/2020\/06\/received_862231917586927.jpeg 1536w\" sizes=\"(max-width: 768px) 100vw, 768px\" \/><\/a><\/figure>\n<figcaption class=\"blocks-gallery-caption wp-element-caption\"><em><em>&nbsp; fot. dzi\u0119ki uprzejmo\u015bci Tomka &#8211;Krzemieniewskiego<\/em><\/em><\/figcaption><\/figure>\n<\/div>\n\n\n\n<div class=\"is-layout-flow wp-block-column\" style=\"flex-basis:66.66%\">\n<p>Zesp\u00f3\u0142 dzia\u0142a\u0142 w latach 1995-1999 i zwi\u0105zany by\u0142 z tzw. scen\u0105 niezale\u017cn\u0105. Muzyka jak\u0105 tworzy\u0142 to pocz\u0105tkowo melodyjny transowy hardcore\/punk, by w miar\u0119 rozwoju umiej\u0119tno\u015bci przekszta\u0142ci\u0107 si\u0119 w chaotyczny crustuj\u0105cy punk core. W pierwotnym okresie grupa dzia\u0142a\u0142a pod r\u00f3\u017cnymi nazwami, by ostatecznie przyj\u0105\u0107 form\u0119 Alioth. Od samego pocz\u0105tku istnienia wa\u017cny by\u0142 aspekt ideologiczny i jako kapela z tzw. przekazem, w warstwie tekstowej porusza\u0142a si\u0119 wok\u00f3\u0142 tematyki wolno\u015bciowej, prowegetaria\u0144skiej, antyfaszystowskiej, etosu DIY czy idei j\u0119zyka Esperanto.<\/p>\n\n\n\n<p>Zesp\u00f3\u0142 powsta\u0142 podczas lu\u017anych pogaw\u0119dek grupki s\u0105siad\u00f3w z jednego bloku przy ulicy P\u00f3\u0142nocnej 30. Pocz\u0105tkowe eksperymenty muzyczne w domu, z czasem przenios\u0142y si\u0119 do zaadoptowanej na sal\u0119 pr\u00f3b blokowej piwnicy, m\u0119cz\u0105c lokator\u00f3w i najbli\u017csz\u0105 okolic\u0119 regularn\u0105 cotygodniow\u0105 kakofoni\u0105. Alioth zagra\u0142 kilka koncert\u00f3w w P\u0142ocku i \u0141\u0105cku (2 edycje koncertu Bez Podzia\u0142\u00f3w).<\/p>\n\n\n\n<p>Cz\u0142onkowie kapeli tworzyli punkowego zina &#8220;Die Leere&#8221; (ex-&#8220;Diler&#8221;), kt\u00f3ry wychodzi\u0142 w latach 1995-2004, ukaza\u0142o si\u0119 9 numer\u00f3w, a wok\u00f3\u0142 pisma powsta\u0142a ma\u0142a dystrybucja kaset i galanterii zwi\u0105zanej ze scen\u0105 punk. Muzycy byli tak\u017ce blisko powi\u0105zani ze Stowarzyszeniem Ekologiczno-Kulturalnym &#8220;Kr\u0105g Przyjaci\u00f3\u0142 Ziemi&#8221;.<\/p>\n\n\n\n<hr class=\"wp-block-separator has-css-opacity\"\/>\n\n\n\n<p><strong>Sk\u0142ad zespo\u0142u:<\/strong><\/p>\n\n\n\n<p>Marek Krzemieniewski &#8211; gitara, wokal<\/p>\n\n\n\n<p>Tomasz Krzemieniewski &#8211; wokal<\/p>\n\n\n\n<p>Maciej Agaci\u0144ski &#8211; perkusja<\/p>\n\n\n\n<p>Micha\u0142 Gruszka &#8211; wokal<\/p>\n\n\n\n<p>Arkadiusz Ta\u0144ski &#8211; bas<\/p>\n\n\n\n<p>Robert Szermeta &#8211; gitara<\/p>\n\n\n\n<p> Rafa\u0142 Strzemieczny &#8211; perkusja<\/p>\n<\/div>\n<\/div>\n\n\n\n<hr class=\"wp-block-separator has-css-opacity\"\/>\n\n\n\n<figure class=\"wp-block-table\"><table><tbody><tr><td>Patrz\u0119, Widz\u0119, Krzycz\u0119 (4-kawa\u0142kowe demo) (1997)<\/td><td><\/td><\/tr><tr><td>Alioth\/Alienacja SPLIT &#8211; &#8220;\u015awiadomo\u015b\u0107 Upadku&#8221; (1998)<\/td><td>NIC Records<\/td><\/tr><tr><td>kompilacja &#8220;We Are The Future&#8221; (1998)  <\/td><td>Niezale\u017cny Li\u015b\u0107<\/td><\/tr><\/tbody><\/table><\/figure>\n\n\n\n<p><em>za pomoc w przygotowaniu biografii zespo\u0142u Alioth bardzo dzi\u0119kuj\u0119 Tomkowi Krzemieniewskiemu<\/em><\/p>\n\n\n\n<hr class=\"wp-block-separator has-css-opacity\"\/>\n\n\n\n<p>Multimedia:<\/p>\n\n\n\n<figure class=\"wp-block-embed is-type-video is-provider-youtube wp-block-embed-youtube wp-embed-aspect-4-3 wp-has-aspect-ratio\"><div class=\"wp-block-embed__wrapper\">\n<iframe loading=\"lazy\" title=\"Alioth - Za p\u00f3\u017ano\" width=\"500\" height=\"375\" src=\"https:\/\/www.youtube.com\/embed\/tRu2_r9wVhA?feature=oembed\" frameborder=\"0\" allow=\"accelerometer; autoplay; encrypted-media; gyroscope; picture-in-picture\" allowfullscreen><\/iframe>\n<\/div><\/figure>\n\n\n\n<figure class=\"wp-block-embed is-type-video is-provider-youtube wp-block-embed-youtube wp-embed-aspect-4-3 wp-has-aspect-ratio\"><div class=\"wp-block-embed__wrapper\">\n<iframe loading=\"lazy\" title=\"Alioth - Krucjata\" width=\"500\" height=\"375\" src=\"https:\/\/www.youtube.com\/embed\/B6AFxeNFx_c?feature=oembed\" frameborder=\"0\" allow=\"accelerometer; autoplay; encrypted-media; gyroscope; picture-in-picture\" allowfullscreen><\/iframe>\n<\/div><\/figure>\n\n\n\n<figure class=\"wp-block-embed is-type-video is-provider-youtube wp-block-embed-youtube wp-embed-aspect-4-3 wp-has-aspect-ratio\"><div class=\"wp-block-embed__wrapper\">\n<iframe loading=\"lazy\" title=\"Alioth - Tak \u0142atwo\" width=\"500\" height=\"375\" src=\"https:\/\/www.youtube.com\/embed\/vMOyHaxnC00?feature=oembed\" frameborder=\"0\" allow=\"accelerometer; autoplay; encrypted-media; gyroscope; picture-in-picture\" allowfullscreen><\/iframe>\n<\/div><\/figure>\n\n\n\n<figure class=\"wp-block-embed is-type-video is-provider-youtube wp-block-embed-youtube wp-embed-aspect-4-3 wp-has-aspect-ratio\"><div class=\"wp-block-embed__wrapper\">\n<iframe loading=\"lazy\" title=\"Alioth - Dla ciebie\" width=\"500\" height=\"375\" src=\"https:\/\/www.youtube.com\/embed\/JyD7Atl2_wA?feature=oembed\" frameborder=\"0\" allow=\"accelerometer; autoplay; encrypted-media; gyroscope; picture-in-picture\" allowfullscreen><\/iframe>\n<\/div><\/figure>\n","protected":false},"excerpt":{"rendered":"<div class=\"mh-excerpt\"><p>Zesp\u00f3\u0142 dzia\u0142a\u0142 w latach 1995-1999 i zwi\u0105zany by\u0142 z tzw. scen\u0105 niezale\u017cn\u0105. Muzyka jak\u0105 tworzy\u0142 to pocz\u0105tkowo melodyjny transowy hardcore\/punk, by w miar\u0119 rozwoju umiej\u0119tno\u015bci <a class=\"mh-excerpt-more\" href=\"https:\/\/petrock.pl\/?page_id=530\" title=\"Alioth\">[&#8230;]<\/a><\/p>\n<\/div>","protected":false},"author":7,"featured_media":0,"parent":0,"menu_order":0,"comment_status":"closed","ping_status":"closed","template":"","meta":[],"yoast_head":"<!-- This site is optimized with the Yoast SEO plugin v21.1 - https:\/\/yoast.com\/wordpress\/plugins\/seo\/ -->\n<title>Alioth - P\u0142ocka Scena Rockowa<\/title>\n<meta name=\"robots\" content=\"index, follow, max-snippet:-1, max-image-preview:large, max-video-preview:-1\" \/>\n<link rel=\"canonical\" href=\"https:\/\/petrock.pl\/?page_id=530\" \/>\n<meta property=\"og:locale\" content=\"pl_PL\" \/>\n<meta property=\"og:type\" content=\"article\" \/>\n<meta property=\"og:title\" content=\"Alioth - P\u0142ocka Scena Rockowa\" \/>\n<meta property=\"og:description\" content=\"Zesp\u00f3\u0142 dzia\u0142a\u0142 w latach 1995-1999 i zwi\u0105zany by\u0142 z tzw. scen\u0105 niezale\u017cn\u0105. Muzyka jak\u0105 tworzy\u0142 to pocz\u0105tkowo melodyjny transowy hardcore\/punk, by w miar\u0119 rozwoju umiej\u0119tno\u015bci [...]\" \/>\n<meta property=\"og:url\" content=\"https:\/\/petrock.pl\/?page_id=530\" \/>\n<meta property=\"og:site_name\" content=\"P\u0142ocka Scena Rockowa\" \/>\n<meta property=\"article:modified_time\" content=\"2023-09-12T13:00:06+00:00\" \/>\n<meta property=\"og:image\" content=\"http:\/\/petrock.pl\/wp-content\/uploads\/2020\/06\/received_573333179983813.jpeg\" \/>\n<meta name=\"twitter:card\" content=\"summary_large_image\" \/>\n<meta name=\"twitter:label1\" content=\"Szacowany czas czytania\" \/>\n\t<meta name=\"twitter:data1\" content=\"2 minuty\" \/>\n<script type=\"application\/ld+json\" class=\"yoast-schema-graph\">{\"@context\":\"https:\/\/schema.org\",\"@graph\":[{\"@type\":\"WebPage\",\"@id\":\"https:\/\/petrock.pl\/?page_id=530\",\"url\":\"https:\/\/petrock.pl\/?page_id=530\",\"name\":\"Alioth - P\u0142ocka Scena Rockowa\",\"isPartOf\":{\"@id\":\"https:\/\/petrock.pl\/#website\"},\"datePublished\":\"2020-06-20T14:09:59+00:00\",\"dateModified\":\"2023-09-12T13:00:06+00:00\",\"breadcrumb\":{\"@id\":\"https:\/\/petrock.pl\/?page_id=530#breadcrumb\"},\"inLanguage\":\"pl-PL\",\"potentialAction\":[{\"@type\":\"ReadAction\",\"target\":[\"https:\/\/petrock.pl\/?page_id=530\"]}]},{\"@type\":\"BreadcrumbList\",\"@id\":\"https:\/\/petrock.pl\/?page_id=530#breadcrumb\",\"itemListElement\":[{\"@type\":\"ListItem\",\"position\":1,\"name\":\"Strona g\u0142\u00f3wna\",\"item\":\"https:\/\/petrock.pl\/\"},{\"@type\":\"ListItem\",\"position\":2,\"name\":\"Alioth\"}]},{\"@type\":\"WebSite\",\"@id\":\"https:\/\/petrock.pl\/#website\",\"url\":\"https:\/\/petrock.pl\/\",\"name\":\"P\u0142ocka Scena Rockowa\",\"description\":\"Wywiady Biografie Koncerty Recenzje\",\"potentialAction\":[{\"@type\":\"SearchAction\",\"target\":{\"@type\":\"EntryPoint\",\"urlTemplate\":\"https:\/\/petrock.pl\/?s={search_term_string}\"},\"query-input\":\"required name=search_term_string\"}],\"inLanguage\":\"pl-PL\"}]}<\/script>\n<!-- \/ Yoast SEO plugin. -->","yoast_head_json":{"title":"Alioth - P\u0142ocka Scena Rockowa","robots":{"index":"index","follow":"follow","max-snippet":"max-snippet:-1","max-image-preview":"max-image-preview:large","max-video-preview":"max-video-preview:-1"},"canonical":"https:\/\/petrock.pl\/?page_id=530","og_locale":"pl_PL","og_type":"article","og_title":"Alioth - P\u0142ocka Scena Rockowa","og_description":"Zesp\u00f3\u0142 dzia\u0142a\u0142 w latach 1995-1999 i zwi\u0105zany by\u0142 z tzw. scen\u0105 niezale\u017cn\u0105. Muzyka jak\u0105 tworzy\u0142 to pocz\u0105tkowo melodyjny transowy hardcore\/punk, by w miar\u0119 rozwoju umiej\u0119tno\u015bci [...]","og_url":"https:\/\/petrock.pl\/?page_id=530","og_site_name":"P\u0142ocka Scena Rockowa","article_modified_time":"2023-09-12T13:00:06+00:00","og_image":[{"url":"http:\/\/petrock.pl\/wp-content\/uploads\/2020\/06\/received_573333179983813.jpeg"}],"twitter_card":"summary_large_image","twitter_misc":{"Szacowany czas czytania":"2 minuty"},"schema":{"@context":"https:\/\/schema.org","@graph":[{"@type":"WebPage","@id":"https:\/\/petrock.pl\/?page_id=530","url":"https:\/\/petrock.pl\/?page_id=530","name":"Alioth - P\u0142ocka Scena Rockowa","isPartOf":{"@id":"https:\/\/petrock.pl\/#website"},"datePublished":"2020-06-20T14:09:59+00:00","dateModified":"2023-09-12T13:00:06+00:00","breadcrumb":{"@id":"https:\/\/petrock.pl\/?page_id=530#breadcrumb"},"inLanguage":"pl-PL","potentialAction":[{"@type":"ReadAction","target":["https:\/\/petrock.pl\/?page_id=530"]}]},{"@type":"BreadcrumbList","@id":"https:\/\/petrock.pl\/?page_id=530#breadcrumb","itemListElement":[{"@type":"ListItem","position":1,"name":"Strona g\u0142\u00f3wna","item":"https:\/\/petrock.pl\/"},{"@type":"ListItem","position":2,"name":"Alioth"}]},{"@type":"WebSite","@id":"https:\/\/petrock.pl\/#website","url":"https:\/\/petrock.pl\/","name":"P\u0142ocka Scena Rockowa","description":"Wywiady Biografie Koncerty Recenzje","potentialAction":[{"@type":"SearchAction","target":{"@type":"EntryPoint","urlTemplate":"https:\/\/petrock.pl\/?s={search_term_string}"},"query-input":"required name=search_term_string"}],"inLanguage":"pl-PL"}]}},"_links":{"self":[{"href":"https:\/\/petrock.pl\/index.php?rest_route=\/wp\/v2\/pages\/530"}],"collection":[{"href":"https:\/\/petrock.pl\/index.php?rest_route=\/wp\/v2\/pages"}],"about":[{"href":"https:\/\/petrock.pl\/index.php?rest_route=\/wp\/v2\/types\/page"}],"author":[{"embeddable":true,"href":"https:\/\/petrock.pl\/index.php?rest_route=\/wp\/v2\/users\/7"}],"replies":[{"embeddable":true,"href":"https:\/\/petrock.pl\/index.php?rest_route=%2Fwp%2Fv2%2Fcomments&post=530"}],"version-history":[{"count":8,"href":"https:\/\/petrock.pl\/index.php?rest_route=\/wp\/v2\/pages\/530\/revisions"}],"predecessor-version":[{"id":3870,"href":"https:\/\/petrock.pl\/index.php?rest_route=\/wp\/v2\/pages\/530\/revisions\/3870"}],"wp:attachment":[{"href":"https:\/\/petrock.pl\/index.php?rest_route=%2Fwp%2Fv2%2Fmedia&parent=530"}],"curies":[{"name":"wp","href":"https:\/\/api.w.org\/{rel}","templated":true}]}}