{"id":577,"date":"2020-06-21T15:24:31","date_gmt":"2020-06-21T15:24:31","guid":{"rendered":"http:\/\/petrock.pl\/?page_id=577"},"modified":"2023-09-12T15:00:47","modified_gmt":"2023-09-12T13:00:47","slug":"ascaria","status":"publish","type":"page","link":"https:\/\/petrock.pl\/?page_id=577","title":{"rendered":"Ascaria"},"content":{"rendered":"\n<div class=\"is-layout-flex wp-container-5 wp-block-columns\">\n<div class=\"is-layout-flow wp-block-column\" style=\"flex-basis:33.33%\">\n<figure class=\"is-layout-flex wp-block-gallery-1 wp-block-gallery has-nested-images columns-default is-cropped\">\n<figure class=\"wp-block-image size-large\"><a href=\"http:\/\/petrock.pl\/wp-content\/uploads\/2020\/06\/ascaria.jpg\"><img decoding=\"async\" loading=\"lazy\" width=\"1024\" height=\"1024\" src=\"http:\/\/petrock.pl\/wp-content\/uploads\/2020\/06\/ascaria-1024x1024.jpg\" alt=\"\" class=\"wp-image-683\" srcset=\"https:\/\/petrock.pl\/wp-content\/uploads\/2020\/06\/ascaria-1024x1024.jpg 1024w, https:\/\/petrock.pl\/wp-content\/uploads\/2020\/06\/ascaria-300x300.jpg 300w, https:\/\/petrock.pl\/wp-content\/uploads\/2020\/06\/ascaria-150x150.jpg 150w, https:\/\/petrock.pl\/wp-content\/uploads\/2020\/06\/ascaria-768x768.jpg 768w, https:\/\/petrock.pl\/wp-content\/uploads\/2020\/06\/ascaria.jpg 1200w\" sizes=\"(max-width: 1024px) 100vw, 1024px\" \/><\/a><\/figure>\n<figcaption class=\"blocks-gallery-caption wp-element-caption\"><em>fot. z archiwum zespo\u0142u<\/em><br><\/figcaption><\/figure>\n<\/div>\n\n\n\n<div class=\"is-layout-flow wp-block-column\" style=\"flex-basis:66.66%\">\n<p>Zesp\u00f3\u0142 powsta\u0142 w P\u0142ocku 1995 roku. Pierwszy sk\u0142ad zespo\u0142y przedstawia\u0142 si\u0119 nast\u0119puj\u0105co: Krzysztof Szlom \u2013 perkusja, Jakub \u201eKrojc\u201d Pokorski \u2013 gitara, Krzysztof Poleszak \u2013 bas, Pawe\u0142 Szyczypek \u2013 wokal. Pocz\u0105tkowo pr\u00f3by zespo\u0142u odbywa\u0142y si\u0119 w Sp\u00f3\u0142dzielczym Domu Kultury. Jednak po nied\u0142ugim okresie zesp\u00f3\u0142 przeni\u00f3s\u0142 si\u0119 do p\u0142ockiego MDKu by tam pracowa\u0107 nad swoim debiutanckim materia\u0142em.<\/p>\n\n\n\n<p>Rok po rozpocz\u0119ciu dzia\u0142alno\u015bci kapela uda\u0142a si\u0119 do W\u0142oc\u0142awka by nagra\u0107 sw\u00f3j pierwszy materia\u0142 demo, kt\u00f3ry p\u00f3\u017aniej zosta\u0142 zatytu\u0142owany Try To Survive (Demo, 1996). W mi\u0119dzyczasie zesp\u00f3\u0142 wyst\u0105pi\u0142 podczas WO\u015aP przed p\u0142ockim Teatrem Dramatycznym, oraz zagra\u0142a kilka koncert\u00f3w m.in. w P\u0142ockim O\u015brodku Kultury i Sztuki oraz na przegl\u0105dzie zespo\u0142\u00f3w rockowych w Sierpcu.<\/p>\n\n\n\n<p>Rok 1996 przyni\u00f3s\u0142 kolejne wydawnictwo zespo\u0142u. W celu nagrania tego materia\u0142u panowie po raz drugi udali si\u0119 do W\u0142oc\u0142awka by nagra\u0107 materia\u0142 w tym kultowym dla p\u0142ockiej sceny rockowej studio. Materia\u0142 ten ukaza\u0142 si\u0119 pt. Sickness of the Masses (Demo, 1997).<\/p>\n\n\n\n<p>Dodatkowo utw\u00f3r pt. Awaken znalaz\u0142 si\u0119 na sk\u0142adance PETROHA\u0141AS wydanej w 1996 roku. Po zako\u0144czeniu dzia\u0142alno\u015bci zespo\u0142u Jakub i Maciek zasilili zesp\u00f3\u0142 LAO CHE w sk\u0142adzie kt\u00f3rego Jakub gra\u0142 do roku 2015, a Maciek wyst\u0119puje w nim do dnia dzisiejszego (stan na rok 2020).<\/p>\n\n\n\n<hr class=\"wp-block-separator has-css-opacity\"\/>\n\n\n\n<p><strong>Ostatni sk\u0142ad zespo\u0142u:<\/strong><\/p>\n\n\n\n<p>Pawe\u0142 Szyczypek \u2013 wokal<\/p>\n\n\n\n<p>Maciej \u201eTrocki\u201d Dzier\u017canowski \u2013 perkusja<\/p>\n\n\n\n<p>Krzysztof Poleszak \u2013 bas<\/p>\n\n\n\n<p>Jakub \u201eKrojc\u201d Pokorski \u2013 gitary<\/p>\n\n\n\n<hr class=\"wp-block-separator has-css-opacity\"\/>\n\n\n\n<p><strong>Byli cz\u0142onkowie:<\/strong><\/p>\n\n\n\n<p>Krzysztof Szlom \u2013 perkusja<\/p>\n<\/div>\n<\/div>\n\n\n\n<hr class=\"wp-block-separator has-css-opacity\"\/>\n\n\n\n<p>Dyskografia:<\/p>\n\n\n\n<figure class=\"wp-block-table\"><table><tbody><tr><td>Try To Survive Demo (1996)<\/td><td>wyd. w\u0142asne <\/td><\/tr><tr><td>Sickness of the Masses (Demo, 1997<\/td><td>wyd. w\u0142asne<\/td><\/tr><\/tbody><\/table><\/figure>\n\n\n\n<p><em>za pomoc w przygotowaniu biografii zespo\u0142u Ascaria bardzo dzi\u0119kuj\u0119 Jakubowi Pokorskiemu<\/em><\/p>\n\n\n\n<hr class=\"wp-block-separator has-css-opacity\"\/>\n\n\n\n<p><strong>Multimedia<\/strong><\/p>\n\n\n\n<iframe style=\"border: 0; width: 100%; height: 120px;\" src=\"https:\/\/bandcamp.com\/EmbeddedPlayer\/album=2899310213\/size=large\/bgcol=ffffff\/linkcol=0687f5\/tracklist=false\/artwork=small\/transparent=true\/\" seamless=\"\"><a href=\"http:\/\/ascaria.bandcamp.com\/album\/demo-1997\">Demo 1997 by Ascaria<\/a><\/iframe>\n\n\n\n<figure><iframe src=\"https:\/\/bandcamp.com\/EmbeddedPlayer\/album=4070034246\/size=large\/bgcol=ffffff\/linkcol=0687f5\/tracklist=false\/artwork=small\/transparent=true\/\"><\/iframe><\/figure>\n\n\n\n<figure class=\"wp-block-embed is-type-video is-provider-youtube wp-block-embed-youtube wp-embed-aspect-16-9 wp-has-aspect-ratio\"><div class=\"wp-block-embed__wrapper\">\n<iframe loading=\"lazy\" title=\"Ascaria - Infected (1997) fragment koncertu z MDK w P\u0142ocku\" width=\"500\" height=\"281\" src=\"https:\/\/www.youtube.com\/embed\/pTdA68vCYf8?feature=oembed\" frameborder=\"0\" allow=\"accelerometer; autoplay; encrypted-media; gyroscope; picture-in-picture\" allowfullscreen><\/iframe>\n<\/div><\/figure>\n","protected":false},"excerpt":{"rendered":"<div class=\"mh-excerpt\"><p>Zesp\u00f3\u0142 powsta\u0142 w P\u0142ocku 1995 roku. Pierwszy sk\u0142ad zespo\u0142y przedstawia\u0142 si\u0119 nast\u0119puj\u0105co: Krzysztof Szlom \u2013 perkusja, Jakub \u201eKrojc\u201d Pokorski \u2013 gitara, Krzysztof Poleszak \u2013 bas, <a class=\"mh-excerpt-more\" href=\"https:\/\/petrock.pl\/?page_id=577\" title=\"Ascaria\">[&#8230;]<\/a><\/p>\n<\/div>","protected":false},"author":7,"featured_media":0,"parent":0,"menu_order":0,"comment_status":"closed","ping_status":"closed","template":"","meta":[],"yoast_head":"<!-- This site is optimized with the Yoast SEO plugin v21.1 - https:\/\/yoast.com\/wordpress\/plugins\/seo\/ -->\n<title>Ascaria - P\u0142ocka Scena Rockowa<\/title>\n<meta name=\"robots\" content=\"index, follow, max-snippet:-1, max-image-preview:large, max-video-preview:-1\" \/>\n<link rel=\"canonical\" href=\"https:\/\/petrock.pl\/?page_id=577\" \/>\n<meta property=\"og:locale\" content=\"pl_PL\" \/>\n<meta property=\"og:type\" content=\"article\" \/>\n<meta property=\"og:title\" content=\"Ascaria - P\u0142ocka Scena Rockowa\" \/>\n<meta property=\"og:description\" content=\"Zesp\u00f3\u0142 powsta\u0142 w P\u0142ocku 1995 roku. Pierwszy sk\u0142ad zespo\u0142y przedstawia\u0142 si\u0119 nast\u0119puj\u0105co: Krzysztof Szlom \u2013 perkusja, Jakub \u201eKrojc\u201d Pokorski \u2013 gitara, Krzysztof Poleszak \u2013 bas, [...]\" \/>\n<meta property=\"og:url\" content=\"https:\/\/petrock.pl\/?page_id=577\" \/>\n<meta property=\"og:site_name\" content=\"P\u0142ocka Scena Rockowa\" \/>\n<meta property=\"article:modified_time\" content=\"2023-09-12T13:00:47+00:00\" \/>\n<meta property=\"og:image\" content=\"http:\/\/petrock.pl\/wp-content\/uploads\/2020\/06\/ascaria-1024x1024.jpg\" \/>\n<meta name=\"twitter:card\" content=\"summary_large_image\" \/>\n<meta name=\"twitter:label1\" content=\"Szacowany czas czytania\" \/>\n\t<meta name=\"twitter:data1\" content=\"2 minuty\" \/>\n<script type=\"application\/ld+json\" class=\"yoast-schema-graph\">{\"@context\":\"https:\/\/schema.org\",\"@graph\":[{\"@type\":\"WebPage\",\"@id\":\"https:\/\/petrock.pl\/?page_id=577\",\"url\":\"https:\/\/petrock.pl\/?page_id=577\",\"name\":\"Ascaria - P\u0142ocka Scena Rockowa\",\"isPartOf\":{\"@id\":\"https:\/\/petrock.pl\/#website\"},\"datePublished\":\"2020-06-21T15:24:31+00:00\",\"dateModified\":\"2023-09-12T13:00:47+00:00\",\"breadcrumb\":{\"@id\":\"https:\/\/petrock.pl\/?page_id=577#breadcrumb\"},\"inLanguage\":\"pl-PL\",\"potentialAction\":[{\"@type\":\"ReadAction\",\"target\":[\"https:\/\/petrock.pl\/?page_id=577\"]}]},{\"@type\":\"BreadcrumbList\",\"@id\":\"https:\/\/petrock.pl\/?page_id=577#breadcrumb\",\"itemListElement\":[{\"@type\":\"ListItem\",\"position\":1,\"name\":\"Strona g\u0142\u00f3wna\",\"item\":\"https:\/\/petrock.pl\/\"},{\"@type\":\"ListItem\",\"position\":2,\"name\":\"Ascaria\"}]},{\"@type\":\"WebSite\",\"@id\":\"https:\/\/petrock.pl\/#website\",\"url\":\"https:\/\/petrock.pl\/\",\"name\":\"P\u0142ocka Scena Rockowa\",\"description\":\"Wywiady Biografie Koncerty Recenzje\",\"potentialAction\":[{\"@type\":\"SearchAction\",\"target\":{\"@type\":\"EntryPoint\",\"urlTemplate\":\"https:\/\/petrock.pl\/?s={search_term_string}\"},\"query-input\":\"required name=search_term_string\"}],\"inLanguage\":\"pl-PL\"}]}<\/script>\n<!-- \/ Yoast SEO plugin. -->","yoast_head_json":{"title":"Ascaria - P\u0142ocka Scena Rockowa","robots":{"index":"index","follow":"follow","max-snippet":"max-snippet:-1","max-image-preview":"max-image-preview:large","max-video-preview":"max-video-preview:-1"},"canonical":"https:\/\/petrock.pl\/?page_id=577","og_locale":"pl_PL","og_type":"article","og_title":"Ascaria - P\u0142ocka Scena Rockowa","og_description":"Zesp\u00f3\u0142 powsta\u0142 w P\u0142ocku 1995 roku. Pierwszy sk\u0142ad zespo\u0142y przedstawia\u0142 si\u0119 nast\u0119puj\u0105co: Krzysztof Szlom \u2013 perkusja, Jakub \u201eKrojc\u201d Pokorski \u2013 gitara, Krzysztof Poleszak \u2013 bas, [...]","og_url":"https:\/\/petrock.pl\/?page_id=577","og_site_name":"P\u0142ocka Scena Rockowa","article_modified_time":"2023-09-12T13:00:47+00:00","og_image":[{"url":"http:\/\/petrock.pl\/wp-content\/uploads\/2020\/06\/ascaria-1024x1024.jpg"}],"twitter_card":"summary_large_image","twitter_misc":{"Szacowany czas czytania":"2 minuty"},"schema":{"@context":"https:\/\/schema.org","@graph":[{"@type":"WebPage","@id":"https:\/\/petrock.pl\/?page_id=577","url":"https:\/\/petrock.pl\/?page_id=577","name":"Ascaria - P\u0142ocka Scena Rockowa","isPartOf":{"@id":"https:\/\/petrock.pl\/#website"},"datePublished":"2020-06-21T15:24:31+00:00","dateModified":"2023-09-12T13:00:47+00:00","breadcrumb":{"@id":"https:\/\/petrock.pl\/?page_id=577#breadcrumb"},"inLanguage":"pl-PL","potentialAction":[{"@type":"ReadAction","target":["https:\/\/petrock.pl\/?page_id=577"]}]},{"@type":"BreadcrumbList","@id":"https:\/\/petrock.pl\/?page_id=577#breadcrumb","itemListElement":[{"@type":"ListItem","position":1,"name":"Strona g\u0142\u00f3wna","item":"https:\/\/petrock.pl\/"},{"@type":"ListItem","position":2,"name":"Ascaria"}]},{"@type":"WebSite","@id":"https:\/\/petrock.pl\/#website","url":"https:\/\/petrock.pl\/","name":"P\u0142ocka Scena Rockowa","description":"Wywiady Biografie Koncerty Recenzje","potentialAction":[{"@type":"SearchAction","target":{"@type":"EntryPoint","urlTemplate":"https:\/\/petrock.pl\/?s={search_term_string}"},"query-input":"required name=search_term_string"}],"inLanguage":"pl-PL"}]}},"_links":{"self":[{"href":"https:\/\/petrock.pl\/index.php?rest_route=\/wp\/v2\/pages\/577"}],"collection":[{"href":"https:\/\/petrock.pl\/index.php?rest_route=\/wp\/v2\/pages"}],"about":[{"href":"https:\/\/petrock.pl\/index.php?rest_route=\/wp\/v2\/types\/page"}],"author":[{"embeddable":true,"href":"https:\/\/petrock.pl\/index.php?rest_route=\/wp\/v2\/users\/7"}],"replies":[{"embeddable":true,"href":"https:\/\/petrock.pl\/index.php?rest_route=%2Fwp%2Fv2%2Fcomments&post=577"}],"version-history":[{"count":5,"href":"https:\/\/petrock.pl\/index.php?rest_route=\/wp\/v2\/pages\/577\/revisions"}],"predecessor-version":[{"id":3875,"href":"https:\/\/petrock.pl\/index.php?rest_route=\/wp\/v2\/pages\/577\/revisions\/3875"}],"wp:attachment":[{"href":"https:\/\/petrock.pl\/index.php?rest_route=%2Fwp%2Fv2%2Fmedia&parent=577"}],"curies":[{"name":"wp","href":"https:\/\/api.w.org\/{rel}","templated":true}]}}