{"id":634,"date":"2020-06-28T09:27:08","date_gmt":"2020-06-28T09:27:08","guid":{"rendered":"http:\/\/petrock.pl\/?page_id=634"},"modified":"2026-04-03T15:28:40","modified_gmt":"2026-04-03T13:28:40","slug":"ambona","status":"publish","type":"page","link":"https:\/\/petrock.pl\/?page_id=634","title":{"rendered":"Ambona"},"content":{"rendered":"\n<div class=\"is-layout-flex wp-container-3 wp-block-columns\">\n<div class=\"is-layout-flow wp-block-column\" style=\"flex-basis:33.33%\">\n<figure class=\"wp-block-image size-large\"><a href=\"http:\/\/petrock.pl\/wp-content\/uploads\/2022\/04\/Ulotka.jpg\"><img decoding=\"async\" loading=\"lazy\" width=\"574\" height=\"801\" src=\"http:\/\/petrock.pl\/wp-content\/uploads\/2022\/04\/Ulotka.jpg\" alt=\"\" class=\"wp-image-3705\" srcset=\"https:\/\/petrock.pl\/wp-content\/uploads\/2022\/04\/Ulotka.jpg 574w, https:\/\/petrock.pl\/wp-content\/uploads\/2022\/04\/Ulotka-215x300.jpg 215w\" sizes=\"(max-width: 574px) 100vw, 574px\" \/><\/a><\/figure>\n\n\n\n<figure class=\"wp-block-image size-large\"><a href=\"http:\/\/petrock.pl\/wp-content\/uploads\/2022\/04\/na-Wzgorzu-tumskim-1.jpg\"><img decoding=\"async\" loading=\"lazy\" width=\"1024\" height=\"601\" src=\"http:\/\/petrock.pl\/wp-content\/uploads\/2022\/04\/na-Wzgorzu-tumskim-1-1024x601.jpg\" alt=\"\" class=\"wp-image-3695\" srcset=\"https:\/\/petrock.pl\/wp-content\/uploads\/2022\/04\/na-Wzgorzu-tumskim-1-1024x601.jpg 1024w, https:\/\/petrock.pl\/wp-content\/uploads\/2022\/04\/na-Wzgorzu-tumskim-1-300x176.jpg 300w, https:\/\/petrock.pl\/wp-content\/uploads\/2022\/04\/na-Wzgorzu-tumskim-1-768x450.jpg 768w, https:\/\/petrock.pl\/wp-content\/uploads\/2022\/04\/na-Wzgorzu-tumskim-1.jpg 1311w\" sizes=\"(max-width: 1024px) 100vw, 1024px\" \/><\/a><figcaption class=\"wp-element-caption\"><em>zesp\u00f3\u0142 Ambona na Wzg\u00f3rzu Tumskim (1993 lub 1994), fot dzi\u0119ki uprzejmo\u015bci Jacka My\u015bli\u0144skiego<\/em><\/figcaption><\/figure>\n\n\n\n<figure class=\"wp-block-image size-large\"><a href=\"http:\/\/petrock.pl\/wp-content\/uploads\/2022\/04\/Ambona-amfiteatr-1.jpg\"><img decoding=\"async\" loading=\"lazy\" width=\"940\" height=\"660\" src=\"http:\/\/petrock.pl\/wp-content\/uploads\/2022\/04\/Ambona-amfiteatr-1.jpg\" alt=\"\" class=\"wp-image-3697\" srcset=\"https:\/\/petrock.pl\/wp-content\/uploads\/2022\/04\/Ambona-amfiteatr-1.jpg 940w, https:\/\/petrock.pl\/wp-content\/uploads\/2022\/04\/Ambona-amfiteatr-1-300x211.jpg 300w, https:\/\/petrock.pl\/wp-content\/uploads\/2022\/04\/Ambona-amfiteatr-1-768x539.jpg 768w\" sizes=\"(max-width: 940px) 100vw, 940px\" \/><\/a><figcaption class=\"wp-element-caption\">zesp\u00f3\u0142 Ambona podczas koncertu w amfiteatrze nap\u0142ockich Juwenaliach (1994), fot dzi\u0119ki uprzejmo\u015bci Jacka My\u015bli\u0144skiego<\/figcaption><\/figure>\n<\/div>\n\n\n\n<div class=\"is-layout-flow wp-block-column\" style=\"flex-basis:66.66%\">\n<p>Zesp\u00f3\u0142 Ambona powsta\u0142 w 1991 roku. W sk\u0142ad zespo\u0142u wchodzili: Irek \u201eB\u0105bel\u201d Bukowski \u2013 bas, wokal, Jacek \u201eMysza\u201d My\u015bli\u0144ski i Robert \u201e\u0141ebsztal\u201d Chojnacki \u2013 gitara.<\/p>\n\n\n\n<p>Jak wspomina Mysza: &#8220;B\u0105bel by\u0142 w tamtym okresie zafiksowany na punkcie Lecha Janerki&#8221;.  Zdecydowanie w d\u017awi\u0119kach zespo\u0142u da si\u0119 wyczu\u0107 inspiracj\u0119 now\u0105 fal\u0105. <\/p>\n\n\n\n<p>W 1994 roku Ambona jako jedyny band z P\u0142ocka zakwalifikowa\u0142 si\u0119 na festiwal w Jarocinie, gdzie wyst\u0105pili na legendarnej scenie w amfiteatrze. By\u0142a to ostatnia edycja Jarocina w tym kultowym wydaniu.<\/p>\n\n\n\n<p> W mi\u0119dzyczasie zesp\u00f3\u0142 zarejestrowa\u0142 materia\u0142 demo w p\u0142ockim Domu Technika. Realizatorem tych nagra\u0144 by\u0142 Ryszard Charzy\u0144ski.<\/p>\n\n\n\n<hr class=\"wp-block-separator has-css-opacity\"\/>\n\n\n\n<p><strong>Sk\u0142ad zespo\u0142u:<\/strong><\/p>\n\n\n\n<p>Irek \u201eB\u0105bel\u201d Bukowski \u2013 bas, wokal<\/p>\n\n\n\n<p>Jacek \u201eMysza\u201d My\u015bli\u0144ski \u2013 perkusja<\/p>\n\n\n\n<p>Robert \u201e\u0141ebsztal\u201d Chojnacki\u2013 gitara<\/p>\n\n\n\n<figure class=\"wp-block-image size-large\"><a href=\"http:\/\/petrock.pl\/wp-content\/uploads\/2022\/04\/Jacek-za-perka.jpg\"><img decoding=\"async\" loading=\"lazy\" width=\"1024\" height=\"792\" src=\"http:\/\/petrock.pl\/wp-content\/uploads\/2022\/04\/Jacek-za-perka-1024x792.jpg\" alt=\"\" class=\"wp-image-3714\" srcset=\"https:\/\/petrock.pl\/wp-content\/uploads\/2022\/04\/Jacek-za-perka-1024x792.jpg 1024w, https:\/\/petrock.pl\/wp-content\/uploads\/2022\/04\/Jacek-za-perka-300x232.jpg 300w, https:\/\/petrock.pl\/wp-content\/uploads\/2022\/04\/Jacek-za-perka-768x594.jpg 768w, https:\/\/petrock.pl\/wp-content\/uploads\/2022\/04\/Jacek-za-perka.jpg 1099w\" sizes=\"(max-width: 1024px) 100vw, 1024px\" \/><\/a><figcaption class=\"wp-element-caption\"><em>Jacek My\u015bli\u0144ski podczas koncertu zespo\u0142u Ambona, fot. dzi\u0119ki uprzejmo\u015bci Jacka My\u015bli\u0144skiego<\/em><\/figcaption><\/figure>\n<\/div>\n<\/div>\n\n\n\n<p>Dyskografia:<\/p>\n\n\n\n<figure class=\"wp-block-table\"><table><tbody><tr><td>Demo (1994)<\/td><td><em>wyd. w\u0142asne<\/em><\/td><\/tr><\/tbody><\/table><\/figure>\n\n\n\n<iframe style=\"border: 0; width: 350px; height: 470px;\" src=\"https:\/\/bandcamp.com\/EmbeddedPlayer\/album=2183719464\/size=large\/bgcol=ffffff\/linkcol=0687f5\/tracklist=false\/transparent=true\/\" seamless=\"\"><a href=\"https:\/\/plockascenarockowa.bandcamp.com\/album\/ambona-demo-95\">Ambona &#8211; Demo-95 by P\u0142ocka Scena Rockowa<\/a><\/iframe>\n","protected":false},"excerpt":{"rendered":"<div class=\"mh-excerpt\"><p>Zesp\u00f3\u0142 Ambona powsta\u0142 w 1991 roku. W sk\u0142ad zespo\u0142u wchodzili: Irek \u201eB\u0105bel\u201d Bukowski \u2013 bas, wokal, Jacek \u201eMysza\u201d My\u015bli\u0144ski i Robert \u201e\u0141ebsztal\u201d Chojnacki \u2013 gitara. <a class=\"mh-excerpt-more\" href=\"https:\/\/petrock.pl\/?page_id=634\" title=\"Ambona\">[&#8230;]<\/a><\/p>\n<\/div>","protected":false},"author":7,"featured_media":3695,"parent":0,"menu_order":0,"comment_status":"closed","ping_status":"closed","template":"","meta":[],"yoast_head":"<!-- This site is optimized with the Yoast SEO plugin v21.1 - https:\/\/yoast.com\/wordpress\/plugins\/seo\/ -->\n<title>Ambona - P\u0142ocka Scena Rockowa<\/title>\n<meta name=\"robots\" content=\"index, follow, max-snippet:-1, max-image-preview:large, max-video-preview:-1\" \/>\n<link rel=\"canonical\" href=\"https:\/\/petrock.pl\/?page_id=634\" \/>\n<meta property=\"og:locale\" content=\"pl_PL\" \/>\n<meta property=\"og:type\" content=\"article\" \/>\n<meta property=\"og:title\" content=\"Ambona - P\u0142ocka Scena Rockowa\" \/>\n<meta property=\"og:description\" content=\"Zesp\u00f3\u0142 Ambona powsta\u0142 w 1991 roku. W sk\u0142ad zespo\u0142u wchodzili: Irek \u201eB\u0105bel\u201d Bukowski \u2013 bas, wokal, Jacek \u201eMysza\u201d My\u015bli\u0144ski i Robert \u201e\u0141ebsztal\u201d Chojnacki \u2013 gitara. [...]\" \/>\n<meta property=\"og:url\" content=\"https:\/\/petrock.pl\/?page_id=634\" \/>\n<meta property=\"og:site_name\" content=\"P\u0142ocka Scena Rockowa\" \/>\n<meta property=\"article:modified_time\" content=\"2026-04-03T13:28:40+00:00\" \/>\n<meta property=\"og:image\" content=\"https:\/\/petrock.pl\/wp-content\/uploads\/2022\/04\/na-Wzgorzu-tumskim-1.jpg\" \/>\n\t<meta property=\"og:image:width\" content=\"1311\" \/>\n\t<meta property=\"og:image:height\" content=\"769\" \/>\n\t<meta property=\"og:image:type\" content=\"image\/jpeg\" \/>\n<meta name=\"twitter:card\" content=\"summary_large_image\" \/>\n<meta name=\"twitter:label1\" content=\"Szacowany czas czytania\" \/>\n\t<meta name=\"twitter:data1\" content=\"2 minuty\" \/>\n<script type=\"application\/ld+json\" class=\"yoast-schema-graph\">{\"@context\":\"https:\/\/schema.org\",\"@graph\":[{\"@type\":\"WebPage\",\"@id\":\"https:\/\/petrock.pl\/?page_id=634\",\"url\":\"https:\/\/petrock.pl\/?page_id=634\",\"name\":\"Ambona - P\u0142ocka Scena Rockowa\",\"isPartOf\":{\"@id\":\"https:\/\/petrock.pl\/#website\"},\"datePublished\":\"2020-06-28T09:27:08+00:00\",\"dateModified\":\"2026-04-03T13:28:40+00:00\",\"breadcrumb\":{\"@id\":\"https:\/\/petrock.pl\/?page_id=634#breadcrumb\"},\"inLanguage\":\"pl-PL\",\"potentialAction\":[{\"@type\":\"ReadAction\",\"target\":[\"https:\/\/petrock.pl\/?page_id=634\"]}]},{\"@type\":\"BreadcrumbList\",\"@id\":\"https:\/\/petrock.pl\/?page_id=634#breadcrumb\",\"itemListElement\":[{\"@type\":\"ListItem\",\"position\":1,\"name\":\"Strona g\u0142\u00f3wna\",\"item\":\"https:\/\/petrock.pl\/\"},{\"@type\":\"ListItem\",\"position\":2,\"name\":\"Ambona\"}]},{\"@type\":\"WebSite\",\"@id\":\"https:\/\/petrock.pl\/#website\",\"url\":\"https:\/\/petrock.pl\/\",\"name\":\"P\u0142ocka Scena Rockowa\",\"description\":\"Wywiady Biografie Koncerty Recenzje\",\"potentialAction\":[{\"@type\":\"SearchAction\",\"target\":{\"@type\":\"EntryPoint\",\"urlTemplate\":\"https:\/\/petrock.pl\/?s={search_term_string}\"},\"query-input\":\"required name=search_term_string\"}],\"inLanguage\":\"pl-PL\"}]}<\/script>\n<!-- \/ Yoast SEO plugin. -->","yoast_head_json":{"title":"Ambona - P\u0142ocka Scena Rockowa","robots":{"index":"index","follow":"follow","max-snippet":"max-snippet:-1","max-image-preview":"max-image-preview:large","max-video-preview":"max-video-preview:-1"},"canonical":"https:\/\/petrock.pl\/?page_id=634","og_locale":"pl_PL","og_type":"article","og_title":"Ambona - P\u0142ocka Scena Rockowa","og_description":"Zesp\u00f3\u0142 Ambona powsta\u0142 w 1991 roku. W sk\u0142ad zespo\u0142u wchodzili: Irek \u201eB\u0105bel\u201d Bukowski \u2013 bas, wokal, Jacek \u201eMysza\u201d My\u015bli\u0144ski i Robert \u201e\u0141ebsztal\u201d Chojnacki \u2013 gitara. [...]","og_url":"https:\/\/petrock.pl\/?page_id=634","og_site_name":"P\u0142ocka Scena Rockowa","article_modified_time":"2026-04-03T13:28:40+00:00","og_image":[{"width":1311,"height":769,"url":"https:\/\/petrock.pl\/wp-content\/uploads\/2022\/04\/na-Wzgorzu-tumskim-1.jpg","type":"image\/jpeg"}],"twitter_card":"summary_large_image","twitter_misc":{"Szacowany czas czytania":"2 minuty"},"schema":{"@context":"https:\/\/schema.org","@graph":[{"@type":"WebPage","@id":"https:\/\/petrock.pl\/?page_id=634","url":"https:\/\/petrock.pl\/?page_id=634","name":"Ambona - P\u0142ocka Scena Rockowa","isPartOf":{"@id":"https:\/\/petrock.pl\/#website"},"datePublished":"2020-06-28T09:27:08+00:00","dateModified":"2026-04-03T13:28:40+00:00","breadcrumb":{"@id":"https:\/\/petrock.pl\/?page_id=634#breadcrumb"},"inLanguage":"pl-PL","potentialAction":[{"@type":"ReadAction","target":["https:\/\/petrock.pl\/?page_id=634"]}]},{"@type":"BreadcrumbList","@id":"https:\/\/petrock.pl\/?page_id=634#breadcrumb","itemListElement":[{"@type":"ListItem","position":1,"name":"Strona g\u0142\u00f3wna","item":"https:\/\/petrock.pl\/"},{"@type":"ListItem","position":2,"name":"Ambona"}]},{"@type":"WebSite","@id":"https:\/\/petrock.pl\/#website","url":"https:\/\/petrock.pl\/","name":"P\u0142ocka Scena Rockowa","description":"Wywiady Biografie Koncerty Recenzje","potentialAction":[{"@type":"SearchAction","target":{"@type":"EntryPoint","urlTemplate":"https:\/\/petrock.pl\/?s={search_term_string}"},"query-input":"required name=search_term_string"}],"inLanguage":"pl-PL"}]}},"_links":{"self":[{"href":"https:\/\/petrock.pl\/index.php?rest_route=\/wp\/v2\/pages\/634"}],"collection":[{"href":"https:\/\/petrock.pl\/index.php?rest_route=\/wp\/v2\/pages"}],"about":[{"href":"https:\/\/petrock.pl\/index.php?rest_route=\/wp\/v2\/types\/page"}],"author":[{"embeddable":true,"href":"https:\/\/petrock.pl\/index.php?rest_route=\/wp\/v2\/users\/7"}],"replies":[{"embeddable":true,"href":"https:\/\/petrock.pl\/index.php?rest_route=%2Fwp%2Fv2%2Fcomments&post=634"}],"version-history":[{"count":14,"href":"https:\/\/petrock.pl\/index.php?rest_route=\/wp\/v2\/pages\/634\/revisions"}],"predecessor-version":[{"id":4947,"href":"https:\/\/petrock.pl\/index.php?rest_route=\/wp\/v2\/pages\/634\/revisions\/4947"}],"wp:featuredmedia":[{"embeddable":true,"href":"https:\/\/petrock.pl\/index.php?rest_route=\/wp\/v2\/media\/3695"}],"wp:attachment":[{"href":"https:\/\/petrock.pl\/index.php?rest_route=%2Fwp%2Fv2%2Fmedia&parent=634"}],"curies":[{"name":"wp","href":"https:\/\/api.w.org\/{rel}","templated":true}]}}