{"id":818,"date":"2020-07-07T08:56:01","date_gmt":"2020-07-07T08:56:01","guid":{"rendered":"http:\/\/petrock.pl\/?page_id=818"},"modified":"2021-07-23T18:44:00","modified_gmt":"2021-07-23T16:44:00","slug":"artefakty-2","status":"publish","type":"page","link":"https:\/\/petrock.pl\/?page_id=818","title":{"rendered":"Artefakty"},"content":{"rendered":"\n<p>W zak\u0142adce artefakty b\u0119d\u0119 prezentowa\u0142 wszelkie pami\u0105tki nades\u0142ane przez Was zwi\u0105zane z p\u0142ock\u0105 scen\u0105 rockow\u0105. Je\u015bli macie jakie\u015b plakaty z koncert\u00f3w, kt\u00f3re odby\u0142y si\u0119 w P\u0142ocku, bilety, identyfikatory etc. przysy\u0142ajcie na <a href=\"mailto:plockascenarockowa@gmail.com\">plockascenarockowa@gmail.com<\/a> a b\u0119d\u0119 je na bie\u017c\u0105co publikowa\u0142 w tym miejscu.<\/p>\n\n\n\n<div class=\"is-layout-flex wp-container-3 wp-block-columns\">\n<div class=\"is-layout-flow wp-block-column\">\n<div class=\"wp-block-image is-style-default\"><figure class=\"alignleft size-large\"><a href=\"http:\/\/petrock.pl\/wp-content\/uploads\/2020\/07\/Mariusz-\u015amigielski-rotated.jpeg\"><img decoding=\"async\" loading=\"lazy\" width=\"1024\" height=\"576\" src=\"http:\/\/petrock.pl\/wp-content\/uploads\/2020\/07\/Mariusz-\u015amigielski-1024x576.jpeg\" alt=\"\" class=\"wp-image-820\" srcset=\"https:\/\/petrock.pl\/wp-content\/uploads\/2020\/07\/Mariusz-\u015amigielski-1024x576.jpeg 1024w, https:\/\/petrock.pl\/wp-content\/uploads\/2020\/07\/Mariusz-\u015amigielski-300x169.jpeg 300w, https:\/\/petrock.pl\/wp-content\/uploads\/2020\/07\/Mariusz-\u015amigielski-768x432.jpeg 768w, https:\/\/petrock.pl\/wp-content\/uploads\/2020\/07\/Mariusz-\u015amigielski-1536x864.jpeg 1536w, https:\/\/petrock.pl\/wp-content\/uploads\/2020\/07\/Mariusz-\u015amigielski-678x381.jpeg 678w, https:\/\/petrock.pl\/wp-content\/uploads\/2020\/07\/Mariusz-\u015amigielski-rotated.jpeg 1920w\" sizes=\"(max-width: 1024px) 100vw, 1024px\" \/><\/a><figcaption>n<em>ades\u0142ane przez Mariusza \u015amigielskiego<\/em><\/figcaption><\/figure><\/div>\n<\/div>\n\n\n\n<div class=\"is-layout-flow wp-block-column\">\n<figure class=\"wp-block-image size-large is-style-default\"><a href=\"http:\/\/petrock.pl\/wp-content\/uploads\/2020\/07\/Mariusz-\u015amigielski-2-rotated.jpeg\"><img decoding=\"async\" loading=\"lazy\" width=\"1024\" height=\"576\" src=\"http:\/\/petrock.pl\/wp-content\/uploads\/2020\/07\/Mariusz-\u015amigielski-2-1024x576.jpeg\" alt=\"\" class=\"wp-image-822\" srcset=\"https:\/\/petrock.pl\/wp-content\/uploads\/2020\/07\/Mariusz-\u015amigielski-2-1024x576.jpeg 1024w, https:\/\/petrock.pl\/wp-content\/uploads\/2020\/07\/Mariusz-\u015amigielski-2-300x169.jpeg 300w, https:\/\/petrock.pl\/wp-content\/uploads\/2020\/07\/Mariusz-\u015amigielski-2-768x432.jpeg 768w, https:\/\/petrock.pl\/wp-content\/uploads\/2020\/07\/Mariusz-\u015amigielski-2-1536x864.jpeg 1536w, https:\/\/petrock.pl\/wp-content\/uploads\/2020\/07\/Mariusz-\u015amigielski-2-678x381.jpeg 678w, https:\/\/petrock.pl\/wp-content\/uploads\/2020\/07\/Mariusz-\u015amigielski-2-rotated.jpeg 1920w\" sizes=\"(max-width: 1024px) 100vw, 1024px\" \/><\/a><figcaption>n<em>ades\u0142ane przez Mariusza \u015amigielskiego<\/em><\/figcaption><\/figure>\n<\/div>\n<\/div>\n\n\n\n<div class=\"is-layout-flex wp-container-7 wp-block-columns\">\n<div class=\"is-layout-flow wp-block-column\">\n<figure class=\"wp-block-image size-large is-style-default\"><a href=\"http:\/\/petrock.pl\/wp-content\/uploads\/2020\/07\/Mariusz-\u015amigielski-1.jpeg\"><img decoding=\"async\" loading=\"lazy\" width=\"576\" height=\"1024\" src=\"http:\/\/petrock.pl\/wp-content\/uploads\/2020\/07\/Mariusz-\u015amigielski-1-576x1024.jpeg\" alt=\"\" class=\"wp-image-823\" srcset=\"https:\/\/petrock.pl\/wp-content\/uploads\/2020\/07\/Mariusz-\u015amigielski-1-576x1024.jpeg 576w, https:\/\/petrock.pl\/wp-content\/uploads\/2020\/07\/Mariusz-\u015amigielski-1-169x300.jpeg 169w, https:\/\/petrock.pl\/wp-content\/uploads\/2020\/07\/Mariusz-\u015amigielski-1-768x1365.jpeg 768w, https:\/\/petrock.pl\/wp-content\/uploads\/2020\/07\/Mariusz-\u015amigielski-1-864x1536.jpeg 864w, https:\/\/petrock.pl\/wp-content\/uploads\/2020\/07\/Mariusz-\u015amigielski-1.jpeg 1080w\" sizes=\"(max-width: 576px) 100vw, 576px\" \/><\/a><figcaption><em><em>nades\u0142ane przez Damiana Marciniaka<\/em><\/em><\/figcaption><\/figure>\n<\/div>\n\n\n\n<div class=\"is-layout-flow wp-block-column\">\n<figure class=\"wp-block-image size-large is-style-default\"><a href=\"http:\/\/petrock.pl\/wp-content\/uploads\/2020\/07\/od-Fredka-1.jpg\"><img decoding=\"async\" loading=\"lazy\" width=\"745\" height=\"1024\" src=\"http:\/\/petrock.pl\/wp-content\/uploads\/2020\/07\/od-Fredka-1-745x1024.jpg\" alt=\"\" class=\"wp-image-824\" srcset=\"https:\/\/petrock.pl\/wp-content\/uploads\/2020\/07\/od-Fredka-1-745x1024.jpg 745w, https:\/\/petrock.pl\/wp-content\/uploads\/2020\/07\/od-Fredka-1-218x300.jpg 218w, https:\/\/petrock.pl\/wp-content\/uploads\/2020\/07\/od-Fredka-1-768x1056.jpg 768w, https:\/\/petrock.pl\/wp-content\/uploads\/2020\/07\/od-Fredka-1-1117x1536.jpg 1117w, https:\/\/petrock.pl\/wp-content\/uploads\/2020\/07\/od-Fredka-1.jpg 1489w\" sizes=\"(max-width: 745px) 100vw, 745px\" \/><\/a><figcaption><em>nades\u0142ane przez Krzysztofa Jankowskiego<\/em><\/figcaption><\/figure>\n<\/div>\n\n\n\n<div class=\"is-layout-flow wp-block-column\">\n<figure class=\"wp-block-image size-large is-style-default\"><a href=\"http:\/\/petrock.pl\/wp-content\/uploads\/2020\/07\/od-Fredka-2.jpg\"><img decoding=\"async\" loading=\"lazy\" width=\"745\" height=\"1024\" src=\"http:\/\/petrock.pl\/wp-content\/uploads\/2020\/07\/od-Fredka-2-745x1024.jpg\" alt=\"\" class=\"wp-image-826\" srcset=\"https:\/\/petrock.pl\/wp-content\/uploads\/2020\/07\/od-Fredka-2-745x1024.jpg 745w, https:\/\/petrock.pl\/wp-content\/uploads\/2020\/07\/od-Fredka-2-218x300.jpg 218w, https:\/\/petrock.pl\/wp-content\/uploads\/2020\/07\/od-Fredka-2-768x1056.jpg 768w, https:\/\/petrock.pl\/wp-content\/uploads\/2020\/07\/od-Fredka-2-1117x1536.jpg 1117w, https:\/\/petrock.pl\/wp-content\/uploads\/2020\/07\/od-Fredka-2.jpg 1489w\" sizes=\"(max-width: 745px) 100vw, 745px\" \/><\/a><figcaption><em>nades\u0142ane przez Krzysztofa Jankowskiego<\/em><\/figcaption><\/figure>\n<\/div>\n<\/div>\n\n\n\n<div class=\"is-layout-flex wp-container-11 wp-block-columns\">\n<div class=\"is-layout-flow wp-block-column\">\n<figure class=\"wp-block-image size-large is-style-default\"><a href=\"http:\/\/petrock.pl\/wp-content\/uploads\/2020\/07\/od-Fredka-3.jpg\"><img decoding=\"async\" loading=\"lazy\" width=\"762\" height=\"1024\" src=\"http:\/\/petrock.pl\/wp-content\/uploads\/2020\/07\/od-Fredka-3-762x1024.jpg\" alt=\"\" class=\"wp-image-827\" srcset=\"https:\/\/petrock.pl\/wp-content\/uploads\/2020\/07\/od-Fredka-3-762x1024.jpg 762w, https:\/\/petrock.pl\/wp-content\/uploads\/2020\/07\/od-Fredka-3-223x300.jpg 223w, https:\/\/petrock.pl\/wp-content\/uploads\/2020\/07\/od-Fredka-3-768x1032.jpg 768w, https:\/\/petrock.pl\/wp-content\/uploads\/2020\/07\/od-Fredka-3.jpg 1072w\" sizes=\"(max-width: 762px) 100vw, 762px\" \/><\/a><figcaption><em>nades\u0142ane przez Krzysztofa Jankowskiego<\/em><\/figcaption><\/figure>\n<\/div>\n\n\n\n<div class=\"is-layout-flow wp-block-column\">\n<figure class=\"wp-block-image size-large is-style-default\"><a href=\"http:\/\/petrock.pl\/wp-content\/uploads\/2020\/07\/Od-Pitera.jpeg\"><img decoding=\"async\" loading=\"lazy\" width=\"720\" height=\"960\" src=\"http:\/\/petrock.pl\/wp-content\/uploads\/2020\/07\/Od-Pitera.jpeg\" alt=\"\" class=\"wp-image-828\" srcset=\"https:\/\/petrock.pl\/wp-content\/uploads\/2020\/07\/Od-Pitera.jpeg 720w, https:\/\/petrock.pl\/wp-content\/uploads\/2020\/07\/Od-Pitera-225x300.jpeg 225w\" sizes=\"(max-width: 720px) 100vw, 720px\" \/><\/a><figcaption><em>nades\u0142ane przez Piotra Drozdowskiego<\/em><\/figcaption><\/figure>\n<\/div>\n\n\n\n<div class=\"is-layout-flow wp-block-column\">\n<figure class=\"wp-block-image size-large is-style-default\"><a href=\"http:\/\/petrock.pl\/wp-content\/uploads\/2021\/03\/Bilet-Damian-MArciniak-2.jpg\"><img decoding=\"async\" loading=\"lazy\" width=\"762\" height=\"1024\" src=\"http:\/\/petrock.pl\/wp-content\/uploads\/2021\/03\/Bilet-Damian-MArciniak-2-762x1024.jpg\" alt=\"\" class=\"wp-image-2631\" srcset=\"https:\/\/petrock.pl\/wp-content\/uploads\/2021\/03\/Bilet-Damian-MArciniak-2-762x1024.jpg 762w, https:\/\/petrock.pl\/wp-content\/uploads\/2021\/03\/Bilet-Damian-MArciniak-2-223x300.jpg 223w, https:\/\/petrock.pl\/wp-content\/uploads\/2021\/03\/Bilet-Damian-MArciniak-2-768x1032.jpg 768w, https:\/\/petrock.pl\/wp-content\/uploads\/2021\/03\/Bilet-Damian-MArciniak-2.jpg 1072w\" sizes=\"(max-width: 762px) 100vw, 762px\" \/><\/a><figcaption><em>nades\u0142ane przez Damiana Marciniaka<\/em><\/figcaption><\/figure>\n<\/div>\n<\/div>\n\n\n\n<div class=\"is-layout-flex wp-container-15 wp-block-columns\">\n<div class=\"is-layout-flow wp-block-column\">\n<figure class=\"wp-block-image size-large is-style-default\"><a href=\"http:\/\/petrock.pl\/wp-content\/uploads\/2021\/03\/IMG_20201231_191323-scaled.jpg\"><img decoding=\"async\" loading=\"lazy\" width=\"1024\" height=\"394\" src=\"http:\/\/petrock.pl\/wp-content\/uploads\/2021\/03\/IMG_20201231_191323-1024x394.jpg\" alt=\"\" class=\"wp-image-2624\" srcset=\"https:\/\/petrock.pl\/wp-content\/uploads\/2021\/03\/IMG_20201231_191323-1024x394.jpg 1024w, https:\/\/petrock.pl\/wp-content\/uploads\/2021\/03\/IMG_20201231_191323-300x115.jpg 300w, https:\/\/petrock.pl\/wp-content\/uploads\/2021\/03\/IMG_20201231_191323-768x295.jpg 768w, https:\/\/petrock.pl\/wp-content\/uploads\/2021\/03\/IMG_20201231_191323-1536x591.jpg 1536w, https:\/\/petrock.pl\/wp-content\/uploads\/2021\/03\/IMG_20201231_191323-2048x788.jpg 2048w\" sizes=\"(max-width: 1024px) 100vw, 1024px\" \/><\/a><figcaption><em>nades\u0142ane przez Tomasza Topczewskiego<\/em><\/figcaption><\/figure>\n<\/div>\n\n\n\n<div class=\"is-layout-flow wp-block-column\">\n<figure class=\"wp-block-image size-large is-style-default\"><a href=\"http:\/\/petrock.pl\/wp-content\/uploads\/2021\/03\/IMG_20201231_191311-01-1.jpeg\"><img decoding=\"async\" loading=\"lazy\" width=\"1024\" height=\"367\" src=\"http:\/\/petrock.pl\/wp-content\/uploads\/2021\/03\/IMG_20201231_191311-01-1-1024x367.jpeg\" alt=\"\" class=\"wp-image-2626\" srcset=\"https:\/\/petrock.pl\/wp-content\/uploads\/2021\/03\/IMG_20201231_191311-01-1-1024x367.jpeg 1024w, https:\/\/petrock.pl\/wp-content\/uploads\/2021\/03\/IMG_20201231_191311-01-1-300x108.jpeg 300w, https:\/\/petrock.pl\/wp-content\/uploads\/2021\/03\/IMG_20201231_191311-01-1-768x276.jpeg 768w, https:\/\/petrock.pl\/wp-content\/uploads\/2021\/03\/IMG_20201231_191311-01-1-1536x551.jpeg 1536w, https:\/\/petrock.pl\/wp-content\/uploads\/2021\/03\/IMG_20201231_191311-01-1-2048x735.jpeg 2048w\" sizes=\"(max-width: 1024px) 100vw, 1024px\" \/><\/a><figcaption><em>nades\u0142ane przez Tomasza Topczewskiego<\/em><\/figcaption><\/figure>\n<\/div>\n\n\n\n<div class=\"is-layout-flow wp-block-column\">\n<figure class=\"wp-block-image size-large is-style-default\"><a href=\"http:\/\/petrock.pl\/wp-content\/uploads\/2021\/03\/IMG_20201231_191341.jpg\"><img decoding=\"async\" loading=\"lazy\" width=\"1024\" height=\"635\" src=\"http:\/\/petrock.pl\/wp-content\/uploads\/2021\/03\/IMG_20201231_191341-1024x635.jpg\" alt=\"\" class=\"wp-image-2627\" srcset=\"https:\/\/petrock.pl\/wp-content\/uploads\/2021\/03\/IMG_20201231_191341-1024x635.jpg 1024w, https:\/\/petrock.pl\/wp-content\/uploads\/2021\/03\/IMG_20201231_191341-300x186.jpg 300w, https:\/\/petrock.pl\/wp-content\/uploads\/2021\/03\/IMG_20201231_191341-768x476.jpg 768w, https:\/\/petrock.pl\/wp-content\/uploads\/2021\/03\/IMG_20201231_191341-1536x952.jpg 1536w, https:\/\/petrock.pl\/wp-content\/uploads\/2021\/03\/IMG_20201231_191341-2048x1270.jpg 2048w\" sizes=\"(max-width: 1024px) 100vw, 1024px\" \/><\/a><figcaption><em>nades\u0142ane przez Damiana Marciniaka<\/em><\/figcaption><\/figure>\n<\/div>\n<\/div>\n\n\n\n<div class=\"is-layout-flex wp-container-19 wp-block-columns\">\n<div class=\"is-layout-flow wp-block-column\">\n<figure class=\"wp-block-image size-large is-style-default\"><a href=\"http:\/\/petrock.pl\/wp-content\/uploads\/2021\/03\/KSU-bilet-2003.jpg\"><img decoding=\"async\" loading=\"lazy\" width=\"943\" height=\"348\" src=\"http:\/\/petrock.pl\/wp-content\/uploads\/2021\/03\/KSU-bilet-2003.jpg\" alt=\"\" class=\"wp-image-2699\" srcset=\"https:\/\/petrock.pl\/wp-content\/uploads\/2021\/03\/KSU-bilet-2003.jpg 943w, https:\/\/petrock.pl\/wp-content\/uploads\/2021\/03\/KSU-bilet-2003-300x111.jpg 300w, https:\/\/petrock.pl\/wp-content\/uploads\/2021\/03\/KSU-bilet-2003-768x283.jpg 768w\" sizes=\"(max-width: 943px) 100vw, 943px\" \/><\/a><figcaption><em>nades\u0142ane przez Bogus\u0142awa Duchewicza&nbsp;<\/em><\/figcaption><\/figure>\n<\/div>\n\n\n\n<div class=\"is-layout-flow wp-block-column\">\n<figure class=\"wp-block-image size-large\"><a href=\"http:\/\/petrock.pl\/wp-content\/uploads\/2021\/07\/Rafal.jpg\"><img decoding=\"async\" loading=\"lazy\" width=\"672\" height=\"896\" src=\"http:\/\/petrock.pl\/wp-content\/uploads\/2021\/07\/Rafal.jpg\" alt=\"\" class=\"wp-image-3159\" srcset=\"https:\/\/petrock.pl\/wp-content\/uploads\/2021\/07\/Rafal.jpg 672w, https:\/\/petrock.pl\/wp-content\/uploads\/2021\/07\/Rafal-225x300.jpg 225w\" sizes=\"(max-width: 672px) 100vw, 672px\" \/><\/a><\/figure>\n\n\n\n<p class=\"has-small-font-size\"><em>nades\u0142ane przez Rafa\u0142a Strzemiecznego<\/em><\/p>\n<\/div>\n\n\n\n<div class=\"is-layout-flow wp-block-column\"><\/div>\n<\/div>\n","protected":false},"excerpt":{"rendered":"<div class=\"mh-excerpt\"><p>W zak\u0142adce artefakty b\u0119d\u0119 prezentowa\u0142 wszelkie pami\u0105tki nades\u0142ane przez Was zwi\u0105zane z p\u0142ock\u0105 scen\u0105 rockow\u0105. Je\u015bli macie jakie\u015b plakaty z koncert\u00f3w, kt\u00f3re odby\u0142y si\u0119 w <a class=\"mh-excerpt-more\" href=\"https:\/\/petrock.pl\/?page_id=818\" title=\"Artefakty\">[&#8230;]<\/a><\/p>\n<\/div>","protected":false},"author":7,"featured_media":820,"parent":0,"menu_order":0,"comment_status":"closed","ping_status":"closed","template":"","meta":[],"yoast_head":"<!-- This site is optimized with the Yoast SEO plugin v21.1 - https:\/\/yoast.com\/wordpress\/plugins\/seo\/ -->\n<title>Artefakty - P\u0142ocka Scena Rockowa<\/title>\n<meta name=\"robots\" content=\"index, follow, max-snippet:-1, max-image-preview:large, max-video-preview:-1\" \/>\n<link rel=\"canonical\" href=\"https:\/\/petrock.pl\/?page_id=818\" \/>\n<meta property=\"og:locale\" content=\"pl_PL\" \/>\n<meta property=\"og:type\" content=\"article\" \/>\n<meta property=\"og:title\" content=\"Artefakty - P\u0142ocka Scena Rockowa\" \/>\n<meta property=\"og:description\" content=\"W zak\u0142adce artefakty b\u0119d\u0119 prezentowa\u0142 wszelkie pami\u0105tki nades\u0142ane przez Was zwi\u0105zane z p\u0142ock\u0105 scen\u0105 rockow\u0105. Je\u015bli macie jakie\u015b plakaty z koncert\u00f3w, kt\u00f3re odby\u0142y si\u0119 w [...]\" \/>\n<meta property=\"og:url\" content=\"https:\/\/petrock.pl\/?page_id=818\" \/>\n<meta property=\"og:site_name\" content=\"P\u0142ocka Scena Rockowa\" \/>\n<meta property=\"article:modified_time\" content=\"2021-07-23T16:44:00+00:00\" \/>\n<meta property=\"og:image\" content=\"https:\/\/petrock.pl\/wp-content\/uploads\/2020\/07\/Mariusz-\u015amigielski-rotated.jpeg\" \/>\n\t<meta property=\"og:image:width\" content=\"1920\" \/>\n\t<meta property=\"og:image:height\" content=\"1080\" \/>\n\t<meta property=\"og:image:type\" content=\"image\/jpeg\" \/>\n<meta name=\"twitter:card\" content=\"summary_large_image\" \/>\n<meta name=\"twitter:label1\" content=\"Szacowany czas czytania\" \/>\n\t<meta name=\"twitter:data1\" content=\"1 minuta\" \/>\n<script type=\"application\/ld+json\" class=\"yoast-schema-graph\">{\"@context\":\"https:\/\/schema.org\",\"@graph\":[{\"@type\":\"WebPage\",\"@id\":\"https:\/\/petrock.pl\/?page_id=818\",\"url\":\"https:\/\/petrock.pl\/?page_id=818\",\"name\":\"Artefakty - P\u0142ocka Scena Rockowa\",\"isPartOf\":{\"@id\":\"https:\/\/petrock.pl\/#website\"},\"datePublished\":\"2020-07-07T08:56:01+00:00\",\"dateModified\":\"2021-07-23T16:44:00+00:00\",\"breadcrumb\":{\"@id\":\"https:\/\/petrock.pl\/?page_id=818#breadcrumb\"},\"inLanguage\":\"pl-PL\",\"potentialAction\":[{\"@type\":\"ReadAction\",\"target\":[\"https:\/\/petrock.pl\/?page_id=818\"]}]},{\"@type\":\"BreadcrumbList\",\"@id\":\"https:\/\/petrock.pl\/?page_id=818#breadcrumb\",\"itemListElement\":[{\"@type\":\"ListItem\",\"position\":1,\"name\":\"Strona g\u0142\u00f3wna\",\"item\":\"https:\/\/petrock.pl\/\"},{\"@type\":\"ListItem\",\"position\":2,\"name\":\"Artefakty\"}]},{\"@type\":\"WebSite\",\"@id\":\"https:\/\/petrock.pl\/#website\",\"url\":\"https:\/\/petrock.pl\/\",\"name\":\"P\u0142ocka Scena Rockowa\",\"description\":\"Wywiady Biografie Koncerty Recenzje\",\"potentialAction\":[{\"@type\":\"SearchAction\",\"target\":{\"@type\":\"EntryPoint\",\"urlTemplate\":\"https:\/\/petrock.pl\/?s={search_term_string}\"},\"query-input\":\"required name=search_term_string\"}],\"inLanguage\":\"pl-PL\"}]}<\/script>\n<!-- \/ Yoast SEO plugin. -->","yoast_head_json":{"title":"Artefakty - P\u0142ocka Scena Rockowa","robots":{"index":"index","follow":"follow","max-snippet":"max-snippet:-1","max-image-preview":"max-image-preview:large","max-video-preview":"max-video-preview:-1"},"canonical":"https:\/\/petrock.pl\/?page_id=818","og_locale":"pl_PL","og_type":"article","og_title":"Artefakty - P\u0142ocka Scena Rockowa","og_description":"W zak\u0142adce artefakty b\u0119d\u0119 prezentowa\u0142 wszelkie pami\u0105tki nades\u0142ane przez Was zwi\u0105zane z p\u0142ock\u0105 scen\u0105 rockow\u0105. Je\u015bli macie jakie\u015b plakaty z koncert\u00f3w, kt\u00f3re odby\u0142y si\u0119 w [...]","og_url":"https:\/\/petrock.pl\/?page_id=818","og_site_name":"P\u0142ocka Scena Rockowa","article_modified_time":"2021-07-23T16:44:00+00:00","og_image":[{"width":1920,"height":1080,"url":"https:\/\/petrock.pl\/wp-content\/uploads\/2020\/07\/Mariusz-\u015amigielski-rotated.jpeg","type":"image\/jpeg"}],"twitter_card":"summary_large_image","twitter_misc":{"Szacowany czas czytania":"1 minuta"},"schema":{"@context":"https:\/\/schema.org","@graph":[{"@type":"WebPage","@id":"https:\/\/petrock.pl\/?page_id=818","url":"https:\/\/petrock.pl\/?page_id=818","name":"Artefakty - P\u0142ocka Scena Rockowa","isPartOf":{"@id":"https:\/\/petrock.pl\/#website"},"datePublished":"2020-07-07T08:56:01+00:00","dateModified":"2021-07-23T16:44:00+00:00","breadcrumb":{"@id":"https:\/\/petrock.pl\/?page_id=818#breadcrumb"},"inLanguage":"pl-PL","potentialAction":[{"@type":"ReadAction","target":["https:\/\/petrock.pl\/?page_id=818"]}]},{"@type":"BreadcrumbList","@id":"https:\/\/petrock.pl\/?page_id=818#breadcrumb","itemListElement":[{"@type":"ListItem","position":1,"name":"Strona g\u0142\u00f3wna","item":"https:\/\/petrock.pl\/"},{"@type":"ListItem","position":2,"name":"Artefakty"}]},{"@type":"WebSite","@id":"https:\/\/petrock.pl\/#website","url":"https:\/\/petrock.pl\/","name":"P\u0142ocka Scena Rockowa","description":"Wywiady Biografie Koncerty Recenzje","potentialAction":[{"@type":"SearchAction","target":{"@type":"EntryPoint","urlTemplate":"https:\/\/petrock.pl\/?s={search_term_string}"},"query-input":"required name=search_term_string"}],"inLanguage":"pl-PL"}]}},"_links":{"self":[{"href":"https:\/\/petrock.pl\/index.php?rest_route=\/wp\/v2\/pages\/818"}],"collection":[{"href":"https:\/\/petrock.pl\/index.php?rest_route=\/wp\/v2\/pages"}],"about":[{"href":"https:\/\/petrock.pl\/index.php?rest_route=\/wp\/v2\/types\/page"}],"author":[{"embeddable":true,"href":"https:\/\/petrock.pl\/index.php?rest_route=\/wp\/v2\/users\/7"}],"replies":[{"embeddable":true,"href":"https:\/\/petrock.pl\/index.php?rest_route=%2Fwp%2Fv2%2Fcomments&post=818"}],"version-history":[{"count":38,"href":"https:\/\/petrock.pl\/index.php?rest_route=\/wp\/v2\/pages\/818\/revisions"}],"predecessor-version":[{"id":3162,"href":"https:\/\/petrock.pl\/index.php?rest_route=\/wp\/v2\/pages\/818\/revisions\/3162"}],"wp:featuredmedia":[{"embeddable":true,"href":"https:\/\/petrock.pl\/index.php?rest_route=\/wp\/v2\/media\/820"}],"wp:attachment":[{"href":"https:\/\/petrock.pl\/index.php?rest_route=%2Fwp%2Fv2%2Fmedia&parent=818"}],"curies":[{"name":"wp","href":"https:\/\/api.w.org\/{rel}","templated":true}]}}